
{"id":89999,"date":"2025-08-20T07:07:04","date_gmt":"2025-08-20T07:07:04","guid":{"rendered":"https:\/\/azurefilm.com\/?post_type=product&#038;p=89999"},"modified":"2025-11-25T20:22:07","modified_gmt":"2025-11-25T20:22:07","slug":"filamento-asa-light-green","status":"publish","type":"product","link":"https:\/\/azurefilm.com\/it\/prodotto\/filamento-asa-light-green\/","title":{"rendered":"Filamento ASA Light Green"},"content":{"rendered":"<h2><b>Filamenti ASA<\/b><\/h2>\n<p><span style=\"font-weight: 400\">Il filamento ASA \u00e8 uno dei filamenti tecnici pi\u00f9 popolari sul mercato perch\u00e9 offre un&#8217;elevata <\/span><b>resistenza ai raggi UV, all&#8217;acqua e agli agenti chimici<\/b><span style=\"font-weight: 400\">. Grazie alle sue <\/span><b>prestazioni ottimali<\/b><span style=\"font-weight: 400\"> e alla <\/span><b>longevit\u00e0 in contesti difficili<\/b><span style=\"font-weight: 400\">, questo materiale \u00e8 perfetto per scatole elettriche, utensili, elettrodomestici da esterno, articoli sportivi, componenti stampati e altre applicazioni simili. Inoltre, la linea di produzione AzureFilm prevede alcuni componenti chiave stampati con filamenti ASA.\u00a0<\/span><\/p>\n<p><span style=\"font-weight: 400\">Questo materiale pu\u00f2 essere stampato anche senza una stampante chiusa, tuttavia ti <\/span><b>consigliamo vivamente di usare una stampante 3D chiusa<\/b><span style=\"font-weight: 400\">.<\/span><\/p>\n<p><span style=\"font-weight: 400\">Per saperne di pi\u00f9 sui filamenti ASA, leggi il nostro <a href=\"https:\/\/azurefilm.com\/it\/2023\/07\/10\/filamenti-asa\/\" target=\"_blank\" rel=\"noopener\">blog<\/a>. <\/span><\/p>\n<p><span style=\"font-weight: 400\">Puoi consultare la <\/span><b>Scheda Tecnica<\/b><span style=\"font-weight: 400\"><a href=\"https:\/\/azurefilm.com\/it\/technical-data-sheets\/\" target=\"_blank\" rel=\"noopener\"> qui<\/a>.<\/span><\/p>\n<h3><strong>Consigli per la stampa:<\/strong><\/h3>\n<ul>\n<li style=\"font-weight: 400\"><span style=\"font-weight: 400\">Per ottenere i risultati migliori, stampa a 240\u2013260\u00b0C.<\/span><\/li>\n<li style=\"font-weight: 400\"><span style=\"font-weight: 400\">La temperatura consigliata del piano di stampa \u00e8 di 90\u2013120\u00b0C. Consigliamo di utilizzare una stampante 3D chiusa o con un involucro.<\/span><\/li>\n<li style=\"font-weight: 400\"><span style=\"font-weight: 400\">Usa un piano di vetro, un foglio PEI, un nastro Kapton o Blu per la piattaforma di costruzione con lo spray 3Dlac.<\/span><\/li>\n<\/ul>\n<p><i><span style=\"font-weight: 400\">*La temperatura ideale pu\u00f2 variare a seconda della stampante utilizzata.<\/span><\/i><\/p>\n","protected":false},"excerpt":{"rendered":"<p>Scegli il nostro filamento ASA Light Green per ottenere design eleganti con una finitura liscia.<\/p>\n","protected":false},"featured_media":91287,"comment_status":"closed","ping_status":"closed","template":"","meta":{"_acf_changed":false},"product_brand":[],"product_cat":[520,1573,2801,517,519],"product_tag":[1533],"brand":[822],"class_list":{"0":"post-89999","1":"product","2":"type-product","3":"status-publish","4":"has-post-thumbnail","6":"product_cat-filamenti-asa","7":"product_cat-asa-original-it","8":"product_cat-back-to-school-it","9":"product_cat-filamenti-3d","10":"product_cat-tutti-filamenti","11":"product_tag-high-speed","12":"pa_colour-verde","13":"pa_filament-diameter-1-75mm-it","14":"pa_filament-weight-1000g-it","15":"brand-azurefilm-it","17":"first","18":"instock","19":"taxable","20":"shipping-taxable","21":"purchasable","22":"product-type-variable","23":"has-default-attributes"},"acf":[],"_links":{"self":[{"href":"https:\/\/azurefilm.com\/it\/wp-json\/wp\/v2\/product\/89999","targetHints":{"allow":["GET"]}}],"collection":[{"href":"https:\/\/azurefilm.com\/it\/wp-json\/wp\/v2\/product"}],"about":[{"href":"https:\/\/azurefilm.com\/it\/wp-json\/wp\/v2\/types\/product"}],"replies":[{"embeddable":true,"href":"https:\/\/azurefilm.com\/it\/wp-json\/wp\/v2\/comments?post=89999"}],"wp:featuredmedia":[{"embeddable":true,"href":"https:\/\/azurefilm.com\/it\/wp-json\/wp\/v2\/media\/91287"}],"wp:attachment":[{"href":"https:\/\/azurefilm.com\/it\/wp-json\/wp\/v2\/media?parent=89999"}],"wp:term":[{"taxonomy":"product_brand","embeddable":true,"href":"https:\/\/azurefilm.com\/it\/wp-json\/wp\/v2\/product_brand?post=89999"},{"taxonomy":"product_cat","embeddable":true,"href":"https:\/\/azurefilm.com\/it\/wp-json\/wp\/v2\/product_cat?post=89999"},{"taxonomy":"product_tag","embeddable":true,"href":"https:\/\/azurefilm.com\/it\/wp-json\/wp\/v2\/product_tag?post=89999"},{"taxonomy":"brand","embeddable":true,"href":"https:\/\/azurefilm.com\/it\/wp-json\/wp\/v2\/brand?post=89999"}],"curies":[{"name":"wp","href":"https:\/\/api.w.org\/{rel}","templated":true}]}}