
{"id":91891,"date":"2025-09-09T06:44:58","date_gmt":"2025-09-09T06:44:58","guid":{"rendered":"https:\/\/azurefilm.com\/?post_type=product&#038;p=91891"},"modified":"2026-02-10T10:24:28","modified_gmt":"2026-02-10T10:24:28","slug":"bambu-lab-h2s-combo-pro-pack","status":"publish","type":"product","link":"https:\/\/azurefilm.com\/it\/prodotto\/bambu-lab-h2s-combo-pro-pack\/","title":{"rendered":"Bambu Lab H2S Combo BUNDLE"},"content":{"rendered":"<h2><strong>Bambu Lab H2S \u2013 Il tuo hub di produzione personale<\/strong><\/h2>\n<p><b>Sperimenta una scalabilit\u00e0 e una precisione senza precedenti. <\/b><span style=\"font-weight: 400;\">La <\/span><b>Bambu Lab H2S <\/b><span style=\"font-weight: 400;\">\u00e8 una stampante 3D ad alte prestazioni con ugello singolo, progettata per ridefinire la fabbricazione desktop. Con un <\/span><b>volume di stampa di ben 340\u00d7320\u00d7340 mm\u00b3 <\/b><span style=\"font-weight: 400;\">, la H2S offre un&#8217;area di stampa superiore del 120% rispetto alla popolare X1 Carbon, consentendo di stampare modelli in scala reale in una sola volta, senza dover ricorrere a ridimensionamenti o assemblaggi complessi.<\/span><\/p>\n<h2><strong>Prestazioni ultraveloci e di livello industriale<\/strong><\/h2>\n<p><span style=\"font-weight: 400;\">Dotata <\/span><b>del sistema di estrusione servo PMSM brevettato da Bambu <\/b><span style=\"font-weight: 400;\">, la H2S offre <\/span><b>una forza di estrusione superiore del 67% <\/b><span style=\"font-weight: 400;\">rispetto ai modelli convenzionali. Grazie a velocit\u00e0 della testa portautensili fino a <\/span><b>1.000 mm\/s <\/b><span style=\"font-weight: 400;\">e a un&#8217;accelerazione di <\/span><b>20.000 mm\/s\u00b2 <\/b><span style=\"font-weight: 400;\">, riduce i tempi di stampa fino al 30% rispetto ai modelli precedenti, senza compromettere la qualit\u00e0.<\/span><\/p>\n<h2><strong>Precisione estrema che dura<\/strong><\/h2>\n<p><span style=\"font-weight: 400;\">Dotato di una tecnologia avanzata di correzione meccanica, il <\/span><b>Vision Encoder <\/b><span style=\"font-weight: 400;\">garantisce <\/span><b>una precisione inferiore a 50 \u03bcm <\/b><span style=\"font-weight: 400;\">, compensando automaticamente la deriva di calibrazione e mantenendo tolleranze di livello industriale stampa dopo stampa. La sua <\/span><b>compensazione automatica di fori\/contorni <\/b><span style=\"font-weight: 400;\">offre una precisione di lavorazione meccanica, perfetta per pezzi che richiedono adattamenti precisi.<\/span><\/p>\n<h2><strong>Materiali ingegneristici? Nessun problema!<\/strong><\/h2>\n<p><span style=\"font-weight: 400;\">Con un <\/span><b>hotend da 350\u00b0C <\/b><span style=\"font-weight: 400;\">, un <\/span><b>letto riscaldato fino a 120\u00b0C <\/b><span style=\"font-weight: 400;\">e una <\/span><b>camera riscaldata attivamente a 65\u00b0C <\/b><span style=\"font-weight: 400;\">, l&#8217;H2S \u00e8 progettato per materiali avanzati, dal PLA e PETG all&#8217;ABS, ASA, nylon, miscele di fibra di carbonio e oltre.<\/span><\/p>\n<h2><strong>Stampa pi\u00f9 intelligente, pi\u00f9 sicura e pi\u00f9 affidabile<\/strong><\/h2>\n<p><span style=\"font-weight: 400;\">Garantisci l&#8217;affidabilit\u00e0 high-tech di ogni stampa. Con <\/span><b>23 sensori e 3 telecamere integrate <\/b><span style=\"font-weight: 400;\">, l&#8217;H2S monitora costantemente ogni momento del lavoro, individuando gli errori e interrompendo immediatamente la stampa per salvaguardare materiale e tempo. Il rilevamento basato sull&#8217;intelligenza artificiale massimizza il successo della stampa, anche in condizioni difficili.<\/span><\/p>\n<h2><strong>Espandi i tuoi orizzonti creativi<\/strong><\/h2>\n<p><span style=\"font-weight: 400;\">L&#8217;H2S \u00e8 pi\u00f9 di una semplice stampante 3D: \u00e8 un concentrato di potenza per la fabbricazione. Con componenti aggiuntivi opzionali come il <\/span><b>laser da 10 W <\/b><span style=\"font-weight: 400;\">, i moduli di taglio e disegno, \u00e8 possibile <\/span><b>incidere, tagliare e disegnare <\/b><span style=\"font-weight: 400;\">, tutto dalla stessa piattaforma. Inoltre, il <\/span><b>sistema di flusso d&#8217;aria e filtraggio Flap Switch <\/b><span style=\"font-weight: 400;\">supporta tre modalit\u00e0 distinte: alta temperatura, bassa temperatura e laser. Questo garantisce aria pulita e condizioni termiche stabili indipendentemente dal tipo di attivit\u00e0.<\/span><\/p>\n<p><b>AMS 2 Pro <\/b><span style=\"font-weight: 400;\">ricco di funzionalit\u00e0 consente una <\/span><b>stampa multicolore e multi-materiale senza interruzioni <\/b><span style=\"font-weight: 400;\">, con <\/span><b>asciugatura integrata del filamento <\/b><span style=\"font-weight: 400;\">per migliorare l&#8217;affidabilit\u00e0, anche con filamenti sensibili all&#8217;umidit\u00e0.<\/span><\/p>\n<h2><strong>Visivamente intuitivo e costruito per durare<\/strong><\/h2>\n<p><span style=\"font-weight: 400;\">Avvolta in un <\/span><b>telaio in lega di alluminio pressofuso <\/b><span style=\"font-weight: 400;\">, la H2S offre una stabilit\u00e0 estrema per operazioni di grande formato ad alta velocit\u00e0. La sua elegante interfaccia touchscreen \u00e8 reattiva e intuitiva, offrendo un controllo fluido su ogni aspetto del lavoro di stampa.<\/span><\/p>\n<h2><strong>Perch\u00e9 l&#8217;H2S si distingue<\/strong><\/h2>\n<ul>\n<li style=\"font-weight: 400;\" aria-level=\"1\"><b>Volume di stampa gigantesco <\/b><span style=\"font-weight: 400;\">: stampa creazioni a grandezza naturale senza segmentazione<\/span><\/li>\n<li style=\"font-weight: 400;\" aria-level=\"1\"><b>Output ad alta velocit\u00e0 <\/b><span style=\"font-weight: 400;\">: fino a 1.000 mm\/s; le stampe vengono completate il 30% pi\u00f9 velocemente<\/span><\/li>\n<li style=\"font-weight: 400;\" aria-level=\"1\"><b>Precisione industriale <\/b><span style=\"font-weight: 400;\">: l&#8217;encoder di visione garantisce una precisione inferiore a 50 \u03bcm<\/span><\/li>\n<li style=\"font-weight: 400;\" aria-level=\"1\"><b>Versatilit\u00e0 dei materiali <\/b><span style=\"font-weight: 400;\">: gestisce filamenti avanzati e sensibili alla temperatura<\/span><\/li>\n<li style=\"font-weight: 400;\" aria-level=\"1\"><b>Monitoraggio intelligente <\/b><span style=\"font-weight: 400;\">: i sistemi di sicurezza basati sull&#8217;intelligenza artificiale mantengono le stampe in pista<\/span><\/li>\n<li style=\"font-weight: 400;\" aria-level=\"1\"><b>Capacit\u00e0 multifunzione <\/b><span style=\"font-weight: 400;\">: dalla stampa 3D all&#8217;incisione e al taglio laser<\/span><\/li>\n<li style=\"font-weight: 400;\" aria-level=\"1\"><span style=\"color: #000000;\"><b>Design robusto ed elegante <\/b>: struttura durevole e interfaccia facile da usare<\/span><\/li>\n<\/ul>\n","protected":false},"excerpt":{"rendered":"<p>Bambu Lab H2S Combo in combinazione con 4 chilogrammi di filamenti AzureFilm Refill e set Master Spool da 4 pezzi.<\/p>\n<p><span style=\"color: #ed1c24;\"><b>Importante: il modulo laser e di taglio da 10 W \u00e8 opzionale. L&#8217;H2S nella nostra offerta non include il laser.<\/b><\/span><\/p>\n","protected":false},"featured_media":91931,"comment_status":"closed","ping_status":"closed","template":"","meta":{"_acf_changed":false},"product_brand":[],"product_cat":[595,658,619,623,599,598],"product_tag":[],"brand":[827],"class_list":{"0":"post-91891","1":"product","2":"type-product","3":"status-publish","4":"has-post-thumbnail","6":"product_cat-stampante-3d","7":"product_cat-bambu-lab-it","8":"product_cat-pacchetti-speciali","9":"product_cat-saldi","10":"product_cat-stampante-3d-fdm","11":"product_cat-tutti-stampanti-3d","12":"brand-bambu-lab-it","14":"first","15":"onbackorder","16":"sale","17":"taxable","18":"shipping-taxable","19":"purchasable","20":"product-type-variable"},"acf":[],"_links":{"self":[{"href":"https:\/\/azurefilm.com\/it\/wp-json\/wp\/v2\/product\/91891","targetHints":{"allow":["GET"]}}],"collection":[{"href":"https:\/\/azurefilm.com\/it\/wp-json\/wp\/v2\/product"}],"about":[{"href":"https:\/\/azurefilm.com\/it\/wp-json\/wp\/v2\/types\/product"}],"replies":[{"embeddable":true,"href":"https:\/\/azurefilm.com\/it\/wp-json\/wp\/v2\/comments?post=91891"}],"wp:featuredmedia":[{"embeddable":true,"href":"https:\/\/azurefilm.com\/it\/wp-json\/wp\/v2\/media\/91931"}],"wp:attachment":[{"href":"https:\/\/azurefilm.com\/it\/wp-json\/wp\/v2\/media?parent=91891"}],"wp:term":[{"taxonomy":"product_brand","embeddable":true,"href":"https:\/\/azurefilm.com\/it\/wp-json\/wp\/v2\/product_brand?post=91891"},{"taxonomy":"product_cat","embeddable":true,"href":"https:\/\/azurefilm.com\/it\/wp-json\/wp\/v2\/product_cat?post=91891"},{"taxonomy":"product_tag","embeddable":true,"href":"https:\/\/azurefilm.com\/it\/wp-json\/wp\/v2\/product_tag?post=91891"},{"taxonomy":"brand","embeddable":true,"href":"https:\/\/azurefilm.com\/it\/wp-json\/wp\/v2\/brand?post=91891"}],"curies":[{"name":"wp","href":"https:\/\/api.w.org\/{rel}","templated":true}]}}