
{"id":92094,"date":"2025-09-10T06:34:55","date_gmt":"2025-09-10T06:34:55","guid":{"rendered":"https:\/\/azurefilm.com\/?post_type=product&#038;p=92094"},"modified":"2026-02-10T10:25:47","modified_gmt":"2026-02-10T10:25:47","slug":"bambu-lab-h2d-pro-combo-pro-pack","status":"publish","type":"product","link":"https:\/\/azurefilm.com\/it\/prodotto\/bambu-lab-h2d-pro-combo-pro-pack\/","title":{"rendered":"Bambu Lab H2D Pro Combo BUNDLE"},"content":{"rendered":"<p><span style=\"font-weight: 400;\">Bambu Lab H2D Pro Combo<\/span> <span style=\"font-weight: 400;\">\u00e8 una stampante 3D di livello professionale progettata per ambienti esigenti in cui precisione, affidabilit\u00e0 e sicurezza sono essenziali. Grazie alla camera di stampa riscaldata attivamente, ai doppi ugelli ad alta temperatura e alle opzioni di connettivit\u00e0 aziendale, \u00e8 ideale per applicazioni industriali e prototipazione avanzata.<\/span><\/p>\n<h2><strong>Caratteristiche principali:<\/strong><\/h2>\n<ul>\n<li style=\"font-weight: 400;\" aria-level=\"1\"><b>Ampio volume di stampa <\/b><span style=\"font-weight: 400;\">: 325\u00d7320\u00d7325 mm (estrusione singola) \/ fino a 350\u00d7320\u00d7325 mm (estrusione doppia) per la stampa di parti di grandi dimensioni o componenti multipli in un&#8217;unica tiratura.<\/span><span style=\"font-weight: 400;\"><br \/>\n<\/span><\/li>\n<li style=\"font-weight: 400;\" aria-level=\"1\"><b>Stampa ad alta temperatura <\/b><span style=\"font-weight: 400;\">: doppi ugelli in grado di raggiungere <\/span><b>i 350\u00b0C<\/b><span style=\"font-weight: 400;\">, ottimizzati per filamenti ingegneristici e materiali rinforzati con fibre.<\/span><span style=\"font-weight: 400;\"><br \/>\n<\/span><\/li>\n<li style=\"font-weight: 400;\" aria-level=\"1\"><b>Camera riscaldata attivamente <\/b><span style=\"font-weight: 400;\">: mantiene una temperatura fino a <\/span><b>65\u00b0C<\/b><span style=\"font-weight: 400;\">, garantendo risultati stabili e senza deformazioni con materiali tecnici.<\/span><span style=\"font-weight: 400;\"><br \/>\n<\/span><\/li>\n<li style=\"font-weight: 400;\" aria-level=\"1\"><b>Sistema di ugelli durevole <\/b><span style=\"font-weight: 400;\">: dotato di un <\/span><b>ugello in carburo di tungsteno (HRA 90)<\/b><span style=\"font-weight: 400;\">, che garantisce prestazioni durature e resistenza all&#8217;usura durante la stampa con filamenti abrasivi.<\/span><span style=\"font-weight: 400;\"><br \/>\n<\/span><\/li>\n<li style=\"font-weight: 400;\" aria-level=\"1\"><b>Precisione e accuratezza <\/b><span style=\"font-weight: 400;\">: precisione del movimento fino a <\/span><b>50 \u00b5m<\/b><span style=\"font-weight: 400;\">, supportata da un sistema Vision Encoder per una precisione costante degli strati.<\/span><span style=\"font-weight: 400;\"><br \/>\n<\/span><\/li>\n<li style=\"font-weight: 400;\" aria-level=\"1\"><b>Connettivit\u00e0 di livello aziendale <\/b><span style=\"font-weight: 400;\">: supporta <\/span><b>WPA2-Enterprise Wi-Fi <\/b><span style=\"font-weight: 400;\">(EAP-PEAP, EAP-TLS, EAP-TTLS), Ethernet e dispone di un <\/span><b>kill switch di rete fisico <\/b><span style=\"font-weight: 400;\">per un funzionamento sicuro.<\/span><span style=\"font-weight: 400;\"><br \/>\n<\/span><\/li>\n<li style=\"font-weight: 400;\" aria-level=\"1\"><b>Hardware potente <\/b><span style=\"font-weight: 400;\">: i processori multi-core avanzati con accelerazione AI dedicata garantiscono una gestione fluida dei lavori di stampa complessi.<\/span><span style=\"font-weight: 400;\"><br \/>\n<\/span><\/li>\n<li style=\"font-weight: 400;\" aria-level=\"1\"><b>Pacchetto completo <\/b><span style=\"font-weight: 400;\">: include AMS 2 Pro e AMS HT per una gestione flessibile dei filamenti.<\/span><span style=\"font-weight: 400;\"><br \/>\n<\/span><\/li>\n<\/ul>\n<h2><strong>Perch\u00e9 scegliere H2D Pro?<\/strong><\/h2>\n<p><span style=\"font-weight: 400;\">H2D Pro \u00e8 progettato per utenti professionali che necessitano di pi\u00f9 di velocit\u00e0 e qualit\u00e0: offre <\/span><b>affidabilit\u00e0 industriale, maggiore sicurezza e controllo termico avanzato <\/b><span style=\"font-weight: 400;\">per risultati costanti negli ambienti di produzione o di ricerca e sviluppo.<\/span><\/p>\n","protected":false},"excerpt":{"rendered":"<p>Bambu Lab H2D Pro Combo in combinazione con 4 chilogrammi di filamenti AzureFilm Refill e set Master Spool 4-pack.<\/p>\n<p>&nbsp;<\/p>\n","protected":false},"featured_media":92133,"comment_status":"closed","ping_status":"closed","template":"","meta":{"_acf_changed":false},"product_brand":[],"product_cat":[595,658,623,599,598],"product_tag":[],"brand":[827],"class_list":{"0":"post-92094","1":"product","2":"type-product","3":"status-publish","4":"has-post-thumbnail","6":"product_cat-stampante-3d","7":"product_cat-bambu-lab-it","8":"product_cat-saldi","9":"product_cat-stampante-3d-fdm","10":"product_cat-tutti-stampanti-3d","11":"brand-bambu-lab-it","13":"first","14":"onbackorder","15":"sale","16":"taxable","17":"shipping-taxable","18":"purchasable","19":"product-type-variable"},"acf":[],"_links":{"self":[{"href":"https:\/\/azurefilm.com\/it\/wp-json\/wp\/v2\/product\/92094","targetHints":{"allow":["GET"]}}],"collection":[{"href":"https:\/\/azurefilm.com\/it\/wp-json\/wp\/v2\/product"}],"about":[{"href":"https:\/\/azurefilm.com\/it\/wp-json\/wp\/v2\/types\/product"}],"replies":[{"embeddable":true,"href":"https:\/\/azurefilm.com\/it\/wp-json\/wp\/v2\/comments?post=92094"}],"wp:featuredmedia":[{"embeddable":true,"href":"https:\/\/azurefilm.com\/it\/wp-json\/wp\/v2\/media\/92133"}],"wp:attachment":[{"href":"https:\/\/azurefilm.com\/it\/wp-json\/wp\/v2\/media?parent=92094"}],"wp:term":[{"taxonomy":"product_brand","embeddable":true,"href":"https:\/\/azurefilm.com\/it\/wp-json\/wp\/v2\/product_brand?post=92094"},{"taxonomy":"product_cat","embeddable":true,"href":"https:\/\/azurefilm.com\/it\/wp-json\/wp\/v2\/product_cat?post=92094"},{"taxonomy":"product_tag","embeddable":true,"href":"https:\/\/azurefilm.com\/it\/wp-json\/wp\/v2\/product_tag?post=92094"},{"taxonomy":"brand","embeddable":true,"href":"https:\/\/azurefilm.com\/it\/wp-json\/wp\/v2\/brand?post=92094"}],"curies":[{"name":"wp","href":"https:\/\/api.w.org\/{rel}","templated":true}]}}