
{"id":16330,"date":"2023-10-30T03:16:53","date_gmt":"2023-10-30T03:16:53","guid":{"rendered":"https:\/\/azurefilm.com\/our-services\/"},"modified":"2025-05-28T11:25:20","modified_gmt":"2025-05-28T11:25:20","slug":"nase-storitve","status":"publish","type":"page","link":"https:\/\/azurefilm.com\/sl\/nase-storitve\/","title":{"rendered":"Na\u0161e storitve"},"content":{"rendered":"\n\t<section class=\"section pt-0\" id=\"section_1391763183\">\n\t\t<div class=\"section-bg fill\" >\n\t\t\t\t\t\t\t\t\t\n\t\t\t\n\n\t\t<\/div>\n\n\t\t\n\n\t\t<div class=\"section-content relative\">\n\t\t\t\n<div class=\"row align-middle\"  id=\"row-300544397\">\n\n\t<div id=\"col-2042035219\" class=\"col medium-7 small-12 large-6\"  >\n\t\t\t\t<div class=\"col-inner\"  >\n\t\t\t\n\t\t\t\n<h1 class=\"uppercase\">STORITVE<\/h1>\n<p>Poleg \u0161iroke palete razli\u010dnih vrst in barv 3D filamentov ponujamo tudi 3D tiskalnike, rezervne dele, barve na zahtevo, mo\u017enosti zasebnih blagovnih znamk in \u0161e veliko ve\u010d \u2013 vse na\u0161e storitve naredijo AzureFilm pravo mesto, kjer svoje sanje spremenite v 3D resni\u010dnost!<\/p>\n\t\t<\/div>\n\t\t\t\t\n<style>\n#col-2042035219 > .col-inner {\n  padding: 0px 0px 0px 0px;\n}\n@media (min-width:550px) {\n  #col-2042035219 > .col-inner {\n    padding: 0px 50px 0px 0px;\n  }\n}\n<\/style>\n\t<\/div>\n\n\t\n\n\t<div id=\"col-1588015121\" class=\"col medium-5 small-12 large-6\"  >\n\t\t\t\t<div class=\"col-inner\"  >\n\t\t\t\n\t\t\t\n\t<div class=\"img has-hover x md-x lg-x y md-y lg-y\" id=\"image_988425571\">\n\t\t\t\t\t\t\t\t<div class=\"img-inner dark\" >\n\t\t\t<img loading=\"lazy\" decoding=\"async\" width=\"884\" height=\"453\" src=\"https:\/\/azurefilm.com\/wp-content\/uploads\/2023\/10\/Rectangle-227.png\" class=\"attachment-large size-large\" alt=\"\" srcset=\"https:\/\/azurefilm.com\/wp-content\/uploads\/2023\/10\/Rectangle-227.png 884w, https:\/\/azurefilm.com\/wp-content\/uploads\/2023\/10\/Rectangle-227-510x261.png 510w, https:\/\/azurefilm.com\/wp-content\/uploads\/2023\/10\/Rectangle-227-300x154.png 300w, https:\/\/azurefilm.com\/wp-content\/uploads\/2023\/10\/Rectangle-227-768x394.png 768w\" sizes=\"auto, (max-width: 884px) 100vw, 884px\" title=\"\">\t\t\t\t\t\t\n\t\t\t\t\t<\/div>\n\t\t\t\t\t\t\t\t\n<style>\n#image_988425571 {\n  width: 100%;\n}\n<\/style>\n\t<\/div>\n\t\n\t\t<\/div>\n\t\t\t\t\t<\/div>\n\n\t\n<\/div>\n\t\t<\/div>\n\n\t\t\n<style>\n#section_1391763183 {\n  padding-top: 30px;\n  padding-bottom: 30px;\n}\n<\/style>\n\t<\/section>\n\t\n\n\t<section class=\"section\" id=\"section_251087901\">\n\t\t<div class=\"section-bg fill\" >\n\t\t\t\t\t\t\t\t\t\n\t\t\t\n\n\t\t<\/div>\n\n\t\t\n\n\t\t<div class=\"section-content relative\">\n\t\t\t\n<div class=\"row align-equal our-services-list-row\"  id=\"row-778121816\">\n\n\t<div id=\"col-1405355198\" class=\"col service-column medium-6 small-12 large-6\"  >\n\t\t\t\t<div class=\"col-inner box-shadow-2\"  >\n\t\t\t\n\t\t\t\n<div class=\"row align-middle\"  id=\"row-821842339\">\n\n\t<div id=\"col-221054971\" class=\"col pb-0 medium-4 small-12 large-4\"  >\n\t\t\t\t<div class=\"col-inner text-center\"  >\n\t\t\t\n\t\t\t\n\t<div class=\"img has-hover x md-x lg-x y md-y lg-y\" id=\"image_2142205501\">\n\t\t\t\t\t\t\t\t<div class=\"img-inner dark\" >\n\t\t\t<img loading=\"lazy\" decoding=\"async\" width=\"1020\" height=\"1020\" src=\"https:\/\/azurefilm.com\/wp-content\/uploads\/2023\/10\/Manufacturing-1024x1024.jpeg\" class=\"attachment-large size-large\" alt=\"\" srcset=\"https:\/\/azurefilm.com\/wp-content\/uploads\/2023\/10\/Manufacturing-1024x1024.jpeg 1024w, https:\/\/azurefilm.com\/wp-content\/uploads\/2023\/10\/Manufacturing-274x274.jpeg 274w, https:\/\/azurefilm.com\/wp-content\/uploads\/2023\/10\/Manufacturing-100x100.jpeg 100w, https:\/\/azurefilm.com\/wp-content\/uploads\/2023\/10\/Manufacturing-510x510.jpeg 510w, https:\/\/azurefilm.com\/wp-content\/uploads\/2023\/10\/Manufacturing-300x300.jpeg 300w, https:\/\/azurefilm.com\/wp-content\/uploads\/2023\/10\/Manufacturing-150x150.jpeg 150w, https:\/\/azurefilm.com\/wp-content\/uploads\/2023\/10\/Manufacturing-768x768.jpeg 768w, https:\/\/azurefilm.com\/wp-content\/uploads\/2023\/10\/Manufacturing.jpeg 1200w\" sizes=\"auto, (max-width: 1020px) 100vw, 1020px\" title=\"\">\t\t\t\t\t\t\n\t\t\t\t\t<\/div>\n\t\t\t\t\t\t\t\t\n<style>\n#image_2142205501 {\n  width: 60%;\n}\n@media (min-width:550px) {\n  #image_2142205501 {\n    width: 100%;\n  }\n}\n<\/style>\n\t<\/div>\n\t\n\t\t<\/div>\n\t\t\t\t\t<\/div>\n\n\t\n\n\t<div id=\"col-1478537004\" class=\"col pb-0 medium-8 small-12 large-8\"  >\n\t\t\t\t<div class=\"col-inner\"  >\n\t\t\t\n\t\t\t\n<h2>Izdelava filamentov<\/h2>\n<p>Kot vodilni proizvajalec filamentov za 3D tiskanje nudimo visokokakovostne filamente v razli\u010dnih materialih in barvah, kar zagotavlja izjemno zmogljivost in osupljive rezultate pri va\u0161ih 3D projektih.<br \/>\n.<\/p>\n\t\t<\/div>\n\t\t\t\t\t<\/div>\n\n\t\n<\/div>\n\t\t<\/div>\n\t\t\t\t\n<style>\n#col-1405355198 > .col-inner {\n  padding: 20px 20px 0px 20px;\n}\n<\/style>\n\t<\/div>\n\n\t\n\n\t<div id=\"col-879315401\" class=\"col service-column medium-6 small-12 large-6\"  >\n\t\t\t\t<div class=\"col-inner box-shadow-2\"  >\n\t\t\t\n\t\t\t\n<div class=\"row align-middle\"  id=\"row-1173217085\">\n\n\t<div id=\"col-1149125077\" class=\"col pb-0 medium-4 small-12 large-4\"  >\n\t\t\t\t<div class=\"col-inner text-center\"  >\n\t\t\t\n\t\t\t\n\t<div class=\"img has-hover x md-x lg-x y md-y lg-y\" id=\"image_1663737319\">\n\t\t\t\t\t\t\t\t<div class=\"img-inner dark\" >\n\t\t\t<img loading=\"lazy\" decoding=\"async\" width=\"1020\" height=\"1020\" src=\"https:\/\/azurefilm.com\/wp-content\/uploads\/2023\/10\/everything-1024x1024.jpeg\" class=\"attachment-large size-large\" alt=\"\" srcset=\"https:\/\/azurefilm.com\/wp-content\/uploads\/2023\/10\/everything-1024x1024.jpeg 1024w, https:\/\/azurefilm.com\/wp-content\/uploads\/2023\/10\/everything-274x274.jpeg 274w, https:\/\/azurefilm.com\/wp-content\/uploads\/2023\/10\/everything-100x100.jpeg 100w, https:\/\/azurefilm.com\/wp-content\/uploads\/2023\/10\/everything-510x510.jpeg 510w, https:\/\/azurefilm.com\/wp-content\/uploads\/2023\/10\/everything-300x300.jpeg 300w, https:\/\/azurefilm.com\/wp-content\/uploads\/2023\/10\/everything-150x150.jpeg 150w, https:\/\/azurefilm.com\/wp-content\/uploads\/2023\/10\/everything-768x768.jpeg 768w, https:\/\/azurefilm.com\/wp-content\/uploads\/2023\/10\/everything.jpeg 1200w\" sizes=\"auto, (max-width: 1020px) 100vw, 1020px\" title=\"\">\t\t\t\t\t\t\n\t\t\t\t\t<\/div>\n\t\t\t\t\t\t\t\t\n<style>\n#image_1663737319 {\n  width: 60%;\n}\n@media (min-width:550px) {\n  #image_1663737319 {\n    width: 100%;\n  }\n}\n<\/style>\n\t<\/div>\n\t\n\t\t<\/div>\n\t\t\t\t\t<\/div>\n\n\t\n\n\t<div id=\"col-78176880\" class=\"col pb-0 medium-8 small-12 large-8\"  >\n\t\t\t\t<div class=\"col-inner\"  >\n\t\t\t\n\t\t\t\n<h2>Vse za 3D tisk na enem mestu<\/h2>\n<p>Ponujamo obse\u017een izbor izdelkov za 3D tiskanje, vklju\u010dno s filamenti, tiskalniki, skenerji, rezervnimi deli in dodatki. Popolna trgovina, kjer na enem mestu najdete vse 3D tisk.<\/p>\n\t\t<\/div>\n\t\t\t\t\t<\/div>\n\n\t\n<\/div>\n\t\t<\/div>\n\t\t\t\t\n<style>\n#col-879315401 > .col-inner {\n  padding: 20px 20px 0px 20px;\n}\n<\/style>\n\t<\/div>\n\n\t\n\n\t<div id=\"col-158015237\" class=\"col service-column medium-6 small-12 large-6\"  >\n\t\t\t\t<div class=\"col-inner box-shadow-2\"  >\n\t\t\t\n\t\t\t\n<div class=\"row align-middle\"  id=\"row-52430644\">\n\n\t<div id=\"col-1104905105\" class=\"col pb-0 medium-4 small-12 large-4\"  >\n\t\t\t\t<div class=\"col-inner text-center\"  >\n\t\t\t\n\t\t\t\n\t<div class=\"img has-hover x md-x lg-x y md-y lg-y\" id=\"image_968577083\">\n\t\t\t\t\t\t\t\t<div class=\"img-inner dark\" >\n\t\t\t<img loading=\"lazy\" decoding=\"async\" width=\"1020\" height=\"1020\" src=\"https:\/\/azurefilm.com\/wp-content\/uploads\/2023\/10\/innovations-1024x1024.jpeg\" class=\"attachment-large size-large\" alt=\"\" srcset=\"https:\/\/azurefilm.com\/wp-content\/uploads\/2023\/10\/innovations-1024x1024.jpeg 1024w, https:\/\/azurefilm.com\/wp-content\/uploads\/2023\/10\/innovations-274x274.jpeg 274w, https:\/\/azurefilm.com\/wp-content\/uploads\/2023\/10\/innovations-100x100.jpeg 100w, https:\/\/azurefilm.com\/wp-content\/uploads\/2023\/10\/innovations-510x510.jpeg 510w, https:\/\/azurefilm.com\/wp-content\/uploads\/2023\/10\/innovations-300x300.jpeg 300w, https:\/\/azurefilm.com\/wp-content\/uploads\/2023\/10\/innovations-150x150.jpeg 150w, https:\/\/azurefilm.com\/wp-content\/uploads\/2023\/10\/innovations-768x768.jpeg 768w, https:\/\/azurefilm.com\/wp-content\/uploads\/2023\/10\/innovations.jpeg 1200w\" sizes=\"auto, (max-width: 1020px) 100vw, 1020px\" title=\"\">\t\t\t\t\t\t\n\t\t\t\t\t<\/div>\n\t\t\t\t\t\t\t\t\n<style>\n#image_968577083 {\n  width: 60%;\n}\n@media (min-width:550px) {\n  #image_968577083 {\n    width: 100%;\n  }\n}\n<\/style>\n\t<\/div>\n\t\n\t\t<\/div>\n\t\t\t\t\t<\/div>\n\n\t\n\n\t<div id=\"col-1025781371\" class=\"col pb-0 medium-8 small-12 large-8\"  >\n\t\t\t\t<div class=\"col-inner\"  >\n\t\t\t\n\t\t\t\n<h2>Inovacije<\/h2>\n<p>Nenehno raziskujemo nove tehnologije, materiale in tehnike ter vam prina\u0161amo najnovej\u0161e v 3D tiskanju. Cilj nam je zagotavljati najbolj\u0161o mo\u017eno ponudbo in visoko kakovost na\u0161ih izdelkov.<\/p>\n\t\t<\/div>\n\t\t\t\t\t<\/div>\n\n\t\n<\/div>\n\t\t<\/div>\n\t\t\t\t\n<style>\n#col-158015237 > .col-inner {\n  padding: 20px 20px 0px 20px;\n}\n<\/style>\n\t<\/div>\n\n\t\n\n\t<div id=\"col-1792850160\" class=\"col service-column medium-6 small-12 large-6\"  >\n\t\t\t\t<div class=\"col-inner box-shadow-2\"  >\n\t\t\t\n\t\t\t\n<div class=\"row align-middle\"  id=\"row-622869285\">\n\n\t<div id=\"col-564742608\" class=\"col pb-0 medium-4 small-12 large-4\"  >\n\t\t\t\t<div class=\"col-inner text-center\"  >\n\t\t\t\n\t\t\t\n\t<div class=\"img has-hover x md-x lg-x y md-y lg-y\" id=\"image_669919781\">\n\t\t\t\t\t\t\t\t<div class=\"img-inner dark\" >\n\t\t\t<img loading=\"lazy\" decoding=\"async\" width=\"1020\" height=\"1020\" src=\"https:\/\/azurefilm.com\/wp-content\/uploads\/2023\/10\/Private-Label-win-1024x1024.jpeg\" class=\"attachment-large size-large\" alt=\"\" srcset=\"https:\/\/azurefilm.com\/wp-content\/uploads\/2023\/10\/Private-Label-win-1024x1024.jpeg 1024w, https:\/\/azurefilm.com\/wp-content\/uploads\/2023\/10\/Private-Label-win-274x274.jpeg 274w, https:\/\/azurefilm.com\/wp-content\/uploads\/2023\/10\/Private-Label-win-100x100.jpeg 100w, https:\/\/azurefilm.com\/wp-content\/uploads\/2023\/10\/Private-Label-win-510x510.jpeg 510w, https:\/\/azurefilm.com\/wp-content\/uploads\/2023\/10\/Private-Label-win-300x300.jpeg 300w, https:\/\/azurefilm.com\/wp-content\/uploads\/2023\/10\/Private-Label-win-150x150.jpeg 150w, https:\/\/azurefilm.com\/wp-content\/uploads\/2023\/10\/Private-Label-win-768x768.jpeg 768w, https:\/\/azurefilm.com\/wp-content\/uploads\/2023\/10\/Private-Label-win.jpeg 1200w\" sizes=\"auto, (max-width: 1020px) 100vw, 1020px\" title=\"\">\t\t\t\t\t\t\n\t\t\t\t\t<\/div>\n\t\t\t\t\t\t\t\t\n<style>\n#image_669919781 {\n  width: 60%;\n}\n@media (min-width:550px) {\n  #image_669919781 {\n    width: 100%;\n  }\n}\n<\/style>\n\t<\/div>\n\t\n\t\t<\/div>\n\t\t\t\t\t<\/div>\n\n\t\n\n\t<div id=\"col-1917136767\" class=\"col pb-0 medium-8 small-12 large-8\"  >\n\t\t\t\t<div class=\"col-inner\"  >\n\t\t\t\n\t\t\t\n<h2>Zasebna blagovna znamka<\/h2>\n<p>Omogo\u010damo tudi, da prodajate na\u0161e filamente pod va\u0161o blagovno znamko.<\/p>\n\t\t<\/div>\n\t\t\t\t\t<\/div>\n\n\t\n<\/div>\n\t\t<\/div>\n\t\t\t\t\n<style>\n#col-1792850160 > .col-inner {\n  padding: 20px 20px 0px 20px;\n}\n<\/style>\n\t<\/div>\n\n\t\n\n\t<div id=\"col-1012335709\" class=\"col service-column medium-6 small-12 large-6\"  >\n\t\t\t\t<div class=\"col-inner box-shadow-2\"  >\n\t\t\t\n\t\t\t\n<div class=\"row align-middle\"  id=\"row-1948375628\">\n\n\t<div id=\"col-276387870\" class=\"col pb-0 medium-4 small-12 large-4\"  >\n\t\t\t\t<div class=\"col-inner text-center\"  >\n\t\t\t\n\t\t\t\n\t<div class=\"img has-hover x md-x lg-x y md-y lg-y\" id=\"image_726748836\">\n\t\t\t\t\t\t\t\t<div class=\"img-inner dark\" >\n\t\t\t<img loading=\"lazy\" decoding=\"async\" width=\"1020\" height=\"1020\" src=\"https:\/\/azurefilm.com\/wp-content\/uploads\/2023\/10\/Color-win-1024x1024.jpeg\" class=\"attachment-large size-large\" alt=\"\" srcset=\"https:\/\/azurefilm.com\/wp-content\/uploads\/2023\/10\/Color-win-1024x1024.jpeg 1024w, https:\/\/azurefilm.com\/wp-content\/uploads\/2023\/10\/Color-win-274x274.jpeg 274w, https:\/\/azurefilm.com\/wp-content\/uploads\/2023\/10\/Color-win-100x100.jpeg 100w, https:\/\/azurefilm.com\/wp-content\/uploads\/2023\/10\/Color-win-510x510.jpeg 510w, https:\/\/azurefilm.com\/wp-content\/uploads\/2023\/10\/Color-win-300x300.jpeg 300w, https:\/\/azurefilm.com\/wp-content\/uploads\/2023\/10\/Color-win-150x150.jpeg 150w, https:\/\/azurefilm.com\/wp-content\/uploads\/2023\/10\/Color-win-768x768.jpeg 768w, https:\/\/azurefilm.com\/wp-content\/uploads\/2023\/10\/Color-win.jpeg 1200w\" sizes=\"auto, (max-width: 1020px) 100vw, 1020px\" title=\"\">\t\t\t\t\t\t\n\t\t\t\t\t<\/div>\n\t\t\t\t\t\t\t\t\n<style>\n#image_726748836 {\n  width: 60%;\n}\n@media (min-width:550px) {\n  #image_726748836 {\n    width: 100%;\n  }\n}\n<\/style>\n\t<\/div>\n\t\n\t\t<\/div>\n\t\t\t\t\t<\/div>\n\n\t\n\n\t<div id=\"col-302206021\" class=\"col pb-0 medium-8 small-12 large-8\"  >\n\t\t\t\t<div class=\"col-inner\"  >\n\t\t\t\n\t\t\t\n<h2>Barva na zahtevo<\/h2>\n<p>Sprostite svojo ustvarjalnost in prilagodite filamente tako, da se natan\u010dno ujemajo z va\u0161imi barvnimi \u017eeljami.<\/p>\n\t\t<\/div>\n\t\t\t\t\t<\/div>\n\n\t\n<\/div>\n\t\t<\/div>\n\t\t\t\t\n<style>\n#col-1012335709 > .col-inner {\n  padding: 20px 20px 0px 20px;\n}\n<\/style>\n\t<\/div>\n\n\t\n\n\t<div id=\"col-1747980690\" class=\"col service-column medium-6 small-12 large-6\"  >\n\t\t\t\t<div class=\"col-inner box-shadow-2\"  >\n\t\t\t\n\t\t\t\n<div class=\"row align-middle\"  id=\"row-48765921\">\n\n\t<div id=\"col-297812968\" class=\"col pb-0 medium-4 small-12 large-4\"  >\n\t\t\t\t<div class=\"col-inner text-center\"  >\n\t\t\t\n\t\t\t\n\t<div class=\"img has-hover x md-x lg-x y md-y lg-y\" id=\"image_1738276483\">\n\t\t\t\t\t\t\t\t<div class=\"img-inner dark\" >\n\t\t\t<img loading=\"lazy\" decoding=\"async\" width=\"1020\" height=\"1020\" src=\"https:\/\/azurefilm.com\/wp-content\/uploads\/2023\/10\/b2b-v2-win-1024x1024.jpeg\" class=\"attachment-large size-large\" alt=\"\" srcset=\"https:\/\/azurefilm.com\/wp-content\/uploads\/2023\/10\/b2b-v2-win-1024x1024.jpeg 1024w, https:\/\/azurefilm.com\/wp-content\/uploads\/2023\/10\/b2b-v2-win-274x274.jpeg 274w, https:\/\/azurefilm.com\/wp-content\/uploads\/2023\/10\/b2b-v2-win-100x100.jpeg 100w, https:\/\/azurefilm.com\/wp-content\/uploads\/2023\/10\/b2b-v2-win-510x510.jpeg 510w, https:\/\/azurefilm.com\/wp-content\/uploads\/2023\/10\/b2b-v2-win-300x300.jpeg 300w, https:\/\/azurefilm.com\/wp-content\/uploads\/2023\/10\/b2b-v2-win-150x150.jpeg 150w, https:\/\/azurefilm.com\/wp-content\/uploads\/2023\/10\/b2b-v2-win-768x768.jpeg 768w, https:\/\/azurefilm.com\/wp-content\/uploads\/2023\/10\/b2b-v2-win.jpeg 1200w\" sizes=\"auto, (max-width: 1020px) 100vw, 1020px\" title=\"\">\t\t\t\t\t\t\n\t\t\t\t\t<\/div>\n\t\t\t\t\t\t\t\t\n<style>\n#image_1738276483 {\n  width: 60%;\n}\n@media (min-width:550px) {\n  #image_1738276483 {\n    width: 100%;\n  }\n}\n<\/style>\n\t<\/div>\n\t\n\t\t<\/div>\n\t\t\t\t\t<\/div>\n\n\t\n\n\t<div id=\"col-663046167\" class=\"col pb-0 medium-8 small-12 large-8\"  >\n\t\t\t\t<div class=\"col-inner\"  >\n\t\t\t\n\t\t\t\n<h2>Popolna B2B podpora<\/h2>\n<p>Razumemo edinstvene potrebe podjetij v industriji 3D tiskanja in ponujamo povezane storitve, kot so naro\u010danje v velikem obsegu, re\u0161itve po meri, inovativni izdelki, zanesljiva tehni\u010dna podpora ter marketin\u0161ke vsebine &#8211; vse, da zagotovimo va\u0161 uspeh na trgu.<\/p>\n\t\t<\/div>\n\t\t\t\t\t<\/div>\n\n\t\n<\/div>\n\t\t<\/div>\n\t\t\t\t\n<style>\n#col-1747980690 > .col-inner {\n  padding: 20px 20px 0px 20px;\n}\n<\/style>\n\t<\/div>\n\n\t\n\n<style>\n#row-778121816 > .col > .col-inner {\n  padding: 2em 1em 2em 1em;\n}\n<\/style>\n<\/div>\n\t\t<\/div>\n\n\t\t\n<style>\n#section_251087901 {\n  padding-top: 30px;\n  padding-bottom: 30px;\n}\n<\/style>\n\t<\/section>\n\t\n\n\t<section class=\"section\" id=\"section_1522538985\">\n\t\t<div class=\"section-bg fill\" >\n\t\t\t\t\t\t\t\t\t\n\t\t\t\n\n\t\t<\/div>\n\n\t\t\n\n\t\t<div class=\"section-content relative\">\n\t\t\t\n<div class=\"row\"  id=\"row-1116270620\">\n\n\t<div id=\"col-1003405379\" class=\"col small-12 large-12\"  >\n\t\t\t\t<div class=\"col-inner\"  >\n\t\t\t\n\t\t\t\n<h3>Kontaktirajte nas<\/h3>\n\t\t<\/div>\n\t\t\t\t\t<\/div>\n\n\t\n\n\t<div id=\"col-597331649\" class=\"col small-12 large-12\"  >\n\t\t\t\t<div class=\"col-inner\"  >\n\t\t\t\n\t\t\t\n\n<div class=\"wpcf7 no-js\" id=\"wpcf7-f1222-o1\" lang=\"sl-SI\" dir=\"ltr\" data-wpcf7-id=\"1222\">\n<div class=\"screen-reader-response\"><p role=\"status\" aria-live=\"polite\" aria-atomic=\"true\"><\/p> <ul><\/ul><\/div>\n<form action=\"\/sl\/wp-json\/wp\/v2\/pages\/16330#wpcf7-f1222-o1\" method=\"post\" class=\"wpcf7-form init\" aria-label=\"Kontaktni obrazec\" enctype=\"multipart\/form-data\" novalidate=\"novalidate\" data-status=\"init\">\n<fieldset class=\"hidden-fields-container\"><input type=\"hidden\" name=\"_wpcf7\" value=\"1222\" \/><input type=\"hidden\" name=\"_wpcf7_version\" value=\"6.1.5\" \/><input type=\"hidden\" name=\"_wpcf7_locale\" value=\"sl_SI\" \/><input type=\"hidden\" name=\"_wpcf7_unit_tag\" value=\"wpcf7-f1222-o1\" \/><input type=\"hidden\" name=\"_wpcf7_container_post\" value=\"0\" \/><input type=\"hidden\" name=\"_wpcf7_posted_data_hash\" value=\"\" \/>\n<\/fieldset>\n<div class=\"wpcf7-turnstile cf-turnstile\" data-sitekey=\"0x4AAAAAAB5R05neHM8iS1aG\" data-response-field-name=\"_wpcf7_turnstile_response\"><\/div>\n\n<div class=\"contact-us-form\">\n\t<div class=\"contact-content\">\n\t\t<p><label><br \/>\n<span class=\"wpcf7-form-control-wrap\" data-name=\"your-name\"><input size=\"40\" maxlength=\"400\" class=\"wpcf7-form-control wpcf7-text wpcf7-validates-as-required\" aria-required=\"true\" aria-invalid=\"false\" placeholder=\"Ime*\" value=\"\" type=\"text\" name=\"your-name\" \/><\/span> <\/label>\n\t\t<\/p>\n\t\t<p><label><br \/>\n<span class=\"wpcf7-form-control-wrap\" data-name=\"your-email\"><input size=\"40\" maxlength=\"400\" class=\"wpcf7-form-control wpcf7-email wpcf7-validates-as-required wpcf7-text wpcf7-validates-as-email\" aria-required=\"true\" aria-invalid=\"false\" placeholder=\"E-mail*\" value=\"\" type=\"email\" name=\"your-email\" \/><\/span> <\/label>\n\t\t<\/p>\n\t\t<p><label><br \/>\n<span class=\"wpcf7-form-control-wrap\" data-name=\"text-223\"><input size=\"40\" maxlength=\"400\" class=\"wpcf7-form-control wpcf7-text wpcf7-validates-as-required\" aria-required=\"true\" aria-invalid=\"false\" placeholder=\"Zadeva*\" value=\"\" type=\"text\" name=\"text-223\" \/><\/span><\/label>\n\t\t<\/p>\n\t<\/div>\n\t<div class=\"contact-text\">\n\t\t<p><label><br \/>\n<span class=\"wpcf7-form-control-wrap\" data-name=\"your-message\"><textarea cols=\"40\" rows=\"10\" maxlength=\"2000\" class=\"wpcf7-form-control wpcf7-textarea wpcf7-validates-as-required\" aria-required=\"true\" aria-invalid=\"false\" placeholder=\"Moje vpra\u0161anje*\" name=\"your-message\"><\/textarea><\/span> <\/label>\n\t\t<\/p>\n\t<\/div>\n\t<div class=\"file-upload-container\">\n\t\t<p><span class=\"wpcf7-form-control-wrap\" data-name=\"file-464\"><input size=\"40\" class=\"wpcf7-form-control wpcf7-file hidden\" id=\"upload-button\" accept=\"audio\/*,video\/*,image\/*\" aria-invalid=\"false\" type=\"file\" name=\"file-464\" \/><\/span><br \/>\n<label class=\"upload-button-label button secondary is-outline\" for=\"upload-button\">Izberite datoteko<\/label><br \/>\n<span id=\"file-chosen\"><\/span>\n\t\t<\/p>\n\t<\/div>\n\t<p class=\"contact-form-notice\">Informacije, ki jih posredujete v tem kontaktnem obrazcu, bodo uporabljene izklju\u010dno za obravnavo va\u0161ega vpra\u0161anja in odgovor nanj. Spo\u0161tujemo va\u0161o zasebnost in va\u0161ih podatkov ne bomo uporabili v druge namene ali jih posredovali tretjim osebam.\n\t<\/p>\n<\/div>\n<div class=\"contact-us-button-container\">\n\t<p><input class=\"wpcf7-form-control wpcf7-submit has-spinner\" type=\"submit\" value=\"Po\u0161ilji moje vpra\u0161anje\" \/>\n\t<\/p>\n<\/div><div class=\"wpcf7-response-output\" aria-hidden=\"true\"><\/div>\n<\/form>\n<\/div>\n\n\t\t<\/div>\n\t\t\t\t\t<\/div>\n\n\t\n<\/div>\n\t\t<\/div>\n\n\t\t\n<style>\n#section_1522538985 {\n  padding-top: 30px;\n  padding-bottom: 30px;\n}\n<\/style>\n\t<\/section>\n\t\n","protected":false},"excerpt":{"rendered":"","protected":false},"author":1,"featured_media":0,"parent":0,"menu_order":0,"comment_status":"closed","ping_status":"closed","template":"","meta":{"_acf_changed":false,"footnotes":""},"class_list":["post-16330","page","type-page","status-publish","hentry"],"acf":[],"_links":{"self":[{"href":"https:\/\/azurefilm.com\/sl\/wp-json\/wp\/v2\/pages\/16330","targetHints":{"allow":["GET"]}}],"collection":[{"href":"https:\/\/azurefilm.com\/sl\/wp-json\/wp\/v2\/pages"}],"about":[{"href":"https:\/\/azurefilm.com\/sl\/wp-json\/wp\/v2\/types\/page"}],"author":[{"embeddable":true,"href":"https:\/\/azurefilm.com\/sl\/wp-json\/wp\/v2\/users\/1"}],"replies":[{"embeddable":true,"href":"https:\/\/azurefilm.com\/sl\/wp-json\/wp\/v2\/comments?post=16330"}],"version-history":[{"count":0,"href":"https:\/\/azurefilm.com\/sl\/wp-json\/wp\/v2\/pages\/16330\/revisions"}],"wp:attachment":[{"href":"https:\/\/azurefilm.com\/sl\/wp-json\/wp\/v2\/media?parent=16330"}],"curies":[{"name":"wp","href":"https:\/\/api.w.org\/{rel}","templated":true}]}}