
{"id":16364,"date":"2023-10-30T03:44:57","date_gmt":"2023-10-30T03:44:57","guid":{"rendered":"https:\/\/azurefilm.com\/shipping-and-returns\/"},"modified":"2026-01-08T05:47:35","modified_gmt":"2026-01-08T05:47:35","slug":"shipping-and-returns","status":"publish","type":"page","link":"https:\/\/azurefilm.com\/sl\/shipping-and-returns\/","title":{"rendered":"Dostava in vra\u010dila"},"content":{"rendered":"\n\t<section class=\"section pt-0\" id=\"section_1565599343\">\n\t\t<div class=\"section-bg fill\" >\n\t\t\t\t\t\t\t\t\t\n\t\t\t\n\n\t\t<\/div>\n\n\t\t\n\n\t\t<div class=\"section-content relative\">\n\t\t\t\n<div class=\"row\"  id=\"row-1136872266\">\n\n\t<div id=\"col-1908787431\" class=\"col small-12 large-12\"  >\n\t\t\t\t<div class=\"col-inner\"  >\n\t\t\t\n\t\t\t\n<h1>DOSTAVA &amp; VRA\u010cILA<\/h1>\n<p>Pri AzureFilm \u017eelimo zagotoviti brezhibno nakupovalno izku\u0161njo od za\u010detka do konca. Z na\u0161im \u0161irokim izborom visokokakovostnih izdelkov za 3D tiskanje, hitrimi storitvami za stranke in u\u010dinkovito obdelavo naro\u010dil se vedno potrudimo, da zagotovimo va\u0161e zadovoljstvo.<\/p>\n<p>Da bo postopek 100 % jasen, lahko pobrskate po tej strani in razi\u0161\u010dete mo\u017enosti dostave in postopek v primeru vra\u010dila.<\/p>\n<p>Potem pa se lahko samo usedete in sprostite, medtem ko mi skrbimo za logistiko! \ud83d\ude42<\/p>\n<div class=\"row row-large align-equal off-bg-image-row\"  id=\"row-1381268077\">\n\n\t<div id=\"col-1095982153\" class=\"col pb-0 off-bg-image-col shipping-link-anchor medium-5 small-12 large-5\"  >\n\t\t\t\t<div class=\"col-inner\" style=\"background-color:rgb(26, 28, 28);\" >\n\t\t\t\n\t\t\t\n<div class=\"row row-small align-middle align-center\"  id=\"row-276808991\">\n\n\t<div id=\"col-1568440411\" class=\"col pb-0 medium-4 small-12 large-4\"  >\n\t\t\t\t<div class=\"col-inner text-center\"  >\n\t\t\t\n\t\t\t\n\t<div class=\"img has-hover shipping-link-anchor x md-x lg-x y md-y lg-y\" id=\"image_1780055840\">\n\t\t\t\t\t\t\t\t<div class=\"img-inner dark\" >\n\t\t\t<img loading=\"lazy\" decoding=\"async\" width=\"1\" height=\"1\" src=\"https:\/\/azurefilm.com\/wp-content\/uploads\/2023\/10\/delivery-1.svg\" class=\"attachment-large size-large\" alt=\"\" title=\"\">\t\t\t\t\t\t\n\t\t\t\t\t<\/div>\n\t\t\t\t\t\t\t\t\n<style>\n#image_1780055840 {\n  width: 60%;\n}\n@media (min-width:550px) {\n  #image_1780055840 {\n    width: 100%;\n  }\n}\n<\/style>\n\t<\/div>\n\t\n\t\t<\/div>\n\t\t\t\t\n<style>\n#col-1568440411 > .col-inner {\n  margin: 0px 0px 0px 0px;\n}\n<\/style>\n\t<\/div>\n\n\t\n\n\t<div id=\"col-1774703507\" class=\"col pb-0 medium-8 small-12 large-8\"  >\n\t\t\t\t<div class=\"col-inner dark\"  >\n\t\t\t\n\t\t\t\n\t\t<div class=\"off-bg-image-text\">\n\t\t\t\t\n<h3>DOSTAVA<\/h3>\n<p>Nudimo hitro in zanesljivo dostavo po vsej Evropi. Cene po\u0161iljanja in \u010das dostave se razlikujejo od dr\u017eave do dr\u017eave. Na\u0161a predana ekipa bo poskrbela, da bodo va\u0161a naro\u010dila skrbno zapakirana in odposlana v najkraj\u0161em mo\u017enem \u010dasu. Tukaj lahko spremljate svojo po\u0161iljko in boste obve\u0161\u010deni o napredku.<br \/>\n\t\t<\/div>\n\t\n\t\t<\/div>\n\t\t\t\t\n<style>\n#col-1774703507 > .col-inner {\n  padding: 1em 1em 1em 1em;\n}\n<\/style>\n\t<\/div>\n\n\t\n<\/div>\n\t\t<\/div>\n\t\t\t\t\n<style>\n#col-1095982153 > .col-inner {\n  padding: 1em 0px 1em 0px;\n}\n@media (min-width:550px) {\n  #col-1095982153 > .col-inner {\n    padding: 2em 0px 2em 0px;\n  }\n}\n<\/style>\n\t<\/div>\n\n\t\n\n\t<div id=\"col-1216732390\" class=\"col pb-0 off-bg-image-col returns-link-anchor medium-5 small-12 large-5\"  >\n\t\t\t\t<div class=\"col-inner\" style=\"background-color:rgb(12, 40, 75);\" >\n\t\t\t\n\t\t\t\n<div class=\"row row-small align-middle align-center\"  id=\"row-201639876\">\n\n\t<div id=\"col-338305182\" class=\"col pb-0 medium-4 small-12 large-4\"  >\n\t\t\t\t<div class=\"col-inner text-center\"  >\n\t\t\t\n\t\t\t\n\t<div class=\"img has-hover returns-link-anchor x md-x lg-x y md-y lg-y\" id=\"image_839361396\">\n\t\t\t\t\t\t\t\t<div class=\"img-inner dark\" >\n\t\t\t<img loading=\"lazy\" decoding=\"async\" width=\"1\" height=\"1\" src=\"https:\/\/azurefilm.com\/wp-content\/uploads\/2023\/10\/returns-1.svg\" class=\"attachment-large size-large\" alt=\"\" title=\"\">\t\t\t\t\t\t\n\t\t\t\t\t<\/div>\n\t\t\t\t\t\t\t\t\n<style>\n#image_839361396 {\n  width: 60%;\n}\n@media (min-width:550px) {\n  #image_839361396 {\n    width: 100%;\n  }\n}\n<\/style>\n\t<\/div>\n\t\n\t\t<\/div>\n\t\t\t\t\n<style>\n#col-338305182 > .col-inner {\n  margin: 0px 0px 0px 0px;\n}\n<\/style>\n\t<\/div>\n\n\t\n\n\t<div id=\"col-1042300220\" class=\"col pb-0 medium-8 small-12 large-8\"  >\n\t\t\t\t<div class=\"col-inner dark\"  >\n\t\t\t\n\t\t\t\n\t\t<div class=\"off-bg-image-text\">\n\t\t\t\t\n<h3>VRA\u010cILA<\/h3>\n<p>\u017delimo, da ste s svojim nakupom popolnoma zadovoljni. \u010ce iz kakr\u0161nega koli razloga niste zadovoljni z naro\u010dilom, ni problema! Naro\u010dene izdelke lahko vrnete v roku 14 dni od dostave.<br \/>\n\t\t<\/div>\n\t\n\t\t<\/div>\n\t\t\t\t\n<style>\n#col-1042300220 > .col-inner {\n  padding: 1em 1em 1em 1em;\n}\n<\/style>\n\t<\/div>\n\n\t\n<\/div>\n\t\t<\/div>\n\t\t\t\t\n<style>\n#col-1216732390 > .col-inner {\n  padding: 1em 0px 1em 0px;\n}\n@media (min-width:550px) {\n  #col-1216732390 > .col-inner {\n    padding: 2em 0px 2em 0px;\n  }\n}\n<\/style>\n\t<\/div>\n\n\t\n<\/div>\n\t\t<\/div>\n\t\t\t\t\t<\/div>\n\n\t\n<\/div>\n\t\t<\/div>\n\n\t\t\n<style>\n#section_1565599343 {\n  padding-top: 0px;\n  padding-bottom: 0px;\n}\n<\/style>\n\t<\/section>\n\t\n\n\t<section class=\"section\" id=\"section_111835657\">\n\t\t<div class=\"section-bg fill\" >\n\t\t\t\t\t\t\t\t\t\n\t\t\t\n\n\t\t<\/div>\n\n\t\t\n\n\t\t<div class=\"section-content relative\">\n\t\t\t\n<div class=\"row\"  id=\"row-2067373890\">\n\n\t<div id=\"col-1408932687\" class=\"col small-12 large-12 small-col-first\"  >\n\t\t\t\t<div class=\"col-inner\"  >\n\t\t\t\n\t\t\t\n\n<div id=\"shipping\">\n<h2 class=\"uppercase\">Cena dostave<\/h2>\n<div class=\"shipping-rates-table\">\n<div class=\"shipping-rates-row hide-for-small row row-collapse hide-for-small\">\n<div class=\"shipping-rates-header-country col medium-8 small-12 large-8\">\n<div class=\"col-inner\">\n<h3>Dr\u017eava<\/h3>\n<\/div>\n<\/div>\n<div class=\"shipping-rates-header-shipping-rates col medium-2 small-12 large-2\">\n<div class=\"col-inner\">\n<h3>Cena dostave<\/h3>\n<\/div>\n<\/div>\n<div class=\"shipping-rates-header-free-over col medium-2 small-12 large-2\">\n<div class=\"col-inner\">\n<h3>Brezpla\u010dna dostava nad<\/h3>\n<\/div>\n<\/div>\n<\/div>\n<div class=\"shipping-rates-row row row-collapse\">\n<div class=\"shipping-rates-country col medium-8 small-12 large-8\">\n<div class=\"col-inner\">Slovenia &#8211; DPD dostava (2-3 delovne dni)<\/div>\n<\/div>\n<div class=\"shipping-rates-shipping-rates col medium-2 small-12 large-2\">\n<div class=\"col-inner\"><span data-attribute=\"Shipping rates:\">3,90 EUR<\/span><\/div>\n<\/div>\n<div class=\"shipping-rates-free-over col medium-2 small-12 large-2\">\n<div class=\"col-inner\"><span data-attribute=\"Free over:\">50,00 EUR<\/span><\/div>\n<\/div>\n<\/div>\n<div class=\"shipping-rates-row row row-collapse\">\n<div class=\"shipping-rates-country col medium-8 small-12 large-8\">\n<div class=\"col-inner\">Croatia &#8211; GLS delivery (2-3 days)<\/div>\n<\/div>\n<div class=\"shipping-rates-shipping-rates col medium-2 small-12 large-2\">\n<div class=\"col-inner\"><span data-attribute=\"Shipping rates:\">5,90 EUR<\/span><\/div>\n<\/div>\n<div class=\"shipping-rates-free-over col medium-2 small-12 large-2\">\n<div class=\"col-inner\"><span data-attribute=\"Free over:\">50,00 EUR<\/span><\/div>\n<\/div>\n<\/div>\n<div class=\"shipping-rates-row row row-collapse\">\n<div class=\"shipping-rates-country col medium-8 small-12 large-8\">\n<div class=\"col-inner\">Italy &#8211; GLS delivery (2-3 days)<\/div>\n<\/div>\n<div class=\"shipping-rates-shipping-rates col medium-2 small-12 large-2\">\n<div class=\"col-inner\"><span data-attribute=\"Shipping rates:\">5,90 EUR<\/span><\/div>\n<\/div>\n<div class=\"shipping-rates-free-over col medium-2 small-12 large-2\">\n<div class=\"col-inner\"><span data-attribute=\"Free over:\">50,00 EUR<\/span><\/div>\n<\/div>\n<\/div>\n<div class=\"shipping-rates-row row row-collapse\">\n<div class=\"shipping-rates-country col medium-8 small-12 large-8\">\n<div class=\"col-inner\">Austria &#8211; DPD AT shipping (3-5 working days)<\/div>\n<\/div>\n<div class=\"shipping-rates-shipping-rates col medium-2 small-12 large-2\">\n<div class=\"col-inner\"><span data-attribute=\"Shipping rates:\">6,90 EUR<\/span><\/div>\n<\/div>\n<div class=\"shipping-rates-free-over col medium-2 small-12 large-2\">\n<div class=\"col-inner\"><span data-attribute=\"Free over:\">80,00 EUR<\/span><\/div>\n<\/div>\n<\/div>\n<div class=\"shipping-rates-row row row-collapse\">\n<div class=\"shipping-rates-country col medium-8 small-12 large-8\">\n<div class=\"col-inner\">Germany &#8211; DPD DE shipping (3-5 working days)<\/div>\n<\/div>\n<div class=\"shipping-rates-shipping-rates col medium-2 small-12 large-2\">\n<div class=\"col-inner\"><span data-attribute=\"Shipping rates:\">6,90 EUR<\/span><\/div>\n<\/div>\n<div class=\"shipping-rates-free-over col medium-2 small-12 large-2\">\n<div class=\"col-inner\"><span data-attribute=\"Free over:\">80,00 EUR<\/span><\/div>\n<\/div>\n<\/div>\n<div class=\"shipping-rates-row row row-collapse\">\n<div class=\"shipping-rates-country col medium-8 small-12 large-8\">\n<div class=\"col-inner\">Belgium &#8211; DPD BG NL shipping (3-5 working days)<\/div>\n<\/div>\n<div class=\"shipping-rates-shipping-rates col medium-2 small-12 large-2\">\n<div class=\"col-inner\"><span data-attribute=\"Shipping rates:\">7,90 EUR<\/span><\/div>\n<\/div>\n<div class=\"shipping-rates-free-over col medium-2 small-12 large-2\">\n<div class=\"col-inner\"><span data-attribute=\"Free over:\">80,00 EUR<\/span><\/div>\n<\/div>\n<\/div>\n<div class=\"shipping-rates-row row row-collapse\">\n<div class=\"shipping-rates-country col medium-8 small-12 large-8\">\n<div class=\"col-inner\">Netherlands &#8211; DPD NL shipping (3-5 working days)<\/div>\n<\/div>\n<div class=\"shipping-rates-shipping-rates col medium-2 small-12 large-2\">\n<div class=\"col-inner\"><span data-attribute=\"Shipping rates:\">7,90 EUR<\/span><\/div>\n<\/div>\n<div class=\"shipping-rates-free-over col medium-2 small-12 large-2\">\n<div class=\"col-inner\"><span data-attribute=\"Free over:\">80,00 EUR<\/span><\/div>\n<\/div>\n<\/div>\n<div class=\"shipping-rates-row row row-collapse\">\n<div class=\"shipping-rates-country col medium-8 small-12 large-8\">\n<div class=\"col-inner\">Luxembourg &#8211; DPD LU shipping (3-5 working days)<\/div>\n<\/div>\n<div class=\"shipping-rates-shipping-rates col medium-2 small-12 large-2\">\n<div class=\"col-inner\"><span data-attribute=\"Shipping rates:\">7,90 EUR<\/span><\/div>\n<\/div>\n<div class=\"shipping-rates-free-over col medium-2 small-12 large-2\">\n<div class=\"col-inner\"><span data-attribute=\"Free over:\">80,00 EUR<\/span><\/div>\n<\/div>\n<\/div>\n<div class=\"shipping-rates-row row row-collapse\">\n<div class=\"shipping-rates-country col medium-8 small-12 large-8\">\n<div class=\"col-inner\">Bulgaria &#8211; Sameday BG shipping (4-7 working days)<\/div>\n<\/div>\n<div class=\"shipping-rates-shipping-rates col medium-2 small-12 large-2\">\n<div class=\"col-inner\"><span data-attribute=\"Shipping rates:\">7,90 EUR<\/span><\/div>\n<\/div>\n<div class=\"shipping-rates-free-over col medium-2 small-12 large-2\">\n<div class=\"col-inner\"><span data-attribute=\"Free over:\">80,00 EUR<\/span><\/div>\n<\/div>\n<\/div>\n<div class=\"shipping-rates-row row row-collapse\">\n<div class=\"shipping-rates-country col medium-8 small-12 large-8\">\n<div class=\"col-inner\">Czech Republic &#8211; WEDO CZ shipping (3-5 working days)<\/div>\n<\/div>\n<div class=\"shipping-rates-shipping-rates col medium-2 small-12 large-2\">\n<div class=\"col-inner\"><span data-attribute=\"Shipping rates:\">5,90 EUR<\/span><\/div>\n<\/div>\n<div class=\"shipping-rates-free-over col medium-2 small-12 large-2\">\n<div class=\"col-inner\"><span data-attribute=\"Free over:\">80,00 EUR<\/span><\/div>\n<\/div>\n<\/div>\n<div class=\"shipping-rates-row row row-collapse\">\n<div class=\"shipping-rates-country col medium-8 small-12 large-8\">\n<div class=\"col-inner\">Denmark &#8211; DPD DNK shipping (4-7 working days)<\/div>\n<\/div>\n<div class=\"shipping-rates-shipping-rates col medium-2 small-12 large-2\">\n<div class=\"col-inner\"><span data-attribute=\"Shipping rates:\">9,90 EUR<\/span><\/div>\n<\/div>\n<div class=\"shipping-rates-free-over col medium-2 small-12 large-2\">\n<div class=\"col-inner\"><span data-attribute=\"Free over:\">80,00 EUR<\/span><\/div>\n<\/div>\n<\/div>\n<div class=\"shipping-rates-row row row-collapse\">\n<div class=\"shipping-rates-country col medium-8 small-12 large-8\">\n<div class=\"col-inner\">Estonia &#8211; DPD EST shipping (4-7 working days)<\/div>\n<\/div>\n<div class=\"shipping-rates-shipping-rates col medium-2 small-12 large-2\">\n<div class=\"col-inner\"><span data-attribute=\"Shipping rates:\">11,90 EUR<\/span><\/div>\n<\/div>\n<div class=\"shipping-rates-free-over col medium-2 small-12 large-2\">\n<div class=\"col-inner\"><span data-attribute=\"Free over:\">80,00 EUR<\/span><\/div>\n<\/div>\n<\/div>\n<div class=\"shipping-rates-row row row-collapse\">\n<div class=\"shipping-rates-country col medium-8 small-12 large-8\">\n<div class=\"col-inner\">Greece &#8211; DPD GR shipping (4-7 working days)<\/div>\n<\/div>\n<div class=\"shipping-rates-shipping-rates col medium-2 small-12 large-2\">\n<div class=\"col-inner\"><span data-attribute=\"Shipping rates:\">14,90 EUR<\/span><\/div>\n<\/div>\n<div class=\"shipping-rates-free-over col medium-2 small-12 large-2\">\n<div class=\"col-inner\"><span data-attribute=\"Free over:\">80,00 EUR<\/span><\/div>\n<\/div>\n<\/div>\n<div class=\"shipping-rates-row row row-collapse\">\n<div class=\"shipping-rates-country col medium-8 small-12 large-8\">\n<div class=\"col-inner\">Hungary &#8211; GLS HU shipping (4-7 working days)<\/div>\n<\/div>\n<div class=\"shipping-rates-shipping-rates col medium-2 small-12 large-2\">\n<div class=\"col-inner\"><span data-attribute=\"Shipping rates:\">5,90 EUR<\/span><\/div>\n<\/div>\n<div class=\"shipping-rates-free-over col medium-2 small-12 large-2\">\n<div class=\"col-inner\"><span data-attribute=\"Free over:\">80,00 EUR<\/span><\/div>\n<\/div>\n<\/div>\n<div class=\"shipping-rates-row row row-collapse\">\n<div class=\"shipping-rates-country col medium-8 small-12 large-8\">\n<div class=\"col-inner\">Ireland &#8211; DPD IRL shipping (4-7 working days)<\/div>\n<\/div>\n<div class=\"shipping-rates-shipping-rates col medium-2 small-12 large-2\">\n<div class=\"col-inner\"><span data-attribute=\"Shipping rates:\">11,90 EUR<\/span><\/div>\n<\/div>\n<div class=\"shipping-rates-free-over col medium-2 small-12 large-2\">\n<div class=\"col-inner\"><span data-attribute=\"Free over:\">80,00 EUR<\/span><\/div>\n<\/div>\n<\/div>\n<div class=\"shipping-rates-row row row-collapse\">\n<div class=\"shipping-rates-country col medium-8 small-12 large-8\">\n<div class=\"col-inner\">Lithuania &#8211; DPD LT shipping (4-7 working days)<\/div>\n<\/div>\n<div class=\"shipping-rates-shipping-rates col medium-2 small-12 large-2\">\n<div class=\"col-inner\"><span data-attribute=\"Shipping rates:\">9,90 EUR<\/span><\/div>\n<\/div>\n<div class=\"shipping-rates-free-over col medium-2 small-12 large-2\">\n<div class=\"col-inner\"><span data-attribute=\"Free over:\">80,00 EUR<\/span><\/div>\n<\/div>\n<\/div>\n<div class=\"shipping-rates-row row row-collapse\">\n<div class=\"shipping-rates-country col medium-8 small-12 large-8\">\n<div class=\"col-inner\">Latvia &#8211; DPD LT shipping (4-7 working days)<\/div>\n<\/div>\n<div class=\"shipping-rates-shipping-rates col medium-2 small-12 large-2\">\n<div class=\"col-inner\"><span data-attribute=\"Shipping rates:\">9,90 EUR<\/span><\/div>\n<\/div>\n<div class=\"shipping-rates-free-over col medium-2 small-12 large-2\">\n<div class=\"col-inner\"><span data-attribute=\"Free over:\">80,00 EUR<\/span><\/div>\n<\/div>\n<\/div>\n<div class=\"shipping-rates-row row row-collapse\">\n<div class=\"shipping-rates-country col medium-8 small-12 large-8\">\n<div class=\"col-inner\">Poland &#8211; InPost POL shipping (3-5 working days)<\/div>\n<\/div>\n<div class=\"shipping-rates-shipping-rates col medium-2 small-12 large-2\">\n<div class=\"col-inner\"><span data-attribute=\"Shipping rates:\">5,90 EUR<\/span><\/div>\n<\/div>\n<div class=\"shipping-rates-free-over col medium-2 small-12 large-2\">\n<div class=\"col-inner\"><span data-attribute=\"Free over:\">80,00 EUR<\/span><\/div>\n<\/div>\n<\/div>\n<div class=\"shipping-rates-row row row-collapse\">\n<div class=\"shipping-rates-country col medium-8 small-12 large-8\">\n<div class=\"col-inner\">Portugal &#8211; DPD PT shipping (4-7 working days)<\/div>\n<\/div>\n<div class=\"shipping-rates-shipping-rates col medium-2 small-12 large-2\">\n<div class=\"col-inner\"><span data-attribute=\"Shipping rates:\">9,90 EUR<\/span><\/div>\n<\/div>\n<div class=\"shipping-rates-free-over col medium-2 small-12 large-2\">\n<div class=\"col-inner\"><span data-attribute=\"Free over:\">80,00 EUR<\/span><\/div>\n<\/div>\n<\/div>\n<div class=\"shipping-rates-row row row-collapse\">\n<div class=\"shipping-rates-country col medium-8 small-12 large-8\">\n<div class=\"col-inner\">Slovakia &#8211; GLS SK shipping (3-5 working days)<\/div>\n<\/div>\n<div class=\"shipping-rates-shipping-rates col medium-2 small-12 large-2\">\n<div class=\"col-inner\"><span data-attribute=\"Shipping rates:\">5,90 EUR<\/span><\/div>\n<\/div>\n<div class=\"shipping-rates-free-over col medium-2 small-12 large-2\">\n<div class=\"col-inner\"><span data-attribute=\"Free over:\">80,00 EUR<\/span><\/div>\n<\/div>\n<\/div>\n<div class=\"shipping-rates-row row row-collapse\">\n<div class=\"shipping-rates-country col medium-8 small-12 large-8\">\n<div class=\"col-inner\">Spain &#8211; DPD ESP shipping (4-7 working days)<\/div>\n<\/div>\n<div class=\"shipping-rates-shipping-rates col medium-2 small-12 large-2\">\n<div class=\"col-inner\"><span data-attribute=\"Shipping rates:\">11,90 EUR<\/span><\/div>\n<\/div>\n<div class=\"shipping-rates-free-over col medium-2 small-12 large-2\">\n<div class=\"col-inner\"><span data-attribute=\"Free over:\">80,00 EUR<\/span><\/div>\n<\/div>\n<\/div>\n<div class=\"shipping-rates-row row row-collapse\">\n<div class=\"shipping-rates-country col medium-8 small-12 large-8\">\n<div class=\"col-inner\">Sweden &#8211; DPD SWE shipping (4-7 working days)<\/div>\n<\/div>\n<div class=\"shipping-rates-shipping-rates col medium-2 small-12 large-2\">\n<div class=\"col-inner\"><span data-attribute=\"Shipping rates:\">14,90 EUR<\/span><\/div>\n<\/div>\n<div class=\"shipping-rates-free-over col medium-2 small-12 large-2\">\n<div class=\"col-inner\"><span data-attribute=\"Free over:\">80,00 EUR<\/span><\/div>\n<\/div>\n<\/div>\n<div class=\"shipping-rates-row row row-collapse\">\n<div class=\"shipping-rates-country col medium-8 small-12 large-8\">\n<div class=\"col-inner\">Romania &#8211; DPD RO shipping (4-7 working days)<\/div>\n<\/div>\n<div class=\"shipping-rates-shipping-rates col medium-2 small-12 large-2\">\n<div class=\"col-inner\"><span data-attribute=\"Shipping rates:\">7,90 EUR<\/span><\/div>\n<\/div>\n<div class=\"shipping-rates-free-over col medium-2 small-12 large-2\">\n<div class=\"col-inner\"><span data-attribute=\"Free over:\">80,00 EUR<\/span><\/div>\n<\/div>\n<\/div>\n<\/div>\n<\/div>\n\n\t\t<\/div>\n\t\t\t\t\t<\/div>\n\n\t\n<\/div>\n\t\t<\/div>\n\n\t\t\n<style>\n#section_111835657 {\n  padding-top: 0px;\n  padding-bottom: 0px;\n}\n<\/style>\n\t<\/section>\n\t\n\n\t<section class=\"section\" id=\"section_1225372835\">\n\t\t<div class=\"section-bg fill\" >\n\t\t\t\t\t\t\t\t\t\n\t\t\t\n\n\t\t<\/div>\n\n\t\t\n\n\t\t<div class=\"section-content relative\">\n\t\t\t\n<div class=\"row\"  id=\"row-2083580530\">\n\n\t<div id=\"col-2101694902\" class=\"col small-12 large-12 small-col-first\"  >\n\t\t\t\t<div class=\"col-inner\"  >\n\t\t\t\n\t\t\t\n<h2 id=\"returns\">VRA\u010cILA<\/h2>\n<p>V\u010dasih se lahko zgodi, da izbrani izdelki ne izpolnijo v celoti na\u0161ih pri\u010dakovanj ali pa si razli\u010dnih razlogov premislimo glede nakupa. Ni problema, naro\u010den izdelek lahko (brez vpra\u0161anj) vedno vrnete v roku 14 dni od dostave.<\/p>\n<p>Tu so 3 preprosti koraki za vra\u010dilo izdelka.<\/p>\n<ol>\n<li style=\"list-style-type: none;\">\n<ol>\n<li><strong>Obvestite nas o vra\u010dilu<br \/>\n<\/strong>Ko je bil va\u0161 paket dostavljen, vendar niste popolnoma zadovoljni s svojim naro\u010dilom in ga \u017eelite vrniti, nas kontaktirajte v 14 dneh od dostave. Lahko nas obvestite preko elektronskega naslova <a href=\"mailto:info@azurefilm.com\">info@azurefilm.com<\/a>.<\/li>\n<li><strong>Izpolnite obrazec in pripravite paket<br \/>\n<\/strong><span style=\"font-weight: 400;\">Izpolnite vsa polja <a href=\"\/wp-content\/uploads\/2023\/11\/return-form-fillable-slo.pdf\">obrazca za vra\u010dilo<\/a> in varno zapakirajte svoj paket. Izdelke je potrebno vrniti v originalni embala\u017ei, nepo\u0161kodovane in nerabljene. Poleg obrazca za vra\u010dilo in izdelka morate prilo\u017eiti tudi originalni ra\u010dun.<\/span><span style=\"font-weight: 400;\">Izdelke je treba vstaviti v dodatno za\u0161\u010ditno embala\u017eo, da za\u0161\u010ditite originalno embala\u017eo izdelka (npr. kartonsko \u0161katlo). Paket po\u0161ljite ali prinesite na naslov <a href=\"https:\/\/www.google.com\/maps?sca_esv=580046813&amp;output=search&amp;q=AzureFilm+d.o.o.,+Orle%C5%A1ka+16,+6210+Se%C5%BEana,+Slovenia&amp;source=lnms&amp;entry=mc&amp;sa=X&amp;ved=2ahUKEwiiybibpLGCAxW8_rsIHUF1BpwQ0pQJegQIDBAB\" target=\"_blank\" rel=\"noopener\">AzureFilm d.o.o., Orle\u0161ka 16, 6210 Se\u017eana, Slovenija<\/a>.<\/span><span style=\"font-weight: 400;\">Vrnjeni izdelki morajo biti dostavljeni k nam v 30 dneh od prejema paketa.<\/span><\/li>\n<li><b>Vra\u010dilo denarja<\/b><\/li>\n<\/ol>\n<\/li>\n<\/ol>\n<p>Ko bo paket dostavljen podjetju AzureFilm, bo izdelek pregledan glede morebitnih po\u0161kodb in napak. \u010ce je z vrnjenimi izdelki vse v redu, vam bomo pla\u010dilo povrnili v najve\u010d 14 dneh, odkar prejmemo vse potrebne dokumente in izdelek.<br \/>\nObrazec za vra\u010dilo najdete <a href=\"\/wp-content\/uploads\/2023\/11\/return-form-fillable-slo.pdf\">TUKAJ<\/a>.<\/p>\n\t\t<\/div>\n\t\t\t\t\t<\/div>\n\n\t\n<\/div>\n\t\t<\/div>\n\n\t\t\n<style>\n#section_1225372835 {\n  padding-top: 0px;\n  padding-bottom: 0px;\n}\n<\/style>\n\t<\/section>\n\t\n","protected":false},"excerpt":{"rendered":"","protected":false},"author":1,"featured_media":0,"parent":0,"menu_order":0,"comment_status":"closed","ping_status":"closed","template":"page-blank.php","meta":{"_acf_changed":false,"footnotes":""},"class_list":["post-16364","page","type-page","status-publish","hentry"],"acf":[],"_links":{"self":[{"href":"https:\/\/azurefilm.com\/sl\/wp-json\/wp\/v2\/pages\/16364","targetHints":{"allow":["GET"]}}],"collection":[{"href":"https:\/\/azurefilm.com\/sl\/wp-json\/wp\/v2\/pages"}],"about":[{"href":"https:\/\/azurefilm.com\/sl\/wp-json\/wp\/v2\/types\/page"}],"author":[{"embeddable":true,"href":"https:\/\/azurefilm.com\/sl\/wp-json\/wp\/v2\/users\/1"}],"replies":[{"embeddable":true,"href":"https:\/\/azurefilm.com\/sl\/wp-json\/wp\/v2\/comments?post=16364"}],"version-history":[{"count":2,"href":"https:\/\/azurefilm.com\/sl\/wp-json\/wp\/v2\/pages\/16364\/revisions"}],"predecessor-version":[{"id":104647,"href":"https:\/\/azurefilm.com\/sl\/wp-json\/wp\/v2\/pages\/16364\/revisions\/104647"}],"wp:attachment":[{"href":"https:\/\/azurefilm.com\/sl\/wp-json\/wp\/v2\/media?parent=16364"}],"curies":[{"name":"wp","href":"https:\/\/api.w.org\/{rel}","templated":true}]}}