
{"id":23434,"date":"2023-12-06T07:27:23","date_gmt":"2023-12-06T07:27:23","guid":{"rendered":"https:\/\/azurefilm.com\/print-happiness\/"},"modified":"2023-12-07T07:38:58","modified_gmt":"2023-12-07T07:38:58","slug":"print-happiness","status":"publish","type":"page","link":"https:\/\/azurefilm.com\/sl\/print-happiness\/","title":{"rendered":"Print Happiness"},"content":{"rendered":"\n\t<section class=\"section\" id=\"section_345364354\">\n\t\t<div class=\"section-bg fill\" >\n\t\t\t\t\t\t\t\t\t\n\t\t\t\n\n\t\t<\/div>\n\n\t\t\n\n\t\t<div class=\"section-content relative\">\n\t\t\t\n<div class=\"row row-collapse row-full-width\"  id=\"row-378228156\">\n\n\t<div id=\"col-293796671\" class=\"col small-12 large-12\"  >\n\t\t\t\t<div class=\"col-inner\"  >\n\t\t\t\n\t\t\t\n\n  <div class=\"banner has-hover\" id=\"banner-1707022573\">\n          <div class=\"banner-inner fill\">\n        <div class=\"banner-bg fill\" >\n            <img loading=\"lazy\" decoding=\"async\" width=\"2000\" height=\"780\" src=\"https:\/\/azurefilm.com\/wp-content\/uploads\/2023\/12\/si_XMAS-video-banner-desktop-2060-x-780px.jpg\" class=\"bg attachment-original size-original\" alt=\"\" title=\"\">                                    \n                    <\/div>\n\t\t\n        <div class=\"banner-layers container\">\n            <div class=\"fill banner-link\"><\/div>            \n   <div id=\"text-box-1728989673\" class=\"text-box banner-layer x50 md-x50 lg-x50 y50 md-y50 lg-y50 res-text\">\n                                <div class=\"text-box-content text dark\">\n              \n              <div class=\"text-inner text-center\">\n                  \n              <\/div>\n           <\/div>\n                            \n<style>\n#text-box-1728989673 {\n  width: 60%;\n}\n#text-box-1728989673 .text-box-content {\n  font-size: 100%;\n}\n@media (min-width:550px) {\n  #text-box-1728989673 {\n    width: 60%;\n  }\n}\n<\/style>\n    <\/div>\n \n        <\/div>\n      <\/div>\n\n            \n<style>\n#banner-1707022573 {\n  padding-top: 200px;\n}\n#banner-1707022573 .banner-bg img {\n  object-position: 50% 23%;\n}\n@media (min-width:550px) {\n  #banner-1707022573 {\n    padding-top: 500px;\n  }\n}\n<\/style>\n  <\/div>\n\n\n\t\t<\/div>\n\t\t\t\t\t<\/div>\n\n\t\n<\/div>\n\t\t<\/div>\n\n\t\t\n<style>\n#section_345364354 {\n  padding-top: 0px;\n  padding-bottom: 0px;\n}\n<\/style>\n\t<\/section>\n\t\n\n\t<section class=\"section pb-0\" id=\"section_2060384032\">\n\t\t<div class=\"section-bg fill\" >\n\t\t\t\t\t\t\t\t\t\n\t\t\t\n\n\t\t<\/div>\n\n\t\t\n\n\t\t<div class=\"section-content relative\">\n\t\t\t\n<div class=\"row\"  id=\"row-740970931\">\n\n\t<div id=\"col-183390258\" class=\"col small-12 large-12\"  >\n\t\t\t\t<div class=\"col-inner\"  >\n\t\t\t\n\t\t\t\n<h1>Sodelujte v na\u0161ih decembrskih aktivnostih in pomagajte \u0161iriti veselje! Vsak dan je prilo\u017enost, da polep\u0161amo dan sebi in drugim!<\/h1>\n\t<div id=\"gap-1566096637\" class=\"gap-element clearfix\" style=\"display:block; height:auto;\">\n\t\t\n<style>\n#gap-1566096637 {\n  padding-top: 50px;\n}\n<\/style>\n\t<\/div>\n\t\n<h2>Pridru\u017eite se na\u0161emu gibanju \u0161irjenja veselja!<\/h2>\n<p>V tem prazni\u010dnem \u010dasu lahko opustimo splo\u0161na darila in ustvarimo nekaj posebnega z mo\u010djo 3D tiskanja. Natisnimo darila, ki bodo pri\u010darala nasmehe na obraze va\u0161ih najdra\u017ejih, prijateljev ali celo neznancev.<\/p>\n<p>Kako sodelovati:<\/p>\n<ul>\n<li>Natisnite darila po va\u0161i izbiri in jih podarite prijatelju, dru\u017einskemu \u010dlanu ali neznancu ter jim polep\u0161ajte dan! Ne \u010dakajte na praznike, da delite veselje!<\/li>\n<li>Posnemite obdarovanje, objavite ga na svoji Instagram zgodbi, ozna\u010dite @azurefilm3d in uporabite hashtag #PrintHappiness.<\/li>\n<li>Ko nas ozna\u010dite, vam bomo odgovorili s kodo za popust.<\/li>\n<li>\u010cas za sodelovanje imate do 20. decembra.<\/li>\n<\/ul>\n<p>Nagrada: Vsi udele\u017eenci bodo prejeli posebno kodo za 20% popust, ki jo lahko uporabite pri naslednjem naro\u010dilu na\u0161ih filamentov v mesecu januarju.<\/p>\n\t\t<\/div>\n\t\t\t\t\n<style>\n#col-183390258 > .col-inner {\n  padding: 1rem 0px 0px 0px;\n}\n<\/style>\n\t<\/div>\n\n\t\n<\/div>\n\t\t<\/div>\n\n\t\t\n<style>\n#section_2060384032 {\n  padding-top: 30px;\n  padding-bottom: 30px;\n}\n<\/style>\n\t<\/section>\n\t\n\n\t<section class=\"section pt-0\" id=\"section_1896328460\">\n\t\t<div class=\"section-bg fill\" >\n\t\t\t\t\t\t\t\t\t\n\t\t\t\n\n\t\t<\/div>\n\n\t\t\n\n\t\t<div class=\"section-content relative\">\n\t\t\t\n<div class=\"row\"  id=\"row-1363310630\">\n\n\t<div id=\"col-1790694289\" class=\"col small-12 large-12\"  >\n\t\t\t\t<div class=\"col-inner\"  >\n\t\t\t\n\t\t\t\n<h2>Bodite ustvarjalni z nate\u010dajem Print Xmas!<\/h2>\n<p>Izzivamo vas, da oblikujete svoj edinstven bo\u017ei\u010dni okrasek z uporabo na\u0161ega PLA Wood filamenta. Pustite domi\u0161ljiji prosto pot in ustvarite nekaj, kar odra\u017ea va\u0161 prazni\u010dni duh.<\/p>\n<p>Kako sodelovati:<\/p>\n<ul>\n<li>Izpolnite spodnjo prijavnico.<\/li>\n<li>Po prijavi vam bomo poslali tri vzorce PLA Wood filamentov (3x50g).<\/li>\n<li>Oblikujte bo\u017ei\u010dni okrasek in ga natisnite. Posnemite video celotnega procesa ali kon\u010dnega izdelka.<\/li>\n<li>Delite svoj video na Instagramu, ozna\u010dite @azurefilm3d in uporabite hashtag #PrintXmas.<\/li>\n<\/ul>\n<p>Nagrada:<\/p>\n<p>Izmed vseh sodelujo\u010dih bomo 20. decembra iz\u017erebali enega sre\u010dne\u017ea, ki bo prejel nagrado 3x750g PLA Wood po lastni izbiri.<\/p>\n\t\t<\/div>\n\t\t\t\t\t<\/div>\n\n\t\n\n\t<div id=\"col-1851266465\" class=\"col small-12 large-12\"  >\n\t\t\t\t<div class=\"col-inner\"  >\n\t\t\t\n\t\t\t\n\n<div class=\"wpcf7 no-js\" id=\"wpcf7-f23447-o1\" lang=\"sl-SI\" dir=\"ltr\" data-wpcf7-id=\"23447\">\n<div class=\"screen-reader-response\"><p role=\"status\" aria-live=\"polite\" aria-atomic=\"true\"><\/p> <ul><\/ul><\/div>\n<form action=\"\/sl\/wp-json\/wp\/v2\/pages\/23434#wpcf7-f23447-o1\" method=\"post\" class=\"wpcf7-form init\" aria-label=\"Contact form\" novalidate=\"novalidate\" data-status=\"init\">\n<fieldset class=\"hidden-fields-container\"><input type=\"hidden\" name=\"_wpcf7\" value=\"23447\" \/><input type=\"hidden\" name=\"_wpcf7_version\" value=\"6.1.5\" \/><input type=\"hidden\" name=\"_wpcf7_locale\" value=\"sl_SI\" \/><input type=\"hidden\" name=\"_wpcf7_unit_tag\" value=\"wpcf7-f23447-o1\" \/><input type=\"hidden\" name=\"_wpcf7_container_post\" value=\"0\" \/><input type=\"hidden\" name=\"_wpcf7_posted_data_hash\" value=\"\" \/>\n<\/fieldset>\n<div class=\"wpcf7-turnstile cf-turnstile\" data-sitekey=\"0x4AAAAAAB5R05neHM8iS1aG\" data-response-field-name=\"_wpcf7_turnstile_response\"><\/div>\n\n<div class=\"contact-us-form\">\n\t<h2>Prijavni obrazec za tekmovanje Print Xmas\n\t<\/h2>\n\t<div class=\"contact-content\">\n\t\t<p><label><br \/>\n<span class=\"wpcf7-form-control-wrap\" data-name=\"text-300\"><input size=\"40\" maxlength=\"400\" class=\"wpcf7-form-control wpcf7-text wpcf7-validates-as-required\" aria-required=\"true\" aria-invalid=\"false\" placeholder=\"Ime\" value=\"\" type=\"text\" name=\"text-300\" \/><\/span> <\/label>\n\t\t<\/p>\n\t\t<p><label><br \/>\n<span class=\"wpcf7-form-control-wrap\" data-name=\"text-301\"><input size=\"40\" maxlength=\"400\" class=\"wpcf7-form-control wpcf7-text wpcf7-validates-as-required\" aria-required=\"true\" aria-invalid=\"false\" placeholder=\"Priimek\" value=\"\" type=\"text\" name=\"text-301\" \/><\/span> <\/label>\n\t\t<\/p>\n\t\t<p><label><br \/>\n<span class=\"wpcf7-form-control-wrap\" data-name=\"text-302\"><input size=\"40\" maxlength=\"400\" class=\"wpcf7-form-control wpcf7-text wpcf7-validates-as-required\" aria-required=\"true\" aria-invalid=\"false\" placeholder=\"Naslov\" value=\"\" type=\"text\" name=\"text-302\" \/><\/span> <\/label>\n\t\t<\/p>\n\t\t<p><label><br \/>\n<span class=\"wpcf7-form-control-wrap\" data-name=\"text-303\"><input size=\"40\" maxlength=\"400\" class=\"wpcf7-form-control wpcf7-text wpcf7-validates-as-required\" aria-required=\"true\" aria-invalid=\"false\" placeholder=\"\u0160tevilka hi\u0161e\" value=\"\" type=\"text\" name=\"text-303\" \/><\/span> <\/label>\n\t\t<\/p>\n\t\t<p><label><br \/>\n<span class=\"wpcf7-form-control-wrap\" data-name=\"text-304\"><input size=\"40\" maxlength=\"400\" class=\"wpcf7-form-control wpcf7-text wpcf7-validates-as-required\" aria-required=\"true\" aria-invalid=\"false\" placeholder=\"Po\u0161tna \u0161tevilka\" value=\"\" type=\"text\" name=\"text-304\" \/><\/span> <\/label>\n\t\t<\/p>\n\t\t<p><label><br \/>\n<span class=\"wpcf7-form-control-wrap\" data-name=\"text-305\"><input size=\"40\" maxlength=\"400\" class=\"wpcf7-form-control wpcf7-text wpcf7-validates-as-required\" aria-required=\"true\" aria-invalid=\"false\" placeholder=\"Mesto\" value=\"\" type=\"text\" name=\"text-305\" \/><\/span> <\/label>\n\t\t<\/p>\n\t\t<p><label><br \/>\n<span class=\"wpcf7-form-control-wrap\" data-name=\"text-306\"><input size=\"40\" maxlength=\"400\" class=\"wpcf7-form-control wpcf7-text wpcf7-validates-as-required\" aria-required=\"true\" aria-invalid=\"false\" placeholder=\"Dr\u017eava\" value=\"\" type=\"text\" name=\"text-306\" \/><\/span> <\/label>\n\t\t<\/p>\n\t\t<p><label><br \/>\n<span class=\"wpcf7-form-control-wrap\" data-name=\"email-224\"><input size=\"40\" maxlength=\"400\" class=\"wpcf7-form-control wpcf7-email wpcf7-validates-as-required wpcf7-text wpcf7-validates-as-email\" aria-required=\"true\" aria-invalid=\"false\" placeholder=\"E-po\u0161ta\" value=\"\" type=\"email\" name=\"email-224\" \/><\/span> <\/label>\n\t\t<\/p>\n\t\t<p><label><br \/>\n<span class=\"wpcf7-form-control-wrap\" data-name=\"tel-15\"><input size=\"40\" maxlength=\"400\" class=\"wpcf7-form-control wpcf7-tel wpcf7-validates-as-required wpcf7-text wpcf7-validates-as-tel\" aria-required=\"true\" aria-invalid=\"false\" placeholder=\"Mobilni telefon\" value=\"\" type=\"tel\" name=\"tel-15\" \/><\/span> <\/label>\n\t\t<\/p>\n\t<\/div>\n\t<p class=\"contact-form-notice\"><span class=\"wpcf7-form-control-wrap\" data-name=\"accept-this-1\"><span class=\"wpcf7-form-control wpcf7-acceptance\"><span class=\"wpcf7-list-item\"><label><input type=\"checkbox\" name=\"accept-this-1\" value=\"1\" aria-invalid=\"false\" \/><span class=\"wpcf7-list-item-label\">S sodelovanjem v tekmovanju Print Xmas potrjujete, da ste prebrali\/-i in s nate\u010daja<\/span><\/label><\/span><\/span><\/span>\n\t<\/p>\n<\/div>\n<div class=\"contact-us-button-container\">\n\t<p><input class=\"wpcf7-form-control wpcf7-submit has-spinner\" type=\"submit\" value=\"PO\u0160LJI\" \/>\n\t<\/p>\n<\/div><div class=\"wpcf7-response-output\" aria-hidden=\"true\"><\/div>\n<\/form>\n<\/div>\n\n\t\t<\/div>\n\t\t\t\t\t<\/div>\n\n\t\n\n\t<div id=\"col-561227746\" class=\"col small-12 large-12\"  >\n\t\t\t\t<div class=\"col-inner\"  >\n\t\t\t\n\t\t\t\n<h2>Pogoji za nate\u010daj Print Xmas<\/h2>\n<p>Udele\u017eenci morajo izpolniti prijavni obrazec v celoti. Nepopolni ali neto\u010dni obrazci lahko privedejo do diskvalifikacije.<\/p>\n<p>Po uspe\u0161ni prijavi bodo udele\u017eenci prejeli tri vzorce filamenta PLA Wood (3x50g). Vzorci bodo poslani na naslov, naveden v prijavnem obrazcu.<\/p>\n<p>Udele\u017eenci morajo oblikovati bo\u017ei\u010dni okrasek s pomo\u010djo prejetega filamenta PLA Wood. Samo modeli, ustvarjeni s prilo\u017eenim filamentom, so upravi\u010deni za tekmovanje.<\/p>\n<p>Udele\u017eenci morajo posneti celoten postopek oblikovanja in tiskanja svojega bo\u017ei\u010dnega okraska. Videoposnetke je treba deliti na Instagramu, ozna\u010diti @azurefilm3d in uporabiti oznako #PrintXmas.<\/p>\n<p>Rok za oddajo videoposnetkov je 19. december do polno\u010di. Pozne prijave ne bodo upo\u0161tevane.<\/p>\n<p>Izmed vseh udele\u017eencev bo naklju\u010dno izbran zmagovalec 20. decembra.<br \/>\nZmagovalec bo prejel nagrado 3x750g filma PLA Wood po svoji izbiri.<\/p>\n<p>Zmagovalec bo obve\u0161\u010den prek email naslova, navedenega v prijavnem obrazcu. \u010ce zmagovalec ne odgovori v 5 dneh, se lahko izbere nov zmagovalec.<\/p>\n<p>S sodelovanjem tekmovalci dajejo AzureFilm pravico do uporabe svojega videoposnetka in oblikovanja v promocijske namene.<\/p>\n<p>AzureFilm si pridr\u017euje pravico do spremembe ali odpovedi tekmovanja kadarkoli.<\/p>\n<p>Za vsa dodatna vpra\u0161anja v zvezi s tekmovanjem se obrnite na <a href=\"mailto:info@azurefilm.com\">info@azurefilm.com<\/a><\/p>\n\t\t<\/div>\n\t\t\t\t\t<\/div>\n\n\t\n<\/div>\n\t\t<\/div>\n\n\t\t\n<style>\n#section_1896328460 {\n  padding-top: 30px;\n  padding-bottom: 30px;\n}\n<\/style>\n\t<\/section>\n\t\n","protected":false},"excerpt":{"rendered":"","protected":false},"author":1,"featured_media":0,"parent":0,"menu_order":0,"comment_status":"closed","ping_status":"closed","template":"page-blank.php","meta":{"_acf_changed":false,"footnotes":""},"class_list":["post-23434","page","type-page","status-publish","hentry"],"acf":[],"_links":{"self":[{"href":"https:\/\/azurefilm.com\/sl\/wp-json\/wp\/v2\/pages\/23434","targetHints":{"allow":["GET"]}}],"collection":[{"href":"https:\/\/azurefilm.com\/sl\/wp-json\/wp\/v2\/pages"}],"about":[{"href":"https:\/\/azurefilm.com\/sl\/wp-json\/wp\/v2\/types\/page"}],"author":[{"embeddable":true,"href":"https:\/\/azurefilm.com\/sl\/wp-json\/wp\/v2\/users\/1"}],"replies":[{"embeddable":true,"href":"https:\/\/azurefilm.com\/sl\/wp-json\/wp\/v2\/comments?post=23434"}],"version-history":[{"count":0,"href":"https:\/\/azurefilm.com\/sl\/wp-json\/wp\/v2\/pages\/23434\/revisions"}],"wp:attachment":[{"href":"https:\/\/azurefilm.com\/sl\/wp-json\/wp\/v2\/media?parent=23434"}],"curies":[{"name":"wp","href":"https:\/\/api.w.org\/{rel}","templated":true}]}}