
{"id":32146,"date":"2024-04-12T12:21:21","date_gmt":"2024-04-12T12:21:21","guid":{"rendered":"https:\/\/azurefilm.com\/frequently-asked-questions\/"},"modified":"2024-04-12T12:27:56","modified_gmt":"2024-04-12T12:27:56","slug":"frequently-asked-questions","status":"publish","type":"page","link":"https:\/\/azurefilm.com\/sl\/frequently-asked-questions\/","title":{"rendered":"Pogosto zastavljena vpra\u0161anja"},"content":{"rendered":"<div class=\"row\"  id=\"row-444181354\">\n\n\n\t<div id=\"col-1706274575\" class=\"col small-12 large-12\"  >\n\t\t\t\t<div class=\"col-inner\"  >\n\t\t\t\n\t\t\t\n\n\n\n<h2 class=\"uppercase text-center\">Pogosto zastavljena vpra\u0161anja<\/h2>\n\n\n\t\t<\/div>\n\t\t\t\t\t<\/div>\n\n\t\n\n<\/div>\n\n\t<section class=\"section\" id=\"section_582657020\">\n\t\t<div class=\"section-bg fill\" >\n\t\t\t\t\t\t\t\t\t\n\t\t\t\n\n\t\t<\/div>\n\n\t\t\n\n\t\t<div class=\"section-content relative\">\n\t\t\t\n\n<div class=\"row\"  id=\"row-663101223\">\n\n\n\t<div id=\"col-65332917\" class=\"col small-12 large-12\"  >\n\t\t\t\t<div class=\"col-inner\"  >\n\t\t\t\n\t\t\t\n\n<div class=\"accordion\">\n\n\t<div id=\"accordion-4049012952\" class=\"accordion-item\">\n\t\t<a id=\"accordion-4049012952-label\" class=\"accordion-title plain\" href=\"#accordion-item-kaj-je-3d-tiskanje?\" aria-expanded=\"false\" aria-controls=\"accordion-4049012952-content\">\n\t\t\t<button class=\"toggle\" aria-label=\"Toggle\"><i class=\"icon-angle-down\" aria-hidden=\"true\"><\/i><\/button>\n\t\t\t<span>Kaj je 3D tiskanje?<\/span>\n\t\t<\/a>\n\t\t<div id=\"accordion-4049012952-content\" class=\"accordion-inner\" aria-labelledby=\"accordion-4049012952-label\">\n\t\t\t\n\n<p>3D tiskanje, znano tudi kot aditivna proizvodnja, je postopek, pri katerem se <b>na podlagi digitalnih modelov ustvarjajo tridimenzionalni predmeti z dodajanjem materiala plast za plastjo<\/b>. Ta tehnologija omogo\u010da izdelavo kompleksnih oblik z u\u010dinkovito uporabo materiala in postala je klju\u010dna v industriji zaradi svoje natan\u010dnosti in \u0161irokega izbora materialov.<\/p>\n<p>Obstaja ve\u010d razli\u010dnih tehnologij 3D tiskanja, najbolj priljubljeni pa sta ciljno nalaganje (FDM) in stereolitografija (SLA).<\/p>\n<p><b>FDM tehnologija<\/b> je najbolj raz\u0161irjena in cenovno dostopna. <b>Ta metoda uporablja 3D tiskalnike za izdelavo predmetov s pomo\u010djo <\/b><a href=\"https:\/\/azurefilm.com\/sl\/3d-filamenti\/\"><b>3D filamentov<\/b><\/a><span style=\"font-weight: 400;\">. Filament se napaja v cev, ki ga potisne v ogrevan ekstruder. Nato se filament plast za plastjo nanese na tiskalno povr\u0161ino. <\/span><a href=\"https:\/\/azurefilm.com\/sl\/3d-tiskalniki\/fdm-3d-tiskalniki\/\">FDM tiskalniki<\/a> so primerni tako za za\u010detnike kot za napredne projekte.<\/p>\n<p>Ve\u010d o FDM tiskanju lahko izveste <a href=\"https:\/\/azurefilm.com\/sl\/2023\/10\/28\/fdm-tiskanje-kaj-je-fdm\/\" target=\"_blank\" rel=\"noopener\">tukaj<\/a>.<\/p>\n<p><b>SLA tiskalniki pa uporabljajo smolne materiale, ki se strdijo pod vplivom UV svetlobe.<\/b> Ta tehnologija omogo\u010da ve\u010djo podrobnost predmetov v primerjavi z drugimi tiskalniki. \u010ceprav tiskanje s to metodo traja dlje in ima manj\u0161i obseg, se pogosto uporablja v industriji nakita in v medicini.<\/p>\n\n\t\t<\/div>\n\t<\/div>\n\t\n\t<div id=\"accordion-1469621472\" class=\"accordion-item\">\n\t\t<a id=\"accordion-1469621472-label\" class=\"accordion-title plain\" href=\"#accordion-item-katere-vrste-3d-tiskalnikov-so-na-voljo?\" aria-expanded=\"false\" aria-controls=\"accordion-1469621472-content\">\n\t\t\t<button class=\"toggle\" aria-label=\"Toggle\"><i class=\"icon-angle-down\" aria-hidden=\"true\"><\/i><\/button>\n\t\t\t<span>Katere vrste 3D tiskalnikov so na voljo?<\/span>\n\t\t<\/a>\n\t\t<div id=\"accordion-1469621472-content\" class=\"accordion-inner\" aria-labelledby=\"accordion-1469621472-label\">\n\t\t\t\n\n<p>Preverite na\u0161o obse\u017eno zbirko 3D tiskalnikov v na\u0161i spletni trgovini. Ne glede na to, ali ste navdu\u0161enec nad FDM 3D tiskalniki ali 3D tiskalniki na smolo, boste na\u0161li popolno re\u0161itev za svoje potrebe. Na\u0161a ponudba vklju\u010duje:<\/p>\n<ul>\n<li><a href=\"https:\/\/azurefilm.com\/sl\/3d-tiskalniki\/fdm-3d-tiskalniki\/\"><b>FDM 3D tiskalniki<\/b><\/a><span style=\"font-weight: 400;\">: Tehnologija ciljnega nalaganja (FDM) je priljubljena zaradi svoje uporabnosti tako za za\u010detnike kot za izku\u0161ene uporabnike. Ti tiskalniki uporabljajo 3D filament, ki se stopi v ekstruderju, in plast za plastjo ustvarijo \u017eelene predmete.<\/span><\/li>\n<li><a href=\"https:\/\/azurefilm.com\/sl\/3d-tiskalniki\/3d-tiskalniki-na-smolo\/\"><b>SLA ali 3D tiskalniki na smolo<\/b><\/a>: Ti tiskalniki delujejo s stereolitografijo, pri \u010demer uporabljajo smolne materiale, ki se strdijo pod vplivom UV svetlobe. To tehnologijo pogosto uporabljajo v industrijah, kot sta nakit in medicina.<\/li>\n<li><a href=\"https:\/\/azurefilm.com\/sl\/3d-tiskalniki\/3d-pisalo\/\"><b>3D pisala<\/b><\/a>: S 3D pisali lahko ustvarite tridimenzionalne risbe kar v zraku, pri \u010demer uporabljate PLA filament. Pisalo je primerno za otroke, najstnike in vse ustvarjalce.<\/li>\n<\/ul>\n\n\t\t<\/div>\n\t<\/div>\n\t\n\t<div id=\"accordion-2954282915\" class=\"accordion-item\">\n\t\t<a id=\"accordion-2954282915-label\" class=\"accordion-title plain\" href=\"#accordion-item-katere-materiale-je-mogo\u010de-uporabiti-pri-3d-tiskanju?\" aria-expanded=\"false\" aria-controls=\"accordion-2954282915-content\">\n\t\t\t<button class=\"toggle\" aria-label=\"Toggle\"><i class=\"icon-angle-down\" aria-hidden=\"true\"><\/i><\/button>\n\t\t\t<span>Katere materiale je mogo\u010de uporabiti pri 3D tiskanju?<\/span>\n\t\t<\/a>\n\t\t<div id=\"accordion-2954282915-content\" class=\"accordion-inner\" aria-labelledby=\"accordion-2954282915-label\">\n\t\t\t\n\n<p>Na trgu je na voljo \u0161iroka paleta razli\u010dnih materialov za 3D tiskanje. Spodaj boste na\u0161li seznam vseh materialov, ki jih ponujamo.<\/p>\n<p><a href=\"https:\/\/azurefilm.com\/sl\/3d-filamenti\/pla-filamenti-sl\/\"><b>PLA<\/b><\/a>: Okolju prijazen in enostaven za tiskanje ter idealen za za\u010detnike. Na voljo v razli\u010dnih izdajah, kot so Silk, Wood, Neon in drugi. Za ve\u010d informacij o PLA filamentih <a href=\"https:\/\/azurefilm.com\/sl\/2023\/07\/04\/pla-filamenti-vse-kar-morate-vedeti\/\" target=\"_blank\" rel=\"noopener\">preberite na\u0161 blog<\/a>.<\/p>\n<p><a href=\"https:\/\/azurefilm.com\/sl\/3d-filamenti\/petg-filamenti\/\"><b>PETG<\/b><\/a>: Zdru\u017euje lastnosti ABS in PLA, kar zagotavlja trdne, toplotno odporne in vzdr\u017eljive izdelke. Primeren je tudi za stik s hrano. \u010ce \u017eelite izvedeti ve\u010d o PETG filamentih, <a href=\"https:\/\/azurefilm.com\/sl\/2023\/07\/10\/petg-filamenti-vse-kar-morate-vedeti\/\" target=\"_blank\" rel=\"noopener\">preberite na\u0161 blog<\/a>.<\/p>\n<p><a href=\"https:\/\/azurefilm.com\/sl\/3d-filamenti\/pctg-filamenti-sl\/\"><b>PCTG<\/b><\/a>: Izbolj\u0161an PETG z minimalnim kr\u010denjem in vi\u0161jo temperaturno odpornostjo. \u010ce \u017eelite izvedeti ve\u010d o PCTG filamentih,<a href=\"https:\/\/azurefilm.com\/sl\/2023\/10\/12\/pctg-filamenti-vse-kar-morate-vedeti\/\" target=\"_blank\" rel=\"noopener\"> preberite na\u0161 blog<\/a>.<\/p>\n<p><a href=\"https:\/\/azurefilm.com\/sl\/3d-filamenti\/asa-filamenti\/\"><b>ASA<\/b><\/a>: Ponuja izjemno odpornost proti UV \u017earkom, vodi in kemikalijam, zato je primeren za uporabo na prostem in zahtevne pogoje. \u010ce \u017eelite izvedeti ve\u010d o ASA filamentih, <a href=\"https:\/\/azurefilm.com\/sl\/2023\/07\/10\/asa-filamenti-vse-kar-morate-vedeti\/\" target=\"_blank\" rel=\"noopener\">preberite na\u0161 blog<\/a>.<\/p>\n<p><a href=\"https:\/\/azurefilm.com\/sl\/3d-filamenti\/abs-filamenti\/abs-plus-filamenti\/\"><b>ABS PLUS<\/b><\/a>: Znan je po svoji visoki odpornosti na udarce, toplotni odpornosti in dostopni ceni. Primeren je za aplikacije, ki zahtevajo trdnost.<span style=\"font-weight: 400;\">\u010ce \u017eelite izvedeti ve\u010d o ABS filamentih, <\/span><a href=\"https:\/\/azurefilm.com\/sl\/2023\/07\/11\/abs-filamenti-vse-kar-morate-vedeti\/\" target=\"_blank\" rel=\"noopener\">preberite na\u0161 blog<\/a>.<\/p>\n<p><a href=\"https:\/\/azurefilm.com\/sl\/3d-filamenti\/abs-filamenti\/pc-abs-filamenti\/\"><b>PC ABS<\/b><\/a><span style=\"font-weight: 400;\">: Kombinacija polikarbonata in ABS materiala zagotavlja izjemne mehanske lastnosti ter odpornost na visoke temperature in kemikalije. \u010ce \u017eelite izvedeti ve\u010d o ABS filamentih, <\/span><a href=\"https:\/\/azurefilm.com\/sl\/2023\/07\/11\/abs-filamenti-vse-kar-morate-vedeti\/\" target=\"_blank\" rel=\"noopener\">preberite na\u0161 blog<\/a>.<\/p>\n<p><a href=\"https:\/\/azurefilm.com\/sl\/3d-filamenti\/carbon-fiber-filamenti\/\"><b>Carbon Fiber<\/b><\/a>: Oja\u010dani z ogljikovimi vlakni, nudijo izjemno trdnost in nizko te\u017eo. Uporabljajo se predvsem v industrijskih panogah. \u010ce \u017eelite izvedeti ve\u010d o na\u0161ih Carbon Fiber filamentih, <a href=\"https:\/\/azurefilm.com\/sl\/2023\/07\/26\/carbon-fiber-filamenti-vse-kar-morate-vedeti\/\" target=\"_blank\" rel=\"noopener\">preberite na\u0161 blog<\/a>.<\/p>\n<p><b>Nylon<\/b>: Poznan po svojih mehanskih, kemi\u010dnih in fleksibilnih lastnostih, je primeren za razli\u010dne in\u017eenirske potrebe.<\/p>\n<p><a href=\"https:\/\/azurefilm.com\/sl\/3d-filamenti\/flexible-filamenti-sl\/\"><b>Flexible<\/b><\/a>: Ima fleksibilne lastnosti ter uporablja se v obutveni, vesoljski in avtomobilski industriji. \u010ce \u017eelite izvedeti ve\u010d o Flexible filamentih, <a href=\"https:\/\/azurefilm.com\/sl\/2023\/08\/09\/flexible-filamenti\/\" target=\"_blank\" rel=\"noopener\">preberite na\u0161 blog<\/a>.<\/p>\n<p><b>PEEK<\/b>: Visokozmogljiv material z odli\u010dno odpornostjo na kemikalije in lahkotnostjo, se pogosto uporablja v medicinski tehnologiji.<\/p>\n<p><a href=\"https:\/\/azurefilm.com\/sl\/3d-filamenti\/support-filamenti\/\"><b>SUPPORT (PVA)<\/b><\/a><span style=\"font-weight: 400;\">: Topen v vodi in uporablja se za prepre\u010devanje pove\u0161enih delov. Podpore nato raztopimo, da ostane samo tiskan predmet. \u010ce \u017eelite izvedeti ve\u010d o podpornih filamentih, <\/span><a href=\"https:\/\/azurefilm.com\/sl\/2023\/10\/28\/podporni-filamenti-vse-kar-morate-vedeti\/\" target=\"_blank\" rel=\"noopener\">preberite na\u0161 blog<\/a>.<\/p>\n<p>Tukaj se nahaja na\u0161a primerjalna tabela filamentov, da preprosto najdete, vse lastnosti filamentov na enem mestu.<\/p>\n<p><a href=\"https:\/\/azurefilm.com\/sl\/3d-filamenti\/smola\/\"><b>Smola<\/b><\/a>: uporablja se za doseganje izjemnih podrobnosti in gladkih zaklju\u010dkov, zlasti v zobozdravni\u0161ki industriji in industriji nakita.<\/p>\n<p>Ti materiali ponujajo razli\u010dne lastnosti, in so primerni za razli\u010dne aplikacije 3D tiskanja, zato lahko izberete tistega, ki najbolje ustreza va\u0161im potrebam.<\/p>\n\n\t\t<\/div>\n\t<\/div>\n\t\n\t<div id=\"accordion-3295155161\" class=\"accordion-item\">\n\t\t<a id=\"accordion-3295155161-label\" class=\"accordion-title plain\" href=\"#accordion-item-kako-oblikujem-ali-ustvarim-predmete-za-3d-tisk?\" aria-expanded=\"false\" aria-controls=\"accordion-3295155161-content\">\n\t\t\t<button class=\"toggle\" aria-label=\"Toggle\"><i class=\"icon-angle-down\" aria-hidden=\"true\"><\/i><\/button>\n\t\t\t<span>Kako oblikujem ali ustvarim predmete za 3D tisk?<\/span>\n\t\t<\/a>\n\t\t<div id=\"accordion-3295155161-content\" class=\"accordion-inner\" aria-labelledby=\"accordion-3295155161-label\">\n\t\t\t\n\n<p><span>Vsak 3D tisk se za\u010dne z 3D modelom, ki ga ustvarite z modelirno programsko opremo. Obstaja ve\u010d uporabniku prijaznih programov za modeliranje, od katerih so nekateri tudi brezpla\u010dni. Tukaj je nekaj priljubljenih mo\u017enosti:<\/span><\/p>\n<ul>\n<li><b>Tinkercad:<\/b><span> Tinkercad ponuja ogromno knji\u017enico datotek in omogo\u010da uporabnikom, da odkrijejo primerne oblike ter jih prilagodijo. Slu\u017ei kot odli\u010dna platforma za u\u010denje 3D modeliranja.<\/span><\/li>\n<li><b>SketchUp<\/b><span>: znan po ravnote\u017eju med uporabnostjo in funkcionalnostjo, SketchUp ustreza \u0161irokemu naboru ravni spretnosti, zaradi \u010desar je idealna izbira za mnoge.<\/span><\/li>\n<li><b>Blender:<\/b><span> \u010ceprav ima Blender strmo krivuljo u\u010denja, je kot odprtokodna programska oprema popoln za uporabnike, pripravljene na ustvarjanje kompleksnih 3D modelov.<\/span><\/li>\n<\/ul>\n<p><span style=\"font-weight: 400;\">Lahko pa se odlo\u010dite za la\u017ejo pot in prenesete \u017ee pripravljene 3D modele za svoje projekte. Ve\u010d spletnih mest in 3D\u00a0 arhivov ponuja brezpla\u010dne 3D modele, vklju\u010dno z:<\/span><\/p>\n<ul>\n<li><b>Thingiverse<\/b><span>: Skupnost in platforma za skupno rabo dizajna, kjer lahko raziskujete, pridobite in delite modele za 3D tiskanje.<\/span><\/li>\n<li><b>Turbosquid<\/b><span>: mesto za 3D modele, ki ponuja veliko izbiro. Veliko odli\u010dnih brezpla\u010dnih modelov lahko najdete tako, da preprosto poi\u0161\u010dete \"brezpla\u010dno\".<\/span><\/li>\n<li><b>Free3d<\/b><span>: platforma, kjer lahko brezpla\u010dno delite svoje 3D modele in tudi prenesete modele drugih.<\/span><\/li>\n<\/ul>\n<p><span>Ko imate svoj 3D model (ustvarjen v modelirni programski opremi ali prenesen iz spleta), je naslednji korak, da ga vnesete v programsko opremo za rezanje.<\/span><\/p>\n<p><b>Kaj je \"rezalnik ali slicer\" v 3D tiskanju?<\/b><\/p>\n<p><span>Rezalniki poenostavijo prehod iz 3D modela v natisnjen predmet tako, da model CAD razdelijo na plasti in ga pretvorijo v G-kodo.<\/span><\/p>\n<p><span>Programska oprema rezalnika vklju\u010duje tudi klju\u010dne nastavitve 3D tiskalnika, kot so temperatura, vi\u0161ina plasti in hitrost tiskanja, ki so vklju\u010dene v G-kodo. Ko je model preoblikovan v G-kodo, jo lahko prenesete na Micro SD kartico\u00a0 (8 GB deluje dobro). Prepri\u010dajte se, da ime datoteke ne vsebuje ve\u010d kot sedem znakov.<\/span><\/p>\n<p><span>3D tiskalnik interpretira G-kodo in izdela model plast za plastjo, pri \u010demer sledi navodilom v G-kodi.<\/span><\/p>\n<p><span>Priporo\u010dena programska oprema za rezanje za za\u010detnike vklju\u010duje:<\/span><\/p>\n<ul>\n<li><b>Cura<\/b><span>: Odprtokodni rezalnik, zdru\u017eljiv s skoraj vsemi 3D tiskalniki, znan po svoji prijaznosti do uporabnika, hitrosti in vsestranskosti.<\/span><\/li>\n<li><b>Simplify3D<\/b><span>: Poleg rezanja Simplify3D, ponuja predogled kon\u010dnega rezultata in pomaga pri prepoznavanju morebitnih te\u017eav.<\/span><\/li>\n<\/ul>\n<p><b>Slic3r<\/b><span>: Odprtokodna programska oprema s postopnim rezanjem v realnem \u010dasu, zmo\u017enostmi 3D predogleda in \u0161iroko uporabo v skupnosti 3D tiskanja.<\/span><\/p>\n\n\t\t<\/div>\n\t<\/div>\n\t\n\t<div id=\"accordion-4123066049\" class=\"accordion-item\">\n\t\t<a id=\"accordion-4123066049-label\" class=\"accordion-title plain\" href=\"#accordion-item-katere-so-pogoste-te\u017eave-pri-3d-tiskanju-in-kak\u0161ni-so-nasveti-za-odpravljanje-te\u017eav?\" aria-expanded=\"false\" aria-controls=\"accordion-4123066049-content\">\n\t\t\t<button class=\"toggle\" aria-label=\"Toggle\"><i class=\"icon-angle-down\" aria-hidden=\"true\"><\/i><\/button>\n\t\t\t<span>Katere so pogoste te\u017eave pri 3D tiskanju in kak\u0161ni so nasveti za odpravljanje te\u017eav?<\/span>\n\t\t<\/a>\n\t\t<div id=\"accordion-4123066049-content\" class=\"accordion-inner\" aria-labelledby=\"accordion-4123066049-label\">\n\t\t\t\n\n<p><b>Slabi previsi<\/b>: Slabi previsi se pojavijo, ko se nagnjene ali vodoravne povr\u0161ine povesijo ali zvijejo. Za re\u0161itev te te\u017eave uporabite podporne strukture, ki jih ponuja programska oprema za rezanje. Prav tako zmanj\u0161ajte hitrost tiskanja, da omogo\u010dite bolj\u0161e strjevanje plasti, izbolj\u0161ajte hlajenje in razmislite o uporabi robov.<\/p>\n<p><b>Zama\u0161ena \u0161oba<\/b>: Zama\u0161itve \u0161ob so posledica ostankov filamentov, nepravilnih nastavitev umika, napa\u010dne temperature, smeti ali prahu. Za \u010di\u0161\u010denje zama\u0161ene \u0161obe jo segrejte na priporo\u010deno temperaturo filamenta, iztisnite filament in preglejte, ali so prisotni kak\u0161ni ostanki s pomo\u010djo svetilke. Uporabite tehniko hladnega vleka (\u201ccold pull\u201d) s filamentom druge barve, dokler \u0161oba ni \u010dista.<\/p>\n<p><b>Oprijem prve plasti<\/b>: Pravilen oprijem prve plasti prepre\u010duje napake pri tiskanju, drobljenje in uvijanje. To dose\u017eete tako, da natan\u010dno poravnate tiskalno podlogo, jo o\u010distite, uporabite lepila, kot je lak za lase ali 3DLac, prilagodite vi\u0161ino \u0161obe in pove\u010date temperaturo.<\/p>\n<p><b>Nitkanje<\/b>: Niti so posledica nizke hitrosti umika, neustreznega hlajenja, prevelike razdalje umika, nastavitev premera filamenta ali napak rezalnika. Nitkanje zmanj\u0161ate tako, da prilagodite nastavitve umika in temperaturo \u0161obe, uporabite ve\u010d ventilatorjev, umerite rezilo in premer filamenta ter omogo\u010dite funkcije rezalnika.\u00a0<\/p>\n<p><b>Ukrivljanje<\/b>: Ukrivljanje vklju\u010duje dvignjene ali deformirane vogale tiska zaradi slabega oprijema podloge, pomanjkanja podpore, toplotnih obremenitev ali neustreznega hlajenja. Prepre\u010dite ukrivljanje z uporabo lepilnih pripomo\u010dkov, ohi\u0161ja ali ogrevane tiskalne podloge z ustreznim izravnavanjem, uporabo robov za stabilnost, izbiro filamentov z nizko stopnjo ukrivljanje ter prilagoditvijo hitrosti in temperature tiskanja.<\/p>\n<p>\u010ce \u017eelite izvedeti ve\u010d o re\u0161evanju in odpravljanju te\u017eav s 3D tiskanjem, preberite na\u0161 blog o <a href=\"https:\/\/azurefilm.com\/sl\/2023\/10\/28\/najpogostejse-tezave-pri-3d-tiskanju-in-resitve\/\" target=\"_blank\" rel=\"noopener\">5 najpogostej\u0161ih te\u017eavah s 3D tiskanjem in re\u0161itvah<\/a>.<\/p>\n\n\t\t<\/div>\n\t<\/div>\n\t\n\n<\/div>\n<div class=\"accordion\">\n\n\t<div id=\"accordion-681340039\" class=\"accordion-item\">\n\t\t<a id=\"accordion-681340039-label\" class=\"accordion-title plain\" href=\"#accordion-item-kak\u0161ni-so-premeri-na\u0161ih-kolutov?\" aria-expanded=\"false\" aria-controls=\"accordion-681340039-content\">\n\t\t\t<button class=\"toggle\" aria-label=\"Toggle\"><i class=\"icon-angle-down\" aria-hidden=\"true\"><\/i><\/button>\n\t\t\t<span>Kak\u0161ni so premeri na\u0161ih kolutov?<\/span>\n\t\t<\/a>\n\t\t<div id=\"accordion-681340039-content\" class=\"accordion-inner\" aria-labelledby=\"accordion-681340039-label\">\n\t\t\t\n\n<p><span style=\"font-weight: 400;\">Nudimo filamente na kolutih razli\u010dnih velikosti premerov:<\/span><b><\/b><\/p>\n<ul>\n<li aria-level=\"1\"><b>300 g kolut<\/b><\/li>\n<\/ul>\n<p><span style=\"font-weight: 400;\">49 mm (\u0160) x 130 mm (V) x 53 mm (premer notranje luknje)<\/span><b><\/b><\/p>\n<ul>\n<li aria-level=\"1\"><b>1 kg kolut<\/b><\/li>\n<\/ul>\n<p><span style=\"font-weight: 400;\">63,40 mm x 200 mm x 60 mm<\/span><b><\/b><\/p>\n<ul>\n<li aria-level=\"1\"><b>2,1 kg kolut<\/b><\/li>\n<\/ul>\n<p><span style=\"font-weight: 400;\">110 mm x 208 mm x 55 mm<\/span><b><\/b><\/p>\n<ul>\n<li aria-level=\"1\"><b>5 kg kolut<\/b><\/li>\n<\/ul>\n<p><span style=\"font-weight: 400;\">150 mm x 305 mm x 50 mm<\/span><b><\/b><\/p>\n<ul>\n<li aria-level=\"1\"><b>10 kg kolut<\/b><\/li>\n<\/ul>\n<p><span style=\"font-weight: 400;\">230 mm x 305 mm x 50 mm<\/span><\/p>\n\n\t\t<\/div>\n\t<\/div>\n\t\n\t<div id=\"accordion-3303351589\" class=\"accordion-item\">\n\t\t<a id=\"accordion-3303351589-label\" class=\"accordion-title plain\" href=\"#accordion-item-kaj-je-master-spool?\" aria-expanded=\"false\" aria-controls=\"accordion-3303351589-content\">\n\t\t\t<button class=\"toggle\" aria-label=\"Toggle\"><i class=\"icon-angle-down\" aria-hidden=\"true\"><\/i><\/button>\n\t\t\t<span>Kaj je master spool?<\/span>\n\t\t<\/a>\n\t\t<div id=\"accordion-3303351589-content\" class=\"accordion-inner\" aria-labelledby=\"accordion-3303351589-label\">\n\t\t\t\n\n<p><span style=\"font-weight: 400;\">Master Spool je <\/span><b>kolut za ve\u010dkratno uporabo<\/b><span style=\"font-weight: 400;\">, ki je namenjen za uporabo v kombinaciji z Refill filamenti. Namesto nakupa filamentov na obi\u010dajnih plasti\u010dnih kolutih za enkratno uporabo, lahko uporabniki kupijo Refill filamente, ki jih je mogo\u010de vstaviti v master spool. To zmanj\u0161a koli\u010dino plasti\u010dnih odpadkov in je tudi stro\u0161kovno u\u010dinkovitej\u0161e<\/span><\/p>\n<p><span style=\"font-weight: 400;\">Verjamemo, da so Refill filamenti prihodnost v industriji 3D tiskanja, zato mo\u010dno spodbujamo njihovo uporabo. Priporo\u010damo vam, da si ustvarite zalogo <\/span><a href=\"https:\/\/azurefilm.com\/sl\/izdelek\/azurefilm-master-spool-1-gratis\/\" target=\"_blank\" rel=\"noopener\"><b>AzureFilm Master Spool-ov<\/b><\/a><span style=\"font-weight: 400;\"> za ve\u010dkratno uporabo v skladu s svojimi potrebami ter prenehate z uporabo obi\u010dajnih kolutov, brez mo\u017enosti ponovnega polnjenja. Na\u0161 Master Spool je popolnoma zdru\u017eljiv z na\u0161imi <\/span><a href=\"https:\/\/azurefilm.com\/sl\/3d-filamenti\/refill-filamenti\/\" target=\"_blank\" rel=\"noopener\"><b>Refill filamenti<\/b><\/a><span style=\"font-weight: 400;\">.<\/span><\/p>\n<p><span style=\"font-weight: 400;\">Premeri AzureFilm Master Spool-a: 65 mm x 200 mm x 55 mm<\/span><\/p>\n\n\t\t<\/div>\n\t<\/div>\n\t\n\n<\/div>\n\n\t\t<\/div>\n\t\t\t\t\t<\/div>\n\n\t\n\n<\/div>\n\n\t\t<\/div>\n\n\t\t\n<style>\n#section_582657020 {\n  padding-top: 30px;\n  padding-bottom: 30px;\n}\n<\/style>\n\t<\/section>\n\t\n","protected":false},"excerpt":{"rendered":"","protected":false},"author":1,"featured_media":0,"parent":0,"menu_order":0,"comment_status":"closed","ping_status":"closed","template":"","meta":{"_acf_changed":false,"footnotes":""},"class_list":["post-32146","page","type-page","status-publish","hentry"],"acf":[],"_links":{"self":[{"href":"https:\/\/azurefilm.com\/sl\/wp-json\/wp\/v2\/pages\/32146","targetHints":{"allow":["GET"]}}],"collection":[{"href":"https:\/\/azurefilm.com\/sl\/wp-json\/wp\/v2\/pages"}],"about":[{"href":"https:\/\/azurefilm.com\/sl\/wp-json\/wp\/v2\/types\/page"}],"author":[{"embeddable":true,"href":"https:\/\/azurefilm.com\/sl\/wp-json\/wp\/v2\/users\/1"}],"replies":[{"embeddable":true,"href":"https:\/\/azurefilm.com\/sl\/wp-json\/wp\/v2\/comments?post=32146"}],"version-history":[{"count":0,"href":"https:\/\/azurefilm.com\/sl\/wp-json\/wp\/v2\/pages\/32146\/revisions"}],"wp:attachment":[{"href":"https:\/\/azurefilm.com\/sl\/wp-json\/wp\/v2\/media?parent=32146"}],"curies":[{"name":"wp","href":"https:\/\/api.w.org\/{rel}","templated":true}]}}