
{"id":36930,"date":"2024-06-11T12:04:55","date_gmt":"2024-06-11T12:04:55","guid":{"rendered":"https:\/\/azurefilm.com\/?page_id=36930"},"modified":"2024-06-11T15:28:28","modified_gmt":"2024-06-11T15:28:28","slug":"nagradna-tekmovanja","status":"publish","type":"page","link":"https:\/\/azurefilm.com\/sl\/nagradna-tekmovanja\/","title":{"rendered":"Nagradna tekmovanja"},"content":{"rendered":"\n\t<section class=\"section\" id=\"section_1410047134\">\n\t\t<div class=\"section-bg fill\" >\n\t\t\t\t\t\t\t\t\t\n\t\t\t\n\n\t\t<\/div>\n\n\t\t\n\n\t\t<div class=\"section-content relative\">\n\t\t\t\n<div class=\"row\"  id=\"row-1600629878\">\n\n\t<div id=\"col-632560502\" class=\"col small-12 large-12\"  >\n\t\t\t\t<div class=\"col-inner\"  >\n\t\t\t\n\t\t\t\n<h1 id=\"tw-target-text\" class=\"tw-data-text tw-text-large tw-ta\" dir=\"ltr\" data-placeholder=\"Translation\" aria-label=\"Translated text\" data-ved=\"2ahUKEwji98PU7NOGAxUf3gIHHVQ5CLMQ3ewLegQIBRAU\"><span class=\"Y2IQFc\" lang=\"sl\">Nagradna tekmovanja<\/span><\/h1>\n\t<div id=\"gap-1890295491\" class=\"gap-element clearfix\" style=\"display:block; height:auto;\">\n\t\t\n<style>\n#gap-1890295491 {\n  padding-top: 50px;\n}\n<\/style>\n\t<\/div>\n\t\n<h2>Metode vnosa<\/h2>\n<p>Na\u010dini prijave so navedeni v vsaki objavi nagradne igre na na\u0161ih uradnih straneh Facebook in Instagram. Prijave so sprejete samo prek dolo\u010dene platforme dru\u017ebenih medijev, kot je opisano v nagradni objavi.<\/p>\n<h2>Nagrade<\/h2>\n<p>Nagrade niso prenosljive ali zamenljive za druge predmete. Nagrad ni mogo\u010de zamenjati za gotovino ali kakr\u0161en koli denarni protivrednost. Pridr\u017eujemo si pravico do zamenjave katere koli nagrade z drugo enakovredne vrednosti brez predhodnega obvestila.<\/p>\n<h2>Izbira zmagovalca<\/h2>\n<p>Zmagovalci bodo izbrani z naklju\u010dnim \u017erebanjem izmed vseh primernih vnosov.<\/p>\n<h2>Obvestilo<\/h2>\n<p>Zmagovalci bodo obve\u0161\u010deni tako, da jih ozna\u010dite v na\u0161i zgodbi ali v razdelku za komentarje v objavi obdaritve na ustrezni platformi dru\u017ebenih medijev. Zmagovalci se morajo odzvati v 7 dneh od obvestila, da prevzamejo nagrado. \u010ce v tem roku ne prejmete odgovora, bo morda izbran nov zmagovalec.<\/p>\n<h2>Upravi\u010denost<\/h2>\n<p>Nagradna igra je odprta samo za prebivalce Evropske unije. Udele\u017eenci morajo biti ob prijavi stari 18 let ali ve\u010d. Za prevzem nagrade boste morda potrebovali dokazilo o prebivali\u0161\u010du in starosti.<\/p>\n<h2>Zbiranje podatkov<\/h2>\n<p>Splo\u0161ne podatke (ime, priimek, naslov, po\u0161tna \u0161tevilka, dr\u017eava, e-po\u0161ta in telefonska \u0161tevilka) zbiramo izklju\u010dno z namenom dostave nagrade zmagovalcem. Osebni podatki bodo obravnavani v skladu z na\u0161o politiko zasebnosti in ne bodo uporabljeni v druge namene brez soglasja udele\u017eenca.<\/p>\n<h2>Spremembe pogojev<\/h2>\n<p>AzureFilm si pridr\u017euje pravico do spremembe pogojev nagradne igre kadarkoli brez predhodnega obvestila. S sodelovanjem v nagradni igri se sodelujo\u010di strinjajo, da bodo upo\u0161tevali te pogoje in vse njihove spremembe.<\/p>\n<h2>Kontaktni podatki<\/h2>\n<p>Za ve\u010d informacij ali vpra\u0161anja o nagradni igri nas lahko udele\u017eenci kontaktirajo na\u00a0<a href=\"mailto:info@azurefilm.com\">info@azurefilm.com<\/a>.<\/p>\n\t\t<\/div>\n\t\t\t\t\t<\/div>\n\n\t\n<\/div>\n\t\t<\/div>\n\n\t\t\n<style>\n#section_1410047134 {\n  padding-top: 30px;\n  padding-bottom: 30px;\n}\n<\/style>\n\t<\/section>\n\t\n","protected":false},"excerpt":{"rendered":"","protected":false},"author":1,"featured_media":0,"parent":0,"menu_order":0,"comment_status":"closed","ping_status":"closed","template":"","meta":{"_acf_changed":false,"footnotes":""},"class_list":["post-36930","page","type-page","status-publish","hentry"],"acf":[],"_links":{"self":[{"href":"https:\/\/azurefilm.com\/sl\/wp-json\/wp\/v2\/pages\/36930","targetHints":{"allow":["GET"]}}],"collection":[{"href":"https:\/\/azurefilm.com\/sl\/wp-json\/wp\/v2\/pages"}],"about":[{"href":"https:\/\/azurefilm.com\/sl\/wp-json\/wp\/v2\/types\/page"}],"author":[{"embeddable":true,"href":"https:\/\/azurefilm.com\/sl\/wp-json\/wp\/v2\/users\/1"}],"replies":[{"embeddable":true,"href":"https:\/\/azurefilm.com\/sl\/wp-json\/wp\/v2\/comments?post=36930"}],"version-history":[{"count":0,"href":"https:\/\/azurefilm.com\/sl\/wp-json\/wp\/v2\/pages\/36930\/revisions"}],"wp:attachment":[{"href":"https:\/\/azurefilm.com\/sl\/wp-json\/wp\/v2\/media?parent=36930"}],"curies":[{"name":"wp","href":"https:\/\/api.w.org\/{rel}","templated":true}]}}