
{"id":47821,"date":"2024-10-16T10:40:20","date_gmt":"2024-10-16T10:40:20","guid":{"rendered":"https:\/\/azurefilm.com\/win-a-new-printer\/"},"modified":"2024-10-16T11:07:33","modified_gmt":"2024-10-16T11:07:33","slug":"osvoji-3d-tiskalnik","status":"publish","type":"page","link":"https:\/\/azurefilm.com\/sl\/osvoji-3d-tiskalnik\/","title":{"rendered":"Osvoji 3D tiskalnik"},"content":{"rendered":"<h1><strong>Pravila za \u017erebanje nagrade za &#8220;Izpolni anketo in osvoji nov tiskalnik&#8221;<\/strong><\/h1>\n<h4><strong>Organizator<\/strong><\/h4>\n<p>\u017drebanje nagrade organizira AzureFilm.<\/p>\n<h4><strong>Ustreznost<\/strong><\/h4>\n<p>\u017drebanje nagrade je odprto za posameznike, ki so prebivalci Evropske unije (EU). Nagrada se lahko po\u0161lje le na naslove znotraj EU.<\/p>\n<h4><strong>Obdobje sodelovanja<\/strong><\/h4>\n<p>\u017drebanje nagrad se za\u010dne 16. oktobra 2024 in kon\u010da 15. novembra 2024 ob 12:00 (opoldne). Odgovori, prejeti po tem \u010dasu, ne bodo upo\u0161tevani.<\/p>\n<h4><strong>Kako sodelovati<\/strong><\/h4>\n<p>Za sodelovanje<strong><a href=\"https:\/\/docs.google.com\/forms\/d\/e\/1FAIpQLScCS_Lpe1iZkke2PrHZhBaB4_9-6bQzOdUvWbyMgv0hZkSDzQ\/viewform?usp=sf_link\" target=\"_blank\" rel=\"noopener\"> izpolnite anketo <\/a><\/strong>in posredujte veljaven e-po\u0161tni naslov. Vsak udele\u017eenec se ob oddaji avtomatsko vklju\u010di v \u017erebanje nagrad.<\/p>\n<h4><strong>Nagrada<\/strong><\/h4>\n<p>Eden sre\u010dne\u017e bo prejel Creality Ender 3 V3 SE in PETG 3-pack Basic.<\/p>\n<h4><strong>Izbor zmagovalca<\/strong><\/h4>\n<p>Zmagovalec bo naklju\u010dno izbran med vsemi upravi\u010denimi prijavami. \u017drebanje bo potekalo 15. novembra 2024 ob 12:00.<\/p>\n<h4><strong>Obvestilo o zmagovalcu<\/strong><\/h4>\n<p>Zmagovalec bo obve\u0161\u010den po e-po\u0161ti v roku 3 delovnih dneh po \u017erebanju. \u010ce se zmagovalec ne odzove v 2 delovnih dneh, bo izbran nov zmagovalec.<\/p>\n<h4><strong>Dostava nagrade<\/strong><\/h4>\n<p>Nagrada bo zmagovalcu poslana brezpla\u010dno, vendar le na naslov v Evropski uniji. Podrobnosti o po\u0161iljanju bodo usklajene po e-po\u0161ti, potem ko bo zmagovalec potrjen.<\/p>\n<h4><strong>Zasebnost<\/strong><\/h4>\n<p>Udele\u017eenci morajo za sodelovanje v \u017erebanju nagrad posredovati veljaven e-po\u0161tni naslov. Vsi zbrani osebni podatki, vklju\u010dno z e-po\u0161tnimi naslovi, se bodo uporabili izklju\u010dno za upravljanje \u017erebanja nagrad in ne bodo deljeni s tretjimi osebami. Z oddajo svojega e-po\u0161tnega naslova se strinjate, da boste prejeli promocijsko vsebino od AzureFilm. Odjavite se lahko kadarkoli.<\/p>\n<h4><strong>Splo\u0161ni pogoji<\/strong><\/h4>\n<p>AzureFilm si pridr\u017euje pravico, da kadarkoli brez predhodnega obvestila prekli\u010de ali spremeni \u017erebanje nagrad. Odlo\u010ditev organizatorja je dokon\u010dna in zavezujo\u010da.<\/p>\n<p><strong><a href=\"https:\/\/docs.google.com\/forms\/d\/e\/1FAIpQLScCS_Lpe1iZkke2PrHZhBaB4_9-6bQzOdUvWbyMgv0hZkSDzQ\/viewform?usp=sf_link\" target=\"_blank\" rel=\"noopener\">Povezava do ankete\u00a0<\/a><\/strong><\/p>\n","protected":false},"excerpt":{"rendered":"<p>Pravila za \u017erebanje nagrade za &#8220;Izpolni anketo in osvoji nov tiskalnik&#8221; Organizator \u017drebanje nagrade organizira AzureFilm. Ustreznost \u017drebanje nagrade je odprto za posameznike, ki so prebivalci Evropske unije (EU). Nagrada se lahko po\u0161lje le na naslove znotraj EU. Obdobje sodelovanja \u017drebanje nagrad se za\u010dne 16. oktobra 2024 in kon\u010da 15. novembra 2024 ob 12:00 (opoldne). [&#8230;]\n","protected":false},"author":11,"featured_media":0,"parent":0,"menu_order":0,"comment_status":"closed","ping_status":"closed","template":"","meta":{"_acf_changed":false,"footnotes":""},"class_list":["post-47821","page","type-page","status-publish","hentry"],"acf":[],"_links":{"self":[{"href":"https:\/\/azurefilm.com\/sl\/wp-json\/wp\/v2\/pages\/47821","targetHints":{"allow":["GET"]}}],"collection":[{"href":"https:\/\/azurefilm.com\/sl\/wp-json\/wp\/v2\/pages"}],"about":[{"href":"https:\/\/azurefilm.com\/sl\/wp-json\/wp\/v2\/types\/page"}],"author":[{"embeddable":true,"href":"https:\/\/azurefilm.com\/sl\/wp-json\/wp\/v2\/users\/11"}],"replies":[{"embeddable":true,"href":"https:\/\/azurefilm.com\/sl\/wp-json\/wp\/v2\/comments?post=47821"}],"version-history":[{"count":0,"href":"https:\/\/azurefilm.com\/sl\/wp-json\/wp\/v2\/pages\/47821\/revisions"}],"wp:attachment":[{"href":"https:\/\/azurefilm.com\/sl\/wp-json\/wp\/v2\/media?parent=47821"}],"curies":[{"name":"wp","href":"https:\/\/api.w.org\/{rel}","templated":true}]}}