
{"id":68214,"date":"2024-12-24T10:34:17","date_gmt":"2024-12-24T10:34:17","guid":{"rendered":"https:\/\/azurefilm.com\/3d-printing-profiles\/"},"modified":"2025-01-08T05:21:53","modified_gmt":"2025-01-08T05:21:53","slug":"profili-za-3d-tiskanje","status":"publish","type":"page","link":"https:\/\/azurefilm.com\/sl\/profili-za-3d-tiskanje\/","title":{"rendered":"Profili za 3D tiskanje z AzureFilm filamenti"},"content":{"rendered":"<p>Pri AzureFilm se zavedamo pomena doseganja zanesljivih in visokokakovostnih rezultatov pri va\u0161ih projektih 3D tiskanja, zato smo ustvarili optimizirane profile, prilagojene na\u0161im filamentom. Na spodnjem seznamu izberite kombinacijo filamenta in tiskalnika, prenesite profil in u\u017eivajte v tiskanju brez napora z nastavitvami, prilagojenimi na\u0161im materialom.<\/p>\n","protected":false},"excerpt":{"rendered":"<p>Pri AzureFilm se zavedamo pomena doseganja zanesljivih in visokokakovostnih rezultatov pri va\u0161ih projektih 3D tiskanja, zato smo ustvarili optimizirane profile, prilagojene na\u0161im filamentom. Na spodnjem seznamu izberite kombinacijo filamenta in tiskalnika, prenesite profil in u\u017eivajte v tiskanju brez napora z nastavitvami, prilagojenimi na\u0161im materialom.<\/p>\n","protected":false},"author":1,"featured_media":0,"parent":0,"menu_order":0,"comment_status":"closed","ping_status":"closed","template":"page-3d-profiles.php","meta":{"_acf_changed":false,"footnotes":""},"class_list":["post-68214","page","type-page","status-publish","hentry"],"acf":[],"_links":{"self":[{"href":"https:\/\/azurefilm.com\/sl\/wp-json\/wp\/v2\/pages\/68214","targetHints":{"allow":["GET"]}}],"collection":[{"href":"https:\/\/azurefilm.com\/sl\/wp-json\/wp\/v2\/pages"}],"about":[{"href":"https:\/\/azurefilm.com\/sl\/wp-json\/wp\/v2\/types\/page"}],"author":[{"embeddable":true,"href":"https:\/\/azurefilm.com\/sl\/wp-json\/wp\/v2\/users\/1"}],"replies":[{"embeddable":true,"href":"https:\/\/azurefilm.com\/sl\/wp-json\/wp\/v2\/comments?post=68214"}],"version-history":[{"count":0,"href":"https:\/\/azurefilm.com\/sl\/wp-json\/wp\/v2\/pages\/68214\/revisions"}],"wp:attachment":[{"href":"https:\/\/azurefilm.com\/sl\/wp-json\/wp\/v2\/media?parent=68214"}],"curies":[{"name":"wp","href":"https:\/\/api.w.org\/{rel}","templated":true}]}}