
{"id":100802,"date":"2025-11-26T08:55:31","date_gmt":"2025-11-26T08:55:31","guid":{"rendered":"https:\/\/azurefilm.com\/?post_type=product&#038;p=100802"},"modified":"2026-02-12T22:07:38","modified_gmt":"2026-02-12T22:07:38","slug":"tpu-flexible-95a-white","status":"publish","type":"product","link":"https:\/\/azurefilm.com\/sl\/izdelek\/tpu-flexible-95a-white\/","title":{"rendered":"TPU Flexible 95A White"},"content":{"rendered":"<h2><b>Flexible 95A<\/b><b><br \/>\n<\/b><\/h2>\n<p><span style=\"font-weight: 400;\">Filamenti Flexible 95A so izdelani iz <\/span><b>TPU-ja<\/b><span style=\"font-weight: 400;\"> (termoplasti\u010dni poliuretan) in imajo izrazite fleksibilne lastnosti. V primerjavi s tr\u0161imi TPU-ji je 95A <\/span><b>mehkej\u0161i, bolj elasti\u010den in ponuja odli\u010dno fleksibilnost<\/b><span style=\"font-weight: 400;\">. Idealen je za dele, ki se morajo upogibati, raztezati, stiskati ali bla\u017eiti udarce, hkrati pa ostati trpe\u017eni. Pogoste uporabe vklju\u010dujejo etuije za telefone, tesnila, odbija\u010de, ro\u010daje, za\u0161\u010ditne prevleke, igra\u010de ter razli\u010dne gospodinjske in avtomobilske komponente.<\/span><\/p>\n<p><span style=\"font-weight: 400;\">Fleksibilni filamenti so razvr\u0161\u010deni po <\/span><b>Shore lestvici trdote<\/b><span style=\"font-weight: 400;\">, ki sega od 0 do 100 in je razdeljena na kategorije, kot sta Shore A in Shore D. Ni\u017eja \u0161tevilka pomeni mehkej\u0161i in bolj upogljiv material. TPU s trdoto 95A je podoben \u010dvrsti gumi \u2014 fleksibilen, upogljiv in dovolj mo\u010dan, da ohrani obliko pod obremenitvijo.<\/span><\/p>\n<p><b>Opozorilo:<\/b><span style=\"font-weight: 400;\"> \u010ce med tiskanjem sli\u0161ite pokanje ali prasketanje, je filament vpil vlago. Pred uporabo ga osu\u0161ite za najbolj\u0161e rezultate. Priporo\u010dljiva je uporaba su\u0161ilne \u0161katle za filament.<\/span><\/p>\n<p>&nbsp;<\/p>\n<h2 style=\"font-size: 23.04px;\"><b><img decoding=\"async\" class=\"size-medium wp-image-17898 alignnone\" src=\"https:\/\/azurefilm.com\/wp-content\/uploads\/2023\/10\/Flexible-filament-table.jpg\" alt=\" width=\" height=\"400\" title=\"\"><\/b><\/h2>\n<h3><b>Priporo\u010dila za tisk:<\/b><\/h3>\n<ul>\n<li style=\"font-weight: 400;\" aria-level=\"1\"><span style=\"font-weight: 400;\">Za najbolj\u0161e rezultate tiskajte pri 220\u2013240 \u00b0C.<\/span><span style=\"font-weight: 400;\"><br \/>\n<\/span><\/li>\n<li style=\"font-weight: 400;\" aria-level=\"1\"><span style=\"font-weight: 400;\">Priporo\u010dena temperatura delovne povr\u0161ine je 40\u201360 \u00b0C.<\/span><span style=\"font-weight: 400;\"><br \/>\n<\/span><\/li>\n<li style=\"font-weight: 400;\" aria-level=\"1\"><span style=\"font-weight: 400;\">Tiskajte po\u010dasi, s hitrostjo 10\u201330 mm\/s.<\/span><span style=\"font-weight: 400;\"><br \/>\n<\/span><\/li>\n<li style=\"font-weight: 400;\" aria-level=\"1\"><span style=\"font-weight: 400;\">Uporabite stekleno podlago, PEI plo\u0161\u010do, Kapton ali modri trak, skupaj s 3Dlac sprejem.<\/span><\/li>\n<\/ul>\n<p><i><span style=\"font-weight: 400;\">Idealna temperatura se lahko razlikuje glede na tiskalnik.<\/span><\/i><\/p>\n<p><span style=\"font-weight: 400;\">Tukaj lahko dostopate do <a href=\"https:\/\/azurefilm.com\/sl\/technical-data-sheets\/\" target=\"_blank\" rel=\"noopener\"><strong> tehni\u010dnega lista<\/strong><\/a>.<\/span><\/p>\n","protected":false},"excerpt":{"rendered":"<p><span style=\"font-weight: 400;\">TPU Flexible 95A White: popolno ravnovesje mehkobe in trdnosti z gumijasto fleksibilnostjo za dele, ki se morajo upogibati, stiskati in dolgo zdr\u017eati.<\/span><\/p>\n","protected":false},"featured_media":101967,"comment_status":"closed","ping_status":"closed","template":"","meta":{"_acf_changed":false},"product_brand":[],"product_cat":[2823,659,667,661],"product_tag":[],"brand":[823],"class_list":{"0":"post-100802","1":"product","2":"type-product","3":"status-publish","4":"has-post-thumbnail","6":"product_cat-tpu-95a","7":"product_cat-3d-filamenti","8":"product_cat-fleksibilni-tpu-filament","9":"product_cat-vsi-filamenti","10":"pa_colour-bela","11":"pa_filament-diameter-1-75mm-sl","12":"pa_filament-weight-1000g-sl","13":"brand-azurefilm-sl","15":"first","16":"outofstock","17":"taxable","18":"shipping-taxable","19":"purchasable","20":"product-type-variable","21":"has-default-attributes"},"acf":[],"_links":{"self":[{"href":"https:\/\/azurefilm.com\/sl\/wp-json\/wp\/v2\/product\/100802","targetHints":{"allow":["GET"]}}],"collection":[{"href":"https:\/\/azurefilm.com\/sl\/wp-json\/wp\/v2\/product"}],"about":[{"href":"https:\/\/azurefilm.com\/sl\/wp-json\/wp\/v2\/types\/product"}],"replies":[{"embeddable":true,"href":"https:\/\/azurefilm.com\/sl\/wp-json\/wp\/v2\/comments?post=100802"}],"wp:featuredmedia":[{"embeddable":true,"href":"https:\/\/azurefilm.com\/sl\/wp-json\/wp\/v2\/media\/101967"}],"wp:attachment":[{"href":"https:\/\/azurefilm.com\/sl\/wp-json\/wp\/v2\/media?parent=100802"}],"wp:term":[{"taxonomy":"product_brand","embeddable":true,"href":"https:\/\/azurefilm.com\/sl\/wp-json\/wp\/v2\/product_brand?post=100802"},{"taxonomy":"product_cat","embeddable":true,"href":"https:\/\/azurefilm.com\/sl\/wp-json\/wp\/v2\/product_cat?post=100802"},{"taxonomy":"product_tag","embeddable":true,"href":"https:\/\/azurefilm.com\/sl\/wp-json\/wp\/v2\/product_tag?post=100802"},{"taxonomy":"brand","embeddable":true,"href":"https:\/\/azurefilm.com\/sl\/wp-json\/wp\/v2\/brand?post=100802"}],"curies":[{"name":"wp","href":"https:\/\/api.w.org\/{rel}","templated":true}]}}