
{"id":102622,"date":"2025-12-16T08:29:18","date_gmt":"2025-12-16T08:29:18","guid":{"rendered":"https:\/\/azurefilm.com\/?post_type=product&#038;p=102622"},"modified":"2025-12-16T08:30:54","modified_gmt":"2025-12-16T08:30:54","slug":"azurefilm-varsity-hoodie-bordeaux-red","status":"publish","type":"product","link":"https:\/\/azurefilm.com\/sl\/izdelek\/azurefilm-varsity-hoodie-bordeaux-red\/","title":{"rendered":"AzureFilm Varsity Hoodie Bordeaux Red"},"content":{"rendered":"<p><span style=\"font-weight: 400;\">Izstopajte z <\/span><b>AzureFilm Varsity hoodijem v Bordeaux Red barvi<\/b><span style=\"font-weight: 400;\">. Ustvarjen za vse, ki cenijo udobje in stil, zdru\u017euje klasi\u010den varsity videz z mehkim, visokokakovostnim materialom.<\/span><\/p>\n<p><span style=\"font-weight: 400;\">Zaradi trpe\u017enega \u0161iva, udobnega prileganja in prepoznavnega AzureFilm potiska je idealen za spro\u0161\u010dene izlete, ustvarjalno delo ali preprosto udobno pre\u017eivljanje prostega \u010dasa. Bogata barva doda izrazit pridih vsakemu outfitu, zato je nepogre\u0161ljiv kos v va\u0161i lifestyle garderobi.<\/span><\/p>\n\n  \n    <div class=\"row large-columns-4 medium-columns-3 small-columns-2\" >\n  <div class=\"gallery-col col\" >\n          <div class=\"col-inner\">\n            <a class=\"image-lightbox lightbox-gallery\" href=\"https:\/\/azurefilm.com\/wp-content\/uploads\/2025\/12\/hoodie-navy-blue-font-lifestyle-azurefilm-1024x1024.jpg\" title=\"\">            <div class=\"box has-hover gallery-box box-overlay dark\">\n              <div class=\"box-image\" >\n                <img loading=\"lazy\" decoding=\"async\" width=\"300\" height=\"300\" src=\"https:\/\/azurefilm.com\/wp-content\/uploads\/2025\/12\/hoodie-navy-blue-font-lifestyle-azurefilm-300x300.jpg\" class=\"attachment-medium size-medium\" alt=\"\" ids=\"102602,102603,102604,102605\" srcset=\"https:\/\/azurefilm.com\/wp-content\/uploads\/2025\/12\/hoodie-navy-blue-font-lifestyle-azurefilm-300x300.jpg 300w, https:\/\/azurefilm.com\/wp-content\/uploads\/2025\/12\/hoodie-navy-blue-font-lifestyle-azurefilm-scaled-274x274.jpg 274w, https:\/\/azurefilm.com\/wp-content\/uploads\/2025\/12\/hoodie-navy-blue-font-lifestyle-azurefilm-scaled-100x100.jpg 100w, https:\/\/azurefilm.com\/wp-content\/uploads\/2025\/12\/hoodie-navy-blue-font-lifestyle-azurefilm-scaled-510x510.jpg 510w, https:\/\/azurefilm.com\/wp-content\/uploads\/2025\/12\/hoodie-navy-blue-font-lifestyle-azurefilm-1024x1024.jpg 1024w, https:\/\/azurefilm.com\/wp-content\/uploads\/2025\/12\/hoodie-navy-blue-font-lifestyle-azurefilm-150x150.jpg 150w, https:\/\/azurefilm.com\/wp-content\/uploads\/2025\/12\/hoodie-navy-blue-font-lifestyle-azurefilm-768x768.jpg 768w, https:\/\/azurefilm.com\/wp-content\/uploads\/2025\/12\/hoodie-navy-blue-font-lifestyle-azurefilm-1536x1536.jpg 1536w, https:\/\/azurefilm.com\/wp-content\/uploads\/2025\/12\/hoodie-navy-blue-font-lifestyle-azurefilm-2048x2048.jpg 2048w\" sizes=\"auto, (max-width: 300px) 100vw, 300px\" title=\"\">                                  <div class=\"overlay fill\"\n                      style=\"background-color: rgba(0,0,0,.15)\">\n                  <\/div>\n                                                              <\/div>\n              <div class=\"box-text text-left\" >\n                 <p><\/p>\n              <\/div>\n            <\/div>\n            <\/a>          <\/div>\n         <\/div><div class=\"gallery-col col\" >\n          <div class=\"col-inner\">\n            <a class=\"image-lightbox lightbox-gallery\" href=\"https:\/\/azurefilm.com\/wp-content\/uploads\/2025\/12\/hoodie-navy-blue-Lifestyle-pickup-azurefilm-1024x1024.jpg\" title=\"\">            <div class=\"box has-hover gallery-box box-overlay dark\">\n              <div class=\"box-image\" >\n                <img loading=\"lazy\" decoding=\"async\" width=\"300\" height=\"300\" src=\"https:\/\/azurefilm.com\/wp-content\/uploads\/2025\/12\/hoodie-navy-blue-Lifestyle-pickup-azurefilm-300x300.jpg\" class=\"attachment-medium size-medium\" alt=\"\" ids=\"102602,102603,102604,102605\" srcset=\"https:\/\/azurefilm.com\/wp-content\/uploads\/2025\/12\/hoodie-navy-blue-Lifestyle-pickup-azurefilm-300x300.jpg 300w, https:\/\/azurefilm.com\/wp-content\/uploads\/2025\/12\/hoodie-navy-blue-Lifestyle-pickup-azurefilm-scaled-274x274.jpg 274w, https:\/\/azurefilm.com\/wp-content\/uploads\/2025\/12\/hoodie-navy-blue-Lifestyle-pickup-azurefilm-scaled-100x100.jpg 100w, https:\/\/azurefilm.com\/wp-content\/uploads\/2025\/12\/hoodie-navy-blue-Lifestyle-pickup-azurefilm-scaled-510x510.jpg 510w, https:\/\/azurefilm.com\/wp-content\/uploads\/2025\/12\/hoodie-navy-blue-Lifestyle-pickup-azurefilm-1024x1024.jpg 1024w, https:\/\/azurefilm.com\/wp-content\/uploads\/2025\/12\/hoodie-navy-blue-Lifestyle-pickup-azurefilm-150x150.jpg 150w, https:\/\/azurefilm.com\/wp-content\/uploads\/2025\/12\/hoodie-navy-blue-Lifestyle-pickup-azurefilm-768x768.jpg 768w, https:\/\/azurefilm.com\/wp-content\/uploads\/2025\/12\/hoodie-navy-blue-Lifestyle-pickup-azurefilm-1536x1536.jpg 1536w, https:\/\/azurefilm.com\/wp-content\/uploads\/2025\/12\/hoodie-navy-blue-Lifestyle-pickup-azurefilm-2048x2048.jpg 2048w\" sizes=\"auto, (max-width: 300px) 100vw, 300px\" title=\"\">                                  <div class=\"overlay fill\"\n                      style=\"background-color: rgba(0,0,0,.15)\">\n                  <\/div>\n                                                              <\/div>\n              <div class=\"box-text text-left\" >\n                 <p><\/p>\n              <\/div>\n            <\/div>\n            <\/a>          <\/div>\n         <\/div><div class=\"gallery-col col\" >\n          <div class=\"col-inner\">\n            <a class=\"image-lightbox lightbox-gallery\" href=\"https:\/\/azurefilm.com\/wp-content\/uploads\/2025\/12\/hoodie-navy-blue-Lifestyle-spool-azurefilm-1024x1024.jpg\" title=\"\">            <div class=\"box has-hover gallery-box box-overlay dark\">\n              <div class=\"box-image\" >\n                <img loading=\"lazy\" decoding=\"async\" width=\"300\" height=\"300\" src=\"https:\/\/azurefilm.com\/wp-content\/uploads\/2025\/12\/hoodie-navy-blue-Lifestyle-spool-azurefilm-300x300.jpg\" class=\"attachment-medium size-medium\" alt=\"\" ids=\"102602,102603,102604,102605\" srcset=\"https:\/\/azurefilm.com\/wp-content\/uploads\/2025\/12\/hoodie-navy-blue-Lifestyle-spool-azurefilm-300x300.jpg 300w, https:\/\/azurefilm.com\/wp-content\/uploads\/2025\/12\/hoodie-navy-blue-Lifestyle-spool-azurefilm-scaled-274x274.jpg 274w, https:\/\/azurefilm.com\/wp-content\/uploads\/2025\/12\/hoodie-navy-blue-Lifestyle-spool-azurefilm-scaled-100x100.jpg 100w, https:\/\/azurefilm.com\/wp-content\/uploads\/2025\/12\/hoodie-navy-blue-Lifestyle-spool-azurefilm-scaled-510x510.jpg 510w, https:\/\/azurefilm.com\/wp-content\/uploads\/2025\/12\/hoodie-navy-blue-Lifestyle-spool-azurefilm-1024x1024.jpg 1024w, https:\/\/azurefilm.com\/wp-content\/uploads\/2025\/12\/hoodie-navy-blue-Lifestyle-spool-azurefilm-150x150.jpg 150w, https:\/\/azurefilm.com\/wp-content\/uploads\/2025\/12\/hoodie-navy-blue-Lifestyle-spool-azurefilm-768x768.jpg 768w, https:\/\/azurefilm.com\/wp-content\/uploads\/2025\/12\/hoodie-navy-blue-Lifestyle-spool-azurefilm-1536x1536.jpg 1536w, https:\/\/azurefilm.com\/wp-content\/uploads\/2025\/12\/hoodie-navy-blue-Lifestyle-spool-azurefilm-2048x2048.jpg 2048w\" sizes=\"auto, (max-width: 300px) 100vw, 300px\" title=\"\">                                  <div class=\"overlay fill\"\n                      style=\"background-color: rgba(0,0,0,.15)\">\n                  <\/div>\n                                                              <\/div>\n              <div class=\"box-text text-left\" >\n                 <p><\/p>\n              <\/div>\n            <\/div>\n            <\/a>          <\/div>\n         <\/div><div class=\"gallery-col col\" >\n          <div class=\"col-inner\">\n            <a class=\"image-lightbox lightbox-gallery\" href=\"https:\/\/azurefilm.com\/wp-content\/uploads\/2025\/12\/hoodie-navy-blue-side-lifestyle-azurefilm-1024x1024.jpg\" title=\"\">            <div class=\"box has-hover gallery-box box-overlay dark\">\n              <div class=\"box-image\" >\n                <img loading=\"lazy\" decoding=\"async\" width=\"300\" height=\"300\" src=\"https:\/\/azurefilm.com\/wp-content\/uploads\/2025\/12\/hoodie-navy-blue-side-lifestyle-azurefilm-300x300.jpg\" class=\"attachment-medium size-medium\" alt=\"\" ids=\"102602,102603,102604,102605\" srcset=\"https:\/\/azurefilm.com\/wp-content\/uploads\/2025\/12\/hoodie-navy-blue-side-lifestyle-azurefilm-300x300.jpg 300w, https:\/\/azurefilm.com\/wp-content\/uploads\/2025\/12\/hoodie-navy-blue-side-lifestyle-azurefilm-scaled-274x274.jpg 274w, https:\/\/azurefilm.com\/wp-content\/uploads\/2025\/12\/hoodie-navy-blue-side-lifestyle-azurefilm-scaled-100x100.jpg 100w, https:\/\/azurefilm.com\/wp-content\/uploads\/2025\/12\/hoodie-navy-blue-side-lifestyle-azurefilm-scaled-510x510.jpg 510w, https:\/\/azurefilm.com\/wp-content\/uploads\/2025\/12\/hoodie-navy-blue-side-lifestyle-azurefilm-1024x1024.jpg 1024w, https:\/\/azurefilm.com\/wp-content\/uploads\/2025\/12\/hoodie-navy-blue-side-lifestyle-azurefilm-150x150.jpg 150w, https:\/\/azurefilm.com\/wp-content\/uploads\/2025\/12\/hoodie-navy-blue-side-lifestyle-azurefilm-768x768.jpg 768w, https:\/\/azurefilm.com\/wp-content\/uploads\/2025\/12\/hoodie-navy-blue-side-lifestyle-azurefilm-1536x1536.jpg 1536w, https:\/\/azurefilm.com\/wp-content\/uploads\/2025\/12\/hoodie-navy-blue-side-lifestyle-azurefilm-2048x2048.jpg 2048w\" sizes=\"auto, (max-width: 300px) 100vw, 300px\" title=\"\">                                  <div class=\"overlay fill\"\n                      style=\"background-color: rgba(0,0,0,.15)\">\n                  <\/div>\n                                                              <\/div>\n              <div class=\"box-text text-left\" >\n                 <p><\/p>\n              <\/div>\n            <\/div>\n            <\/a>          <\/div>\n         <\/div><\/div>\n","protected":false},"excerpt":{"rendered":"<p><span style=\"font-weight: 400;\">Ostanite udobni in v stilu z AzureFilm Varsity hoodijem v Bordeaux Red barvi \u2013 popoln za ljubitelje udobja in ustvarjalnosti.<\/span><\/p>\n","protected":false},"featured_media":102665,"comment_status":"closed","ping_status":"closed","template":"","meta":{"_acf_changed":false},"product_brand":[],"product_cat":[2836,2831],"product_tag":[],"brand":[823],"class_list":{"0":"post-102622","1":"product","2":"type-product","3":"status-publish","4":"has-post-thumbnail","6":"product_cat-drugo","7":"product_cat-lifestyle","8":"brand-azurefilm-sl","10":"first","11":"instock","12":"taxable","13":"shipping-taxable","14":"purchasable","15":"product-type-variable"},"acf":[],"_links":{"self":[{"href":"https:\/\/azurefilm.com\/sl\/wp-json\/wp\/v2\/product\/102622","targetHints":{"allow":["GET"]}}],"collection":[{"href":"https:\/\/azurefilm.com\/sl\/wp-json\/wp\/v2\/product"}],"about":[{"href":"https:\/\/azurefilm.com\/sl\/wp-json\/wp\/v2\/types\/product"}],"replies":[{"embeddable":true,"href":"https:\/\/azurefilm.com\/sl\/wp-json\/wp\/v2\/comments?post=102622"}],"wp:featuredmedia":[{"embeddable":true,"href":"https:\/\/azurefilm.com\/sl\/wp-json\/wp\/v2\/media\/102665"}],"wp:attachment":[{"href":"https:\/\/azurefilm.com\/sl\/wp-json\/wp\/v2\/media?parent=102622"}],"wp:term":[{"taxonomy":"product_brand","embeddable":true,"href":"https:\/\/azurefilm.com\/sl\/wp-json\/wp\/v2\/product_brand?post=102622"},{"taxonomy":"product_cat","embeddable":true,"href":"https:\/\/azurefilm.com\/sl\/wp-json\/wp\/v2\/product_cat?post=102622"},{"taxonomy":"product_tag","embeddable":true,"href":"https:\/\/azurefilm.com\/sl\/wp-json\/wp\/v2\/product_tag?post=102622"},{"taxonomy":"brand","embeddable":true,"href":"https:\/\/azurefilm.com\/sl\/wp-json\/wp\/v2\/brand?post=102622"}],"curies":[{"name":"wp","href":"https:\/\/api.w.org\/{rel}","templated":true}]}}