
{"id":104684,"date":"2026-01-08T08:59:37","date_gmt":"2026-01-08T08:59:37","guid":{"rendered":"https:\/\/azurefilm.com\/?post_type=product&#038;p=104684"},"modified":"2026-02-10T10:30:22","modified_gmt":"2026-02-10T10:30:22","slug":"bambu-lab-h2c-combo-pro-pack","status":"publish","type":"product","link":"https:\/\/azurefilm.com\/sl\/izdelek\/bambu-lab-h2c-combo-pro-pack\/","title":{"rendered":"Bambu Lab H2C Combo BUNDLE"},"content":{"rendered":"<h2><b>Bambu Lab H2C Combo \u2013 3D tiskanje z ve\u010d materiali na novi ravni<\/b><\/h2>\n<p><span style=\"font-weight: 400;\">Bambu Lab H2C Combo nadgrajuje tisto, kar ustvarjalci cenijo pri H-seriji \u2014 <\/span><b>napredno tiskanje z ve\u010d materiali in barvami, natan\u010dnost ter pametna avtomatizacija<\/b><span style=\"font-weight: 400;\"> za profesionalno 3D tiskanje. S pomo\u010djo <\/span><b>inovativnega Vortek Hotend Change System<\/b><span style=\"font-weight: 400;\"> H2C omogo\u010da \u010distej\u0161e, u\u010dinkovitej\u0161e tiske z minimalnim odpadkom in izjemno fleksibilnostjo delovnega procesa.<\/span><\/p>\n<h3><b>Vortek\u2122 Hotend Change System \u2013 Nov standard za tiskanje z ve\u010d materiali<\/b><\/h3>\n<p><span style=\"font-weight: 400;\">Srce <\/span><b>Bambu Lab H2C Combo<\/b><span style=\"font-weight: 400;\"> je <\/span><b>Vortek\u2122 Hotend Change System<\/b><span style=\"font-weight: 400;\">, povsem nov pristop k tiskanju z ve\u010d materiali in barvami. Namesto obi\u010dajnega iztiskanja filamenta skozi eno \u0161obo, H2C <\/span><b>fizi\u010dno zamenja celoten hotend<\/b><span style=\"font-weight: 400;\"> \u2014 hitreje, \u010disteje in bistveno u\u010dinkoviteje.<\/span><\/p>\n<ul>\n<li style=\"font-weight: 400;\" aria-level=\"1\"><span style=\"font-weight: 400;\">Do <\/span><b>7 hotendov<\/b><span style=\"font-weight: 400;\"> (1 fiksni + do 6 zamenljivih) omogo\u010da resni\u010dno ve\u010d-materialno tiskanje brez kompromisov.<\/span><\/li>\n<li style=\"font-weight: 400;\" aria-level=\"1\"><b>Indukcijsko ogrevani hotendi<\/b><span style=\"font-weight: 400;\"> zagotavljajo ultra hitro segrevanje, natan\u010dno temperaturno kontrolo in brezsti\u010dni prenos energije.<\/span><\/li>\n<li style=\"font-weight: 400;\" aria-level=\"1\"><b>Skoraj ni\u010d odpadnega filamenta<\/b><span style=\"font-weight: 400;\"> v primerjavi s tradicionalnimi sistemi.<\/span><\/li>\n<li style=\"font-weight: 400;\" aria-level=\"1\"><b>Takoj\u0161nja zamenjava hotendov<\/b><span style=\"font-weight: 400;\"> ohranja kakovost tiska in zmanj\u0161uje \u010dase med materiali.<\/span><\/li>\n<\/ul>\n<p><span style=\"font-weight: 400;\">Vsak hotend je <\/span><b>samostojno kalibriran in avtomatsko poravnan<\/b><span style=\"font-weight: 400;\">, kar omogo\u010da zamenjavo materialov brez vpliva na natan\u010dnost, povr\u0161insko obdelavo ali dimenzijsko preciznost. H2C je idealen za kompleksne tiske, ki zdru\u017eujejo <\/span><b>rigidne in fleksibilne materiale, podporne filamentne materiale ali in\u017eenirske plastike<\/b><span style=\"font-weight: 400;\">.<\/span><\/p>\n<p><span style=\"font-weight: 400;\">Vortek ni le nadgradnja \u2013 je temeljna sprememba na\u010dina tiskanja z ve\u010d materiali.<\/span><\/p>\n<h3><b>Hitro, natan\u010dno in pripravljeno na vse materiale<\/b><\/h3>\n<p><span style=\"font-weight: 400;\">Visoko rigidna <\/span><b>CoreXY arhitektura<\/b><span style=\"font-weight: 400;\"> in <\/span><b>servo-krmiljen ekstruder<\/b><span style=\"font-weight: 400;\"> zagotavljata hitrost brez kompromisa pri natan\u010dnosti.<\/span><\/p>\n<ul>\n<li style=\"font-weight: 400;\" aria-level=\"1\"><span style=\"font-weight: 400;\">Visoke hitrosti tiskanja do ~<\/span><b>1.000\u202fmm\/s<\/b><span style=\"font-weight: 400;\"> in pospe\u0161ek do <\/span><b>20.000\u202fmm\/s\u00b2<\/b><\/li>\n<li style=\"font-weight: 400;\" aria-level=\"1\"><span style=\"font-weight: 400;\">Aktivno ogrevana komora<\/span><b> (~65\u202f\u00b0C)<\/b><span style=\"font-weight: 400;\"> in <\/span><b>maks. temperatura hotenda 350\u202f\u00b0C<\/b><span style=\"font-weight: 400;\"> omogo\u010data tiskanje tehni\u010dnih materialov<\/span><\/li>\n<li style=\"font-weight: 400;\" aria-level=\"1\"><span style=\"font-weight: 400;\">Napredna zdru\u017eljivost materialov \u2014 od PLA\/PETG do kompozitov in tehni\u010dnih polimerov<\/span><\/li>\n<\/ul>\n<h3><b>Nemoten delovni proces in raz\u0161irljivost<\/b><\/h3>\n<p><span style=\"font-weight: 400;\">V \u201cCombo\u201d paketu je vklju\u010den <\/span><b>AMS 2 Pro<\/b><span style=\"font-weight: 400;\"> za avtomatizirano upravljanje filamentov, ki omogo\u010da dolge tiske z ve\u010d materiali z podporo su\u0161enja. Sistem je raz\u0161irljiv do <\/span><b>24 filamentov<\/b><span style=\"font-weight: 400;\">, \u010de dodate dodatne AMS enote*.<\/span><\/p>\n<p><span style=\"font-weight: 400;\">*Laser modul in dodatki za rezanje so opcijski in niso vklju\u010deni v ta paket.<\/span><\/p>\n<h2><b>Tehni\u010dne specifikacije<\/b><\/h2>\n<ul>\n<li style=\"font-weight: 400;\" aria-level=\"1\"><span style=\"font-weight: 400;\">Tehnologija tiskanja: FDM (Fused Deposition Modeling)<\/span><\/li>\n<li style=\"font-weight: 400;\" aria-level=\"1\"><span style=\"font-weight: 400;\">Hotend sistem: Vortek\u2122 Hotend Change System (do 7 hotendov: 1 fiksni + do 6 zamenljivih)<\/span><\/li>\n<li style=\"font-weight: 400;\" aria-level=\"1\"><span style=\"font-weight: 400;\">Volumen:<\/span><span style=\"font-weight: 400;\"><br \/>\n<\/span><span style=\"font-weight: 400;\"> \u2013 En hotend: 325\u00d7320\u00d7325 mm<\/span><span style=\"font-weight: 400;\"><br \/>\n<\/span><span style=\"font-weight: 400;\"> \u2013 Dva hotenda: 300\u00d7320\u00d7325 mm<\/span><span style=\"font-weight: 400;\"><br \/>\n<\/span><span style=\"font-weight: 400;\"> \u2013 Kombiniran na\u010din: 330\u00d7320\u00d7325 mm<\/span><span style=\"font-weight: 400;\"><br \/>\n<\/span><\/li>\n<li style=\"font-weight: 400;\" aria-level=\"1\"><span style=\"font-weight: 400;\">Premer \u0161obe: 0,2 \/ 0,4 \/ 0,6 \/ 0,8 mm<\/span><\/li>\n<li style=\"font-weight: 400;\" aria-level=\"1\"><span style=\"font-weight: 400;\">Maksimalna temperatura \u0161obe: 350\u202f\u00b0C<\/span><\/li>\n<li style=\"font-weight: 400;\" aria-level=\"1\"><span style=\"font-weight: 400;\">Maksimalna temperatura grelne mize: 120\u202f\u00b0C<\/span><\/li>\n<li style=\"font-weight: 400;\" aria-level=\"1\"><span style=\"font-weight: 400;\">Komora: popolnoma zaprta, aktivno ogrevana (do ~65\u202f\u00b0C)<\/span><\/li>\n<li style=\"font-weight: 400;\" aria-level=\"1\"><span style=\"font-weight: 400;\">Premer filamenta: 1,75 mm<\/span><\/li>\n<li style=\"font-weight: 400;\" aria-level=\"1\"><span style=\"font-weight: 400;\">Najve\u010dja hitrost tiskanja: do 1.000 mm\/s<\/span><\/li>\n<li style=\"font-weight: 400;\" aria-level=\"1\"><span style=\"font-weight: 400;\">Najve\u010dji pospe\u0161ek: do 20.000 mm\/s\u00b2<\/span><\/li>\n<li style=\"font-weight: 400;\" aria-level=\"1\"><span style=\"font-weight: 400;\">Zdru\u017eljivost materialov: PLA, PETG, ABS, ASA, TPU, PA, PC, kompoziti in in\u017eenirski filamenti<\/span><\/li>\n<li style=\"font-weight: 400;\" aria-level=\"1\"><span style=\"font-weight: 400;\">Ekstrudirni sistem: Direct drive, servo-krmiljen<\/span><\/li>\n<li style=\"font-weight: 400;\" aria-level=\"1\"><span style=\"font-weight: 400;\">Upravljanje materialov: AMS 2 Pro vklju\u010deno (su\u0161enje filamenta in avtomatska menjava)<\/span><\/li>\n<li style=\"font-weight: 400;\" aria-level=\"1\"><span style=\"font-weight: 400;\">Raz\u0161irljivost AMS: do 24 filamentov (z dodatnimi AMS enotami)<\/span><\/li>\n<li style=\"font-weight: 400;\" aria-level=\"1\"><span style=\"font-weight: 400;\">Povezljivost: Wi-Fi, LAN, USB<\/span><\/li>\n<li style=\"font-weight: 400;\" aria-level=\"1\"><span style=\"font-weight: 400;\">Zaslon: touchscreen<\/span><\/li>\n<li style=\"font-weight: 400;\" aria-level=\"1\"><span style=\"font-weight: 400;\">Ohi\u0161je \/ okvir: visoko rigidna CoreXY konstrukcija<\/span><\/li>\n<li style=\"font-weight: 400;\" aria-level=\"1\"><span style=\"font-weight: 400;\">Dimenzije naprave: cca. 492 \u00d7 514 \u00d7 626 mm<\/span><\/li>\n<li style=\"font-weight: 400;\" aria-level=\"1\"><span style=\"font-weight: 400;\">Te\u017ea: cca. 32,5 kg<\/span><\/li>\n<li style=\"font-weight: 400;\" aria-level=\"1\"><span style=\"font-weight: 400;\">Laser modul: ni vklju\u010den<\/span><\/li>\n<\/ul>\n","protected":false},"excerpt":{"rendered":"<p><span style=\"font-weight: 400;\">Bambu Lab H2C Combo v kombinaciji s 4 kilogrami AzureFilm Refill filamentov in Master Spool 4-pack.<\/span><\/p>\n<p><span style=\"color: #ed1c24;\"><b>Pomembno: Laser in Cutting Modul sta opcijska. Na\u0161a ponudba H2C ne vklju\u010duje laserja.<\/b><\/span><\/p>\n","protected":false},"featured_media":104735,"comment_status":"closed","ping_status":"closed","template":"","meta":{"_acf_changed":false},"product_brand":[],"product_cat":[733,796,736,755,735,759],"product_tag":[],"brand":[829],"class_list":{"0":"post-104684","1":"product","2":"type-product","3":"status-publish","4":"has-post-thumbnail","6":"product_cat-3d-tiskalnik","7":"product_cat-bambu-lab","8":"product_cat-fdm-tiskalnik","9":"product_cat-posebni-paketi","10":"product_cat-vsi-3d-tiskalniki","11":"product_cat-znizano","12":"brand-bambu-lab-sl","14":"first","15":"instock","16":"sale","17":"featured","18":"taxable","19":"shipping-taxable","20":"purchasable","21":"product-type-variable"},"acf":[],"_links":{"self":[{"href":"https:\/\/azurefilm.com\/sl\/wp-json\/wp\/v2\/product\/104684","targetHints":{"allow":["GET"]}}],"collection":[{"href":"https:\/\/azurefilm.com\/sl\/wp-json\/wp\/v2\/product"}],"about":[{"href":"https:\/\/azurefilm.com\/sl\/wp-json\/wp\/v2\/types\/product"}],"replies":[{"embeddable":true,"href":"https:\/\/azurefilm.com\/sl\/wp-json\/wp\/v2\/comments?post=104684"}],"wp:featuredmedia":[{"embeddable":true,"href":"https:\/\/azurefilm.com\/sl\/wp-json\/wp\/v2\/media\/104735"}],"wp:attachment":[{"href":"https:\/\/azurefilm.com\/sl\/wp-json\/wp\/v2\/media?parent=104684"}],"wp:term":[{"taxonomy":"product_brand","embeddable":true,"href":"https:\/\/azurefilm.com\/sl\/wp-json\/wp\/v2\/product_brand?post=104684"},{"taxonomy":"product_cat","embeddable":true,"href":"https:\/\/azurefilm.com\/sl\/wp-json\/wp\/v2\/product_cat?post=104684"},{"taxonomy":"product_tag","embeddable":true,"href":"https:\/\/azurefilm.com\/sl\/wp-json\/wp\/v2\/product_tag?post=104684"},{"taxonomy":"brand","embeddable":true,"href":"https:\/\/azurefilm.com\/sl\/wp-json\/wp\/v2\/brand?post=104684"}],"curies":[{"name":"wp","href":"https:\/\/api.w.org\/{rel}","templated":true}]}}