
{"id":104855,"date":"2026-01-09T06:06:04","date_gmt":"2026-01-09T06:06:04","guid":{"rendered":"https:\/\/azurefilm.com\/?post_type=product&#038;p=104855"},"modified":"2026-02-10T10:31:27","modified_gmt":"2026-02-10T10:31:27","slug":"anycubic-kobra-s1-combo-pro-pack","status":"publish","type":"product","link":"https:\/\/azurefilm.com\/sl\/izdelek\/anycubic-kobra-s1-combo-pro-pack\/","title":{"rendered":"Anycubic Kobra S1 Combo BUNDLE"},"content":{"rendered":"<h2><b>Anycubic Kobra S1 Combo \u2013 hitro ve\u010dbarvno 3D tiskanje<\/b><\/h2>\n<p><span style=\"font-weight: 400;\">Anycubic Kobra S1 Combo je hiter, vsestranski in funkcijsko bogat 3D tiskalnik, namenjen ustvarjalcem, ki \u017eelijo <\/span><b>dinami\u010dne ve\u010dbarvne modele, napredno avtomatizacijo in zanesljivo delovanje \u017ee iz \u0161katle<\/b><span style=\"font-weight: 400;\">. Kombinacija <\/span><b>zaprtega okvirja CoreXY<\/b><span style=\"font-weight: 400;\">, visokohitrostnega sistema gibanja in <\/span><b>ACE Pro multi-filament system<\/b><span style=\"font-weight: 400;\"> omogo\u010da ustvarjanje \u017eivahnih, kompleksnih modelov s pametnimi kontrolami in profesionalnim na\u010dinom dela.<\/span><\/p>\n<h3><b>Hitro, stabilno, ve\u010dbarvno tiskanje<\/b><\/h3>\n<p><span style=\"font-weight: 400;\">Kobra S1 Combo podpira <\/span><b>4- ali 8-barvno tiskanje<\/b><span style=\"font-weight: 400;\"> z vklju\u010denim <\/span><b>ACE Pro multi-filament system<\/b><span style=\"font-weight: 400;\">, kar omogo\u010da ustvarjanje izjemnih ve\u010dbarvnih modelov brez ro\u010dne menjave filamenta. Njegova <\/span><b>popolnoma zaprta CoreXY struktura<\/b><span style=\"font-weight: 400;\"> zagotavlja togost in natan\u010dnost pri visokih hitrostih.<\/span><\/p>\n<ul>\n<li style=\"font-weight: 400;\" aria-level=\"1\"><span style=\"font-weight: 400;\">CoreXY sistem gibanja za stabilno, visokohitrostno tiskanje<\/span><\/li>\n<li style=\"font-weight: 400;\" aria-level=\"1\"><span style=\"font-weight: 400;\">Podpora 4- ali 8-barvnemu tiskanju (z ustreznimi filament hubs)<\/span><\/li>\n<li style=\"font-weight: 400;\" aria-level=\"1\"><span style=\"font-weight: 400;\">4,3\u2033 kapacitivni zaslon na dotik za enostavno lokalno upravljanje<\/span><\/li>\n<li style=\"font-weight: 400;\" aria-level=\"1\"><span style=\"font-weight: 400;\">HD video nadzor za sledenje tiskanju v realnem \u010dasu<\/span><\/li>\n<li style=\"font-weight: 400;\" aria-level=\"1\"><span style=\"font-weight: 400;\">Tiho delovanje: 44\u201346\u202fdB v Quiet na\u010dinu<\/span><\/li>\n<li style=\"font-weight: 400;\" aria-level=\"1\"><span style=\"font-weight: 400;\">Daljinski nadzor in Anycubic App za spremljanje in upravljanje<\/span><\/li>\n<\/ul>\n<h3><b>Pametna avtomatizacija in varnost<\/b><\/h3>\n<p><span style=\"font-weight: 400;\">Kobra S1 Combo vklju\u010duje tudi inteligentne funkcije, obi\u010dajno najdene v vi\u0161jih modelih \u2014 zmanj\u0161uje te\u017eave z niveliranjem in zagotavlja gladko tiskanje.<\/span><\/p>\n<ul>\n<li style=\"font-weight: 400;\" aria-level=\"1\"><span style=\"font-weight: 400;\">LeviQ 3.0 samodejno niveliranje + Z-offset<\/span><\/li>\n<li style=\"font-weight: 400;\" aria-level=\"1\"><span style=\"font-weight: 400;\">Nadaljevanje tiskanja po izpadu elektrike<\/span><\/li>\n<li style=\"font-weight: 400;\" aria-level=\"1\"><span style=\"font-weight: 400;\">Zaznavanje filamenta &amp; samodejno nadaljevanje pri zatikanju<\/span><\/li>\n<li style=\"font-weight: 400;\" aria-level=\"1\"><span style=\"font-weight: 400;\">AI spaghetti detection (opozorilo na napako\/tiskovno napako)<\/span><\/li>\n<li style=\"font-weight: 400;\" aria-level=\"1\"><span style=\"font-weight: 400;\">Object-skip &amp; area leveling support<\/span><\/li>\n<li style=\"font-weight: 400;\" aria-level=\"1\"><span style=\"font-weight: 400;\">Aktivni ogljikov filter za zmanj\u0161anje vonjav in \u010distej\u0161e delovno okolje<\/span><\/li>\n<\/ul>\n<h3><b>Materiali, hitrost in natan\u010dnost<\/b><\/h3>\n<p><span style=\"font-weight: 400;\">Zasnovan za \u0161irok spekter obi\u010dajnih materialov s hitrostjo in natan\u010dnostjo, Kobra S1 Combo odli\u010dno uravnote\u017ei ustvarjalno in funkcionalno tiskanje.<\/span><\/p>\n<h2><b>Tehni\u010dne specifikacije\u00a0<\/b><\/h2>\n<p><span style=\"font-weight: 400;\">Tehnologija tiskanja: FDM (Fused Deposition Modeling)<\/span><span style=\"font-weight: 400;\"><br \/>\n<\/span><span style=\"font-weight: 400;\">Hotend sistem: Quick-release all-metal hotend<\/span><span style=\"font-weight: 400;\"><br \/>\n<\/span><span style=\"font-weight: 400;\">Volumen: 250\u00d7250\u00d7250\u202fmm<\/span><span style=\"font-weight: 400;\"><br \/>\n<\/span><span style=\"font-weight: 400;\">Premer \u0161obe: 0,4\u202fmm (podpira 0,2 \/ 0,6 \/ 0,8\u202fmm)<\/span><span style=\"font-weight: 400;\"><br \/>\n<\/span><span style=\"font-weight: 400;\">Maksimalna temperatura \u0161obe: 320\u202f\u00b0C<\/span><span style=\"font-weight: 400;\"><br \/>\n<\/span><span style=\"font-weight: 400;\">Maksimalna temperatura ogrevanega dna: 120\u202f\u00b0C<\/span><span style=\"font-weight: 400;\"><br \/>\n<\/span><span style=\"font-weight: 400;\">Ekstruder: Direct drive z dvojno zobni\u0161ko prenosno razdaljo<\/span><span style=\"font-weight: 400;\"><br \/>\n<\/span><span style=\"font-weight: 400;\">Komora: Zaprt okvir CoreXY<\/span><span style=\"font-weight: 400;\"><br \/>\n<\/span><span style=\"font-weight: 400;\">Premer filamenta: 1,75\u202fmm<\/span><span style=\"font-weight: 400;\"><br \/>\n<\/span><span style=\"font-weight: 400;\">Maksimalna hitrost tiskanja: do 600\u202fmm\/s<\/span><span style=\"font-weight: 400;\"><br \/>\n<\/span><span style=\"font-weight: 400;\">Maksimalno pospe\u0161evanje: do 20.000\u202fmm\/s\u00b2<\/span><span style=\"font-weight: 400;\"><br \/>\n<\/span><span style=\"font-weight: 400;\">Kompatibilni materiali: PLA, PETG, TPU, ABS, ASA<\/span><span style=\"font-weight: 400;\"><br \/>\n<\/span><span style=\"font-weight: 400;\">Firmware: Kobra OS<\/span><span style=\"font-weight: 400;\"><br \/>\n<\/span><span style=\"font-weight: 400;\">Samodejno niveliranje: LeviQ 3.0 + podpora Z-offset<\/span><span style=\"font-weight: 400;\"><br \/>\n<\/span><span style=\"font-weight: 400;\">Senzorji: zaznavanje filamenta, zaznavanje zastoja, AI spaghetti detection<\/span><span style=\"font-weight: 400;\"><br \/>\n<\/span><span style=\"font-weight: 400;\">Nadaljevanje tiskanja po izpadu elektrike: da<\/span><span style=\"font-weight: 400;\"><br \/>\n<\/span><span style=\"font-weight: 400;\">Zaslon: 4,3\u2033 kapacitivni touchscreen<\/span><span style=\"font-weight: 400;\"><br \/>\n<\/span><span style=\"font-weight: 400;\">Raven hrupa: 44\u201346\u202fdB<\/span><span style=\"font-weight: 400;\"><br \/>\n<\/span><span style=\"font-weight: 400;\">Video nadzor: HD kamera (480P)<\/span><span style=\"font-weight: 400;\"><br \/>\n<\/span><span style=\"font-weight: 400;\">Zra\u010dno filtriranje: Aktivni ogljikov filter<\/span><span style=\"font-weight: 400;\"><br \/>\n<\/span><span style=\"font-weight: 400;\">Povezljivost: uporabni\u0161ki vmesnik tiskalnika, USB, Anycubic App (daljinski nadzor in spremljanje)<\/span><span style=\"font-weight: 400;\"><br \/>\n<\/span><span style=\"font-weight: 400;\">Te\u017ea naprave: ~18\u202fkg (tiskalnik), ~4,6\u202fkg (ACE Pro modul)<\/span><span style=\"font-weight: 400;\"><br \/>\n<\/span><span style=\"font-weight: 400;\">Dimenzije naprave: Tiskalnik: 400 \u00d7 410 \u00d7 490\u202fmm; ACE Pro: 365,94 \u00d7 282,84 \u00d7 234,5\u202fmm<\/span><span style=\"font-weight: 400;\"><br \/>\n<\/span><span style=\"font-weight: 400;\">Te\u017ea paketa: ~25,9\u202fkg<\/span><\/p>\n","protected":false},"excerpt":{"rendered":"<p><span style=\"font-weight: 400;\">Anycubic Kobra S1 Combo v kombinaciji s 4 kilogrami AzureFilm Refill filamentov in Master Spool 4-pack.<\/span><\/p>\n","protected":false},"featured_media":104788,"comment_status":"closed","ping_status":"closed","template":"","meta":{"_acf_changed":false},"product_brand":[],"product_cat":[733,1624,736,755,735,759],"product_tag":[],"brand":[2637],"class_list":{"0":"post-104855","1":"product","2":"type-product","3":"status-publish","4":"has-post-thumbnail","6":"product_cat-3d-tiskalnik","7":"product_cat-anycubic","8":"product_cat-fdm-tiskalnik","9":"product_cat-posebni-paketi","10":"product_cat-vsi-3d-tiskalniki","11":"product_cat-znizano","12":"brand-anycubic-sl","14":"first","15":"outofstock","16":"sale","17":"taxable","18":"shipping-taxable","19":"purchasable","20":"product-type-variable"},"acf":[],"_links":{"self":[{"href":"https:\/\/azurefilm.com\/sl\/wp-json\/wp\/v2\/product\/104855","targetHints":{"allow":["GET"]}}],"collection":[{"href":"https:\/\/azurefilm.com\/sl\/wp-json\/wp\/v2\/product"}],"about":[{"href":"https:\/\/azurefilm.com\/sl\/wp-json\/wp\/v2\/types\/product"}],"replies":[{"embeddable":true,"href":"https:\/\/azurefilm.com\/sl\/wp-json\/wp\/v2\/comments?post=104855"}],"wp:featuredmedia":[{"embeddable":true,"href":"https:\/\/azurefilm.com\/sl\/wp-json\/wp\/v2\/media\/104788"}],"wp:attachment":[{"href":"https:\/\/azurefilm.com\/sl\/wp-json\/wp\/v2\/media?parent=104855"}],"wp:term":[{"taxonomy":"product_brand","embeddable":true,"href":"https:\/\/azurefilm.com\/sl\/wp-json\/wp\/v2\/product_brand?post=104855"},{"taxonomy":"product_cat","embeddable":true,"href":"https:\/\/azurefilm.com\/sl\/wp-json\/wp\/v2\/product_cat?post=104855"},{"taxonomy":"product_tag","embeddable":true,"href":"https:\/\/azurefilm.com\/sl\/wp-json\/wp\/v2\/product_tag?post=104855"},{"taxonomy":"brand","embeddable":true,"href":"https:\/\/azurefilm.com\/sl\/wp-json\/wp\/v2\/brand?post=104855"}],"curies":[{"name":"wp","href":"https:\/\/api.w.org\/{rel}","templated":true}]}}