
{"id":112850,"date":"2026-03-30T09:23:43","date_gmt":"2026-03-30T09:23:43","guid":{"rendered":"https:\/\/azurefilm.com\/?post_type=product&#038;p=112850"},"modified":"2026-04-17T08:22:40","modified_gmt":"2026-04-17T08:22:40","slug":"pla-white","status":"publish","type":"product","link":"https:\/\/azurefilm.com\/sl\/izdelek\/pla-white\/","title":{"rendered":"PLA+ White"},"content":{"rendered":"<h2><strong>PLA+ \u2013 mo\u010dnej\u0161i, pametnej\u0161i, zanesljivej\u0161i<\/strong><\/h2>\n<p><b>PLA+ <\/b><span style=\"font-weight: 400;\">je izbolj\u0161an filament na osnovi PLA, zasnovan za <\/span><b>mo\u010dnej\u0161e, bolj vzdr\u017eljive in kakovostnej\u0161e tiske<\/b><span style=\"font-weight: 400;\">, ne da bi pri tem izgubil preprostost in zanesljivost, ki ju pri\u010dakujete od standardnega PLA. Zaradi optimizirane formulacije PLA+ izbolj\u0161uje medplastno oprijemljivost, zmanj\u0161uje krhkost in ustvarja gladko, rahlo matirano povr\u0161ino, ki va\u0161im 3D modelom daje dovr\u0161en videz.<\/span><\/p>\n<p><span style=\"font-weight: 400;\">\u010ce \u017eelite tiske, ki <\/span><b>trajajo dlje, bolje prena\u0161ajo obremenitve in delujejo profesionalno<\/b><span style=\"font-weight: 400;\">, je PLA+ odli\u010dna izbira za funkcionalne prototipe, mehanske dele, figurice in vsakodnevne uporabne predmete.<\/span><\/p>\n\n\t<section class=\"section pb-0\" id=\"section_461918851\">\n\t\t<div class=\"section-bg fill\" >\n\t\t\t\t\t\t\t\t\t<div class=\"section-bg-overlay absolute fill\"><\/div>\n\t\t\t\n\n\t\t<\/div>\n\n\t\t\n\n\t\t<div class=\"section-content relative\">\n\t\t\t\n<div class=\"row row-large align-middle\"  id=\"row-2119779665\">\n\n\t<div id=\"col-1698905751\" class=\"col medium-6 small-12 large-6\"  >\n\t\t\t\t<div class=\"col-inner text-left\"  >\n\t\t\t\n\t\t\t\n<h3><strong>Klju\u010dne lastnosti<\/strong><\/h3>\n<ul>\n<li style=\"font-weight: 400;\" aria-level=\"1\"><b>High-speed tiskanje <\/b><span style=\"font-weight: 400;\">\u2013 do 450 mm\/s<\/span><\/li>\n<li style=\"font-weight: 400;\" aria-level=\"1\"><b>Ve\u010dja trdnost in vzdr\u017eljivost<\/b><span style=\"font-weight: 400;\"> \u2013 bolje prena\u0161a upogibanje in obremenitve kot standardni PLA.<\/span><\/li>\n<li style=\"font-weight: 400;\" aria-level=\"1\"><b>Gladek, matiran videz<\/b><span style=\"font-weight: 400;\"> \u2013 omogo\u010da \u010diste plasti in profesionalen kon\u010dni rezultat.<\/span><\/li>\n<li style=\"font-weight: 400;\" aria-level=\"1\"><b>Zanesljivo iztiskanje<\/b><span style=\"font-weight: 400;\"> \u2013 zagotavlja dosledno tiskanje z minimalnim nitkanjem ali zvijanjem.<\/span><\/li>\n<li style=\"font-weight: 400;\" aria-level=\"1\"><b>Funkcionalen in vsestranski<\/b><span style=\"font-weight: 400;\"> \u2013 primeren za mehanske dele, prototipe, orodja in ustvarjalne projekte.<\/span><\/li>\n<li style=\"font-weight: 400;\" aria-level=\"1\"><b style=\"color: #555555;\">Okolju prijazna PLA osnova<\/b><span style=\"font-weight: 400;\"> \u2013 biorazgradljiv material iz obnovljivih virov.<\/span><\/li>\n<\/ul>\n\t\t<\/div>\n\t\t\t\t\t<\/div>\n\n\t\n\n\t<div id=\"col-543066488\" class=\"col medium-6 small-12 large-6\"  >\n\t\t\t\t<div class=\"col-inner\"  >\n\t\t\t\n\t\t\t\n\t<div class=\"img has-hover x md-x lg-x y md-y lg-y\" id=\"image_873577068\">\n\t\t\t\t\t\t\t\t<div class=\"img-inner dark\" >\n\t\t\t<img loading=\"lazy\" decoding=\"async\" width=\"1920\" height=\"1080\" src=\"https:\/\/azurefilm.com\/wp-content\/uploads\/2026\/03\/Perfect-Accuracy-Stable-Printing-Print-Performance.jpg\" class=\"attachment-original size-original\" alt=\"\" srcset=\"https:\/\/azurefilm.com\/wp-content\/uploads\/2026\/03\/Perfect-Accuracy-Stable-Printing-Print-Performance.jpg 1920w, https:\/\/azurefilm.com\/wp-content\/uploads\/2026\/03\/Perfect-Accuracy-Stable-Printing-Print-Performance-300x169.jpg 300w, https:\/\/azurefilm.com\/wp-content\/uploads\/2026\/03\/Perfect-Accuracy-Stable-Printing-Print-Performance-1024x576.jpg 1024w, https:\/\/azurefilm.com\/wp-content\/uploads\/2026\/03\/Perfect-Accuracy-Stable-Printing-Print-Performance-768x432.jpg 768w, https:\/\/azurefilm.com\/wp-content\/uploads\/2026\/03\/Perfect-Accuracy-Stable-Printing-Print-Performance-1536x864.jpg 1536w, https:\/\/azurefilm.com\/wp-content\/uploads\/2026\/03\/Perfect-Accuracy-Stable-Printing-Print-Performance-510x287.jpg 510w\" sizes=\"auto, (max-width: 1920px) 100vw, 1920px\" title=\"\">\t\t\t\t\t\t\n\t\t\t\t\t<\/div>\n\t\t\t\t\t\t\t\t\n<style>\n#image_873577068 {\n  width: 100%;\n}\n<\/style>\n\t<\/div>\n\t\n\t\t<\/div>\n\t\t\t\t\t<\/div>\n\n\t\n<\/div>\n\t\t<\/div>\n\n\t\t\n<style>\n#section_461918851 {\n  padding-top: 60px;\n  padding-bottom: 60px;\n  background-color: rgb(193, 193, 193);\n}\n#section_461918851 .section-bg-overlay {\n  background-color: rgba(255, 255, 255, 0.85);\n}\n<\/style>\n\t<\/section>\n\t\n\n\t<section class=\"section pb-0\" id=\"section_1626268179\">\n\t\t<div class=\"section-bg fill\" >\n\t\t\t\t\t\t\t\t\t<div class=\"section-bg-overlay absolute fill\"><\/div>\n\t\t\t\n\n\t\t<\/div>\n\n\t\t\n\n\t\t<div class=\"section-content relative\">\n\t\t\t\n<div class=\"row row-large align-middle\"  id=\"row-2116869673\">\n\n\t<div id=\"col-1752883573\" class=\"col medium-6 small-12 large-6\"  >\n\t\t\t\t<div class=\"col-inner text-left\"  >\n\t\t\t\n\t\t\t\n<h3><strong>Priporo\u010dila za tiskanje<\/strong><\/h3>\n<ul>\n<li style=\"font-weight: 400;\" aria-level=\"1\"><span style=\"font-weight: 400;\">Temperatura \u0161obe: 200\u2013230 \u00b0C<\/span><\/li>\n<li style=\"font-weight: 400;\" aria-level=\"1\"><span style=\"font-weight: 400;\">Temperatura mize: 50\u201370 \u00b0C (priporo\u010dena je ogrevana miza)<\/span><\/li>\n<li style=\"font-weight: 400;\" aria-level=\"1\"><span style=\"font-weight: 400;\">Hitrost tiskanja: 45\u2013120 mm\/s, odvisno od zahtevnosti modela<\/span><\/li>\n<li style=\"font-weight: 400;\" aria-level=\"1\"><span style=\"font-weight: 400;\">Pretok materiala: standardne nastavitve za PLA<\/span><\/li>\n<\/ul>\n<p><b>Opomba:<\/b><span style=\"font-weight: 400;\"> \u010ceprav PLA+ omogo\u010da enostavno tiskanje, podobno standardnemu PLA, bodo za natan\u010dno dimenzijsko to\u010dnost ali zelo detajlne modele morda potrebne manj\u0161e prilagoditve nastavitev.<\/span><\/p>\n\t\t<\/div>\n\t\t\t\t\t<\/div>\n\n\t\n\n\t<div id=\"col-513850689\" class=\"col medium-6 small-12 large-6\"  >\n\t\t\t\t<div class=\"col-inner\"  >\n\t\t\t\n\t\t\t\n\t<div class=\"img has-hover x md-x lg-x y md-y lg-y\" id=\"image_2044634257\">\n\t\t\t\t\t\t\t\t<div class=\"img-inner dark\" >\n\t\t\t<img loading=\"lazy\" decoding=\"async\" width=\"1920\" height=\"1080\" src=\"https:\/\/azurefilm.com\/wp-content\/uploads\/2026\/03\/Flexi-strength-aesthetic-reliable.jpg\" class=\"attachment-original size-original\" alt=\"\" srcset=\"https:\/\/azurefilm.com\/wp-content\/uploads\/2026\/03\/Flexi-strength-aesthetic-reliable.jpg 1920w, https:\/\/azurefilm.com\/wp-content\/uploads\/2026\/03\/Flexi-strength-aesthetic-reliable-300x169.jpg 300w, https:\/\/azurefilm.com\/wp-content\/uploads\/2026\/03\/Flexi-strength-aesthetic-reliable-1024x576.jpg 1024w, https:\/\/azurefilm.com\/wp-content\/uploads\/2026\/03\/Flexi-strength-aesthetic-reliable-768x432.jpg 768w, https:\/\/azurefilm.com\/wp-content\/uploads\/2026\/03\/Flexi-strength-aesthetic-reliable-1536x864.jpg 1536w, https:\/\/azurefilm.com\/wp-content\/uploads\/2026\/03\/Flexi-strength-aesthetic-reliable-510x287.jpg 510w\" sizes=\"auto, (max-width: 1920px) 100vw, 1920px\" title=\"\">\t\t\t\t\t\t\n\t\t\t\t\t<\/div>\n\t\t\t\t\t\t\t\t\n<style>\n#image_2044634257 {\n  width: 100%;\n}\n<\/style>\n\t<\/div>\n\t\n\t\t<\/div>\n\t\t\t\t\t<\/div>\n\n\t\n<\/div>\n\t\t<\/div>\n\n\t\t\n<style>\n#section_1626268179 {\n  padding-top: 60px;\n  padding-bottom: 60px;\n  background-color: rgb(193, 193, 193);\n}\n#section_1626268179 .section-bg-overlay {\n  background-color: rgba(255, 255, 255, 0.85);\n}\n<\/style>\n\t<\/section>\n\t\n\n\t<section class=\"section pb-0\" id=\"section_1249474832\">\n\t\t<div class=\"section-bg fill\" >\n\t\t\t\t\t\t\t\t\t<div class=\"section-bg-overlay absolute fill\"><\/div>\n\t\t\t\n\n\t\t<\/div>\n\n\t\t\n\n\t\t<div class=\"section-content relative\">\n\t\t\t\n<div class=\"row row-large align-middle\"  id=\"row-866956125\">\n\n\t<div id=\"col-2143965550\" class=\"col medium-6 small-12 large-6\"  >\n\t\t\t\t<div class=\"col-inner text-left\"  >\n\t\t\t\n\t\t\t\n<h3><strong>Uporaba<\/strong><\/h3>\n<p><span style=\"font-weight: 400;\">PLA+ je odli\u010dna izbira za projekte, pri katerih so pomembni <\/span><b>trdnost, zanesljivost in dovr\u0161en videz<\/b><span style=\"font-weight: 400;\">. Zaradi izbolj\u0161ane vzdr\u017eljivosti je idealen za funkcionalne prototipe, mehanske dele in vsakodnevna orodja, njegova gladka povr\u0161ina pa je popolna tudi za dekorativne tiske, miniature in zbirateljske modele.<\/span><\/p>\n<p><span style=\"font-weight: 400;\">Med tipi\u010dne uporabe sodijo:<\/span><\/p>\n<ul>\n<li style=\"font-weight: 400;\" aria-level=\"1\"><span style=\"font-weight: 400;\">funkcionalni prototipi, mehanski deli in orodja po meri<\/span><\/li>\n<li style=\"font-weight: 400;\" aria-level=\"1\"><span style=\"font-weight: 400;\">figurice, miniature in zbirateljski modeli z drobnimi detajli<\/span><\/li>\n<li style=\"font-weight: 400;\" aria-level=\"1\"><span style=\"font-weight: 400;\">gumbi, ohi\u0161ja in drugi uporabni predmeti<\/span><\/li>\n<li style=\"font-weight: 400;\" aria-level=\"1\"><span style=\"font-weight: 400;\">cosplay rekviziti in dekorativni elementi<\/span><\/li>\n<li style=\"font-weight: 400;\" aria-level=\"1\"><span style=\"font-weight: 400;\">pripomo\u010dki za dom in ustvarjalni DIY projekti<\/span><\/li>\n<\/ul>\n\t\t<\/div>\n\t\t\t\t\t<\/div>\n\n\t\n\n\t<div id=\"col-1125249369\" class=\"col medium-6 small-12 large-6\"  >\n\t\t\t\t<div class=\"col-inner\"  >\n\t\t\t\n\t\t\t\n\t<div class=\"img has-hover x md-x lg-x y md-y lg-y\" id=\"image_2067500836\">\n\t\t\t\t\t\t\t\t<div class=\"img-inner dark\" >\n\t\t\t<img loading=\"lazy\" decoding=\"async\" width=\"1920\" height=\"1080\" src=\"https:\/\/azurefilm.com\/wp-content\/uploads\/2026\/03\/Strength-PLA.jpg\" class=\"attachment-original size-original\" alt=\"\" srcset=\"https:\/\/azurefilm.com\/wp-content\/uploads\/2026\/03\/Strength-PLA.jpg 1920w, https:\/\/azurefilm.com\/wp-content\/uploads\/2026\/03\/Strength-PLA-300x169.jpg 300w, https:\/\/azurefilm.com\/wp-content\/uploads\/2026\/03\/Strength-PLA-1024x576.jpg 1024w, https:\/\/azurefilm.com\/wp-content\/uploads\/2026\/03\/Strength-PLA-768x432.jpg 768w, https:\/\/azurefilm.com\/wp-content\/uploads\/2026\/03\/Strength-PLA-1536x864.jpg 1536w, https:\/\/azurefilm.com\/wp-content\/uploads\/2026\/03\/Strength-PLA-510x287.jpg 510w\" sizes=\"auto, (max-width: 1920px) 100vw, 1920px\" title=\"\">\t\t\t\t\t\t\n\t\t\t\t\t<\/div>\n\t\t\t\t\t\t\t\t\n<style>\n#image_2067500836 {\n  width: 100%;\n}\n<\/style>\n\t<\/div>\n\t\n\t\t<\/div>\n\t\t\t\t\t<\/div>\n\n\t\n<\/div>\n\t\t<\/div>\n\n\t\t\n<style>\n#section_1249474832 {\n  padding-top: 60px;\n  padding-bottom: 60px;\n  background-color: rgb(193, 193, 193);\n}\n#section_1249474832 .section-bg-overlay {\n  background-color: rgba(255, 255, 255, 0.85);\n}\n<\/style>\n\t<\/section>\n\t\n","protected":false},"excerpt":{"rendered":"<p><span style=\"font-weight: 400;\">Kupite PLA+ White za mo\u010dnej\u0161e in bolj vzdr\u017eljive tiske z gladko, rahlo matirano povr\u0161ino. Popolna izbira za funkcionalne dele, prototipe, miniature in dekorativne izdelke.<\/span><\/p>\n","protected":false},"featured_media":112862,"comment_status":"closed","ping_status":"closed","template":"","meta":{"_acf_changed":false},"product_brand":[],"product_cat":[2845,659,685,661],"product_tag":[],"brand":[],"class_list":{"0":"post-112850","1":"product","2":"type-product","3":"status-publish","4":"has-post-thumbnail","6":"product_cat-pla-plus","7":"product_cat-3d-filamenti","8":"product_cat-pla-filament-sl","9":"product_cat-vsi-filamenti","10":"pa_colour-white","11":"pa_filament-diameter-1-75mm","12":"pa_filament-weight-1000g","14":"first","15":"instock","16":"taxable","17":"shipping-taxable","18":"purchasable","19":"product-type-simple"},"acf":[],"_links":{"self":[{"href":"https:\/\/azurefilm.com\/sl\/wp-json\/wp\/v2\/product\/112850","targetHints":{"allow":["GET"]}}],"collection":[{"href":"https:\/\/azurefilm.com\/sl\/wp-json\/wp\/v2\/product"}],"about":[{"href":"https:\/\/azurefilm.com\/sl\/wp-json\/wp\/v2\/types\/product"}],"replies":[{"embeddable":true,"href":"https:\/\/azurefilm.com\/sl\/wp-json\/wp\/v2\/comments?post=112850"}],"wp:featuredmedia":[{"embeddable":true,"href":"https:\/\/azurefilm.com\/sl\/wp-json\/wp\/v2\/media\/112862"}],"wp:attachment":[{"href":"https:\/\/azurefilm.com\/sl\/wp-json\/wp\/v2\/media?parent=112850"}],"wp:term":[{"taxonomy":"product_brand","embeddable":true,"href":"https:\/\/azurefilm.com\/sl\/wp-json\/wp\/v2\/product_brand?post=112850"},{"taxonomy":"product_cat","embeddable":true,"href":"https:\/\/azurefilm.com\/sl\/wp-json\/wp\/v2\/product_cat?post=112850"},{"taxonomy":"product_tag","embeddable":true,"href":"https:\/\/azurefilm.com\/sl\/wp-json\/wp\/v2\/product_tag?post=112850"},{"taxonomy":"brand","embeddable":true,"href":"https:\/\/azurefilm.com\/sl\/wp-json\/wp\/v2\/brand?post=112850"}],"curies":[{"name":"wp","href":"https:\/\/api.w.org\/{rel}","templated":true}]}}