
{"id":115806,"date":"2026-04-17T08:58:15","date_gmt":"2026-04-17T08:58:15","guid":{"rendered":"https:\/\/azurefilm.com\/?post_type=product&#038;p=115806"},"modified":"2026-04-17T08:57:19","modified_gmt":"2026-04-17T08:57:19","slug":"creality-sparkx-i7-color-combo-bundle","status":"publish","type":"product","link":"https:\/\/azurefilm.com\/sl\/izdelek\/creality-sparkx-i7-color-combo-bundle\/","title":{"rendered":"Creality SPARKX i7 Color Combo BUNDLE"},"content":{"rendered":"<h2><strong>Pameten, hiter in ustvarjen za napredno ve\u010dbarvno tiskanje<\/strong><\/h2>\n<p><b>SPARKX i7 Color Combo<\/b><span style=\"font-weight: 400;\"> zdru\u017euje hitrost, inteligentno avtomatizacijo in ve\u010dbarvno tiskanje v kompakten, a zmogljiv sistem. Z volumnom tiskanja <\/span><b>260\u00d7260\u00d7255 mm<\/b><span style=\"font-weight: 400;\"> predstavlja idealno ravnovesje med u\u010dinkovito izrabo prostora in zmogljivostjo tiskanja \u2013 popolno za funkcionalne kose, prototipe ali tiskanje ve\u010d delov hkrati.<\/span><\/p>\n<h2><strong>Zakaj SPARKX i7 izstopa<\/strong><\/h2>\n<h3><strong>Visokohitrostno tiskanje s stabilnim delovanjem<\/strong><\/h3>\n<p><span style=\"font-weight: 400;\">S <\/span><b>hitrostjo do 500 mm\/s <\/b><span style=\"font-weight: 400;\">in <\/span><b>pospe\u0161kom do 10.000 mm\/s\u00b2<\/b><span style=\"font-weight: 400;\"> je SPARKX i7 zasnovan za hitre delovne procese brez kompromisov pri natan\u010dnosti. V kombinaciji z input shaping tehnologijo zmanj\u0161uje vibracije in ohranja \u010diste povr\u0161ine tudi pri vi\u0161jih hitrostih.<\/span><\/p>\n<h3><strong>Napreden ve\u010dbarvni ekosistem<\/strong><\/h3>\n<p><b>Sistem Color Combo<\/b><span style=\"font-weight: 400;\"> podpira samodejno menjavanje filamenta in je zdru\u017eljiv s <\/span><b>CFS Lite ter CFS Mini<\/b><span style=\"font-weight: 400;\">, zato lahko svoj ve\u010dbarvni sistem enostavno prilagodi\u0161 in raz\u0161iri\u0161 glede na svoje potrebe.<\/span><\/p>\n<h3><strong>AI nadzor in varnost pri tiskanju<\/strong><\/h3>\n<p><span style=\"font-weight: 400;\">Vgrajena <\/span><b>AI kamera (720p z osvetlitvijo) <\/b><span style=\"font-weight: 400;\">omogo\u010da:<\/span><\/p>\n<ul>\n<li style=\"font-weight: 400;\" aria-level=\"1\"><span style=\"font-weight: 400;\">zaznavanje \u201cspaghetti\u201d napak<\/span><\/li>\n<li style=\"font-weight: 400;\" aria-level=\"1\"><span style=\"font-weight: 400;\">zaznavanje tiskanja v zraku<\/span><\/li>\n<li style=\"font-weight: 400;\" aria-level=\"1\"><span style=\"font-weight: 400;\">spremljanje tiskanja v realnem \u010dasu<\/span><\/li>\n<\/ul>\n<p><span style=\"font-weight: 400;\">To bistveno zmanj\u0161a \u0161tevilo neuspelih tiskov in porabo materiala.<\/span><\/p>\n<h3><strong>Zanesljivo tiskanje s pametnimi za\u0161\u010ditnimi funkcijami<\/strong><\/h3>\n<p><span style=\"font-weight: 400;\">Tiskalnik vklju\u010duje:<\/span><\/p>\n<ul>\n<li style=\"font-weight: 400;\" aria-level=\"1\"><span style=\"font-weight: 400;\">nadaljevanje tiskanja po izpadu elektrike<\/span><\/li>\n<li style=\"font-weight: 400;\" aria-level=\"1\"><span style=\"font-weight: 400;\">zaznavanje zmanjkanja filamenta in nadaljevanje tiskanja<\/span><\/li>\n<li style=\"font-weight: 400;\" aria-level=\"1\"><span style=\"font-weight: 400;\">zaznavanje zapletanja filamenta<\/span><\/li>\n<li style=\"font-weight: 400;\" aria-level=\"1\"><span style=\"font-weight: 400;\">nadzor obrabe rezalnika<\/span><\/li>\n<\/ul>\n<p><span style=\"font-weight: 400;\">Vse to je zasnovano za <\/span><b>neprekinjeno in zanesljivo tiskanje<\/b><span style=\"font-weight: 400;\">.<\/span><\/p>\n<h3><strong>Visokotemperaturno delovanje in \u0161iroka izbira materialov<\/strong><\/h3>\n<p><span style=\"font-weight: 400;\">Z najve\u010djo <\/span><b>temperaturo \u0161obe do 300\u00b0C<\/b><span style=\"font-weight: 400;\"> in <\/span><b>ogrevano mizo do 100\u00b0C<\/b><span style=\"font-weight: 400;\"> SPARKX i7 podpira \u0161irok nabor materialov:<\/span><\/p>\n<ul>\n<li style=\"font-weight: 400;\" aria-level=\"1\"><span style=\"font-weight: 400;\">PLA \/ PLA-Silk<\/span><\/li>\n<li style=\"font-weight: 400;\" aria-level=\"1\"><span style=\"font-weight: 400;\">PETG<\/span><\/li>\n<li style=\"font-weight: 400;\" aria-level=\"1\"><span style=\"font-weight: 400;\">TPU<\/span><\/li>\n<li style=\"font-weight: 400;\" aria-level=\"1\"><span style=\"font-weight: 400;\">PLA-CF<\/span><\/li>\n<\/ul>\n<p><span style=\"font-weight: 400;\">Dvostranska teksturirana PEI podlaga zagotavlja odli\u010den oprijem in enostavno odstranjevanje natisnjenih kosov.<\/span><\/p>\n<h3><strong>Hitro vzdr\u017eevanje s hitro zamenljivim hotendom<\/strong><\/h3>\n<p><span style=\"font-weight: 400;\">Hotend za <\/span><b>hitro menjavo<\/b><span style=\"font-weight: 400;\"> brez uporabe orodja omogo\u010da hitro zamenjavo \u0161ob, s \u010dimer skraj\u0161a \u010das izpada in poenostavi vzdr\u017eevanje.<\/span><\/p>\n<h3><strong>Natan\u010dna ekstruzija in dosledna kakovost<\/strong><\/h3>\n<p><b>Direct drive ekstruder<\/b><span style=\"font-weight: 400;\"> v kombinaciji s pressure advance funkcijo zagotavlja natan\u010den nadzor ekstruzije, \u0161e posebej pri uporabi fleksibilnih ali kompozitnih filamentov.<\/span><\/p>\n<h3><strong>Sodobna povezljivost in enostavna integracija v delovni proces<\/strong><\/h3>\n<ul>\n<li style=\"font-weight: 400;\" aria-level=\"1\"><span style=\"font-weight: 400;\">Wi-Fi (2.4 GHz) in prenos datotek prek USB<\/span><\/li>\n<li style=\"font-weight: 400;\" aria-level=\"1\"><span style=\"font-weight: 400;\">podpira formata G-code \/ 3MF<\/span><\/li>\n<li style=\"font-weight: 400;\" aria-level=\"1\"><span style=\"font-weight: 400;\">zdru\u017eljiv s Creality Print 6.3+<\/span><\/li>\n<li style=\"font-weight: 400;\" aria-level=\"1\"><span style=\"font-weight: 400;\">vgrajen 8GB eMMC pomnilnik<\/span><\/li>\n<\/ul>\n<p><span style=\"font-weight: 400;\">To zagotavlja sodoben, gladek in u\u010dinkovit potek dela.<\/span><\/p>\n<h3><strong>Kompakten dizajn in enostavna uporaba<\/strong><\/h3>\n<p><span style=\"font-weight: 400;\">Kljub svoji zmogljivosti tiskalnik ostaja kompakten (<\/span><b>470\u00d7423\u00d7456 mm, 9.12 kg<\/b><span style=\"font-weight: 400;\">) in enostaven za uporabo, saj je opremljen z 2.85-pal\u010dnim barvnim zaslonom na dotik in vmesnikom Creality OS, ki podpira ve\u010d jezikov.<\/span><\/p>\n<h2><strong>Tehni\u010dne specifikacije<\/strong><\/h2>\n<ul>\n<li><b>Volumen tiskanja:<\/b><span style=\"font-weight: 400;\"> 260\u00d7260\u00d7255 mm<\/span><span style=\"font-weight: 400;\"><br \/>\n<\/span><b><\/b><\/li>\n<li><b>Dimenzije tiskalnika:<\/b><span style=\"font-weight: 400;\"> 470\u00d7423\u00d7456 mm<\/span><span style=\"font-weight: 400;\"><br \/>\n<\/span><b><\/b><\/li>\n<li><b>Neto te\u017ea:<\/b><span style=\"font-weight: 400;\"> 9.12 kg<\/span><span style=\"font-weight: 400;\"><br \/>\n<\/span><b><\/b><\/li>\n<li><b>Hitrost tiskanja:<\/b><span style=\"font-weight: 400;\"> \u2264 500 mm\/s<\/span><span style=\"font-weight: 400;\"><br \/>\n<\/span><b><\/b><\/li>\n<li><b>Pospe\u0161ek:<\/b><span style=\"font-weight: 400;\"> \u2264 10.000 mm\/s\u00b2<\/span><span style=\"font-weight: 400;\"><br \/>\n<\/span><b><\/b><\/li>\n<li><b>Natan\u010dnost tiskanja:<\/b><span style=\"font-weight: 400;\"> \u00b10.1 mm<\/span><\/li>\n<li><b>Vi\u0161ina sloja:<\/b><span style=\"font-weight: 400;\"> 0.05\u20130.3 mm<\/span><span style=\"font-weight: 400;\"><br \/>\n<\/span><b><\/b><\/li>\n<li><b>Temperatura \u0161obe:<\/b><span style=\"font-weight: 400;\"> \u2264 300\u00b0C<\/span><span style=\"font-weight: 400;\"><br \/>\n<\/span><b><\/b><\/li>\n<li><b>Temperatura ogrevane mize:<\/b><span style=\"font-weight: 400;\"> \u2264 100\u00b0C<\/span><span style=\"font-weight: 400;\"><br \/>\n<\/span><b><\/b><\/li>\n<li><b>Tiskalna podlaga:<\/b><span style=\"font-weight: 400;\"> dvostranska teksturirana PEI podlaga<\/span><span style=\"font-weight: 400;\"><br \/>\n<\/span><b><\/b><\/li>\n<li><b>Ekstruder:<\/b><span style=\"font-weight: 400;\"> direct drive<\/span><span style=\"font-weight: 400;\"><br \/>\n<\/span><b><\/b><\/li>\n<li><b>Premer filamenta:<\/b><span style=\"font-weight: 400;\"> 1.75 mm<\/span><span style=\"font-weight: 400;\"><br \/>\n<\/span><b><\/b><\/li>\n<li><b>Zdru\u017eljivost s filamenti:<\/b><span style=\"font-weight: 400;\"> PLA, PLA-Silk, PETG, TPU, PLA-CF<\/span><span style=\"font-weight: 400;\"><br \/>\n<\/span><b><\/b><\/li>\n<li><b>Ve\u010dbarvni sistem:<\/b><span style=\"font-weight: 400;\"> Color Combo (podpira CFS Lite in CFS Mini)<\/span><span style=\"font-weight: 400;\"><br \/>\n<\/span><b><\/b><\/li>\n<li><b>AI kamera:<\/b><span style=\"font-weight: 400;\"> 720p z osvetlitvijo<\/span><span style=\"font-weight: 400;\"><br \/>\n<\/span><b><\/b><\/li>\n<li><b>Zaznavanje \u201cspaghetti\u201d napak:<\/b><span style=\"font-weight: 400;\"> da<\/span><span style=\"font-weight: 400;\"><br \/>\n<\/span><b><\/b><\/li>\n<li><b>Zaznavanje tiskanja v zraku:<\/b><span style=\"font-weight: 400;\"> da<\/span><span style=\"font-weight: 400;\"><br \/>\n<\/span><b><\/b><\/li>\n<li><b>Samodejno niveliranje:<\/b><span style=\"font-weight: 400;\"> popolnoma samodejno niveliranje<\/span><\/li>\n<li><b>Input Shaping:<\/b><span style=\"font-weight: 400;\"> da<\/span><\/li>\n<li><b>Pressure Advance:<\/b><span style=\"font-weight: 400;\"> da<\/span><span style=\"font-weight: 400;\"><br \/>\n<\/span><b><\/b><\/li>\n<li><b>Nadaljevanje po izpadu elektrike:<\/b><span style=\"font-weight: 400;\"> da<\/span><span style=\"font-weight: 400;\"><br \/>\n<\/span><b><\/b><\/li>\n<li><b>Zaznavanje zmanjkanja \/ zapletanja filamenta:<\/b><span style=\"font-weight: 400;\"> da<\/span><span style=\"font-weight: 400;\"><br \/>\n<\/span><b><\/b><\/li>\n<li><b>Nadzor obrabe rezalnika:<\/b><span style=\"font-weight: 400;\"> da<\/span><span style=\"font-weight: 400;\"><br \/>\n<\/span><b><\/b><\/li>\n<li><b>Zaslon:<\/b><span style=\"font-weight: 400;\"> 2.85-pal\u010dni barvni zaslon na dotik<\/span><span style=\"font-weight: 400;\"><br \/>\n<\/span><b><\/b><\/li>\n<li><b>Pomnilnik:<\/b><span style=\"font-weight: 400;\"> 8GB eMMC<\/span><span style=\"font-weight: 400;\"><br \/>\n<\/span><b><\/b><\/li>\n<li><b>Povezljivost:<\/b><span style=\"font-weight: 400;\"> Wi-Fi (2.4 GHz), USB<\/span><span style=\"font-weight: 400;\"><br \/>\n<\/span><b><\/b><\/li>\n<li><b>Formati datotek:<\/b><span style=\"font-weight: 400;\"> G-code \/ 3MF<\/span><span style=\"font-weight: 400;\"><br \/>\n<\/span><b><\/b><\/li>\n<li><b>Slicer:<\/b><span style=\"font-weight: 400;\"> Creality Print 6.3+<\/span><span style=\"font-weight: 400;\"><br \/>\n<\/span><b><\/b><\/li>\n<li><b>Firmware:<\/b><span style=\"font-weight: 400;\"> Creality OS<\/span><span style=\"font-weight: 400;\"><br \/>\n<\/span><b><\/b><\/li>\n<li><b>Nazivna mo\u010d:<\/b><span style=\"font-weight: 400;\"> 700W (220V) \/ 400W (110V)<\/span><span style=\"font-weight: 400;\"><br \/>\n<\/span><b><\/b><\/li>\n<li><b>Vhodna napetost:<\/b><span style=\"font-weight: 400;\"> 100\u2013240V AC, 50\/60 Hz<\/span><\/li>\n<\/ul>\n","protected":false},"excerpt":{"rendered":"<p><span style=\"font-weight: 400;\">Spoznaj <\/span><b>Creality SPARKX i7 Color Combo<\/b><span style=\"font-weight: 400;\">: visokohitrostni ve\u010dbarvni 3D tiskalnik z volumnom tiskanja 260\u00d7260\u00d7255mm,<\/span><b> hitrostjo do 500 mm\/s<\/b><span style=\"font-weight: 400;\">, <\/span><b>AI nadzorom<\/b><span style=\"font-weight: 400;\"> in brezhibnim menjavanjem filamenta za natan\u010dne, zanesljive in profesionalne rezultate.<\/span><\/p>\n<p><span style=\"font-weight: 400;\">Creality SPARKX i7 Color Combo<\/span><span style=\"font-weight: 400;\"> v kombinaciji s 4 kilogrami AzureFilm Refill filamentov in Master Spool 4-pack.<\/span><\/p>\n","protected":false},"featured_media":115853,"comment_status":"closed","ping_status":"closed","template":"","meta":{"_acf_changed":false},"product_brand":[],"product_cat":[733,739,736,755,735,759],"product_tag":[],"brand":[],"class_list":{"0":"post-115806","1":"product","2":"type-product","3":"status-publish","4":"has-post-thumbnail","6":"product_cat-3d-tiskalnik","7":"product_cat-creality","8":"product_cat-fdm-tiskalnik","9":"product_cat-posebni-paketi","10":"product_cat-vsi-3d-tiskalniki","11":"product_cat-znizano","13":"first","14":"outofstock","15":"sale","16":"taxable","17":"shipping-taxable","18":"purchasable","19":"product-type-variable"},"acf":[],"_links":{"self":[{"href":"https:\/\/azurefilm.com\/sl\/wp-json\/wp\/v2\/product\/115806","targetHints":{"allow":["GET"]}}],"collection":[{"href":"https:\/\/azurefilm.com\/sl\/wp-json\/wp\/v2\/product"}],"about":[{"href":"https:\/\/azurefilm.com\/sl\/wp-json\/wp\/v2\/types\/product"}],"replies":[{"embeddable":true,"href":"https:\/\/azurefilm.com\/sl\/wp-json\/wp\/v2\/comments?post=115806"}],"wp:featuredmedia":[{"embeddable":true,"href":"https:\/\/azurefilm.com\/sl\/wp-json\/wp\/v2\/media\/115853"}],"wp:attachment":[{"href":"https:\/\/azurefilm.com\/sl\/wp-json\/wp\/v2\/media?parent=115806"}],"wp:term":[{"taxonomy":"product_brand","embeddable":true,"href":"https:\/\/azurefilm.com\/sl\/wp-json\/wp\/v2\/product_brand?post=115806"},{"taxonomy":"product_cat","embeddable":true,"href":"https:\/\/azurefilm.com\/sl\/wp-json\/wp\/v2\/product_cat?post=115806"},{"taxonomy":"product_tag","embeddable":true,"href":"https:\/\/azurefilm.com\/sl\/wp-json\/wp\/v2\/product_tag?post=115806"},{"taxonomy":"brand","embeddable":true,"href":"https:\/\/azurefilm.com\/sl\/wp-json\/wp\/v2\/brand?post=115806"}],"curies":[{"name":"wp","href":"https:\/\/api.w.org\/{rel}","templated":true}]}}