
{"id":14652,"date":"2023-10-29T14:06:38","date_gmt":"2023-10-29T14:06:38","guid":{"rendered":"https:\/\/azurefilm.com\/product\/pla-original-filament-red\/"},"modified":"2026-03-22T04:52:47","modified_gmt":"2026-03-22T04:52:47","slug":"pla-original-filament-red","status":"publish","type":"product","link":"https:\/\/azurefilm.com\/sl\/izdelek\/pla-original-filament-red\/","title":{"rendered":"PLA Original filament Red"},"content":{"rendered":"<h2><b>PLA Original <\/b><\/h2>\n<p><span style=\"font-weight: 400;\">Predstavljamo PLA Original, na\u0161o<\/span> <span style=\"font-weight: 400;\">linijo filamentov, ki ponuja <\/span><b>zanesljivo delovanje<\/b><span style=\"font-weight: 400;\"> in <\/span><b>\u0161iroko paleto barv<\/b><span style=\"font-weight: 400;\">. Ta kolekcija ima vse tradicionalne zna\u010dilnosti PLA, ki zagotavljajo <\/span><b>dosledne in zanesljive rezultate<\/b><span style=\"font-weight: 400;\">. PLA Original je <\/span><b>enostaven za tiskanje<\/b><span style=\"font-weight: 400;\"> in odli\u010den za za\u010detnike. Ne glede na to, ali delate na dekoracijah, prototipih ali drugih modelih, je PLA Original va\u0161a najbolj\u0161a izbira za uspe\u0161no in zadovoljivo izku\u0161njo tiskanja.<\/span><\/p>\n<p><span style=\"font-weight: 400;\">\u010ce \u017eelite izvedeti ve\u010d o PLA filamentih, preberite na\u0161 <a href=\"https:\/\/azurefilm.com\/sl\/2023\/07\/04\/pla-filamenti\/\" target=\"_blank\" rel=\"noopener\">blog<\/a>. <\/span><\/p>\n<p><span style=\"font-weight: 400;\">Tukaj lahko dostopate do <a href=\"https:\/\/azurefilm.com\/sl\/technical-data-sheets\/\" target=\"_blank\" rel=\"noopener\">tehni\u010dnega lista<\/a>.<\/span><\/p>\n<h3><strong>PLA Original filament Red<\/strong><\/h3>\n<p>Vzbudite strast ter sprostite svojo ustvarjalno energijo z na\u0161im PLA Original filament Red.<\/p>\n<h3><strong>Priporo\u010dila za tiskanje:<\/strong><\/h3>\n<ul>\n<li style=\"font-weight: 400;\" aria-level=\"1\"><span style=\"font-weight: 400;\">Za najbolj\u0161e rezultate tiskajte pri temperaturi 200\u2013230 \u00b0C.*<\/span><\/li>\n<li style=\"font-weight: 400;\" aria-level=\"1\"><span style=\"font-weight: 400;\">Ogrevane mize ne potrebujete, vendar priporo\u010damo, da jo segrejete na 50\u201360 \u00b0C.<\/span><\/li>\n<li style=\"font-weight: 400;\" aria-level=\"1\"><span style=\"font-weight: 400;\">Uporabite stekleno plo\u0161\u010do, PEI folijo, kapton ali modri trak za tiskalno povr\u0161ino s pr\u0161ilom 3Dlac.<\/span><\/li>\n<\/ul>\n<p><i><span style=\"font-weight: 400;\">*Idealna temperatura se lahko razlikuje pri uporabi razli\u010dnih tiskalnikov.<\/span><\/i><\/p>\n","protected":false},"excerpt":{"rendered":"<p>Vzbudite strast ter sprostite svojo ustvarjalno energijo z na\u0161im PLA Original filament Red.<\/p>\n","protected":false},"featured_media":114342,"comment_status":"closed","ping_status":"closed","template":"","meta":{"_acf_changed":false},"product_brand":[],"product_cat":[689,659,685,661],"product_tag":[],"brand":[],"class_list":{"0":"post-14652","1":"product","2":"type-product","3":"status-publish","4":"has-post-thumbnail","6":"product_cat-pla-original-sl","7":"product_cat-3d-filamenti","8":"product_cat-pla-filament-sl","9":"product_cat-vsi-filamenti","10":"pa_colour-red","11":"pa_filament-diameter-1-75mm","12":"pa_filament-weight-1000g","13":"pa_filament-weight-2100g","15":"first","16":"instock","17":"taxable","18":"shipping-taxable","19":"purchasable","20":"product-type-variable","21":"has-default-attributes"},"acf":[],"_links":{"self":[{"href":"https:\/\/azurefilm.com\/sl\/wp-json\/wp\/v2\/product\/14652","targetHints":{"allow":["GET"]}}],"collection":[{"href":"https:\/\/azurefilm.com\/sl\/wp-json\/wp\/v2\/product"}],"about":[{"href":"https:\/\/azurefilm.com\/sl\/wp-json\/wp\/v2\/types\/product"}],"replies":[{"embeddable":true,"href":"https:\/\/azurefilm.com\/sl\/wp-json\/wp\/v2\/comments?post=14652"}],"wp:featuredmedia":[{"embeddable":true,"href":"https:\/\/azurefilm.com\/sl\/wp-json\/wp\/v2\/media\/114342"}],"wp:attachment":[{"href":"https:\/\/azurefilm.com\/sl\/wp-json\/wp\/v2\/media?parent=14652"}],"wp:term":[{"taxonomy":"product_brand","embeddable":true,"href":"https:\/\/azurefilm.com\/sl\/wp-json\/wp\/v2\/product_brand?post=14652"},{"taxonomy":"product_cat","embeddable":true,"href":"https:\/\/azurefilm.com\/sl\/wp-json\/wp\/v2\/product_cat?post=14652"},{"taxonomy":"product_tag","embeddable":true,"href":"https:\/\/azurefilm.com\/sl\/wp-json\/wp\/v2\/product_tag?post=14652"},{"taxonomy":"brand","embeddable":true,"href":"https:\/\/azurefilm.com\/sl\/wp-json\/wp\/v2\/brand?post=14652"}],"curies":[{"name":"wp","href":"https:\/\/api.w.org\/{rel}","templated":true}]}}