
{"id":14666,"date":"2023-10-29T14:07:45","date_gmt":"2023-10-29T14:07:45","guid":{"rendered":"https:\/\/azurefilm.com\/product\/pla-pastel-filament-ice-cream-pink\/"},"modified":"2026-03-17T08:25:40","modified_gmt":"2026-03-17T08:25:40","slug":"pla-pastel-filament-ice-cream-pink","status":"publish","type":"product","link":"https:\/\/azurefilm.com\/sl\/izdelek\/pla-pastel-filament-ice-cream-pink\/","title":{"rendered":"PLA Pastel filament Ice Cream Pink"},"content":{"rendered":"<h2><b>PLA Pastel<\/b><\/h2>\n<p><span style=\"font-weight: 400;\">Spoznajte kolekcijo PLA Pastel filamentov, ki zdru\u017euje <\/span><b>ne\u017ene in mehke barve<\/b><span style=\"font-weight: 400;\">. Pastel filamenti ponujajo \u010dudovito ne\u017eno paleto, ki je odli\u010dna za ustvarjanje razli\u010dnih izdelkov. Pastelni odtenki so primerni za okraske, pripomo\u010dke, figurice in drugo. PLA Pastel je <\/span><b>biolo\u0161ko razgradljiv <\/b><span style=\"font-weight: 400;\">material, zelo <\/span><b>enostaven za tiskanje<\/b><span style=\"font-weight: 400;\"> in <\/span><b>odli\u010den za za\u010detnike<\/b><span style=\"font-weight: 400;\">.\u00a0<\/span><\/p>\n<h2><strong>PLA Pastel filament Ice Cream Pink<\/strong><\/h2>\n<p>Preizkusite na\u0161 sladek in o\u010darljiv PLA Pastel filament Ice Cream Pink, ki je zasnovan za \u010diste ter natan\u010dne 3D tiske.<\/p>\n<p><span style=\"font-weight: 400;\">\u010ce \u017eelite izvedeti ve\u010d o PLA filamentih, preberite na\u0161 <a href=\"https:\/\/azurefilm.com\/sl\/2023\/07\/04\/pla-filamenti\/\" target=\"_blank\" rel=\"noopener\">blog<\/a>.\u00a0<\/span><\/p>\n<p><span style=\"font-weight: 400;\">Tukaj lahko dostopate do <a href=\"https:\/\/azurefilm.com\/sl\/technical-data-sheets\/\" target=\"_blank\" rel=\"noopener\">tehni\u010dnega lista<\/a>.<\/span><\/p>\n<p><span style=\"font-weight: 400;\">Priporo\u010dila za tiskanje:<\/span><\/p>\n<ul>\n<li style=\"font-weight: 400;\" aria-level=\"1\"><span style=\"font-weight: 400;\">Za najbolj\u0161e rezultate tiskajte pri temperaturi 200\u2013230 \u00b0C*. <\/span><\/li>\n<li style=\"font-weight: 400;\" aria-level=\"1\"><span style=\"font-weight: 400;\">Priporo\u010dena temperatura grelne mize je 60 \u00b0C.<\/span><\/li>\n<li style=\"font-weight: 400;\" aria-level=\"1\"><span style=\"font-weight: 400;\">Uporabite stekleno plo\u0161\u010do, PEI folijo, kapton ali modri trak za tiskalno povr\u0161ino s pr\u0161ilom 3Dlac.<\/span><\/li>\n<\/ul>\n<p><i><span style=\"font-weight: 400;\">*Idealna temperatura se lahko razlikuje pri uporabi razli\u010dnih tiskalnikov.<\/span><\/i><\/p>\n","protected":false},"excerpt":{"rendered":"<p>Preizkusite na\u0161 sladek in o\u010darljiv PLA Pastel filament Ice Cream Pink, ki je zasnovan za \u010diste ter natan\u010dne 3D tiske.<\/p>\n","protected":false},"featured_media":113979,"comment_status":"closed","ping_status":"closed","template":"","meta":{"_acf_changed":false},"product_brand":[],"product_cat":[690,659,685,661],"product_tag":[],"brand":[],"class_list":{"0":"post-14666","1":"product","2":"type-product","3":"status-publish","4":"has-post-thumbnail","6":"product_cat-pla-pastelni-sl","7":"product_cat-3d-filamenti","8":"product_cat-pla-filament-sl","9":"product_cat-vsi-filamenti","10":"pa_colour-pink","11":"pa_filament-diameter-1-75mm","12":"pa_filament-weight-1000g","14":"first","15":"instock","16":"taxable","17":"shipping-taxable","18":"purchasable","19":"product-type-variable","20":"has-default-attributes"},"acf":[],"_links":{"self":[{"href":"https:\/\/azurefilm.com\/sl\/wp-json\/wp\/v2\/product\/14666","targetHints":{"allow":["GET"]}}],"collection":[{"href":"https:\/\/azurefilm.com\/sl\/wp-json\/wp\/v2\/product"}],"about":[{"href":"https:\/\/azurefilm.com\/sl\/wp-json\/wp\/v2\/types\/product"}],"replies":[{"embeddable":true,"href":"https:\/\/azurefilm.com\/sl\/wp-json\/wp\/v2\/comments?post=14666"}],"wp:featuredmedia":[{"embeddable":true,"href":"https:\/\/azurefilm.com\/sl\/wp-json\/wp\/v2\/media\/113979"}],"wp:attachment":[{"href":"https:\/\/azurefilm.com\/sl\/wp-json\/wp\/v2\/media?parent=14666"}],"wp:term":[{"taxonomy":"product_brand","embeddable":true,"href":"https:\/\/azurefilm.com\/sl\/wp-json\/wp\/v2\/product_brand?post=14666"},{"taxonomy":"product_cat","embeddable":true,"href":"https:\/\/azurefilm.com\/sl\/wp-json\/wp\/v2\/product_cat?post=14666"},{"taxonomy":"product_tag","embeddable":true,"href":"https:\/\/azurefilm.com\/sl\/wp-json\/wp\/v2\/product_tag?post=14666"},{"taxonomy":"brand","embeddable":true,"href":"https:\/\/azurefilm.com\/sl\/wp-json\/wp\/v2\/brand?post=14666"}],"curies":[{"name":"wp","href":"https:\/\/api.w.org\/{rel}","templated":true}]}}