
{"id":14672,"date":"2023-10-29T14:08:22","date_gmt":"2023-10-29T14:08:22","guid":{"rendered":"https:\/\/azurefilm.com\/product\/pla-strongman-filament-red\/"},"modified":"2026-03-11T11:52:48","modified_gmt":"2026-03-11T11:52:48","slug":"pla-strongman-filament-red","status":"publish","type":"product","link":"https:\/\/azurefilm.com\/sl\/izdelek\/pla-strongman-filament-red\/","title":{"rendered":"PLA Strongman filament Red"},"content":{"rendered":"<h2><b>PLA Strongman<\/b><\/h2>\n<p><span style=\"font-weight: 400;\">Predstavljamo na\u0161 PLA Strongman filament \u2013 <\/span><b>edinstven material,<\/b><span style=\"font-weight: 400;\"> ki smo ga razvili sami. Pred na\u0161im PLA Strongmanom na trgu ni bilo nobenega drugega filamenta, ki bi ga bilo tako enostavno tiskati kot PLA, hkrati pa bi imel mo\u010dne lastnosti, kot sta izbolj\u0161ana trdnost in odpornost. Zdru\u017eili smo mo\u010di z eno najbolj\u0161ih univerz za karakterizacijo polimerov in ustvarili ta <\/span><b>mo\u010dni, proti udarcem odporen filament<\/b><span style=\"font-weight: 400;\"> , ki ga je <\/span><b>zelo enostavno tiskati<\/b><span style=\"font-weight: 400;\">. PLA Strongman se zdaj uporablja za tiskanje dronov, le\u017eajev, mehanskih delov in vseh vrst izdelkov, ki zahtevajo ve\u010djo mo\u010d.<\/span><\/p>\n<h2><strong>PLA Strongman filament Red<\/strong><\/h2>\n<p>Odkrijte svet strasti in za\u010dnite ustvarjati z na\u0161im osupljivim PLA Strongman filament Red.<\/p>\n<p><span style=\"font-weight: 400;\">\u010ce \u017eelite izvedeti ve\u010d o PLA filamentih, preberite na\u0161 <a href=\"https:\/\/azurefilm.com\/sl\/2023\/07\/04\/pla-filamenti\/\" target=\"_blank\" rel=\"noopener\">blog<\/a>.\u00a0<\/span><\/p>\n<p><span style=\"font-weight: 400;\">Tukaj lahko dostopate do <a href=\"https:\/\/azurefilm.com\/sl\/technical-data-sheets\/\" target=\"_blank\" rel=\"noopener\">tehni\u010dnega lista<\/a>.<\/span><\/p>\n<h3><strong>Priporo\u010dila za tiskanje:<\/strong><\/h3>\n<ul>\n<li style=\"font-weight: 400;\" aria-level=\"1\"><span style=\"font-weight: 400;\">Za najbolj\u0161e rezultate tiskajte pri temperaturi 200\u2013230 \u00b0C.*\u00a0<\/span><\/li>\n<li style=\"font-weight: 400;\" aria-level=\"1\"><span style=\"font-weight: 400;\">Priporo\u010dena temperatura grelne mize je 50\u201360 \u00b0C.<\/span><\/li>\n<li style=\"font-weight: 400;\" aria-level=\"1\"><span style=\"font-weight: 400;\">Uporabite stekleno plo\u0161\u010do, PEI folijo, kapton ali modri trak za tiskalno povr\u0161ino s pr\u0161ilom 3Dlac.<\/span><\/li>\n<\/ul>\n<p><i><span style=\"font-weight: 400;\">*Idealna temperatura se lahko razlikuje pri uporabi razli\u010dnih tiskalnikov.<\/span><\/i><\/p>\n","protected":false},"excerpt":{"rendered":"<p>Odkrijte svet strasti in za\u010dnite ustvarjati z na\u0161im osupljivim PLA Strongman filament Red.<\/p>\n","protected":false},"featured_media":113306,"comment_status":"closed","ping_status":"closed","template":"","meta":{"_acf_changed":false},"product_brand":[],"product_cat":[694,659,685,661],"product_tag":[1532],"brand":[],"class_list":{"0":"post-14672","1":"product","2":"type-product","3":"status-publish","4":"has-post-thumbnail","6":"product_cat-pla-strongman-sl","7":"product_cat-3d-filamenti","8":"product_cat-pla-filament-sl","9":"product_cat-vsi-filamenti","10":"product_tag-high-speed","11":"pa_colour-red","12":"pa_filament-diameter-1-75mm","13":"pa_filament-weight-1000g","15":"first","16":"instock","17":"taxable","18":"shipping-taxable","19":"purchasable","20":"product-type-variable","21":"has-default-attributes"},"acf":[],"_links":{"self":[{"href":"https:\/\/azurefilm.com\/sl\/wp-json\/wp\/v2\/product\/14672","targetHints":{"allow":["GET"]}}],"collection":[{"href":"https:\/\/azurefilm.com\/sl\/wp-json\/wp\/v2\/product"}],"about":[{"href":"https:\/\/azurefilm.com\/sl\/wp-json\/wp\/v2\/types\/product"}],"replies":[{"embeddable":true,"href":"https:\/\/azurefilm.com\/sl\/wp-json\/wp\/v2\/comments?post=14672"}],"wp:featuredmedia":[{"embeddable":true,"href":"https:\/\/azurefilm.com\/sl\/wp-json\/wp\/v2\/media\/113306"}],"wp:attachment":[{"href":"https:\/\/azurefilm.com\/sl\/wp-json\/wp\/v2\/media?parent=14672"}],"wp:term":[{"taxonomy":"product_brand","embeddable":true,"href":"https:\/\/azurefilm.com\/sl\/wp-json\/wp\/v2\/product_brand?post=14672"},{"taxonomy":"product_cat","embeddable":true,"href":"https:\/\/azurefilm.com\/sl\/wp-json\/wp\/v2\/product_cat?post=14672"},{"taxonomy":"product_tag","embeddable":true,"href":"https:\/\/azurefilm.com\/sl\/wp-json\/wp\/v2\/product_tag?post=14672"},{"taxonomy":"brand","embeddable":true,"href":"https:\/\/azurefilm.com\/sl\/wp-json\/wp\/v2\/brand?post=14672"}],"curies":[{"name":"wp","href":"https:\/\/api.w.org\/{rel}","templated":true}]}}