
{"id":14674,"date":"2023-10-29T14:08:22","date_gmt":"2023-10-29T14:08:22","guid":{"rendered":"https:\/\/azurefilm.com\/product\/pla-neon-filament-lime\/"},"modified":"2026-02-11T10:21:35","modified_gmt":"2026-02-11T10:21:35","slug":"pla-neon-filament-lime","status":"publish","type":"product","link":"https:\/\/azurefilm.com\/sl\/izdelek\/pla-neon-filament-lime\/","title":{"rendered":"PLA Neon filament Lime"},"content":{"rendered":"<h2><b>PLA Neon<\/b><\/h2>\n<p><span style=\"font-weight: 400;\">Predstavljamo kolekcijo PLA Neon filamentov, ki vklju\u010duje <\/span><b>\u017eivahne <\/b><span style=\"font-weight: 400;\">in <\/span><b>privla\u010dne neonske barve<\/b><span style=\"font-weight: 400;\">. S PLA Neon filamenti bodo va\u0161i odtisi izstopali. Ta material se tiska tako kot PLA Original in je <\/span><b>odli\u010den za za\u010detnike<\/b><span style=\"font-weight: 400;\">. Poleg tega je PLA Neon <\/span><b>biorazgradljiv <\/b><span style=\"font-weight: 400;\">, zaradi \u010desar je okolju prijazen material. Preizkusite ta material za svetle in drzne rezultate.<\/span><\/p>\n<h2><strong>PLA Neon filament Lime<\/strong><\/h2>\n<p>Vstopite v svet vitalnosti in navdu\u0161enja ter za\u010dnite tiskati z na\u0161im PLA Neon filament Lime.<\/p>\n<p><span style=\"font-weight: 400;\">\u010ce \u017eelite izvedeti ve\u010d o PLA filamentih, preberite na\u0161 <a href=\"https:\/\/azurefilm.com\/sl\/2023\/07\/04\/pla-filamenti\/\" target=\"_blank\" rel=\"noopener\">blog<\/a>.\u00a0<\/span><\/p>\n<p><span style=\"font-weight: 400;\">Tukaj lahko dostopate do <a href=\"https:\/\/azurefilm.com\/sl\/technical-data-sheets\/\" target=\"_blank\" rel=\"noopener\">tehni\u010dnega lista<\/a>.<\/span><\/p>\n<p><span style=\"font-weight: 400;\">Priporo\u010dila za tiskanje:<\/span><\/p>\n<ul>\n<li style=\"font-weight: 400;\" aria-level=\"1\"><span style=\"font-weight: 400;\">Za najbolj\u0161e rezultate tiskajte pri temperaturi 200\u2013230 \u00b0C*. <\/span><\/li>\n<li style=\"font-weight: 400;\" aria-level=\"1\"><span style=\"font-weight: 400;\">Priporo\u010dena temperatura grelne mize je 60 \u00b0C.<\/span><\/li>\n<li style=\"font-weight: 400;\" aria-level=\"1\"><span style=\"font-weight: 400;\">Uporabite stekleno plo\u0161\u010do, PEI folijo, kapton ali modri trak za tiskalno povr\u0161ino s pr\u0161ilom 3Dlac.<\/span><\/li>\n<\/ul>\n<p><i><span style=\"font-weight: 400;\">*Idealna temperatura se lahko razlikuje pri uporabi razli\u010dnih tiskalnikov.<\/span><\/i><\/p>\n","protected":false},"excerpt":{"rendered":"<p>Vstopite v svet vitalnosti in navdu\u0161enja ter za\u010dnite tiskati z na\u0161im PLA Neon filament Lime.<\/p>\n","protected":false},"featured_media":113907,"comment_status":"closed","ping_status":"closed","template":"","meta":{"_acf_changed":false},"product_brand":[],"product_cat":[688,659,685,661],"product_tag":[],"brand":[],"class_list":{"0":"post-14674","1":"product","2":"type-product","3":"status-publish","4":"has-post-thumbnail","6":"product_cat-pla-neonski-sl","7":"product_cat-3d-filamenti","8":"product_cat-pla-filament-sl","9":"product_cat-vsi-filamenti","10":"pa_colour-yellow","11":"pa_filament-diameter-1-75mm","12":"pa_filament-weight-1000g","14":"first","15":"instock","16":"taxable","17":"shipping-taxable","18":"purchasable","19":"product-type-variable","20":"has-default-attributes"},"acf":[],"_links":{"self":[{"href":"https:\/\/azurefilm.com\/sl\/wp-json\/wp\/v2\/product\/14674","targetHints":{"allow":["GET"]}}],"collection":[{"href":"https:\/\/azurefilm.com\/sl\/wp-json\/wp\/v2\/product"}],"about":[{"href":"https:\/\/azurefilm.com\/sl\/wp-json\/wp\/v2\/types\/product"}],"replies":[{"embeddable":true,"href":"https:\/\/azurefilm.com\/sl\/wp-json\/wp\/v2\/comments?post=14674"}],"wp:featuredmedia":[{"embeddable":true,"href":"https:\/\/azurefilm.com\/sl\/wp-json\/wp\/v2\/media\/113907"}],"wp:attachment":[{"href":"https:\/\/azurefilm.com\/sl\/wp-json\/wp\/v2\/media?parent=14674"}],"wp:term":[{"taxonomy":"product_brand","embeddable":true,"href":"https:\/\/azurefilm.com\/sl\/wp-json\/wp\/v2\/product_brand?post=14674"},{"taxonomy":"product_cat","embeddable":true,"href":"https:\/\/azurefilm.com\/sl\/wp-json\/wp\/v2\/product_cat?post=14674"},{"taxonomy":"product_tag","embeddable":true,"href":"https:\/\/azurefilm.com\/sl\/wp-json\/wp\/v2\/product_tag?post=14674"},{"taxonomy":"brand","embeddable":true,"href":"https:\/\/azurefilm.com\/sl\/wp-json\/wp\/v2\/brand?post=14674"}],"curies":[{"name":"wp","href":"https:\/\/api.w.org\/{rel}","templated":true}]}}