
{"id":14679,"date":"2023-10-29T14:08:48","date_gmt":"2023-10-29T14:08:48","guid":{"rendered":"https:\/\/azurefilm.com\/product\/pla-transparent-filament-yellow\/"},"modified":"2025-10-07T10:04:00","modified_gmt":"2025-10-07T10:04:00","slug":"pla-transparent-filament-yellow","status":"publish","type":"product","link":"https:\/\/azurefilm.com\/sl\/izdelek\/pla-transparent-filament-yellow\/","title":{"rendered":"PLA Transparent filament Yellow"},"content":{"rendered":"<h2><b>PLA Transparent<\/b><\/h2>\n<p><span style=\"font-weight: 400;\">PLA Transparent filamenti so znani po svoji <\/span><b>jasnosti <\/b><span style=\"font-weight: 400;\">in <\/span><b>transparentnosti<\/b><span style=\"font-weight: 400;\">. Va\u0161im odtisom bodo dodali <\/span><b>prozoren u\u010dinek<\/b><span style=\"font-weight: 400;\">. Ti filamenti so narejeni iz PLA Original, so <\/span><b>biorazgradljivi <\/b><span style=\"font-weight: 400;\">in zelo enostavni za tiskanje, zaradi \u010desar so <\/span><b>odli\u010dna izbira za za\u010detnike<\/b><span style=\"font-weight: 400;\">. PLA Transparent filamenti so primerni za aplikacije, ki zahtevajo opti\u010dno vidljivost ali razpr\u0161itev svetlobe. Uporabite ga lahko za dekoracije, lu\u010di, umetni\u0161ke stvaritve, dekorativne elemente in drugo. <\/span><\/p>\n<h2><strong>PLA Transparent filament Yellow<\/strong><\/h2>\n<p>Odkrijte svet son\u010dnih in prosojnih dizajnov in preizkusite na\u0161 PLA Transparent filament Yellow.<\/p>\n<p><span style=\"font-weight: 400;\">\u010ce \u017eelite izvedeti ve\u010d o PLA filamentih, preberite na\u0161 <a href=\"https:\/\/azurefilm.com\/sl\/2023\/07\/04\/pla-filamenti\/\" target=\"_blank\" rel=\"noopener\">blog<\/a>.\u00a0<\/span><\/p>\n<p><span style=\"font-weight: 400;\">Tukaj lahko dostopate do <a href=\"https:\/\/azurefilm.com\/sl\/technical-data-sheets\/\" target=\"_blank\" rel=\"noopener\">tehni\u010dnega lista<\/a>.<\/span><\/p>\n<p><span style=\"font-weight: 400;\">Priporo\u010dila za tiskanje:<\/span><\/p>\n<ul>\n<li style=\"font-weight: 400;\" aria-level=\"1\"><span style=\"font-weight: 400;\">Za najbolj\u0161e rezultate tiskajte pri temperaturi 200\u2013230 \u00b0C*.\u00a0<\/span><\/li>\n<li style=\"font-weight: 400;\" aria-level=\"1\"><span style=\"font-weight: 400;\">Priporo\u010dena temperatura grelne mize je 60 \u00b0C.<\/span><\/li>\n<li style=\"font-weight: 400;\" aria-level=\"1\"><span style=\"font-weight: 400;\">Uporabite stekleno plo\u0161\u010do, PEI folijo, kapton ali modri trak za tiskalno povr\u0161ino s pr\u0161ilom 3Dlac.<\/span><\/li>\n<\/ul>\n<p><i><span style=\"font-weight: 400;\">*Idealna temperatura se lahko razlikuje pri uporabi razli\u010dnih tiskalnikov.<\/span><\/i><\/p>\n","protected":false},"excerpt":{"rendered":"<p>Odkrijte svet son\u010dnih in prosojnih dizajnov in preizkusite na\u0161 PLA Transparent filament Yellow.<\/p>\n","protected":false},"featured_media":113770,"comment_status":"closed","ping_status":"closed","template":"","meta":{"_acf_changed":false},"product_brand":[],"product_cat":[695,659,685,661],"product_tag":[],"brand":[],"class_list":{"0":"post-14679","1":"product","2":"type-product","3":"status-publish","4":"has-post-thumbnail","6":"product_cat-pla-transparentni-sl","7":"product_cat-3d-filamenti","8":"product_cat-pla-filament-sl","9":"product_cat-vsi-filamenti","10":"pa_colour-transparent","11":"pa_colour-yellow","12":"pa_filament-diameter-1-75mm","13":"pa_filament-weight-1000g","15":"first","16":"instock","17":"taxable","18":"shipping-taxable","19":"purchasable","20":"product-type-variable","21":"has-default-attributes"},"acf":[],"_links":{"self":[{"href":"https:\/\/azurefilm.com\/sl\/wp-json\/wp\/v2\/product\/14679","targetHints":{"allow":["GET"]}}],"collection":[{"href":"https:\/\/azurefilm.com\/sl\/wp-json\/wp\/v2\/product"}],"about":[{"href":"https:\/\/azurefilm.com\/sl\/wp-json\/wp\/v2\/types\/product"}],"replies":[{"embeddable":true,"href":"https:\/\/azurefilm.com\/sl\/wp-json\/wp\/v2\/comments?post=14679"}],"wp:featuredmedia":[{"embeddable":true,"href":"https:\/\/azurefilm.com\/sl\/wp-json\/wp\/v2\/media\/113770"}],"wp:attachment":[{"href":"https:\/\/azurefilm.com\/sl\/wp-json\/wp\/v2\/media?parent=14679"}],"wp:term":[{"taxonomy":"product_brand","embeddable":true,"href":"https:\/\/azurefilm.com\/sl\/wp-json\/wp\/v2\/product_brand?post=14679"},{"taxonomy":"product_cat","embeddable":true,"href":"https:\/\/azurefilm.com\/sl\/wp-json\/wp\/v2\/product_cat?post=14679"},{"taxonomy":"product_tag","embeddable":true,"href":"https:\/\/azurefilm.com\/sl\/wp-json\/wp\/v2\/product_tag?post=14679"},{"taxonomy":"brand","embeddable":true,"href":"https:\/\/azurefilm.com\/sl\/wp-json\/wp\/v2\/brand?post=14679"}],"curies":[{"name":"wp","href":"https:\/\/api.w.org\/{rel}","templated":true}]}}