
{"id":14682,"date":"2023-10-29T14:08:48","date_gmt":"2023-10-29T14:08:48","guid":{"rendered":"https:\/\/azurefilm.com\/product\/pla-wood-filament-pine\/"},"modified":"2025-08-22T10:29:07","modified_gmt":"2025-08-22T10:29:07","slug":"lumberlay-filament-pine","status":"publish","type":"product","link":"https:\/\/azurefilm.com\/sl\/izdelek\/lumberlay-filament-pine\/","title":{"rendered":"LumberLay filament Pine"},"content":{"rendered":"<h2><b>LumberLay<\/b><\/h2>\n<p><span style=\"font-weight: 400;\">Spoznajte na\u0161e LumberLay filamente &#8211; to je edinstven material, ki ima <\/span><b>videz in ob\u010dutek pravega lesa<\/b><span style=\"font-weight: 400;\">. LumberLay zdru\u017euje <\/span><b>40 % recikliranega lesa <\/b><span style=\"font-weight: 400;\">in 60 % PLA filamenta. Zaradi te me\u0161anice bodo imeli va\u0161i tiski <\/span><b>videz naravnega lesa<\/b><span style=\"font-weight: 400;\">, fizikalne lastnosti izdelka pa bodo izjemno podobne naravnemu lesu.\u00a0<\/span><\/p>\n<p data-pm-slice=\"1 1 []\"><strong>Prosimo upo\u0161tevajte:<\/strong> filamente LumberLay je treba pred uporabo posu\u0161iti (8 ur pri 55 \u00b0C) in niso zdru\u017eljivi z 0,2 mm \u0161obo.<\/p>\n<h2><strong>LumberLay filament Pine<\/strong><\/h2>\n<p>Ustvarite dizajne realisti\u010dnega videza in teksture, ki spominjajo na les, z na\u0161im LumberLay filament Pine, izdelanim iz 40 % recikliranega lesa in 60 % polimerov.<\/p>\n<p><span style=\"font-weight: 400;\">\u010ce \u017eelite izvedeti ve\u010d o LumberLay filamentih, preberite na\u0161 <a href=\"https:\/\/azurefilm.com\/sl\/2024\/10\/24\/spoznajte-lumberlay-kolekcijo\/\" target=\"_blank\" rel=\"noopener\"><strong>blog<\/strong><\/a>.<\/span><\/p>\n<p><span style=\"font-weight: 400;\">Tukaj lahko dostopate do <strong><a href=\"https:\/\/azurefilm.com\/sl\/technical-data-sheets\/\" target=\"_blank\" rel=\"noopener\">tehni\u010dnega lista<\/a>.<\/strong><\/span><\/p>\n<h3><strong>Priporo\u010dila za tiskanje:<\/strong><\/h3>\n<ul>\n<li><strong>Filament mora biti pred uporabo posu\u0161en (8 ur pri 55\u00b0C).<\/strong><\/li>\n<li><strong>LumberLay filamenti niso zdru\u017eljivi z 0,2 mm \u0161obo.<\/strong><\/li>\n<li><span style=\"font-weight: 400;\">Za najbolj\u0161e rezultate tiskajte pri 200\u2013230 \u00b0C.<\/span><\/li>\n<li><span style=\"font-weight: 400;\">Priporo\u010dena temperatura grelne mize je 60\u00b0C.<\/span><\/li>\n<li><span style=\"font-weight: 400;\">Uporabite stekleno plo\u0161\u010do, PEI folijo, kapton ali modri trak za tiskalno povr\u0161ino s pr\u0161ilom 3Dlac.<\/span><\/li>\n<\/ul>\n<p><i><span style=\"font-weight: 400;\">*Idealna temperatura se lahko razlikuje pri uporabi razli\u010dnih tiskalnikov.<\/span><\/i><\/p>\n","protected":false},"excerpt":{"rendered":"<p>Ustvarite dizajne realisti\u010dnega videza in teksture, ki spominjajo na les, z na\u0161im LumberLay filament Pine, izdelanim iz 40 % recikliranega lesa in 60 % polimerov.<\/p>\n<p data-pm-slice=\"1 1 []\"><strong>Opozorilo:<\/strong> Zaradi naravnih razlik v lesnih vlaknih lahko med serijami filamentov LumberLay pride do rahlih odstopanj v barvi.<\/p>\n","protected":false},"featured_media":2139,"comment_status":"closed","ping_status":"closed","template":"","meta":{"_acf_changed":false},"product_brand":[],"product_cat":[696,659,661],"product_tag":[],"brand":[267],"class_list":{"0":"post-14682","1":"product","2":"type-product","3":"status-publish","4":"has-post-thumbnail","6":"product_cat-leseni-filament-lumberlay","7":"product_cat-3d-filamenti","8":"product_cat-vsi-filamenti","9":"pa_colour-brown","10":"pa_filament-diameter-1-75mm","11":"pa_filament-weight-750g","12":"brand-azurefilm","14":"first","15":"outofstock","16":"taxable","17":"shipping-taxable","18":"purchasable","19":"product-type-variable","20":"has-default-attributes"},"acf":[],"_links":{"self":[{"href":"https:\/\/azurefilm.com\/sl\/wp-json\/wp\/v2\/product\/14682","targetHints":{"allow":["GET"]}}],"collection":[{"href":"https:\/\/azurefilm.com\/sl\/wp-json\/wp\/v2\/product"}],"about":[{"href":"https:\/\/azurefilm.com\/sl\/wp-json\/wp\/v2\/types\/product"}],"replies":[{"embeddable":true,"href":"https:\/\/azurefilm.com\/sl\/wp-json\/wp\/v2\/comments?post=14682"}],"wp:featuredmedia":[{"embeddable":true,"href":"https:\/\/azurefilm.com\/sl\/wp-json\/wp\/v2\/media\/2139"}],"wp:attachment":[{"href":"https:\/\/azurefilm.com\/sl\/wp-json\/wp\/v2\/media?parent=14682"}],"wp:term":[{"taxonomy":"product_brand","embeddable":true,"href":"https:\/\/azurefilm.com\/sl\/wp-json\/wp\/v2\/product_brand?post=14682"},{"taxonomy":"product_cat","embeddable":true,"href":"https:\/\/azurefilm.com\/sl\/wp-json\/wp\/v2\/product_cat?post=14682"},{"taxonomy":"product_tag","embeddable":true,"href":"https:\/\/azurefilm.com\/sl\/wp-json\/wp\/v2\/product_tag?post=14682"},{"taxonomy":"brand","embeddable":true,"href":"https:\/\/azurefilm.com\/sl\/wp-json\/wp\/v2\/brand?post=14682"}],"curies":[{"name":"wp","href":"https:\/\/api.w.org\/{rel}","templated":true}]}}