
{"id":14687,"date":"2023-10-29T14:09:17","date_gmt":"2023-10-29T14:09:17","guid":{"rendered":"https:\/\/azurefilm.com\/product\/pla-glitter-filament-red\/"},"modified":"2026-04-07T07:47:59","modified_gmt":"2026-04-07T07:47:59","slug":"pla-glitter-filament-red","status":"publish","type":"product","link":"https:\/\/azurefilm.com\/sl\/izdelek\/pla-glitter-filament-red\/","title":{"rendered":"PLA Glitter filament Red"},"content":{"rendered":"<h2><b>PLA Glitter<\/b><\/h2>\n<p><span style=\"font-weight: 400;\">PLA Glitter filamenti so izdelani iz na\u0161ega PLA Original in vsebujejo <\/span><b>ble\u0161\u010de\u010de delce<\/b><span style=\"font-weight: 400;\"> za bolj ble\u0161\u010de\u010d u\u010dinek na va\u0161ih odtisih. PLA Glitter je podoben PLA Original, kar pomeni, da je <\/span><b>biolo\u0161ko razgradljiv<\/b><span style=\"font-weight: 400;\">, se <\/span><b>enostavno tiska<\/b><span style=\"font-weight: 400;\"> in daje <\/span><b>dosledne rezultate<\/b><span style=\"font-weight: 400;\">.\u00a0 Pri tiskanju s PLA Glitter filamenti pa morate biti previdni, saj so ble\u0161\u010de\u010di delci rahlo abrazivni in lahko obrabijo \u0161obo. Priporo\u010damo <\/span><b>uporabo 0,6 mm \u0161obe, ki je odporna proti obrabi<\/b><span style=\"font-weight: 400;\">.\u00a0<\/span><\/p>\n<h2><strong>PLA Glitter filament Red<\/strong><\/h2>\n<p>Ustvarite ble\u0161\u010de\u010d in privla\u010den u\u010dinek z na\u0161im PLA Glitter filament Red.<\/p>\n<p><span style=\"font-weight: 400;\">\u010ce \u017eelite izvedeti ve\u010d o PLA filamentih, preberite na\u0161 <a href=\"https:\/\/azurefilm.com\/sl\/2023\/07\/04\/pla-filamenti\/\" target=\"_blank\" rel=\"noopener\">blog<\/a>.\u00a0<\/span><\/p>\n<p><span style=\"font-weight: 400;\">Tukaj lahko dostopate do <a href=\"https:\/\/azurefilm.com\/sl\/technical-data-sheets\/\" target=\"_blank\" rel=\"noopener\">tehni\u010dnega lista<\/a>.<\/span><\/p>\n<p><span style=\"font-weight: 400;\">Priporo\u010dila za tiskanje:<\/span><\/p>\n<ul>\n<li style=\"font-weight: 400;\" aria-level=\"1\"><span style=\"font-weight: 400;\">Za najbolj\u0161e rezultate tiskajte pri temperaturi 220\u2013230 \u00b0C*.\u00a0<\/span><\/li>\n<li style=\"font-weight: 400;\" aria-level=\"1\"><span style=\"font-weight: 400;\">Ogrevane tiskalne plo\u0161\u010de ne potrebujete, vendar priporo\u010damo, da jo segrejete na 50\u201360 \u00b0C.\u00a0<\/span><\/li>\n<li style=\"font-weight: 400;\" aria-level=\"1\"><span style=\"font-weight: 400;\">Uporabite stekleno plo\u0161\u010do, PEI folijo, kapton ali modri trak za tiskalno povr\u0161ino s pr\u0161ilom 3Dlac.<\/span><\/li>\n<li style=\"font-weight: 400;\" aria-level=\"1\"><span style=\"font-weight: 400;\">Svetujemo uporabo vsaj 0,6 mm \u0161obe, da se ne zama\u0161i<\/span><i><span style=\"font-weight: 400;\">.<\/span><\/i><\/li>\n<\/ul>\n<p><i><span style=\"font-weight: 400;\">*Idealna temperatura se lahko razlikuje pri uporabi razli\u010dnih tiskalnikov.<\/span><\/i><\/p>\n","protected":false},"excerpt":{"rendered":"<p>Ustvarite ble\u0161\u010de\u010d in privla\u010den u\u010dinek z na\u0161im PLA Glitter filament Red.<\/p>\n","protected":false},"featured_media":113710,"comment_status":"closed","ping_status":"closed","template":"","meta":{"_acf_changed":false},"product_brand":[],"product_cat":[686,659,685,661],"product_tag":[],"brand":[],"class_list":{"0":"post-14687","1":"product","2":"type-product","3":"status-publish","4":"has-post-thumbnail","6":"product_cat-pla-blesceci-sl","7":"product_cat-3d-filamenti","8":"product_cat-pla-filament-sl","9":"product_cat-vsi-filamenti","10":"pa_colour-red","11":"pa_filament-diameter-1-75mm","12":"pa_filament-weight-1000g","14":"first","15":"instock","16":"taxable","17":"shipping-taxable","18":"purchasable","19":"product-type-variable","20":"has-default-attributes"},"acf":[],"_links":{"self":[{"href":"https:\/\/azurefilm.com\/sl\/wp-json\/wp\/v2\/product\/14687","targetHints":{"allow":["GET"]}}],"collection":[{"href":"https:\/\/azurefilm.com\/sl\/wp-json\/wp\/v2\/product"}],"about":[{"href":"https:\/\/azurefilm.com\/sl\/wp-json\/wp\/v2\/types\/product"}],"replies":[{"embeddable":true,"href":"https:\/\/azurefilm.com\/sl\/wp-json\/wp\/v2\/comments?post=14687"}],"wp:featuredmedia":[{"embeddable":true,"href":"https:\/\/azurefilm.com\/sl\/wp-json\/wp\/v2\/media\/113710"}],"wp:attachment":[{"href":"https:\/\/azurefilm.com\/sl\/wp-json\/wp\/v2\/media?parent=14687"}],"wp:term":[{"taxonomy":"product_brand","embeddable":true,"href":"https:\/\/azurefilm.com\/sl\/wp-json\/wp\/v2\/product_brand?post=14687"},{"taxonomy":"product_cat","embeddable":true,"href":"https:\/\/azurefilm.com\/sl\/wp-json\/wp\/v2\/product_cat?post=14687"},{"taxonomy":"product_tag","embeddable":true,"href":"https:\/\/azurefilm.com\/sl\/wp-json\/wp\/v2\/product_tag?post=14687"},{"taxonomy":"brand","embeddable":true,"href":"https:\/\/azurefilm.com\/sl\/wp-json\/wp\/v2\/brand?post=14687"}],"curies":[{"name":"wp","href":"https:\/\/api.w.org\/{rel}","templated":true}]}}