
{"id":14692,"date":"2023-10-29T14:09:41","date_gmt":"2023-10-29T14:09:41","guid":{"rendered":"https:\/\/azurefilm.com\/product\/pla-glow-filament-uv-light-yellow\/"},"modified":"2025-12-24T06:01:49","modified_gmt":"2025-12-24T06:01:49","slug":"pla-lumos-filament-uv-light-yellow","status":"publish","type":"product","link":"https:\/\/azurefilm.com\/sl\/izdelek\/pla-lumos-filament-uv-light-yellow\/","title":{"rendered":"PLA Lumos filament UV Light Yellow"},"content":{"rendered":"<h2><b>PLA Lumos<\/b><\/h2>\n<p><span style=\"font-weight: 400;\">Spoznajte Lumos kolekcijo <\/span><b>\u017eivahnega UV sijaja, prosojnimi svetlobnimi &amp; in svetle\u010dimi no\u010dnimi u\u010dinki<\/b><span style=\"font-weight: 400;\">. Ta posebna PLA kolekcija je enostavna za tiskanje in popolna za za\u010detnike.<\/span><\/p>\n<p><b>PLA Lumos filament UV Light Yellow <\/b><span style=\"font-weight: 400;\">se bo svetil pod vsako UV svetlobo. <\/span><b>PLA Lumos filament Glow in the dark White <\/b><span style=\"font-weight: 400;\">se napolni na son\u010dni svetlobi in nato oddaja subtilen sijaj v temi.<\/span><b> PLA Lumos filament Litho White <\/b><span style=\"font-weight: 400;\">omogo\u010da ustvarjanje 3D slik, ki o\u017eivijo, ko skoznje posije svetloba. Katerega boste izbrali?\u00a0<\/span><\/p>\n<h2><strong>PLA Lumos filament UV Light Yellow<\/strong><\/h2>\n<p>Dovolite, da va\u0161e 3D tiske zadane UV-svetloba in zasijejo z na\u0161im PLA Lumos filament UV Light Yellow.<\/p>\n<p><span style=\"font-weight: 400;\">\u010ce \u017eelite izvedeti ve\u010d o PLA filamentih, preberite na\u0161 <a href=\"https:\/\/azurefilm.com\/sl\/2023\/07\/04\/pla-filamenti\/\" target=\"_blank\" rel=\"noopener\">blog<\/a>.\u00a0<\/span><\/p>\n<p><span style=\"font-weight: 400;\">Tukaj lahko dostopate do <a href=\"https:\/\/azurefilm.com\/sl\/technical-data-sheets\/\" target=\"_blank\" rel=\"noopener\">tehni\u010dnega lista<\/a>.<\/span><\/p>\n<h3><strong>Priporo\u010dila za tiskanje:<\/strong><\/h3>\n<ul>\n<li style=\"font-weight: 400;\" aria-level=\"1\"><span style=\"font-weight: 400;\">Za najbolj\u0161e rezultate tiskajte pri temperaturi 200\u2013230 \u00b0C*.\u00a0<\/span><\/li>\n<li style=\"font-weight: 400;\" aria-level=\"1\"><span style=\"font-weight: 400;\">Priporo\u010dena temperatura grelne mize je 60 \u00b0C.<\/span><\/li>\n<li style=\"font-weight: 400;\" aria-level=\"1\"><span style=\"font-weight: 400;\">Uporabite stekleno plo\u0161\u010do, PEI folijo, kapton ali modri trak za tiskalno povr\u0161ino s pr\u0161ilom 3Dlac.<\/span><\/li>\n<\/ul>\n<p><i><span style=\"font-weight: 400;\">*Idealna temperatura se lahko razlikuje pri uporabi razli\u010dnih tiskalnikov.<\/span><\/i><\/p>\n","protected":false},"excerpt":{"rendered":"<p>Dovolite, da va\u0161e 3D tiske zadane UV-svetloba in zasijejo z na\u0161im PLA Lumos filament UV Light Yellow.<\/p>\n","protected":false},"featured_media":113871,"comment_status":"closed","ping_status":"closed","template":"","meta":{"_acf_changed":false},"product_brand":[],"product_cat":[687,659,685,661],"product_tag":[],"brand":[],"class_list":{"0":"post-14692","1":"product","2":"type-product","3":"status-publish","4":"has-post-thumbnail","6":"product_cat-pla-svetleci-sl","7":"product_cat-3d-filamenti","8":"product_cat-pla-filament-sl","9":"product_cat-vsi-filamenti","10":"pa_colour-white","11":"pa_colour-yellow","12":"pa_filament-diameter-1-75mm","13":"pa_filament-weight-1000g","15":"first","16":"outofstock","17":"taxable","18":"shipping-taxable","19":"purchasable","20":"product-type-variable","21":"has-default-attributes"},"acf":[],"_links":{"self":[{"href":"https:\/\/azurefilm.com\/sl\/wp-json\/wp\/v2\/product\/14692","targetHints":{"allow":["GET"]}}],"collection":[{"href":"https:\/\/azurefilm.com\/sl\/wp-json\/wp\/v2\/product"}],"about":[{"href":"https:\/\/azurefilm.com\/sl\/wp-json\/wp\/v2\/types\/product"}],"replies":[{"embeddable":true,"href":"https:\/\/azurefilm.com\/sl\/wp-json\/wp\/v2\/comments?post=14692"}],"wp:featuredmedia":[{"embeddable":true,"href":"https:\/\/azurefilm.com\/sl\/wp-json\/wp\/v2\/media\/113871"}],"wp:attachment":[{"href":"https:\/\/azurefilm.com\/sl\/wp-json\/wp\/v2\/media?parent=14692"}],"wp:term":[{"taxonomy":"product_brand","embeddable":true,"href":"https:\/\/azurefilm.com\/sl\/wp-json\/wp\/v2\/product_brand?post=14692"},{"taxonomy":"product_cat","embeddable":true,"href":"https:\/\/azurefilm.com\/sl\/wp-json\/wp\/v2\/product_cat?post=14692"},{"taxonomy":"product_tag","embeddable":true,"href":"https:\/\/azurefilm.com\/sl\/wp-json\/wp\/v2\/product_tag?post=14692"},{"taxonomy":"brand","embeddable":true,"href":"https:\/\/azurefilm.com\/sl\/wp-json\/wp\/v2\/brand?post=14692"}],"curies":[{"name":"wp","href":"https:\/\/api.w.org\/{rel}","templated":true}]}}