
{"id":14697,"date":"2023-10-29T14:09:41","date_gmt":"2023-10-29T14:09:41","guid":{"rendered":"https:\/\/azurefilm.com\/product\/pla-pearl-filament-night-blue\/"},"modified":"2026-02-03T09:47:03","modified_gmt":"2026-02-03T09:47:03","slug":"pla-pearl-filament-night-blue","status":"publish","type":"product","link":"https:\/\/azurefilm.com\/sl\/izdelek\/pla-pearl-filament-night-blue\/","title":{"rendered":"PLA Pearl filament Night Blue"},"content":{"rendered":"<h2><b>PLA Pearl<\/b><\/h2>\n<p><span style=\"font-weight: 400;\">PLA Pearl filamenti so tako kot na\u0161 PLA Original, nadgrajeni z <\/span><b>edinstveno me\u0161anico prefinjenih ble\u0161\u010dic <\/b><span style=\"font-weight: 400;\">, ki daje va\u0161im odtisom \u010dudovit biserni sijaj. S tem materialom je <\/span><b> enostavno tiskati<\/b><span style=\"font-weight: 400;\">, zato je odli\u010den za za\u010detnike in daje <\/span><b>dosledne rezultate<\/b><span style=\"font-weight: 400;\">.\u00a0<\/span><\/p>\n<h2><strong>PLA Pearl filament Night Blue<\/strong><\/h2>\n<p>Posnemajte tople poletne no\u010di s tem bogatim odtenkom modre barve in preizkusite na\u0161 PLA Pearl filament Night Blue.<\/p>\n<p><span style=\"font-weight: 400;\">\u010ce \u017eelite izvedeti ve\u010d o PLA filamentih, preberite na\u0161 <a href=\"https:\/\/azurefilm.com\/sl\/2023\/07\/04\/pla-filamenti\/\" target=\"_blank\" rel=\"noopener\">blog<\/a>.\u00a0<\/span><\/p>\n<p><span style=\"font-weight: 400;\">Tukaj lahko dostopate do <a href=\"https:\/\/azurefilm.com\/sl\/technical-data-sheets\/\" target=\"_blank\" rel=\"noopener\">tehni\u010dnega lista<\/a>.<\/span><\/p>\n<p><span style=\"font-weight: 400;\">Priporo\u010dila za tiskanje:<\/span><\/p>\n<ul>\n<li style=\"font-weight: 400;\" aria-level=\"1\"><span style=\"font-weight: 400;\">Za najbolj\u0161e rezultate tiskajte pri temperaturi 200\u2013230 \u00b0C*.<\/span><\/li>\n<li style=\"font-weight: 400;\" aria-level=\"1\"><span style=\"font-weight: 400;\">Priporo\u010dena temperatura grelne mize je 60 \u00b0C.<\/span><\/li>\n<li style=\"font-weight: 400;\" aria-level=\"1\"><span style=\"font-weight: 400;\">Uporabite stekleno plo\u0161\u010do, PEI folijo, kapton ali modri trak za tiskalno povr\u0161ino s pr\u0161ilom 3Dlac.<\/span><\/li>\n<\/ul>\n<p><i><span style=\"font-weight: 400;\">*Idealna temperatura se lahko razlikuje pri uporabi razli\u010dnih tiskalnikov.<\/span><\/i><\/p>\n","protected":false},"excerpt":{"rendered":"<p>Posnemajte tople poletne no\u010di s tem bogatim odtenkom modre barve in preizkusite na\u0161 PLA Pearl filament Night Blue.<\/p>\n","protected":false},"featured_media":113818,"comment_status":"closed","ping_status":"closed","template":"","meta":{"_acf_changed":false},"product_brand":[],"product_cat":[691,659,685,661],"product_tag":[],"brand":[],"class_list":{"0":"post-14697","1":"product","2":"type-product","3":"status-publish","4":"has-post-thumbnail","6":"product_cat-pla-biserni-sijaj-sl","7":"product_cat-3d-filamenti","8":"product_cat-pla-filament-sl","9":"product_cat-vsi-filamenti","10":"pa_colour-blue","11":"pa_filament-diameter-1-75mm","12":"pa_filament-weight-1000g","14":"first","15":"instock","16":"taxable","17":"shipping-taxable","18":"purchasable","19":"product-type-variable","20":"has-default-attributes"},"acf":[],"_links":{"self":[{"href":"https:\/\/azurefilm.com\/sl\/wp-json\/wp\/v2\/product\/14697","targetHints":{"allow":["GET"]}}],"collection":[{"href":"https:\/\/azurefilm.com\/sl\/wp-json\/wp\/v2\/product"}],"about":[{"href":"https:\/\/azurefilm.com\/sl\/wp-json\/wp\/v2\/types\/product"}],"replies":[{"embeddable":true,"href":"https:\/\/azurefilm.com\/sl\/wp-json\/wp\/v2\/comments?post=14697"}],"wp:featuredmedia":[{"embeddable":true,"href":"https:\/\/azurefilm.com\/sl\/wp-json\/wp\/v2\/media\/113818"}],"wp:attachment":[{"href":"https:\/\/azurefilm.com\/sl\/wp-json\/wp\/v2\/media?parent=14697"}],"wp:term":[{"taxonomy":"product_brand","embeddable":true,"href":"https:\/\/azurefilm.com\/sl\/wp-json\/wp\/v2\/product_brand?post=14697"},{"taxonomy":"product_cat","embeddable":true,"href":"https:\/\/azurefilm.com\/sl\/wp-json\/wp\/v2\/product_cat?post=14697"},{"taxonomy":"product_tag","embeddable":true,"href":"https:\/\/azurefilm.com\/sl\/wp-json\/wp\/v2\/product_tag?post=14697"},{"taxonomy":"brand","embeddable":true,"href":"https:\/\/azurefilm.com\/sl\/wp-json\/wp\/v2\/brand?post=14697"}],"curies":[{"name":"wp","href":"https:\/\/api.w.org\/{rel}","templated":true}]}}