
{"id":14701,"date":"2023-10-29T14:10:16","date_gmt":"2023-10-29T14:10:16","guid":{"rendered":"https:\/\/azurefilm.com\/product\/pla-skin-filament-cappuccino\/"},"modified":"2025-12-22T20:01:57","modified_gmt":"2025-12-22T20:01:57","slug":"pla-skin-filament-cappuccino","status":"publish","type":"product","link":"https:\/\/azurefilm.com\/sl\/izdelek\/pla-skin-filament-cappuccino\/","title":{"rendered":"PLA Skin filament Cappuccino"},"content":{"rendered":"<h2><b>PLA Skin<\/b><\/h2>\n<p><span style=\"font-weight: 400;\">Predstavljamo PLA Skin filamente, posebno izdajo na\u0161e PLA Original linije, ki je narejena za ustvarjanje <\/span><b>realisti\u010dnih odtisov<\/b><span style=\"font-weight: 400;\">. Te barve smo zasnovali tako, da posnemajo videz in teksturo \u010dlove\u0161ke ko\u017ee. Ta material vam bo omogo\u010dil ustvarjanje realisti\u010dnih izdelkov z <\/span><b> videzom prave ko\u017ee<\/b><span style=\"font-weight: 400;\">. PLA Skin lahko uporabite za cosplay rekvizite, \u010dlove\u0161ke figure, protetiko in druge umetni\u0161ke projekte, ki zahtevajo realisti\u010dne teksture ko\u017ee. PLA Skin je <\/span><b>biolo\u0161ko razgradljiv <\/b><span style=\"font-weight: 400;\">material in z njim je <\/span><b>zelo enostavno delati<\/b><span style=\"font-weight: 400;\">.\u00a0<\/span><\/p>\n<h2><strong>PLA Skin filament Cappuccino\u00a0<\/strong><\/h2>\n<p>Ustvarite 3D tiske naravnega in organskega videza z na\u0161im PLA Skin filament Cappuccino.<\/p>\n<p><span style=\"font-weight: 400;\">\u010ce \u017eelite izvedeti ve\u010d o PLA filamentih, preberite na\u0161 <a href=\"https:\/\/azurefilm.com\/sl\/2023\/07\/04\/pla-filamenti\/\" target=\"_blank\" rel=\"noopener\">blog<\/a>.\u00a0<\/span><\/p>\n<p><span style=\"font-weight: 400;\">Tukaj lahko dostopate do <a href=\"https:\/\/azurefilm.com\/sl\/technical-data-sheets\/\" target=\"_blank\" rel=\"noopener\">tehni\u010dnega lista<\/a>.<\/span><\/p>\n<p><span style=\"font-weight: 400;\">Priporo\u010dila za tiskanje:<\/span><\/p>\n<ul>\n<li style=\"font-weight: 400;\" aria-level=\"1\"><span style=\"font-weight: 400;\">Za najbolj\u0161e rezultate tiskajte pri temperaturi 200\u2013230 \u00b0C*.<\/span><\/li>\n<li style=\"font-weight: 400;\" aria-level=\"1\"><span style=\"font-weight: 400;\">Priporo\u010dena temperatura grelne mize je 60 \u00b0C.<\/span><\/li>\n<li style=\"font-weight: 400;\" aria-level=\"1\"><span style=\"font-weight: 400;\">Uporabite stekleno plo\u0161\u010do, PEI folijo, kapton ali modri trak za tiskalno povr\u0161ino s pr\u0161ilom 3Dlac.<\/span><\/li>\n<\/ul>\n<p><i><span style=\"font-weight: 400;\">*Idealna temperatura se lahko razlikuje pri uporabi razli\u010dnih tiskalnikov.<\/span><\/i><\/p>\n","protected":false},"excerpt":{"rendered":"<p>Ustvarite 3D tiske naravnega in organskega videza z na\u0161im PLA Skin filament Cappuccino.<\/p>\n","protected":false},"featured_media":114003,"comment_status":"closed","ping_status":"closed","template":"","meta":{"_acf_changed":false},"product_brand":[],"product_cat":[693,659,685,661],"product_tag":[],"brand":[],"class_list":{"0":"post-14701","1":"product","2":"type-product","3":"status-publish","4":"has-post-thumbnail","6":"product_cat-pla-barva-koze-sl","7":"product_cat-3d-filamenti","8":"product_cat-pla-filament-sl","9":"product_cat-vsi-filamenti","10":"pa_colour-brown","11":"pa_colour-skin","12":"pa_filament-diameter-1-75mm","13":"pa_filament-weight-1000g","15":"first","16":"instock","17":"taxable","18":"shipping-taxable","19":"purchasable","20":"product-type-variable","21":"has-default-attributes"},"acf":[],"_links":{"self":[{"href":"https:\/\/azurefilm.com\/sl\/wp-json\/wp\/v2\/product\/14701","targetHints":{"allow":["GET"]}}],"collection":[{"href":"https:\/\/azurefilm.com\/sl\/wp-json\/wp\/v2\/product"}],"about":[{"href":"https:\/\/azurefilm.com\/sl\/wp-json\/wp\/v2\/types\/product"}],"replies":[{"embeddable":true,"href":"https:\/\/azurefilm.com\/sl\/wp-json\/wp\/v2\/comments?post=14701"}],"wp:featuredmedia":[{"embeddable":true,"href":"https:\/\/azurefilm.com\/sl\/wp-json\/wp\/v2\/media\/114003"}],"wp:attachment":[{"href":"https:\/\/azurefilm.com\/sl\/wp-json\/wp\/v2\/media?parent=14701"}],"wp:term":[{"taxonomy":"product_brand","embeddable":true,"href":"https:\/\/azurefilm.com\/sl\/wp-json\/wp\/v2\/product_brand?post=14701"},{"taxonomy":"product_cat","embeddable":true,"href":"https:\/\/azurefilm.com\/sl\/wp-json\/wp\/v2\/product_cat?post=14701"},{"taxonomy":"product_tag","embeddable":true,"href":"https:\/\/azurefilm.com\/sl\/wp-json\/wp\/v2\/product_tag?post=14701"},{"taxonomy":"brand","embeddable":true,"href":"https:\/\/azurefilm.com\/sl\/wp-json\/wp\/v2\/brand?post=14701"}],"curies":[{"name":"wp","href":"https:\/\/api.w.org\/{rel}","templated":true}]}}