
{"id":14723,"date":"2023-10-29T14:11:41","date_gmt":"2023-10-29T14:11:41","guid":{"rendered":"https:\/\/azurefilm.com\/product\/creality-halot-mage-8k500ml-resin-gratis\/"},"modified":"2026-04-02T13:30:36","modified_gmt":"2026-04-02T13:30:36","slug":"creality-halot-mage-8k","status":"publish","type":"product","link":"https:\/\/azurefilm.com\/sl\/izdelek\/creality-halot-mage-8k\/","title":{"rendered":"Creality Halot Mage 8K"},"content":{"rendered":"<p><span style=\"font-weight: 400;\">Predstavljamo nov Creality <\/span><b>HALOT MAGE 8K<\/b><span style=\"font-weight: 400;\"> tiskalnik na <\/span><b>rezino<\/b><span style=\"font-weight: 400;\">. Prefinjen in tehnolo\u0161ko napreden tiskalnik omogo\u010da, da bodo tudi najbolj zapletene podrobnosti na va\u0161ih izdelkih zares zasijale.<\/span><\/p>\n<p><span style=\"font-weight: 400;\">HALOT MAGE 8K ponuja veliko novih lastnosti in funkcij, zato si preberite opis in od blizu spoznajte nov tiskalnik.<\/span><\/p>\n<h2><strong>8K magic za vznemerljive podrobnosti<\/strong><\/h2>\n<p><span style=\"font-weight: 400;\">Tiskalnik HALOT MAGE 8K je opremljen z mono 8K LCD zaslonom, ki zagotavlja <\/span><b>osupljivih 33.177.600 slikovnih pik<\/b><span style=\"font-weight: 400;\"> in 29,7 \u03bcm XY lo\u010dljivosti, kar je bistveno bolj\u0161e od obi\u010dajnih 4K tiskalnikov, ki imajo le 50 \u03bcm. Ta napredna tehnologija tiskalniku omogo\u010da <\/span><b>izdelavo zapletenih podrobnosti<\/b><span style=\"font-weight: 400;\"> na potiskih, kot so lasje, tkanine, teksture ko\u017ee in organske oblike.<\/span><\/p>\n<h2><strong>10,3&#8221; LCD zaslon<\/strong><\/h2>\n<p><span style=\"font-weight: 400;\">Tiskalnik ima velik <\/span><b>10,3&#8221; LCD zaslon<\/b><span style=\"font-weight: 400;\"> in <\/span><b>prostornino 228x128x230 mm<\/b><span style=\"font-weight: 400;\">. Ve\u010dja prostornina<\/span> <span style=\"font-weight: 400;\">vam omogo\u010da veliko ve\u010d ustvarjalne svobode, saj bodo va\u0161i izdelki lahko ve\u010dji in bolj podrobni.\u00a0<\/span><\/p>\n<h2><strong>&#8220;MAGEARCH&#8221; pokrov<\/strong><\/h2>\n<p><span style=\"font-weight: 400;\">Creality je prenovil tudi pokrov tiskalnika. <\/span><b>\u201cMageArch\u201d pokrov<\/b><span style=\"font-weight: 400;\"> lahko odprete in zaprete z eno roko. Pokrov je pritrjen na sam tiskalnik kar pomeni, da ga ni potrebno odlagati na va\u0161o delovno povr\u0161ino.\u00a0<\/span><\/p>\n<p><span style=\"font-weight: 400;\">Oran\u017eni odtenek pokrova <\/span><b>blokira 99,89 % UV svetlobe<\/b><span style=\"font-weight: 400;\"> iz okolice, kar zmanj\u0161uje morebitne motnje med postopkom tiskanja.<\/span><\/p>\n<h2><strong>\u010cistilec zraka<\/strong><\/h2>\n<p><span style=\"font-weight: 400;\">\u010cistilec zraka se napaja in upravlja neposredno preko tiskalnika. Vklju\u010duje <\/span><b>zamenljiv filter z aktivnim ogljem, ki je 5,8-krat ve\u010dji od drugih filtrov.<\/b><span style=\"font-weight: 400;\"> Zato je u\u010dinkovitej\u0161i pri absorpciji dra\u017eljivega vonja po smoli. Odprtina za zra\u010denje na zadnji strani pa omogo\u010da povezavo z zra\u010dno cevjo.<\/span><\/p>\n<h2><strong>Stabilna os z dvojnimi linearnimi vodili<\/strong><\/h2>\n<p><span style=\"font-weight: 400;\">Z os tiskalnika, ki jo poganja zmogljiv motor, ima dve togi linearni vodili. To <\/span><b>znatno zmanj\u0161a nihanje<\/b><span style=\"font-weight: 400;\"> in tiskalniku omogo\u010da, da z lahkoto obdeluje ve\u010dje in te\u017eje izpise.<\/span><\/p>\n<h2><strong>Ve\u010dja izbira, bolj\u0161e rezanje<\/strong><\/h2>\n<p><span style=\"font-weight: 400;\">Samostojno razvit<\/span><b> sistem HALOT BOX<\/b><span style=\"font-weight: 400;\"> vklju\u010duje intuitiven 4-stopenjski potek dela in \u0161tevilne prednastavitve, kar vam bodo pomagale do vi\u0161je kakovosti tiska. <\/span><b>Tiskalnik je zdru\u017eljiv tudi z drugo programsko opremo za rezanje<\/b><span style=\"font-weight: 400;\">, kar pove\u010da obseg razpolo\u017eljivih mo\u017enosti. Ob nakupu boste <\/span><b>brezpla\u010dno prejeli tudi 3-mese\u010dni VIP CHITUBOX Pro <\/b><span style=\"font-weight: 400;\">program za rezanje.<\/span><\/p>\n<p><span style=\"font-weight: 400;\">Tiskalnik HALOT MAGE 8K je idealen 3D tiskalnik za vse ljubitelje ustvarjanja s smolo. Za\u010detniki in profesionalci boste zadavoljni z naprednimi funkcijami in tehnologijo, ki jih tiskalnik ponuja.\u00a0<\/span><\/p>\n","protected":false},"excerpt":{"rendered":"<p>Predstavljamo nov<strong>Creality HALOT MAGE 8K tiskalnik na rezino<strong>. Prefinjen in tehnolo\u0161ko napreden tiskalnik omogo\u010da, da bodo tudi najbolj zapletene podrobnosti na va\u0161ih izdelkih zares zasijale.<\/strong><\/strong><\/p>\n","protected":false},"featured_media":105048,"comment_status":"closed","ping_status":"closed","template":"","meta":{"_acf_changed":false},"product_brand":[],"product_cat":[751,733,752,755,735,759],"product_tag":[],"brand":[],"class_list":{"0":"post-14723","1":"product","2":"type-product","3":"status-publish","4":"has-post-thumbnail","6":"product_cat-3d-printer-smola","7":"product_cat-3d-tiskalnik","8":"product_cat-creality-tiskalniki-na-smolo","9":"product_cat-posebni-paketi","10":"product_cat-vsi-3d-tiskalniki","11":"product_cat-znizano","13":"first","14":"instock","15":"sale","16":"taxable","17":"shipping-taxable","18":"purchasable","19":"product-type-simple"},"acf":[],"_links":{"self":[{"href":"https:\/\/azurefilm.com\/sl\/wp-json\/wp\/v2\/product\/14723","targetHints":{"allow":["GET"]}}],"collection":[{"href":"https:\/\/azurefilm.com\/sl\/wp-json\/wp\/v2\/product"}],"about":[{"href":"https:\/\/azurefilm.com\/sl\/wp-json\/wp\/v2\/types\/product"}],"replies":[{"embeddable":true,"href":"https:\/\/azurefilm.com\/sl\/wp-json\/wp\/v2\/comments?post=14723"}],"wp:featuredmedia":[{"embeddable":true,"href":"https:\/\/azurefilm.com\/sl\/wp-json\/wp\/v2\/media\/105048"}],"wp:attachment":[{"href":"https:\/\/azurefilm.com\/sl\/wp-json\/wp\/v2\/media?parent=14723"}],"wp:term":[{"taxonomy":"product_brand","embeddable":true,"href":"https:\/\/azurefilm.com\/sl\/wp-json\/wp\/v2\/product_brand?post=14723"},{"taxonomy":"product_cat","embeddable":true,"href":"https:\/\/azurefilm.com\/sl\/wp-json\/wp\/v2\/product_cat?post=14723"},{"taxonomy":"product_tag","embeddable":true,"href":"https:\/\/azurefilm.com\/sl\/wp-json\/wp\/v2\/product_tag?post=14723"},{"taxonomy":"brand","embeddable":true,"href":"https:\/\/azurefilm.com\/sl\/wp-json\/wp\/v2\/brand?post=14723"}],"curies":[{"name":"wp","href":"https:\/\/api.w.org\/{rel}","templated":true}]}}