
{"id":14724,"date":"2023-10-30T14:11:41","date_gmt":"2023-10-30T14:11:41","guid":{"rendered":"https:\/\/azurefilm.com\/product\/creality-k1-max\/"},"modified":"2025-09-09T06:03:14","modified_gmt":"2025-09-09T06:03:14","slug":"creality-k1-max","status":"publish","type":"product","link":"https:\/\/azurefilm.com\/sl\/izdelek\/creality-k1-max\/","title":{"rendered":"Creality K1 Max"},"content":{"rendered":"<p><iframe loading=\"lazy\" title=\"YouTube video player\" src=\"https:\/\/www.youtube.com\/embed\/zu0anWcRkus\" width=\"560\" height=\"315\" frameborder=\"0\" allowfullscreen=\"allowfullscreen\"><\/iframe><\/p>\n<p><span style=\"font-weight: 400;\">Predstavljamo vam revolucionarni FDM 3D tiskalnik- Creality K1 MAX! Ta vrhunski tiskalnik je pripravljen osvojiti 3D svet, saj zagotavlja visoko-kakovostne printe z neverjetno hitrostjo.<\/span><\/p>\n<p><span style=\"font-weight: 400;\">U\u010dinkovitost pa ni vse, kar vas bo pri tem tiskalniku navdu\u0161ilo. Velika prednost je, da K1 MAX tiskalnik prejmete \u017ee v celoti sestavljen, kalibriran in pripravljen za uporabo. Vse kar morate narediti je, da sledite preprostim navodilom, ki vas bodo vodila skozi nastavitve 3D tiskalnika, in takoj pri\u010dnete s tiskanjem!<\/span><\/p>\n<p><span style=\"font-weight: 400;\">Creality K1 tiskalnik ima veliko odli\u010dnih funkcij, s katerimi bo va\u0161a 3D izku\u0161nja res vrhunska. Poglejmo si nekaj najbolj\u0161ih!<\/span><\/p>\n<h2><strong>Hitrost\u00a0<\/strong><\/h2>\n<p><span style=\"font-weight: 400;\">S svojo maksimalno hitrostjo 600 mm\/s in dejstvom, da je 12-krat hitrej\u0161i od obi\u010dajnega FDM 3D tiskalnika, bi tiskalnik lahko poimenovali tudi \u00bbkralj hitrosti\u00ab. Z neverjetnim pospe\u0161kom 20000 mm\/s\u00b2 Creality K1 MAX dose\u017ee hitrost 600 mm\/s \u017ee v samo 0,03 sekunde, kar pomeni, da dosega polno hitrost v 90 % \u010dasa tiskanja. Hitrost tiskalnika skraj\u0161a \u010das tiskanja, pove\u010da u\u010dinkovitost in prihrani veliko energije.<\/span><\/p>\n<h2><strong>Robustna, a estetska konstukcija<\/strong><\/h2>\n<p><span style=\"font-weight: 400;\">K1 ima zelo trdno zasnovo, ki omogo\u010da tiskalniku doseganje visoke hitrosti tiskanja brez vpliva na kon\u010dno kakovost. Trdna struktura CoreXY in lahka tiskalna glava (ki tehta le 190 g) sta zasnovani prav za visoke hitrosti. Robusten okvir, zdru\u017een z lahko zasnovo gibljivih delov, zagotavlja manj tresljajev in ve\u010djo stabilnost. Velikost delovne plo\u0161\u010de je 300 x 300 x 300 mm. Tiskalnik ima zelo kul dizajn, ki bo dobro izgledal kjerkoli ga postavite.<\/span><\/p>\n<h2><strong>Polna mo\u010d pri 32mm\u00b3\/s<\/strong><\/h2>\n<p><span style=\"font-weight: 400;\">Creality je razvil nov kerami\u010dni grelec za tiskalnik K1 MAX, ki dose\u017ee temperaturo 200 \u00b0C v samo 40 sekundah in hitro ter enakomerno stopi filament.<\/span><\/p>\n<p><span style=\"font-weight: 400;\">Tiskalnik ima tudi grelnik iz titanove zlitine in \u0161obo iz bakrene zlitine, ki je zasnovana za visoke temperature in popolno deluje pri temperaturah do 300 \u00b0C.<\/span><\/p>\n<h2><strong>U\u010dinkovit sistem hlajenja<\/strong><\/h2>\n<p><span style=\"font-weight: 400;\">Tiskalna glava oziroma ekstruder ima pri K1 MAX zelo mo\u010den dvostranski sistem hlajenja, ki sve\u017ee natisnjene plasti neposredno hladi z obeh strani. 18-vatni ventilator za ohi\u0161je \u0161e dodatno pove\u010da u\u010dinek hlajenja. Zahvaljujo\u010d temu hladilnemu sistemu se model strdi, \u0161e preden pride do nizanja ali ukrivljanja.<\/span><\/p>\n<h2><strong>Avtomatsko kalibriranje<\/strong><\/h2>\n<p><span style=\"font-weight: 400;\">V posteljo so vdelani senzorji za merjenje obremenitve, ki omogo\u010dajo natan\u010dno ustvarjanje izravnalne mre\u017ee. To pomeni, da se avtomatsko kalibriranje opravi pred za\u010detkom tiskanja in brez dodatnega dela vsaki\u010d za\u010dnete s popolnoma kalibrirano posteljo.<\/span><\/p>\n<h2><strong>Hitro segrevanje grelne mize<\/strong><\/h2>\n<p><span style=\"font-weight: 400;\">Aluminijasta grelna miza dose\u017ee 60 \u00b0C v samo 180 sekundah in enakomerno in hitro \u0161iri toploto.<\/span><\/p>\n<h2><strong>Brez zvonenja pri visoki hitrosti<\/strong><\/h2>\n<p><span style=\"font-weight: 400;\">Vsi poznamo nadle\u017eno zvonenje, ki se pojavi pri zelo hitrih hitrostih tiskanja. S tiskalnikom K1 MAX tega problema ne boste imeli zaradi G-senzorja, ki je vgrajen v glavo tiskalnika. G-senzor meri resonan\u010dne frekvence in jih samodejno prilagodi, ko je to potrebno.<\/span><\/p>\n<h2><strong>Brezskrbno upravljanje<\/strong><\/h2>\n<p><span style=\"font-weight: 400;\">K1 MAX lahko tiska prek USB-klju\u010dka ali brez\u017ei\u010dne povezave WiFi. Ko tiskanje kon\u010date ali se pojavi kak\u0161en tiskalni problem, boste obve\u0161\u010deni preko telefona ali ra\u010dunalnika.<\/span><\/p>\n<p><span style=\"font-weight: 400;\">\u010ce imate omre\u017eno povezavo, lahko K1 MAX upravljate ali spremljate na daljavo prek aplikacije Creality Print ali Creality Cloud APP\/WEB (v tem primeru potrebujete tudi AI kamero). To je mogo\u010de tudi, ko je ve\u010d K1 tiskalnikov povezanih naenkrat preko spleta.<\/span><\/p>\n<h2><strong>Pameten operacijski sistem<\/strong><\/h2>\n<p><span style=\"font-weight: 400;\">K1 MAX je opremljen s hitrim in pametnim operacijskim sistemom Creality (Creality OS) ter enostavnim vmesnikom. Operacijski sistem sinhronizira podatke in ukaze z va\u0161im ra\u010dunalnikom, telefonom, oblakom in dodatnimi moduli. Tiskalnik ima zelo hitri dvojedrni procesor (1,2 GHz CPU), ki omogo\u010da visoke hitrosti tiskanja brez napora. \u0160e ena odli\u010dna stvar je 8 GB ROM, ki omogo\u010da shranjevanje do 400 modelov ter hitro branje in pisanje podatkov na tiskalniku.<\/span><\/p>\n","protected":false},"excerpt":{"rendered":"<p>Predstavljamo vam revolucionarni FDM 3D tiskalnik- <strong>Creality K1 MAX<\/strong>! Ta vrhunski tiskalnik je pripravljen osvojiti 3D svet, saj zagotavlja visoko-kakovostne printe z neverjetno hitrostjo.<\/p>\n<p>U\u010dinkovitost pa ni vse, kar vas bo pri tem tiskalniku navdu\u0161ilo. Velika prednost je, da K1 MAX tiskalnik prejmete \u017ee v celoti sestavljen, kalibriran in pripravljen za uporabo. Vse kar morate narediti je, da sledite preprostim navodilom, ki vas bodo vodila skozi nastavitve 3D tiskalnika, in takoj pri\u010dnete s tiskanjem!<\/p>\n","protected":false},"featured_media":2866,"comment_status":"closed","ping_status":"closed","template":"","meta":{"_acf_changed":false},"product_brand":[],"product_cat":[733,739,736,735],"product_tag":[],"brand":[],"class_list":{"0":"post-14724","1":"product","2":"type-product","3":"status-publish","4":"has-post-thumbnail","6":"product_cat-3d-tiskalnik","7":"product_cat-creality","8":"product_cat-fdm-tiskalnik","9":"product_cat-vsi-3d-tiskalniki","11":"first","12":"instock","13":"taxable","14":"shipping-taxable","15":"purchasable","16":"product-type-simple"},"acf":[],"_links":{"self":[{"href":"https:\/\/azurefilm.com\/sl\/wp-json\/wp\/v2\/product\/14724","targetHints":{"allow":["GET"]}}],"collection":[{"href":"https:\/\/azurefilm.com\/sl\/wp-json\/wp\/v2\/product"}],"about":[{"href":"https:\/\/azurefilm.com\/sl\/wp-json\/wp\/v2\/types\/product"}],"replies":[{"embeddable":true,"href":"https:\/\/azurefilm.com\/sl\/wp-json\/wp\/v2\/comments?post=14724"}],"wp:featuredmedia":[{"embeddable":true,"href":"https:\/\/azurefilm.com\/sl\/wp-json\/wp\/v2\/media\/2866"}],"wp:attachment":[{"href":"https:\/\/azurefilm.com\/sl\/wp-json\/wp\/v2\/media?parent=14724"}],"wp:term":[{"taxonomy":"product_brand","embeddable":true,"href":"https:\/\/azurefilm.com\/sl\/wp-json\/wp\/v2\/product_brand?post=14724"},{"taxonomy":"product_cat","embeddable":true,"href":"https:\/\/azurefilm.com\/sl\/wp-json\/wp\/v2\/product_cat?post=14724"},{"taxonomy":"product_tag","embeddable":true,"href":"https:\/\/azurefilm.com\/sl\/wp-json\/wp\/v2\/product_tag?post=14724"},{"taxonomy":"brand","embeddable":true,"href":"https:\/\/azurefilm.com\/sl\/wp-json\/wp\/v2\/brand?post=14724"}],"curies":[{"name":"wp","href":"https:\/\/api.w.org\/{rel}","templated":true}]}}