
{"id":14728,"date":"2023-10-29T14:12:09","date_gmt":"2023-10-29T14:12:09","guid":{"rendered":"https:\/\/azurefilm.com\/product\/petg-original-filament-grass-green\/"},"modified":"2026-04-01T19:00:16","modified_gmt":"2026-04-01T19:00:16","slug":"petg-original-filament-grass-green","status":"publish","type":"product","link":"https:\/\/azurefilm.com\/sl\/izdelek\/petg-original-filament-grass-green\/","title":{"rendered":"PETG Hyper Speed filament Grass Green"},"content":{"rendered":"<h2><b>PETG Original<\/b><\/h2>\n<p><span style=\"font-weight: 400;\">PETG Original ima odli\u010dne lastnosti in je eden izmed najbolj priljubljenih filamentov poleg PLA. PETG ima zaradi svoje strukture <\/span><b>trdne<\/b><span style=\"font-weight: 400;\">, <\/span><b>temperaturno obstojne<\/b><span style=\"font-weight: 400;\"> (do 80 \u00b0C) in <\/span><b>vzdr\u017eljive lastnosti<\/b><span style=\"font-weight: 400;\">. Z na\u0161imi PETG filamenti bo tiskanje enostavno in so zato <\/span><b>dobra izbira za za\u010detnike<\/b><span style=\"font-weight: 400;\">. Zaradi svojih lastnosti se PETG lahko uporablja za <\/span><b>\u0161tevilne razli\u010dne aplikacije<\/b><span style=\"font-weight: 400;\">, od okraskov, orodij in protetike do mehanskih izdelkov in robotike.<\/span><span style=\"font-weight: 400;\">\u00a0<\/span><\/p>\n<h2><strong>PETG Original filament Grass Green<\/strong><\/h2>\n<p>Posnemajte osve\u017eilne odtenke narave in ustvarite \u017eivahne zelene modele z na\u0161im PETG Original filament Grass Green.<\/p>\n<p><span style=\"font-weight: 400;\">\u010ce \u017eelite izvedeti ve\u010d o PETG filamentih, preberite na\u0161 <a href=\"https:\/\/azurefilm.com\/sl\/2023\/07\/10\/petg-filamenti\/\" target=\"_blank\" rel=\"noopener\">blog<\/a>.\u00a0<\/span><\/p>\n<p><span style=\"font-weight: 400;\">Tukaj lahko dostopate do <a href=\"https:\/\/azurefilm.com\/sl\/technical-data-sheets\/\" target=\"_blank\" rel=\"noopener\">tehni\u010dnega lista<\/a>.<\/span><\/p>\n<h3><strong>Priporo\u010dila za tiskanje:<\/strong><\/h3>\n<ul>\n<li style=\"font-weight: 400;\" aria-level=\"1\"><span style=\"font-weight: 400;\">Za najbolj\u0161e rezultate tiskajte pri temperaturi 220\u2013240 \u00b0C*.\u00a0<\/span><\/li>\n<li style=\"font-weight: 400;\" aria-level=\"1\"><span style=\"font-weight: 400;\">Priporo\u010dena temperatura grelne mize je 80 \u00b0C.<\/span><\/li>\n<li style=\"font-weight: 400;\" aria-level=\"1\"><span style=\"font-weight: 400;\">Uporabite stekleno plo\u0161\u010do, PEI folijo, kapton ali modri trak za tiskalno povr\u0161ino s pr\u0161ilom 3Dlac.<\/span><\/li>\n<\/ul>\n<p><i><span style=\"font-weight: 400;\">*Idealna temperatura se lahko razlikuje pri uporabi razli\u010dnih tiskalnikov.<\/span><\/i><\/p>\n","protected":false},"excerpt":{"rendered":"<p>Posnemajte osve\u017eilne odtenke narave in ustvarite \u017eivahne zelene modele z na\u0161im PETG Hyper Speed filament Grass Green.<\/p>\n<p><b>Prosimo upo\u0161tevajte:<\/b><span style=\"font-weight: 400;\"> Gre za isto zaupanja vredno formulo PETG Original, ki je sedaj preimenovana v <\/span><b>PETG Hyper Speed<\/b><span style=\"font-weight: 400;\">, zaradi mo\u017enosti zelo visoke hitrosti tiskanja. Nakupujte zdaj in do\u017eivite novo raven PETG!<\/span><\/p>\n","protected":false},"featured_media":111635,"comment_status":"closed","ping_status":"closed","template":"","meta":{"_acf_changed":false},"product_brand":[],"product_cat":[682,659,679,661],"product_tag":[1532],"brand":[267],"class_list":{"0":"post-14728","1":"product","2":"type-product","3":"status-publish","4":"has-post-thumbnail","6":"product_cat-petg-original-sl","7":"product_cat-3d-filamenti","8":"product_cat-petg-filament-sl","9":"product_cat-vsi-filamenti","10":"product_tag-high-speed","11":"pa_colour-green","12":"pa_filament-diameter-1-75mm","13":"pa_filament-weight-1000g","14":"brand-azurefilm","16":"first","17":"instock","18":"taxable","19":"shipping-taxable","20":"purchasable","21":"product-type-variable","22":"has-default-attributes"},"acf":[],"_links":{"self":[{"href":"https:\/\/azurefilm.com\/sl\/wp-json\/wp\/v2\/product\/14728","targetHints":{"allow":["GET"]}}],"collection":[{"href":"https:\/\/azurefilm.com\/sl\/wp-json\/wp\/v2\/product"}],"about":[{"href":"https:\/\/azurefilm.com\/sl\/wp-json\/wp\/v2\/types\/product"}],"replies":[{"embeddable":true,"href":"https:\/\/azurefilm.com\/sl\/wp-json\/wp\/v2\/comments?post=14728"}],"wp:featuredmedia":[{"embeddable":true,"href":"https:\/\/azurefilm.com\/sl\/wp-json\/wp\/v2\/media\/111635"}],"wp:attachment":[{"href":"https:\/\/azurefilm.com\/sl\/wp-json\/wp\/v2\/media?parent=14728"}],"wp:term":[{"taxonomy":"product_brand","embeddable":true,"href":"https:\/\/azurefilm.com\/sl\/wp-json\/wp\/v2\/product_brand?post=14728"},{"taxonomy":"product_cat","embeddable":true,"href":"https:\/\/azurefilm.com\/sl\/wp-json\/wp\/v2\/product_cat?post=14728"},{"taxonomy":"product_tag","embeddable":true,"href":"https:\/\/azurefilm.com\/sl\/wp-json\/wp\/v2\/product_tag?post=14728"},{"taxonomy":"brand","embeddable":true,"href":"https:\/\/azurefilm.com\/sl\/wp-json\/wp\/v2\/brand?post=14728"}],"curies":[{"name":"wp","href":"https:\/\/api.w.org\/{rel}","templated":true}]}}