
{"id":14741,"date":"2023-10-29T14:12:43","date_gmt":"2023-10-29T14:12:43","guid":{"rendered":"https:\/\/azurefilm.com\/product\/petg-neon-filament-lime\/"},"modified":"2026-04-16T16:13:48","modified_gmt":"2026-04-16T16:13:48","slug":"petg-neon-filament-lime","status":"publish","type":"product","link":"https:\/\/azurefilm.com\/sl\/izdelek\/petg-neon-filament-lime\/","title":{"rendered":"PETG Neon filament Lime"},"content":{"rendered":"<h2><b>PETG Neon<\/b><\/h2>\n<p><span style=\"font-weight: 400;\">Spoznajte PETG Neon filament. Ta kolekcija vsebuje <\/span><b>\u017eivahne neonske barve<\/b><span style=\"font-weight: 400;\">, zaradi katerih bodo va\u0161i odtisi izstopali. PETG je <\/span><b>trden, odporen proti vi\u0161jim temperaturam<\/b><span style=\"font-weight: 400;\"> in <\/span><b>enostavno je z njim delati<\/b><span style=\"font-weight: 400;\">. Preizkusite PETG Neon za svetle in drzne rezultate.\u00a0<\/span><\/p>\n<h2><strong>PETG Neon filament Lime<\/strong><\/h2>\n<p>Za\u010dnite biti igrivi in energi\u010dni ter si priskrbite na\u0161 PETG Neon filament Lime.<\/p>\n<p><span style=\"font-weight: 400;\">\u010ce \u017eelite izvedeti ve\u010d o PETG filamentih, preberite na\u0161 <a href=\"https:\/\/azurefilm.com\/sl\/2023\/07\/10\/petg-filamenti\/\" target=\"_blank\" rel=\"noopener\">blog<\/a>.\u00a0<\/span><\/p>\n<p><span style=\"font-weight: 400;\">Tukaj lahko dostopate do <a href=\"https:\/\/azurefilm.com\/sl\/technical-data-sheets\/\" target=\"_blank\" rel=\"noopener\"> tehni\u010dnega lista<\/a>.<\/span><\/p>\n<p><span style=\"font-weight: 400;\">Priporo\u010dila za tiskanje:<\/span><\/p>\n<ul>\n<li style=\"font-weight: 400;\" aria-level=\"1\"><span style=\"font-weight: 400;\">Za najbolj\u0161e rezultate tiskajte pri temperaturi 220\u2013240 \u00b0C*.\u00a0<\/span><\/li>\n<li style=\"font-weight: 400;\" aria-level=\"1\"><span style=\"font-weight: 400;\">Priporo\u010dena temperatura grelne mize je 80 \u00b0C.<\/span><\/li>\n<li style=\"font-weight: 400;\" aria-level=\"1\"><span style=\"font-weight: 400;\">Uporabite stekleno plo\u0161\u010do, PEI folijo, kapton ali modri trak za tiskalno povr\u0161ino s pr\u0161ilom 3Dlac.<\/span><\/li>\n<\/ul>\n<p><i><span style=\"font-weight: 400;\">*Idealna temperatura se lahko razlikuje pri uporabi razli\u010dnih tiskalnikov.<\/span><\/i><\/p>\n","protected":false},"excerpt":{"rendered":"<p>Za\u010dnite biti igrivi in energi\u010dni ter si priskrbite na\u0161 PETG Neon filament Lime.<\/p>\n","protected":false},"featured_media":109637,"comment_status":"closed","ping_status":"closed","template":"","meta":{"_acf_changed":false},"product_brand":[],"product_cat":[659,679,681,661],"product_tag":[],"brand":[267],"class_list":{"0":"post-14741","1":"product","2":"type-product","3":"status-publish","4":"has-post-thumbnail","6":"product_cat-3d-filamenti","7":"product_cat-petg-filament-sl","8":"product_cat-petg-neonski-sl","9":"product_cat-vsi-filamenti","10":"pa_colour-green","11":"pa_colour-yellow","12":"pa_filament-diameter-1-75mm","13":"pa_filament-weight-1000g","14":"brand-azurefilm","16":"first","17":"instock","18":"taxable","19":"shipping-taxable","20":"purchasable","21":"product-type-variable","22":"has-default-attributes"},"acf":[],"_links":{"self":[{"href":"https:\/\/azurefilm.com\/sl\/wp-json\/wp\/v2\/product\/14741","targetHints":{"allow":["GET"]}}],"collection":[{"href":"https:\/\/azurefilm.com\/sl\/wp-json\/wp\/v2\/product"}],"about":[{"href":"https:\/\/azurefilm.com\/sl\/wp-json\/wp\/v2\/types\/product"}],"replies":[{"embeddable":true,"href":"https:\/\/azurefilm.com\/sl\/wp-json\/wp\/v2\/comments?post=14741"}],"wp:featuredmedia":[{"embeddable":true,"href":"https:\/\/azurefilm.com\/sl\/wp-json\/wp\/v2\/media\/109637"}],"wp:attachment":[{"href":"https:\/\/azurefilm.com\/sl\/wp-json\/wp\/v2\/media?parent=14741"}],"wp:term":[{"taxonomy":"product_brand","embeddable":true,"href":"https:\/\/azurefilm.com\/sl\/wp-json\/wp\/v2\/product_brand?post=14741"},{"taxonomy":"product_cat","embeddable":true,"href":"https:\/\/azurefilm.com\/sl\/wp-json\/wp\/v2\/product_cat?post=14741"},{"taxonomy":"product_tag","embeddable":true,"href":"https:\/\/azurefilm.com\/sl\/wp-json\/wp\/v2\/product_tag?post=14741"},{"taxonomy":"brand","embeddable":true,"href":"https:\/\/azurefilm.com\/sl\/wp-json\/wp\/v2\/brand?post=14741"}],"curies":[{"name":"wp","href":"https:\/\/api.w.org\/{rel}","templated":true}]}}