
{"id":14752,"date":"2023-10-29T14:13:35","date_gmt":"2023-10-29T14:13:35","guid":{"rendered":"https:\/\/azurefilm.com\/product\/petg-glow-filament-moon-light\/"},"modified":"2026-03-17T12:29:59","modified_gmt":"2026-03-17T12:29:59","slug":"petg-lumos-filament-moon-light","status":"publish","type":"product","link":"https:\/\/azurefilm.com\/sl\/izdelek\/petg-lumos-filament-moon-light\/","title":{"rendered":"PETG Lumos filament Moon Light"},"content":{"rendered":"<h2><b>PETG Lumos<\/b><\/h2>\n<p><span style=\"font-weight: 400;\">Predstavljamo PETG Lumos filamente, ki dajejo va\u0161im odtisom <\/span><b>posebne svetlobne u\u010dinke<\/b><span style=\"font-weight: 400;\">.Omogo\u010dajo vam, da se s poigrate s svetlobo z ustvarjanjem predmetov, ki se na tak ali druga\u010dni na\u010din svetijo. To pomeni, da so popolni za ustvarjanje lu\u010di, svetilk, svetlobnih okraskov in \u0161e ve\u010d. PETG Lumos je trden, vzdr\u017eljiv in <\/span><b>odporen proti temperaturam do 80 \u00b0C<\/b><span style=\"font-weight: 400;\">. Preizkusite ta <\/span><b>za\u010detnikom prijazen material<\/b><span style=\"font-weight: 400;\"> za va\u0161 naslednji svetle\u010di projekt.<\/span><\/p>\n<h2><strong>PETG Lumos filament Moon Light<\/strong><\/h2>\n<p>Ustvarite osupljive in prosojne 3D tiske po navdihu Lune z na\u0161im PETG Lumos filament Moon Light.<\/p>\n<p><span style=\"font-weight: 400;\">\u010ce \u017eelite izvedeti ve\u010d o PETG filamentih, preberite na\u0161 <a href=\"https:\/\/azurefilm.com\/sl\/2023\/07\/10\/petg-filamenti\/\" target=\"_blank\" rel=\"noopener\">blog<\/a>.\u00a0<\/span><\/p>\n<p><span style=\"font-weight: 400;\">Tukaj lahko dostopate do <a href=\"https:\/\/azurefilm.com\/sl\/technical-data-sheets\/\" target=\"_blank\" rel=\"noopener\"> tehni\u010dnega lista<\/a>.<\/span><\/p>\n<h3><strong>Priporo\u010dila za tiskanje:<\/strong><\/h3>\n<ul>\n<li style=\"font-weight: 400;\" aria-level=\"1\"><span style=\"font-weight: 400;\">Za najbolj\u0161e rezultate tiskajte pri temperaturi 220\u2013240 \u00b0C*.\u00a0<\/span><\/li>\n<li style=\"font-weight: 400;\" aria-level=\"1\"><span style=\"font-weight: 400;\">Priporo\u010dena temperatura grelne mize je 80 \u00b0C.<\/span><\/li>\n<li style=\"font-weight: 400;\" aria-level=\"1\"><span style=\"font-weight: 400;\">Uporabite stekleno plo\u0161\u010do, PEI folijo, kapton ali modri trak za tiskalno povr\u0161ino s pr\u0161ilom 3Dlac.<\/span><\/li>\n<\/ul>\n<p><i><span style=\"font-weight: 400;\">*Idealna temperatura se lahko razlikuje pri uporabi razli\u010dnih tiskalnikov.<\/span><\/i><\/p>\n","protected":false},"excerpt":{"rendered":"<p>Ustvarite osupljive in prosojne 3D tiske po navdihu Lune z na\u0161im PETG Lumos filament Moon Light.<\/p>\n","protected":false},"featured_media":109625,"comment_status":"closed","ping_status":"closed","template":"","meta":{"_acf_changed":false},"product_brand":[],"product_cat":[659,679,680,661],"product_tag":[],"brand":[267],"class_list":{"0":"post-14752","1":"product","2":"type-product","3":"status-publish","4":"has-post-thumbnail","6":"product_cat-3d-filamenti","7":"product_cat-petg-filament-sl","8":"product_cat-petg-svetleci-sl","9":"product_cat-vsi-filamenti","10":"pa_colour-white","11":"pa_filament-diameter-1-75mm","12":"pa_filament-weight-1000g","13":"brand-azurefilm","15":"first","16":"instock","17":"taxable","18":"shipping-taxable","19":"purchasable","20":"product-type-variable","21":"has-default-attributes"},"acf":[],"_links":{"self":[{"href":"https:\/\/azurefilm.com\/sl\/wp-json\/wp\/v2\/product\/14752","targetHints":{"allow":["GET"]}}],"collection":[{"href":"https:\/\/azurefilm.com\/sl\/wp-json\/wp\/v2\/product"}],"about":[{"href":"https:\/\/azurefilm.com\/sl\/wp-json\/wp\/v2\/types\/product"}],"replies":[{"embeddable":true,"href":"https:\/\/azurefilm.com\/sl\/wp-json\/wp\/v2\/comments?post=14752"}],"wp:featuredmedia":[{"embeddable":true,"href":"https:\/\/azurefilm.com\/sl\/wp-json\/wp\/v2\/media\/109625"}],"wp:attachment":[{"href":"https:\/\/azurefilm.com\/sl\/wp-json\/wp\/v2\/media?parent=14752"}],"wp:term":[{"taxonomy":"product_brand","embeddable":true,"href":"https:\/\/azurefilm.com\/sl\/wp-json\/wp\/v2\/product_brand?post=14752"},{"taxonomy":"product_cat","embeddable":true,"href":"https:\/\/azurefilm.com\/sl\/wp-json\/wp\/v2\/product_cat?post=14752"},{"taxonomy":"product_tag","embeddable":true,"href":"https:\/\/azurefilm.com\/sl\/wp-json\/wp\/v2\/product_tag?post=14752"},{"taxonomy":"brand","embeddable":true,"href":"https:\/\/azurefilm.com\/sl\/wp-json\/wp\/v2\/brand?post=14752"}],"curies":[{"name":"wp","href":"https:\/\/api.w.org\/{rel}","templated":true}]}}