
{"id":14755,"date":"2023-10-29T14:13:35","date_gmt":"2023-10-29T14:13:35","guid":{"rendered":"https:\/\/azurefilm.com\/product\/asa-filament-natural\/"},"modified":"2026-03-22T14:09:50","modified_gmt":"2026-03-22T14:09:50","slug":"asa-filament-natural","status":"publish","type":"product","link":"https:\/\/azurefilm.com\/sl\/izdelek\/asa-filament-natural\/","title":{"rendered":"ASA filament Natural"},"content":{"rendered":"<h2><b>ASA filamenti<\/b><\/h2>\n<p><span style=\"font-weight: 400;\">ASA filamenti so eni izmed najbolj priljubljenih tehni\u010dnih filamentov na trgu, saj nudijo <\/span><b>visoko UV, vodno in kemi\u010dno odpornost<\/b><span style=\"font-weight: 400;\">. Zaradi svoje <\/span><b>optimalne zmogljivosti<\/b><span style=\"font-weight: 400;\"> in <\/span><b>vzdr\u017eljivosti v zahtevnih okoljih<\/b><span style=\"font-weight: 400;\">je ta material popoln za elektri\u010dna ohi\u0161ja, orodja, zunanje naprave, \u0161portne izdelke, oblikovane komponente in druge podobne aplikacije. Poleg tega ima proizvodna linija AzureFilm nekaj klju\u010dnih delov, natisnjenih iz ASA filamentov.\u00a0<\/span><\/p>\n<p><span style=\"font-weight: 400;\">Ta material je mogo\u010de tiskati brez ohi\u0161ja, vendar <\/span><b>mo\u010dno priporo\u010damo uporabo ohi\u0161ja ali zaprtega 3D tiskalnika<\/b><span style=\"font-weight: 400;\">.<\/span><\/p>\n<h2><strong>ASA filament Natural<\/strong><\/h2>\n<p>Bodite ustvarjalni z na\u0161im ASA filament Natural, ki je popoln za \u010dist in nevtralen videz.<\/p>\n<p><span style=\"font-weight: 400;\">\u010ce \u017eelite izvedeti ve\u010d o ASA filamentih, preberite na\u0161 <a href=\"https:\/\/azurefilm.com\/sl\/2023\/07\/10\/asa-filamenti\/\" target=\"_blank\" rel=\"noopener\">blog<\/a>.\u00a0<\/span><\/p>\n<p><span style=\"font-weight: 400;\">Tukaj lahko dostopate do <a href=\"https:\/\/azurefilm.com\/sl\/technical-data-sheets\/\" target=\"_blank\" rel=\"noopener\"> tehni\u010dnega lista<\/a>.<\/span><\/p>\n<h3><strong>Priporo\u010dila za tiskanje:<\/strong><\/h3>\n<ul>\n<li style=\"font-weight: 400;\" aria-level=\"1\"><span style=\"font-weight: 400;\">Za najbolj\u0161e rezultate tiskajte pri temperaturi 240\u2013260 \u00b0C*.<\/span><\/li>\n<li style=\"font-weight: 400;\" aria-level=\"1\"><span style=\"font-weight: 400;\">Priporo\u010dena temperatura grelne mize je 90\u2013120 \u00b0C. Priporo\u010damo uporabo ohi\u0161ja ali zaprtega 3D tiskalnika.<\/span><\/li>\n<li style=\"font-weight: 400;\" aria-level=\"1\"><span style=\"font-weight: 400;\">Uporabite stekleno plo\u0161\u010do, PEI folijo, kapton ali modri trak za tiskalno povr\u0161ino s pr\u0161ilom 3Dlac.<\/span><\/li>\n<\/ul>\n<p><i><span style=\"font-weight: 400;\">*Idealna temperatura se lahko razlikuje pri uporabi razli\u010dnih tiskalnikov.<\/span><\/i><\/p>\n","protected":false},"excerpt":{"rendered":"<p>Bodite ustvarjalni z na\u0161im ASA filament Natural, ki je popoln za \u010dist in nevtralen videz.<\/p>\n","protected":false},"featured_media":3408,"comment_status":"closed","ping_status":"closed","template":"","meta":{"_acf_changed":false},"product_brand":[],"product_cat":[662,659,1574,661],"product_tag":[1532],"brand":[267],"class_list":{"0":"post-14755","1":"product","2":"type-product","3":"status-publish","4":"has-post-thumbnail","6":"product_cat-asa-filament","7":"product_cat-3d-filamenti","8":"product_cat-asa-original-sl","9":"product_cat-vsi-filamenti","10":"product_tag-high-speed","11":"pa_colour-brown","12":"pa_filament-diameter-1-75mm","13":"pa_filament-weight-1000g","14":"pa_filament-weight-5000g","15":"brand-azurefilm","17":"first","18":"instock","19":"taxable","20":"shipping-taxable","21":"purchasable","22":"product-type-variable","23":"has-default-attributes"},"acf":[],"_links":{"self":[{"href":"https:\/\/azurefilm.com\/sl\/wp-json\/wp\/v2\/product\/14755","targetHints":{"allow":["GET"]}}],"collection":[{"href":"https:\/\/azurefilm.com\/sl\/wp-json\/wp\/v2\/product"}],"about":[{"href":"https:\/\/azurefilm.com\/sl\/wp-json\/wp\/v2\/types\/product"}],"replies":[{"embeddable":true,"href":"https:\/\/azurefilm.com\/sl\/wp-json\/wp\/v2\/comments?post=14755"}],"wp:featuredmedia":[{"embeddable":true,"href":"https:\/\/azurefilm.com\/sl\/wp-json\/wp\/v2\/media\/3408"}],"wp:attachment":[{"href":"https:\/\/azurefilm.com\/sl\/wp-json\/wp\/v2\/media?parent=14755"}],"wp:term":[{"taxonomy":"product_brand","embeddable":true,"href":"https:\/\/azurefilm.com\/sl\/wp-json\/wp\/v2\/product_brand?post=14755"},{"taxonomy":"product_cat","embeddable":true,"href":"https:\/\/azurefilm.com\/sl\/wp-json\/wp\/v2\/product_cat?post=14755"},{"taxonomy":"product_tag","embeddable":true,"href":"https:\/\/azurefilm.com\/sl\/wp-json\/wp\/v2\/product_tag?post=14755"},{"taxonomy":"brand","embeddable":true,"href":"https:\/\/azurefilm.com\/sl\/wp-json\/wp\/v2\/brand?post=14755"}],"curies":[{"name":"wp","href":"https:\/\/api.w.org\/{rel}","templated":true}]}}