
{"id":14764,"date":"2023-10-29T14:14:03","date_gmt":"2023-10-29T14:14:03","guid":{"rendered":"https:\/\/azurefilm.com\/product\/pctg-filament-black\/"},"modified":"2026-04-02T13:33:19","modified_gmt":"2026-04-02T13:33:19","slug":"pctg-filament-black","status":"publish","type":"product","link":"https:\/\/azurefilm.com\/sl\/izdelek\/pctg-filament-black\/","title":{"rendered":"PCTG filament Black"},"content":{"rendered":"<h2><b>PCTG\u00a0<\/b><\/h2>\n<p><span style=\"font-weight: 400;\">PCTG filament je na\u0161 izbolj\u0161ani PETG Original filament, <\/span><b>zasnovan za odpornost na vi\u0161je temperature<\/b><span style=\"font-weight: 400;\">. Posledi\u010dno ta material prenese <\/span><b>5\u201310 \u00b0C vi\u0161je temperature<\/b><span style=\"font-weight: 400;\"> in ima <\/span><b>bolj\u0161o vzdr\u017eljivost<\/b><span style=\"font-weight: 400;\"> v primerjavi s PETG Orginal. PCTG je \u0161e vedno zelo enostaven za tiskanje in <\/span><b>primeren za za\u010detnike<\/b><span style=\"font-weight: 400;\">. Preizkusite ta filament za razli\u010dne aplikacije, kot so orodja, mehanski deli, robotika in protetika, ali preprosto izdelajte enostavne pripomo\u010dke in okraske.<\/span><\/p>\n<h2><strong>PCTG filament Black<\/strong><\/h2>\n<p>Tiskajte izjemno vzdr\u017eljive in kemi\u010dno odporne dizajne z na\u0161im PCTG filament Black.<\/p>\n<p><span style=\"font-weight: 400;\">\u010ce \u017eelite izvedeti ve\u010d o PCTG filamentih, preberite na\u0161 <a href=\"https:\/\/azurefilm.com\/sl\/2023\/10\/12\/pctg-filamenti\/\" target=\"_blank\" rel=\"noopener\">blog<\/a>.<\/span><\/p>\n<p><span style=\"font-weight: 400;\">Tukaj lahko dostopate do <a href=\"https:\/\/azurefilm.com\/sl\/technical-data-sheets\/\" target=\"_blank\" rel=\"noopener\"> tehni\u010dnega lista<\/a>.<\/span><\/p>\n<h3><strong>Priporo\u010dila za tiskanje:<\/strong><\/h3>\n<ul>\n<li style=\"font-weight: 400;\" aria-level=\"1\"><span style=\"font-weight: 400;\">Za najbolj\u0161e rezultate tiskajte pri temperaturi 240\u2013260 \u00b0C*. \u00a0<\/span><\/li>\n<li style=\"font-weight: 400;\" aria-level=\"1\"><span style=\"font-weight: 400;\">Priporo\u010dena temperatura grelne mize je 80 \u00b0C.<\/span><\/li>\n<li style=\"font-weight: 400;\" aria-level=\"1\"><span style=\"font-weight: 400;\">Uporabite stekleno plo\u0161\u010do, PEI folijo, kapton ali modri trak za tiskalno povr\u0161ino s pr\u0161ilom 3Dlac.<\/span><\/li>\n<\/ul>\n<p><i><span style=\"font-weight: 400;\">*Idealna temperatura se lahko razlikuje pri uporabi razli\u010dnih tiskalnikov.<\/span><\/i><\/p>\n","protected":false},"excerpt":{"rendered":"<p>Tiskajte izjemno vzdr\u017eljive in kemi\u010dno odporne dizajne z na\u0161im PCTG filament Black.<\/p>\n","protected":false},"featured_media":113041,"comment_status":"closed","ping_status":"closed","template":"","meta":{"_acf_changed":false},"product_brand":[],"product_cat":[678,659,661],"product_tag":[],"brand":[],"class_list":{"0":"post-14764","1":"product","2":"type-product","3":"status-publish","4":"has-post-thumbnail","6":"product_cat-pctg-filament-sl","7":"product_cat-3d-filamenti","8":"product_cat-vsi-filamenti","9":"pa_colour-black","10":"pa_filament-diameter-1-75mm","11":"pa_filament-weight-1000g","12":"pa_filament-weight-2100g","14":"first","15":"instock","16":"taxable","17":"shipping-taxable","18":"purchasable","19":"product-type-variable","20":"has-default-attributes"},"acf":[],"_links":{"self":[{"href":"https:\/\/azurefilm.com\/sl\/wp-json\/wp\/v2\/product\/14764","targetHints":{"allow":["GET"]}}],"collection":[{"href":"https:\/\/azurefilm.com\/sl\/wp-json\/wp\/v2\/product"}],"about":[{"href":"https:\/\/azurefilm.com\/sl\/wp-json\/wp\/v2\/types\/product"}],"replies":[{"embeddable":true,"href":"https:\/\/azurefilm.com\/sl\/wp-json\/wp\/v2\/comments?post=14764"}],"wp:featuredmedia":[{"embeddable":true,"href":"https:\/\/azurefilm.com\/sl\/wp-json\/wp\/v2\/media\/113041"}],"wp:attachment":[{"href":"https:\/\/azurefilm.com\/sl\/wp-json\/wp\/v2\/media?parent=14764"}],"wp:term":[{"taxonomy":"product_brand","embeddable":true,"href":"https:\/\/azurefilm.com\/sl\/wp-json\/wp\/v2\/product_brand?post=14764"},{"taxonomy":"product_cat","embeddable":true,"href":"https:\/\/azurefilm.com\/sl\/wp-json\/wp\/v2\/product_cat?post=14764"},{"taxonomy":"product_tag","embeddable":true,"href":"https:\/\/azurefilm.com\/sl\/wp-json\/wp\/v2\/product_tag?post=14764"},{"taxonomy":"brand","embeddable":true,"href":"https:\/\/azurefilm.com\/sl\/wp-json\/wp\/v2\/brand?post=14764"}],"curies":[{"name":"wp","href":"https:\/\/api.w.org\/{rel}","templated":true}]}}