
{"id":14770,"date":"2023-10-29T14:14:27","date_gmt":"2023-10-29T14:14:27","guid":{"rendered":"https:\/\/azurefilm.com\/product\/abs-plus-filament-blue\/"},"modified":"2026-01-06T08:36:37","modified_gmt":"2026-01-06T08:36:37","slug":"abs-plus-filament-blue","status":"publish","type":"product","link":"https:\/\/azurefilm.com\/sl\/izdelek\/abs-plus-filament-blue\/","title":{"rendered":"ABS PLUS filament Blue"},"content":{"rendered":"<h2><b>ABS PLUS filamenti<\/b><\/h2>\n<p><span style=\"font-weight: 400;\">ABS PLUS filamenti so tehni\u010dni filamenti, popolni za aplikacije, ki zahtevajo <\/span><b>izjemno visoko odpornost proti udarcem<\/b><span style=\"font-weight: 400;\"> in <\/span><b>dobro toplotno odpornost<\/b><span style=\"font-weight: 400;\">. Ena od njegovih prednosti je tudi <\/span><b>dobra fleksibilnost.\u00a0<\/b><\/p>\n<p><span style=\"font-weight: 400;\">PLUS pomeni, da so v filamentu na\u0161i posebni dodatki, zaradi katerih je ta material<\/span><b> \u0161e mo\u010dnej\u0161i od obi\u010dajnega ABS<\/b><span style=\"font-weight: 400;\">. Material je odporen proti temperaturam do 85 \u00b0C, zaradi \u010desar je odli\u010den za zunanjo in tehni\u010dno uporabo.<\/span><\/p>\n<p><span style=\"font-weight: 400;\">Ta material je mogo\u010de tiskati brez ohi\u0161ja, <\/span><b>vendar mo\u010dno priporo\u010damo uporabo ohi\u0161ja ali zaprtega 3D tiskalnika<\/b><span style=\"font-weight: 400;\">.<\/span><\/p>\n<h2><strong>ABS PLUS filament Blue<\/strong><\/h2>\n<p>Naj va\u0161i 3D-tiski odra\u017eajo pravo nebe\u0161ko lepoto z na\u0161im ABS PLUS filament Blue.<\/p>\n<p><span style=\"font-weight: 400;\">\u010ce \u017eelite izvedeti ve\u010d o ABS filamentih, preberite na\u0161 <a href=\"https:\/\/azurefilm.com\/sl\/2023\/07\/11\/abs-filamenti\/\" target=\"_blank\" rel=\"noopener\">blog<\/a>.<\/span> <span style=\"font-weight: 400;\"><br \/>\n<\/span><\/p>\n<p><span style=\"font-weight: 400;\">Tukaj lahko dostopate do <a href=\"https:\/\/azurefilm.com\/sl\/technical-data-sheets\/\" target=\"_blank\" rel=\"noopener\"> tehni\u010dnega lista<\/a>.<\/span><\/p>\n<h3><strong>Priporo\u010dila za tiskanje:<\/strong><\/h3>\n<ul>\n<li style=\"font-weight: 400;\" aria-level=\"1\"><span style=\"font-weight: 400;\">Za najbolj\u0161e rezultate tiskajte pri temperaturi 240\u2013260 \u00b0C*. \u00a0<\/span><\/li>\n<li style=\"font-weight: 400;\" aria-level=\"1\"><span style=\"font-weight: 400;\">Priporo\u010dena temperatura grelne mize je 90\u2013120 \u00b0C. Priporo\u010damo uporabo ohi\u0161ja ali zaprtega 3D tiskalnika.<\/span><\/li>\n<li style=\"font-weight: 400;\" aria-level=\"1\"><span style=\"font-weight: 400;\">Uporabite stekleno plo\u0161\u010do, PEI folijo, kapton ali modri trak za tiskalno povr\u0161ino s pr\u0161ilom 3Dlac.<\/span><\/li>\n<\/ul>\n<p><i><span style=\"font-weight: 400;\">*Idealna temperatura se lahko razlikuje pri uporabi razli\u010dnih tiskalnikov.<\/span><\/i><\/p>\n","protected":false},"excerpt":{"rendered":"<p>Naj va\u0161i 3D-tiski odra\u017eajo pravo nebe\u0161ko lepoto z na\u0161im ABS PLUS filament Blue.<\/p>\n","protected":false},"featured_media":3598,"comment_status":"closed","ping_status":"closed","template":"","meta":{"_acf_changed":false},"product_brand":[],"product_cat":[757,659,756,661],"product_tag":[1532],"brand":[267],"class_list":{"0":"post-14770","1":"product","2":"type-product","3":"status-publish","4":"has-post-thumbnail","6":"product_cat-abs-plus-filament","7":"product_cat-3d-filamenti","8":"product_cat-abs-filament","9":"product_cat-vsi-filamenti","10":"product_tag-high-speed","11":"pa_colour-blue","12":"pa_filament-diameter-1-75mm","13":"pa_filament-weight-1000g","14":"brand-azurefilm","16":"first","17":"instock","18":"taxable","19":"shipping-taxable","20":"purchasable","21":"product-type-variable","22":"has-default-attributes"},"acf":[],"_links":{"self":[{"href":"https:\/\/azurefilm.com\/sl\/wp-json\/wp\/v2\/product\/14770","targetHints":{"allow":["GET"]}}],"collection":[{"href":"https:\/\/azurefilm.com\/sl\/wp-json\/wp\/v2\/product"}],"about":[{"href":"https:\/\/azurefilm.com\/sl\/wp-json\/wp\/v2\/types\/product"}],"replies":[{"embeddable":true,"href":"https:\/\/azurefilm.com\/sl\/wp-json\/wp\/v2\/comments?post=14770"}],"wp:featuredmedia":[{"embeddable":true,"href":"https:\/\/azurefilm.com\/sl\/wp-json\/wp\/v2\/media\/3598"}],"wp:attachment":[{"href":"https:\/\/azurefilm.com\/sl\/wp-json\/wp\/v2\/media?parent=14770"}],"wp:term":[{"taxonomy":"product_brand","embeddable":true,"href":"https:\/\/azurefilm.com\/sl\/wp-json\/wp\/v2\/product_brand?post=14770"},{"taxonomy":"product_cat","embeddable":true,"href":"https:\/\/azurefilm.com\/sl\/wp-json\/wp\/v2\/product_cat?post=14770"},{"taxonomy":"product_tag","embeddable":true,"href":"https:\/\/azurefilm.com\/sl\/wp-json\/wp\/v2\/product_tag?post=14770"},{"taxonomy":"brand","embeddable":true,"href":"https:\/\/azurefilm.com\/sl\/wp-json\/wp\/v2\/brand?post=14770"}],"curies":[{"name":"wp","href":"https:\/\/api.w.org\/{rel}","templated":true}]}}