
{"id":14777,"date":"2023-10-29T14:14:48","date_gmt":"2023-10-29T14:14:48","guid":{"rendered":"https:\/\/azurefilm.com\/product\/scipalke-iz-nerjavecega-jekla\/"},"modified":"2026-03-22T07:06:00","modified_gmt":"2026-03-22T07:06:00","slug":"scipalke-iz-nerjavecega-jekla","status":"publish","type":"product","link":"https:\/\/azurefilm.com\/sl\/izdelek\/scipalke-iz-nerjavecega-jekla\/","title":{"rendered":"\u0160\u010dipalke iz nerjave\u010dega jekla"},"content":{"rendered":"<h2><strong>Lastnosti:<\/strong><\/h2>\n<ul>\n<li>\u0160\u010dipalke iz nerjave\u010dega jekla so izdelane iz 100-odstotnega kirur\u0161kega nerjave\u010dega jekla, ki zagotavljajo dolgotrajen rezalni rob in jih je mogo\u010de sterilizirati brez rjavenja.<\/li>\n<li>To je orodje, ki ga morate imeti pri 3D-tiskanju.<\/li>\n<li>Narejene za rezanje najmanj\u0161ih podro\u010dij okoli 3D modela.<\/li>\n<li>So trpe\u017ene, natan\u010dne in enostavne za uporabo.<\/li>\n<li>Napenjalna palica, ki odpira kle\u0161\u010de, je dobro napeta in zadovoljivo in varno zasko\u010di v svojo zarezo.<\/li>\n<li>Dvojna vzmet vrhunske kakovosti omogo\u010da gladko, udobno, ve\u010djo natan\u010dnost in enostavno rezanje.<\/li>\n<li>Ergonomska oblika kle\u0161\u010d vam omogo\u010da ve\u010dji nadzor in oprijem med dr\u017eanjem in rezanjem.<\/li>\n<li>Po uporabi rezila enostavno obri\u0161ite z alkoholom.<\/li>\n<li>Embala\u017ea vklju\u010duje plasti\u010dno konico za za\u0161\u010dito pred nenamernimi vbodi ali piki.<\/li>\n<\/ul>\n","protected":false},"excerpt":{"rendered":"<p>\u0160\u010dipalke iz nerjave\u010dega jekla so vzdr\u017eljive, natan\u010dne in enostavne za uporabo. Narejene je iz nerjave\u010dega jekla.<\/p>\n","protected":false},"featured_media":3676,"comment_status":"closed","ping_status":"closed","template":"","meta":{"_acf_changed":false},"product_brand":[],"product_cat":[790,760,761,759],"product_tag":[],"brand":[],"class_list":{"0":"post-14777","1":"product","2":"type-product","3":"status-publish","4":"has-post-thumbnail","6":"product_cat-orodja","7":"product_cat-rezervni-deli","8":"product_cat-vsi-rezervni-deli","9":"product_cat-znizano","11":"first","12":"instock","13":"sale","14":"taxable","15":"shipping-taxable","16":"purchasable","17":"product-type-simple"},"acf":[],"_links":{"self":[{"href":"https:\/\/azurefilm.com\/sl\/wp-json\/wp\/v2\/product\/14777","targetHints":{"allow":["GET"]}}],"collection":[{"href":"https:\/\/azurefilm.com\/sl\/wp-json\/wp\/v2\/product"}],"about":[{"href":"https:\/\/azurefilm.com\/sl\/wp-json\/wp\/v2\/types\/product"}],"replies":[{"embeddable":true,"href":"https:\/\/azurefilm.com\/sl\/wp-json\/wp\/v2\/comments?post=14777"}],"wp:featuredmedia":[{"embeddable":true,"href":"https:\/\/azurefilm.com\/sl\/wp-json\/wp\/v2\/media\/3676"}],"wp:attachment":[{"href":"https:\/\/azurefilm.com\/sl\/wp-json\/wp\/v2\/media?parent=14777"}],"wp:term":[{"taxonomy":"product_brand","embeddable":true,"href":"https:\/\/azurefilm.com\/sl\/wp-json\/wp\/v2\/product_brand?post=14777"},{"taxonomy":"product_cat","embeddable":true,"href":"https:\/\/azurefilm.com\/sl\/wp-json\/wp\/v2\/product_cat?post=14777"},{"taxonomy":"product_tag","embeddable":true,"href":"https:\/\/azurefilm.com\/sl\/wp-json\/wp\/v2\/product_tag?post=14777"},{"taxonomy":"brand","embeddable":true,"href":"https:\/\/azurefilm.com\/sl\/wp-json\/wp\/v2\/brand?post=14777"}],"curies":[{"name":"wp","href":"https:\/\/api.w.org\/{rel}","templated":true}]}}