
{"id":14778,"date":"2023-10-29T14:14:48","date_gmt":"2023-10-29T14:14:48","guid":{"rendered":"https:\/\/azurefilm.com\/product\/spatula\/"},"modified":"2026-01-02T18:17:48","modified_gmt":"2026-01-02T18:17:48","slug":"spatula","status":"publish","type":"product","link":"https:\/\/azurefilm.com\/sl\/izdelek\/spatula\/","title":{"rendered":"\u0160patula"},"content":{"rendered":"<p>Ali imate te\u017eave z odstranjevanjem 3D-modelov s tiskalne povr\u0161ine? \u0160patula ima rezilo iz nerjave\u010dega jekla s tankim, a trdim sprednjim robom za gladek vstop pod 3D-natisnjene modele. Ro\u010daj ima nedrse\u010d gumijast oprijem.<\/p>\n<p>Z \u0161patulo preprosto odstranite svoje 3D-modele s povr\u0161ine tiskanja, ne da bi pri tem po\u0161kodovali 3D-model.<\/p>\n","protected":false},"excerpt":{"rendered":"<p>\u0160patula za odstranjevanje 3D natisnjenih predmetov iz tiskalne povr\u0161ine.<\/p>\n","protected":false},"featured_media":3681,"comment_status":"closed","ping_status":"closed","template":"","meta":{"_acf_changed":false},"product_brand":[],"product_cat":[790,760,759],"product_tag":[],"brand":[],"class_list":{"0":"post-14778","1":"product","2":"type-product","3":"status-publish","4":"has-post-thumbnail","6":"product_cat-orodja","7":"product_cat-rezervni-deli","8":"product_cat-znizano","10":"first","11":"instock","12":"sale","13":"taxable","14":"shipping-taxable","15":"purchasable","16":"product-type-simple"},"acf":[],"_links":{"self":[{"href":"https:\/\/azurefilm.com\/sl\/wp-json\/wp\/v2\/product\/14778","targetHints":{"allow":["GET"]}}],"collection":[{"href":"https:\/\/azurefilm.com\/sl\/wp-json\/wp\/v2\/product"}],"about":[{"href":"https:\/\/azurefilm.com\/sl\/wp-json\/wp\/v2\/types\/product"}],"replies":[{"embeddable":true,"href":"https:\/\/azurefilm.com\/sl\/wp-json\/wp\/v2\/comments?post=14778"}],"wp:featuredmedia":[{"embeddable":true,"href":"https:\/\/azurefilm.com\/sl\/wp-json\/wp\/v2\/media\/3681"}],"wp:attachment":[{"href":"https:\/\/azurefilm.com\/sl\/wp-json\/wp\/v2\/media?parent=14778"}],"wp:term":[{"taxonomy":"product_brand","embeddable":true,"href":"https:\/\/azurefilm.com\/sl\/wp-json\/wp\/v2\/product_brand?post=14778"},{"taxonomy":"product_cat","embeddable":true,"href":"https:\/\/azurefilm.com\/sl\/wp-json\/wp\/v2\/product_cat?post=14778"},{"taxonomy":"product_tag","embeddable":true,"href":"https:\/\/azurefilm.com\/sl\/wp-json\/wp\/v2\/product_tag?post=14778"},{"taxonomy":"brand","embeddable":true,"href":"https:\/\/azurefilm.com\/sl\/wp-json\/wp\/v2\/brand?post=14778"}],"curies":[{"name":"wp","href":"https:\/\/api.w.org\/{rel}","templated":true}]}}