
{"id":14781,"date":"2023-10-29T14:14:48","date_gmt":"2023-10-29T14:14:48","guid":{"rendered":"https:\/\/azurefilm.com\/product\/paket-sesterokotnih-izvijacev\/"},"modified":"2026-03-18T09:51:38","modified_gmt":"2026-03-18T09:51:38","slug":"paket-sesterokotnih-izvijacev","status":"publish","type":"product","link":"https:\/\/azurefilm.com\/sl\/izdelek\/paket-sesterokotnih-izvijacev\/","title":{"rendered":"Paket \u0161esterokotnih izvija\u010dev"},"content":{"rendered":"<h2><strong>Specifikacija: <\/strong><\/h2>\n<ul>\n<li>Material: jeklo iz zlitine kroma vanadija<\/li>\n<li>Premer ro\u010daja: 1,5 cm<\/li>\n<li>Dol\u017eina ro\u010daja: 7,5 cm<\/li>\n<li>Skupna dol\u017eina: 17 cm<\/li>\n<\/ul>\n<h2><strong>Funkcije: <\/strong><\/h2>\n<p>Vse, kar potrebujete za popravilo va\u0161ih najljub\u0161ih pripomo\u010dkov! Lahko se uporablja za modele avtomobilov, helikopterjev, letal in ve\u010d. Pomemben pick-up za RC navdu\u0161ence!<\/p>\n<h2><strong>Paket vklju\u010duje: <\/strong><\/h2>\n<ul>\n<li>1x 1,5 mm imbus klju\u010d,<\/li>\n<li>1x 2,0 mm imbus klju\u010d,<\/li>\n<li>1x 2,5 mm imbus klju\u010d,<\/li>\n<li>1x 3,0 mm imbus klju\u010d.<\/li>\n<\/ul>\n","protected":false},"excerpt":{"rendered":"<p>Paket \u0161esterokotnih izvija\u010dev vsebuje vse, kar potrebujete za popravilo svojih najljub\u0161ih pripomo\u010dkov.<\/p>\n","protected":false},"featured_media":3716,"comment_status":"closed","ping_status":"closed","template":"","meta":{"_acf_changed":false},"product_brand":[],"product_cat":[790,760,761,759],"product_tag":[],"brand":[],"class_list":{"0":"post-14781","1":"product","2":"type-product","3":"status-publish","4":"has-post-thumbnail","6":"product_cat-orodja","7":"product_cat-rezervni-deli","8":"product_cat-vsi-rezervni-deli","9":"product_cat-znizano","11":"first","12":"instock","13":"sale","14":"taxable","15":"shipping-taxable","16":"purchasable","17":"product-type-simple"},"acf":[],"_links":{"self":[{"href":"https:\/\/azurefilm.com\/sl\/wp-json\/wp\/v2\/product\/14781","targetHints":{"allow":["GET"]}}],"collection":[{"href":"https:\/\/azurefilm.com\/sl\/wp-json\/wp\/v2\/product"}],"about":[{"href":"https:\/\/azurefilm.com\/sl\/wp-json\/wp\/v2\/types\/product"}],"replies":[{"embeddable":true,"href":"https:\/\/azurefilm.com\/sl\/wp-json\/wp\/v2\/comments?post=14781"}],"wp:featuredmedia":[{"embeddable":true,"href":"https:\/\/azurefilm.com\/sl\/wp-json\/wp\/v2\/media\/3716"}],"wp:attachment":[{"href":"https:\/\/azurefilm.com\/sl\/wp-json\/wp\/v2\/media?parent=14781"}],"wp:term":[{"taxonomy":"product_brand","embeddable":true,"href":"https:\/\/azurefilm.com\/sl\/wp-json\/wp\/v2\/product_brand?post=14781"},{"taxonomy":"product_cat","embeddable":true,"href":"https:\/\/azurefilm.com\/sl\/wp-json\/wp\/v2\/product_cat?post=14781"},{"taxonomy":"product_tag","embeddable":true,"href":"https:\/\/azurefilm.com\/sl\/wp-json\/wp\/v2\/product_tag?post=14781"},{"taxonomy":"brand","embeddable":true,"href":"https:\/\/azurefilm.com\/sl\/wp-json\/wp\/v2\/brand?post=14781"}],"curies":[{"name":"wp","href":"https:\/\/api.w.org\/{rel}","templated":true}]}}