
{"id":14783,"date":"2023-10-29T14:14:48","date_gmt":"2023-10-29T14:14:48","guid":{"rendered":"https:\/\/azurefilm.com\/product\/brusilni-komplet\/"},"modified":"2026-03-13T20:04:53","modified_gmt":"2026-03-13T20:04:53","slug":"brusilni-komplet","status":"publish","type":"product","link":"https:\/\/azurefilm.com\/sl\/izdelek\/brusilni-komplet\/","title":{"rendered":"Brusilni komplet"},"content":{"rendered":"<h2>Lastnosti:<\/h2>\n<ul>\n<li>Orodja za kon\u010dno obdelavo 3D-tiskanja, ki so bistvenega pomena za vse profesionalce in ljubitelje 3D-tiskanja, ki vam pomagajo odpraviti grobe to\u010dke na modelu in naredijo va\u0161 model bolj gladek in fin.<\/li>\n<li>Ergonomska zasnova je bila udobna v roki za natan\u010dno natan\u010dnost.<\/li>\n<li>Zasnovan je za najrazli\u010dnej\u0161e naloge retu\u0161iranja 3D-tiska, med drugim od odstranjevanja podpornega materiala in izbolj\u0161anja nepopolnosti plasti do me\u0161anja tiskalnih povr\u0161in in polnjenja vrzeli.<\/li>\n<\/ul>\n<h2>Vsebina paketa:<\/h2>\n<ul>\n<li>1x model brusilnika<\/li>\n<li>1x Xacto no\u017ei z<\/li>\n<li>5x rezervna rezila<\/li>\n<li>2x polirni trak<\/li>\n<li>3x srpast no\u017e<\/li>\n<li>1x lo\u010dilo modelov<\/li>\n<li>1x injekcijsko pero<\/li>\n<li>2x pinceta<\/li>\n<li>1x mini \u0161karje<\/li>\n<li>1x ravnilo<\/li>\n<\/ul>\n","protected":false},"excerpt":{"rendered":"<p>Brusilni komplet za vse profesionalce in ljubitelje 3D tiskanja, ki vam pomaga pri izdelavi gladkih in finih modelov.<\/p>\n","protected":false},"featured_media":3794,"comment_status":"closed","ping_status":"closed","template":"","meta":{"_acf_changed":false},"product_brand":[],"product_cat":[790,760,761,759],"product_tag":[],"brand":[],"class_list":{"0":"post-14783","1":"product","2":"type-product","3":"status-publish","4":"has-post-thumbnail","6":"product_cat-orodja","7":"product_cat-rezervni-deli","8":"product_cat-vsi-rezervni-deli","9":"product_cat-znizano","11":"first","12":"instock","13":"sale","14":"taxable","15":"shipping-taxable","16":"purchasable","17":"product-type-simple"},"acf":[],"_links":{"self":[{"href":"https:\/\/azurefilm.com\/sl\/wp-json\/wp\/v2\/product\/14783","targetHints":{"allow":["GET"]}}],"collection":[{"href":"https:\/\/azurefilm.com\/sl\/wp-json\/wp\/v2\/product"}],"about":[{"href":"https:\/\/azurefilm.com\/sl\/wp-json\/wp\/v2\/types\/product"}],"replies":[{"embeddable":true,"href":"https:\/\/azurefilm.com\/sl\/wp-json\/wp\/v2\/comments?post=14783"}],"wp:featuredmedia":[{"embeddable":true,"href":"https:\/\/azurefilm.com\/sl\/wp-json\/wp\/v2\/media\/3794"}],"wp:attachment":[{"href":"https:\/\/azurefilm.com\/sl\/wp-json\/wp\/v2\/media?parent=14783"}],"wp:term":[{"taxonomy":"product_brand","embeddable":true,"href":"https:\/\/azurefilm.com\/sl\/wp-json\/wp\/v2\/product_brand?post=14783"},{"taxonomy":"product_cat","embeddable":true,"href":"https:\/\/azurefilm.com\/sl\/wp-json\/wp\/v2\/product_cat?post=14783"},{"taxonomy":"product_tag","embeddable":true,"href":"https:\/\/azurefilm.com\/sl\/wp-json\/wp\/v2\/product_tag?post=14783"},{"taxonomy":"brand","embeddable":true,"href":"https:\/\/azurefilm.com\/sl\/wp-json\/wp\/v2\/brand?post=14783"}],"curies":[{"name":"wp","href":"https:\/\/api.w.org\/{rel}","templated":true}]}}