
{"id":14786,"date":"2023-10-29T14:14:48","date_gmt":"2023-10-29T14:14:48","guid":{"rendered":"https:\/\/azurefilm.com\/product\/cr-touch-komplet-za-samodejno-izravnavo\/"},"modified":"2024-10-07T19:21:39","modified_gmt":"2024-10-07T19:21:39","slug":"cr-touch-komplet-za-samodejno-izravnavo","status":"publish","type":"product","link":"https:\/\/azurefilm.com\/sl\/izdelek\/cr-touch-komplet-za-samodejno-izravnavo\/","title":{"rendered":"CR-Touch komplet za samodejno izravnavo"},"content":{"rendered":"<p>CR-Touch je re\u0161itev za izravnavo platforme 3D-tiskalnika, ki jo je razvil Creality na podlagi stotin milijonov uporabni\u0161kih podatkov, ki jih uporabljajo razvijalci. V primerjavi s tradicionalno samodejno poravnavo je zdru\u017eljiv z ve\u010d platformami 3D tiskalnikov, stabilnej\u0161i in cenovno dostopnej\u0161i.<\/p>\n<h2><span style=\"text-decoration: underline;\"><strong>Klju\u010dne funkcije:<\/strong><\/span><\/h2>\n<h3><strong>Ve\u010dto\u010dkovno zaznavanje in pametno uravnote\u017eenje<\/strong><\/h3>\n<p>Senzor nivoja CR-Touch izvaja ve\u010dto\u010dkovno zaznavanje na tiskalni plo\u0161\u010dadi in bele\u017ei vi\u0161ino vsake zaznavne to\u010dke. Sistem ustvari navidezno ravnino glede na vi\u0161ino vsake to\u010dke in izra\u010duna kot naklona med \u0161obo in plo\u0161\u010do za samodejno kompenzacijo razli\u010dnih to\u010dk.<\/p>\n<h3><strong>Dolgotrajna kakovost<\/strong><\/h3>\n<p>Visoka kakovost zagotavlja dolgo \u017eivljenjsko dobo ve\u010d kot 100.000 aplikacij.<\/p>\n<h3><strong>Trajnej\u0161e kovinske sonde<\/strong><\/h3>\n<p>CR-Touch ima kovinsko sondo, ki zmanj\u0161a obrabo in znatno podalj\u0161a \u017eivljenjsko dobo.<\/p>\n<h3><strong>Zdru\u017eljivi modeli<\/strong><\/h3>\n<p>Ender-3\/Ender-3 pro\/Ender-3 V2\/Ender-3 MAX\/Ender-5\/Ender-5 pro\/CR-10 z mati\u010dno plo\u0161\u010do 4.2.2\/4.2.7<\/p>\n<h3><strong>Visoko precizne elektromagnetne komponente in fotoelektri\u010dni senzor<\/strong><\/h3>\n<p>Po vklopu elektromagnetne komponente je sonda zani\u010d. Ko se sonda dotakne tiskalne plo\u0161\u010dadi, fotoelektri\u010dni senzor na vezju zazna kontaktni signal, sistem pa zabele\u017ei trenutno vi\u0161ino plo\u0161\u010dadi.<\/p>\n<p>Velja samo za 3D tiskalnike z 32-bitno mati\u010dno plo\u0161\u010do 4.2.2 ali mati\u010dno plo\u0161\u010do 4.2.7.<\/p>\n<p>Senzor nivoja se lahko uporablja na naslednjih povr\u0161inah tiskalne plo\u0161\u010dadi:<\/p>\n<ul>\n<li>PEI<\/li>\n<li>Steklo<\/li>\n<li>Kovina<\/li>\n<li>Magnetne tiskalne plo\u0161\u010de<\/li>\n<li>Karborundovo steklo<\/li>\n<\/ul>\n<h3><strong>Enostaven za namestitev in uporabo<\/strong><\/h3>\n<p>Prenesite program CR-Touch z uradne spletne strani Creality in ga kopirajte na kartico TF \/ SD. Kartico vstavite neposredno v re\u017eo za kartice na 3D-tiskalniku. Program lahko posodobite po vklopu.<\/p>\n","protected":false},"excerpt":{"rendered":"<p><strong>CR-Touch komplet za samodejno izravnavo<\/strong> z ve\u010dto\u010dkovnim zaznavanjem, pametnim uravnote\u017eenjem, dolgotrajno kakovostjo in visoko zdru\u017eljivostjo z napravami.<\/p>\n","protected":false},"featured_media":3833,"comment_status":"closed","ping_status":"closed","template":"","meta":{"_acf_changed":false},"product_brand":[],"product_cat":[760,761],"product_tag":[],"brand":[],"class_list":{"0":"post-14786","1":"product","2":"type-product","3":"status-publish","4":"has-post-thumbnail","6":"product_cat-rezervni-deli","7":"product_cat-vsi-rezervni-deli","9":"first","10":"outofstock","11":"taxable","12":"shipping-taxable","13":"purchasable","14":"product-type-simple"},"acf":[],"_links":{"self":[{"href":"https:\/\/azurefilm.com\/sl\/wp-json\/wp\/v2\/product\/14786","targetHints":{"allow":["GET"]}}],"collection":[{"href":"https:\/\/azurefilm.com\/sl\/wp-json\/wp\/v2\/product"}],"about":[{"href":"https:\/\/azurefilm.com\/sl\/wp-json\/wp\/v2\/types\/product"}],"replies":[{"embeddable":true,"href":"https:\/\/azurefilm.com\/sl\/wp-json\/wp\/v2\/comments?post=14786"}],"wp:featuredmedia":[{"embeddable":true,"href":"https:\/\/azurefilm.com\/sl\/wp-json\/wp\/v2\/media\/3833"}],"wp:attachment":[{"href":"https:\/\/azurefilm.com\/sl\/wp-json\/wp\/v2\/media?parent=14786"}],"wp:term":[{"taxonomy":"product_brand","embeddable":true,"href":"https:\/\/azurefilm.com\/sl\/wp-json\/wp\/v2\/product_brand?post=14786"},{"taxonomy":"product_cat","embeddable":true,"href":"https:\/\/azurefilm.com\/sl\/wp-json\/wp\/v2\/product_cat?post=14786"},{"taxonomy":"product_tag","embeddable":true,"href":"https:\/\/azurefilm.com\/sl\/wp-json\/wp\/v2\/product_tag?post=14786"},{"taxonomy":"brand","embeddable":true,"href":"https:\/\/azurefilm.com\/sl\/wp-json\/wp\/v2\/brand?post=14786"}],"curies":[{"name":"wp","href":"https:\/\/api.w.org\/{rel}","templated":true}]}}