
{"id":14787,"date":"2023-10-29T14:15:26","date_gmt":"2023-10-29T14:15:26","guid":{"rendered":"https:\/\/azurefilm.com\/product\/bowdenova-cev\/"},"modified":"2026-04-06T12:50:51","modified_gmt":"2026-04-06T12:50:51","slug":"bowdenova-cev","status":"publish","type":"product","link":"https:\/\/azurefilm.com\/sl\/izdelek\/bowdenova-cev\/","title":{"rendered":"Bowden Capricorn cev fi2\/4mm"},"content":{"rendered":"<h4>Bowden Capricorn cev fi2\/4mm<\/h4>\n<h3><strong>Klju\u010dne lastnosti:<\/strong><\/h3>\n<ul>\n<li>(PTFE hotend teflonska cev) za 3D tiskalnike Ender 3, CR10 V2<\/li>\n<li>Popolna za la\u017eje tiskanje s pro\u017enimi filamenti<\/li>\n<li>Zaradi aditivov z visoko mazljivostjo ima ta izdelek najni\u017eje trenje Bowden cevi na trgu. Manj trenja pomeni ve\u010djo odzivnost, manj umika, natan\u010dnej\u0161e izpise, manj zdrsov, obrabe in trganja ekstruderja ter manj zama\u0161itev pri tiskanju debelih filamentov<\/li>\n<li>Ni\u017eji umik pomeni prihranek \u010dasa vsaki\u010d, ko se ekstruder umakne. Med tiskanjem nekaj milisekund tukaj in nekaj tam prihrani veliko \u010dasa<\/li>\n<li>Notranji premer 1,9 mm \u00b1 0,05 mm Zmanj\u0161a &#8220;prostor za premikanje&#8221; ali upogibanje v notranjosti cevi, kar vam omogo\u010da tiskanje upogljivih filamentov tudi na najdalj\u0161e Bowdenove sisteme<\/li>\n<li>Odpornost na visoke temperature<\/li>\n<li>Paket zaklju\u010den: Bowdenova cev fi4x2mm x 1m dol\u017eine<\/li>\n<li>Cena je za 1m (\u010de izberete 3 kose, prejmete 3 x 1m)<\/li>\n<\/ul>\n<p>Cev lahko previdno odre\u017eete s pomo\u017enim no\u017eem na \u017eeleno dol\u017eino.<\/p>\n<ul>\n<li>Dol\u017eina cevi za Ender 3 je 370 mm.<\/li>\n<li>Dol\u017eina cevi za CR10S PRO je 470 mm.<\/li>\n<\/ul>\n","protected":false},"excerpt":{"rendered":"<h4>Bowden Capricorn cev fi2\/4mm kot nala\u0161\u010d za la\u017eje tiskanje s fleksibilnimi filamenti.<\/h4>\n","protected":false},"featured_media":3854,"comment_status":"closed","ping_status":"closed","template":"","meta":{"_acf_changed":false},"product_brand":[],"product_cat":[765,760,761,759],"product_tag":[],"brand":[],"class_list":{"0":"post-14787","1":"product","2":"type-product","3":"status-publish","4":"has-post-thumbnail","6":"product_cat-bowdenove-cevi","7":"product_cat-rezervni-deli","8":"product_cat-vsi-rezervni-deli","9":"product_cat-znizano","11":"first","12":"instock","13":"sale","14":"taxable","15":"shipping-taxable","16":"purchasable","17":"product-type-simple"},"acf":[],"_links":{"self":[{"href":"https:\/\/azurefilm.com\/sl\/wp-json\/wp\/v2\/product\/14787","targetHints":{"allow":["GET"]}}],"collection":[{"href":"https:\/\/azurefilm.com\/sl\/wp-json\/wp\/v2\/product"}],"about":[{"href":"https:\/\/azurefilm.com\/sl\/wp-json\/wp\/v2\/types\/product"}],"replies":[{"embeddable":true,"href":"https:\/\/azurefilm.com\/sl\/wp-json\/wp\/v2\/comments?post=14787"}],"wp:featuredmedia":[{"embeddable":true,"href":"https:\/\/azurefilm.com\/sl\/wp-json\/wp\/v2\/media\/3854"}],"wp:attachment":[{"href":"https:\/\/azurefilm.com\/sl\/wp-json\/wp\/v2\/media?parent=14787"}],"wp:term":[{"taxonomy":"product_brand","embeddable":true,"href":"https:\/\/azurefilm.com\/sl\/wp-json\/wp\/v2\/product_brand?post=14787"},{"taxonomy":"product_cat","embeddable":true,"href":"https:\/\/azurefilm.com\/sl\/wp-json\/wp\/v2\/product_cat?post=14787"},{"taxonomy":"product_tag","embeddable":true,"href":"https:\/\/azurefilm.com\/sl\/wp-json\/wp\/v2\/product_tag?post=14787"},{"taxonomy":"brand","embeddable":true,"href":"https:\/\/azurefilm.com\/sl\/wp-json\/wp\/v2\/brand?post=14787"}],"curies":[{"name":"wp","href":"https:\/\/api.w.org\/{rel}","templated":true}]}}