
{"id":14788,"date":"2023-10-29T14:15:26","date_gmt":"2023-10-29T14:15:26","guid":{"rendered":"https:\/\/azurefilm.com\/product\/diamantna-pila-10-pack\/"},"modified":"2026-03-18T09:51:37","modified_gmt":"2026-03-18T09:51:37","slug":"diamantna-pila-10-pack","status":"publish","type":"product","link":"https:\/\/azurefilm.com\/sl\/izdelek\/diamantna-pila-10-pack\/","title":{"rendered":"Diamantna pila (10 pack)"},"content":{"rendered":"<h2><strong>Specifikacije:<\/strong><\/h2>\n<ul>\n<li>Barva: rde\u010da in srebrna<\/li>\n<li>Material ro\u010daja: PVC<\/li>\n<li>Povr\u0161inska obdelava: nikljanje<\/li>\n<li>Velikost: 4&#215;160 mm<\/li>\n<li>Delovna dol\u017eina: 50 mm<\/li>\n<\/ul>\n<h2><strong>Klju\u010dne lastnosti:<\/strong><\/h2>\n<ul>\n<li>Primeren za bru\u0161enje 3D-tiskov, rezbarjenje lesa, bru\u0161enje keramike, bru\u0161enje kovin itd.<\/li>\n<li>Ponikljana povr\u0161ina, odporna na obrabo, visoka u\u010dinkovitost rezanja in dobra kon\u010dna obdelava.<\/li>\n<li>Ro\u010daj je izdelan iz visokokakovostne mehke gume, ergonomsko oblikovan za udoben oprijem.<\/li>\n<\/ul>\n<h2><strong>Paket vklju\u010duje:<\/strong><\/h2>\n<ul>\n<li>10 kosov<\/li>\n<\/ul>\n","protected":false},"excerpt":{"rendered":"<p><strong>Diamantna pila (10 pack)<\/strong> primerena za bru\u0161enje 3D tiskov, lesa,  keramike,  kovin itd.<\/p>\n","protected":false},"featured_media":3859,"comment_status":"closed","ping_status":"closed","template":"","meta":{"_acf_changed":false},"product_brand":[],"product_cat":[790,760,761,759],"product_tag":[],"brand":[],"class_list":{"0":"post-14788","1":"product","2":"type-product","3":"status-publish","4":"has-post-thumbnail","6":"product_cat-orodja","7":"product_cat-rezervni-deli","8":"product_cat-vsi-rezervni-deli","9":"product_cat-znizano","11":"first","12":"instock","13":"sale","14":"taxable","15":"shipping-taxable","16":"purchasable","17":"product-type-simple"},"acf":[],"_links":{"self":[{"href":"https:\/\/azurefilm.com\/sl\/wp-json\/wp\/v2\/product\/14788","targetHints":{"allow":["GET"]}}],"collection":[{"href":"https:\/\/azurefilm.com\/sl\/wp-json\/wp\/v2\/product"}],"about":[{"href":"https:\/\/azurefilm.com\/sl\/wp-json\/wp\/v2\/types\/product"}],"replies":[{"embeddable":true,"href":"https:\/\/azurefilm.com\/sl\/wp-json\/wp\/v2\/comments?post=14788"}],"wp:featuredmedia":[{"embeddable":true,"href":"https:\/\/azurefilm.com\/sl\/wp-json\/wp\/v2\/media\/3859"}],"wp:attachment":[{"href":"https:\/\/azurefilm.com\/sl\/wp-json\/wp\/v2\/media?parent=14788"}],"wp:term":[{"taxonomy":"product_brand","embeddable":true,"href":"https:\/\/azurefilm.com\/sl\/wp-json\/wp\/v2\/product_brand?post=14788"},{"taxonomy":"product_cat","embeddable":true,"href":"https:\/\/azurefilm.com\/sl\/wp-json\/wp\/v2\/product_cat?post=14788"},{"taxonomy":"product_tag","embeddable":true,"href":"https:\/\/azurefilm.com\/sl\/wp-json\/wp\/v2\/product_tag?post=14788"},{"taxonomy":"brand","embeddable":true,"href":"https:\/\/azurefilm.com\/sl\/wp-json\/wp\/v2\/brand?post=14788"}],"curies":[{"name":"wp","href":"https:\/\/api.w.org\/{rel}","templated":true}]}}