
{"id":14789,"date":"2023-10-29T14:15:26","date_gmt":"2023-10-29T14:15:26","guid":{"rendered":"https:\/\/azurefilm.com\/product\/30-rezilo-za-aluminijast-olfa-noz\/"},"modified":"2025-12-16T23:13:08","modified_gmt":"2025-12-16T23:13:08","slug":"30-rezilo-za-aluminijast-olfa-noz","status":"publish","type":"product","link":"https:\/\/azurefilm.com\/sl\/izdelek\/30-rezilo-za-aluminijast-olfa-noz\/","title":{"rendered":"30\u00b0 Rezilo za aluminijast Olfa no\u017e"},"content":{"rendered":"<h2>Lastnosti:<\/h2>\n<ul>\n<li>30\u00b0 rezilo za aluminij je idealna izbira, ko \u017eelite dose\u010di vrhunsko ostrino za natan\u010den rez. S 7 rezalnimi robovi na rezilo dobite nov oster rob z vsakim zaskokom.<\/li>\n<li>Zasnovan za maksimalno u\u010dinkovitost rezanja in je idealen za aplikacije, kjer je potrebna vrhunska ostrina.<\/li>\n<li>Pakirano po 10 kosov, dobite dobro za svoj denar. Ta paket 10 kosov je odli\u010den za tiste, ki ne marajo pogosto kupovati rezil.<\/li>\n<li>Sedem segmentov na rezilo.<\/li>\n<li>70 x 9 x 0,4 mm<\/li>\n<\/ul>\n<p>&nbsp;<\/p>\n","protected":false},"excerpt":{"rendered":"<p>30\u00b0 Rezilo za aluminijast Olfa no\u017e je zasnovano za najve\u010djo zmogljivost rezanja in je idealno za uporabo, kjer je potrebna vrhunska ostrina.<\/p>\n","protected":false},"featured_media":3880,"comment_status":"closed","ping_status":"closed","template":"","meta":{"_acf_changed":false},"product_brand":[],"product_cat":[790,760,761,759],"product_tag":[],"brand":[],"class_list":{"0":"post-14789","1":"product","2":"type-product","3":"status-publish","4":"has-post-thumbnail","6":"product_cat-orodja","7":"product_cat-rezervni-deli","8":"product_cat-vsi-rezervni-deli","9":"product_cat-znizano","11":"first","12":"instock","13":"sale","14":"taxable","15":"shipping-taxable","16":"purchasable","17":"product-type-simple"},"acf":[],"_links":{"self":[{"href":"https:\/\/azurefilm.com\/sl\/wp-json\/wp\/v2\/product\/14789","targetHints":{"allow":["GET"]}}],"collection":[{"href":"https:\/\/azurefilm.com\/sl\/wp-json\/wp\/v2\/product"}],"about":[{"href":"https:\/\/azurefilm.com\/sl\/wp-json\/wp\/v2\/types\/product"}],"replies":[{"embeddable":true,"href":"https:\/\/azurefilm.com\/sl\/wp-json\/wp\/v2\/comments?post=14789"}],"wp:featuredmedia":[{"embeddable":true,"href":"https:\/\/azurefilm.com\/sl\/wp-json\/wp\/v2\/media\/3880"}],"wp:attachment":[{"href":"https:\/\/azurefilm.com\/sl\/wp-json\/wp\/v2\/media?parent=14789"}],"wp:term":[{"taxonomy":"product_brand","embeddable":true,"href":"https:\/\/azurefilm.com\/sl\/wp-json\/wp\/v2\/product_brand?post=14789"},{"taxonomy":"product_cat","embeddable":true,"href":"https:\/\/azurefilm.com\/sl\/wp-json\/wp\/v2\/product_cat?post=14789"},{"taxonomy":"product_tag","embeddable":true,"href":"https:\/\/azurefilm.com\/sl\/wp-json\/wp\/v2\/product_tag?post=14789"},{"taxonomy":"brand","embeddable":true,"href":"https:\/\/azurefilm.com\/sl\/wp-json\/wp\/v2\/brand?post=14789"}],"curies":[{"name":"wp","href":"https:\/\/api.w.org\/{rel}","templated":true}]}}