
{"id":14792,"date":"2023-10-29T14:15:26","date_gmt":"2023-10-29T14:15:26","guid":{"rendered":"https:\/\/azurefilm.com\/product\/natancna-pinceta\/"},"modified":"2026-03-21T21:03:06","modified_gmt":"2026-03-21T21:03:06","slug":"natancna-pinceta","status":"publish","type":"product","link":"https:\/\/azurefilm.com\/sl\/izdelek\/natancna-pinceta\/","title":{"rendered":"Natan\u010dna pinceta"},"content":{"rendered":"<p>Natan\u010dna pinceta, mo\u010dna, trpe\u017ena in vsestranska, bistvenega pomena v vsakem kompletu dodatkov za \u010di\u0161\u010denje 3D tiskanja. Popolna za za\u010detnike, strokovnjake ali kot prakti\u010dno darilo za vse, ki imajo 3D tiskalnik.<\/p>\n<ul>\n<li><strong>Orodje za \u010di\u0161\u010denje:<\/strong> Dodajte vsestransko pinceto svojemu kompletu pripomo\u010dkov za 3D-tiskanje za u\u010dinkovito odstranjevanje podpornega materiala in ustvarjanje \u010distej\u0161ih odtisov.<\/li>\n<li><strong>\u010ci\u0161\u010denje \u0161ob:<\/strong> Prepre\u010dite ope\u010dene prste pri \u010di\u0161\u010denju \u0161ob tiskalnika in odstranjevanju vro\u010de, izcejajo\u010de se nitke.<\/li>\n<li><strong>Nerjave\u010de jeklo:<\/strong> Izdelani so iz mo\u010dnega, visokokakovostnega nerjave\u010dega jekla s prevleko za udoben oprijem.<\/li>\n<li><strong>Natan\u010dnost in natan\u010dnost:<\/strong> Fine jeklene koni\u010daste konice orodja za tiskalnik pomagajo priti pod, dvigniti in odstraniti nosilni material na te\u017eko dostopnih mestih.<\/li>\n<\/ul>\n","protected":false},"excerpt":{"rendered":"<p>Natan\u010dna pinceta je mo\u010dan, trpe\u017een in vsestranski pripomo\u010dek, ki je nepogre\u0161ljiv v vsakem kompletu pripomo\u010dkov za \u010di\u0161\u010denje 3D tiskalnika. Odli\u010dna za za\u010detnike, strokovnjake ali kot prakti\u010dno darilo za vse, ki imajo 3D tiskalnik.<\/p>\n","protected":false},"featured_media":3911,"comment_status":"closed","ping_status":"closed","template":"","meta":{"_acf_changed":false},"product_brand":[],"product_cat":[790,760,761,759],"product_tag":[],"brand":[],"class_list":{"0":"post-14792","1":"product","2":"type-product","3":"status-publish","4":"has-post-thumbnail","6":"product_cat-orodja","7":"product_cat-rezervni-deli","8":"product_cat-vsi-rezervni-deli","9":"product_cat-znizano","11":"first","12":"instock","13":"sale","14":"taxable","15":"shipping-taxable","16":"purchasable","17":"product-type-simple"},"acf":[],"_links":{"self":[{"href":"https:\/\/azurefilm.com\/sl\/wp-json\/wp\/v2\/product\/14792","targetHints":{"allow":["GET"]}}],"collection":[{"href":"https:\/\/azurefilm.com\/sl\/wp-json\/wp\/v2\/product"}],"about":[{"href":"https:\/\/azurefilm.com\/sl\/wp-json\/wp\/v2\/types\/product"}],"replies":[{"embeddable":true,"href":"https:\/\/azurefilm.com\/sl\/wp-json\/wp\/v2\/comments?post=14792"}],"wp:featuredmedia":[{"embeddable":true,"href":"https:\/\/azurefilm.com\/sl\/wp-json\/wp\/v2\/media\/3911"}],"wp:attachment":[{"href":"https:\/\/azurefilm.com\/sl\/wp-json\/wp\/v2\/media?parent=14792"}],"wp:term":[{"taxonomy":"product_brand","embeddable":true,"href":"https:\/\/azurefilm.com\/sl\/wp-json\/wp\/v2\/product_brand?post=14792"},{"taxonomy":"product_cat","embeddable":true,"href":"https:\/\/azurefilm.com\/sl\/wp-json\/wp\/v2\/product_cat?post=14792"},{"taxonomy":"product_tag","embeddable":true,"href":"https:\/\/azurefilm.com\/sl\/wp-json\/wp\/v2\/product_tag?post=14792"},{"taxonomy":"brand","embeddable":true,"href":"https:\/\/azurefilm.com\/sl\/wp-json\/wp\/v2\/brand?post=14792"}],"curies":[{"name":"wp","href":"https:\/\/api.w.org\/{rel}","templated":true}]}}