
{"id":14802,"date":"2023-10-29T14:15:26","date_gmt":"2023-10-29T14:15:26","guid":{"rendered":"https:\/\/azurefilm.com\/product\/samoprilagodljiv-odstranjevalec-izolacije\/"},"modified":"2025-12-20T18:22:25","modified_gmt":"2025-12-20T18:22:25","slug":"samoprilagodljiv-odstranjevalec-izolacije","status":"publish","type":"product","link":"https:\/\/azurefilm.com\/sl\/izdelek\/samoprilagodljiv-odstranjevalec-izolacije\/","title":{"rendered":"Samoprilagodljiv odstranjevalec izolacije"},"content":{"rendered":"<h2>Karakteristike:<\/h2>\n<ul>\n<li>Samoprilagodljiv odstranjevalec izolacije za en ali ve\u010d kablov odsek AWG 10 do AWG 24.<\/li>\n<li>Ni vstavljanja \u017eice v prave merilne luknje (stara \u0161ola odstranjevalca), saj je univerzalna.<\/li>\n<li>Po za\u010detni nastavitvi vijaka ta odstranjevalec \u017eic popolnoma odstrani.<\/li>\n<li>Veliko la\u017eje, hitreje in natan\u010dneje od starih kle\u0161\u010d za odstranjevanje merilnikov.<\/li>\n<li>Ta nov oblikovalski odstranjevalec je zelo enostaven za uporabo, hiter in amp; brez truda opravi delo.<\/li>\n<li>Udoben oprijem brez te\u017eav, samo vstavite \u017eico in stisnite ro\u010daj!<\/li>\n<li>Ti odstranjevalci \u017eice so dobro izdelani iz trpe\u017enih materialov, mo\u010dne plastike in kovine s premazom proti rjavenju.<\/li>\n<\/ul>\n","protected":false},"excerpt":{"rendered":"<p>Samoprilagodljiv odstranjevalec izolacije, s katerim brez te\u017eav odstranite izolacijo. Le vstavite \u017eico ter stisnite ro\u010daj!<\/p>\n","protected":false},"featured_media":4021,"comment_status":"closed","ping_status":"closed","template":"","meta":{"_acf_changed":false},"product_brand":[],"product_cat":[790,760,761,759],"product_tag":[],"brand":[],"class_list":{"0":"post-14802","1":"product","2":"type-product","3":"status-publish","4":"has-post-thumbnail","6":"product_cat-orodja","7":"product_cat-rezervni-deli","8":"product_cat-vsi-rezervni-deli","9":"product_cat-znizano","11":"first","12":"instock","13":"sale","14":"taxable","15":"shipping-taxable","16":"purchasable","17":"product-type-simple"},"acf":[],"_links":{"self":[{"href":"https:\/\/azurefilm.com\/sl\/wp-json\/wp\/v2\/product\/14802","targetHints":{"allow":["GET"]}}],"collection":[{"href":"https:\/\/azurefilm.com\/sl\/wp-json\/wp\/v2\/product"}],"about":[{"href":"https:\/\/azurefilm.com\/sl\/wp-json\/wp\/v2\/types\/product"}],"replies":[{"embeddable":true,"href":"https:\/\/azurefilm.com\/sl\/wp-json\/wp\/v2\/comments?post=14802"}],"wp:featuredmedia":[{"embeddable":true,"href":"https:\/\/azurefilm.com\/sl\/wp-json\/wp\/v2\/media\/4021"}],"wp:attachment":[{"href":"https:\/\/azurefilm.com\/sl\/wp-json\/wp\/v2\/media?parent=14802"}],"wp:term":[{"taxonomy":"product_brand","embeddable":true,"href":"https:\/\/azurefilm.com\/sl\/wp-json\/wp\/v2\/product_brand?post=14802"},{"taxonomy":"product_cat","embeddable":true,"href":"https:\/\/azurefilm.com\/sl\/wp-json\/wp\/v2\/product_cat?post=14802"},{"taxonomy":"product_tag","embeddable":true,"href":"https:\/\/azurefilm.com\/sl\/wp-json\/wp\/v2\/product_tag?post=14802"},{"taxonomy":"brand","embeddable":true,"href":"https:\/\/azurefilm.com\/sl\/wp-json\/wp\/v2\/brand?post=14802"}],"curies":[{"name":"wp","href":"https:\/\/api.w.org\/{rel}","templated":true}]}}