
{"id":14805,"date":"2023-10-29T14:15:26","date_gmt":"2023-10-29T14:15:26","guid":{"rendered":"https:\/\/azurefilm.com\/product\/konektorji-s-klescami\/"},"modified":"2026-04-04T12:18:02","modified_gmt":"2026-04-04T12:18:02","slug":"konektorji-s-klescami","status":"publish","type":"product","link":"https:\/\/azurefilm.com\/sl\/izdelek\/konektorji-s-klescami\/","title":{"rendered":"Konektorji s kle\u0161\u010dami"},"content":{"rendered":"<p>Ta profesionalna orodja odlikujejo priro\u010dnost, u\u010dinkovitost in ne\u0161kodljivost. So enostavni za uporabo, samo dr\u017eite ro\u010daj in z njim enkrat manipulirajte, da uspe\u0161no zategnete \u017eico in sponke.<\/p>\n<h2><strong>SPECIFIKACIJE:<\/strong><\/h2>\n<ul>\n<li><span style=\"color: #000000;\">Material: visokooglji\u010dno jeklo in zlitina<\/span><\/li>\n<li><span style=\"color: #000000;\">Barva: rumena in \u010drna<\/span><\/li>\n<li>Zmogljivost: 0,1\u20131,0 mm\u00b2<\/li>\n<li>AWG: 28-18AWG<\/li>\n<li>Dol\u017eina: 190 mm<\/li>\n<li>Te\u017ea: 0,37 kg<\/li>\n<\/ul>\n<h2 style=\"padding: 0px; text-align: start;\"><strong><span style=\"color: #000000;\">FUNKCIJE:<\/span><\/strong><\/h2>\n<ul>\n<li><span style=\"color: #000000;\">Profesionalno orodje za stiskanje \u017eice s samonastavljivim zasko\u010dnim mehanizmom za enostavno upravljanje.<\/span><\/li>\n<li><span style=\"color: #000000;\">Uporabno za ve\u010dino neizoliranih sponk in konektorjev.<\/span><\/li>\n<li><span style=\"color: #000000;\">Zaradi odli\u010dnega polo\u017eaja ro\u010daja, lahka in kompaktna struktura ter oblika ro\u010daja zagotavljata popoln u\u010dinek stiskanja.<\/span><\/li>\n<li><span style=\"color: #000000;\"><span style=\"color: #000000;\">Zasko\u010dni mehanizem z nastavljivo vpenjalno silo omogo\u010da natan\u010dno, ponovljivo stiskanje | Zasnova sestavljenega delovanja daje ve\u010djo mo\u010d stiskanja vsakemu stisku.<\/span><\/span><\/li>\n<li><span style=\"color: #000000;\">Ergonomski ro\u010daji iz dveh materialov nudijo udoben in varen oprijem.<\/span><\/li>\n<li><span style=\"color: #000000;\">Idealen za brezspajkalne terminale z najlonsko izolacijo \u2013 ni priporo\u010dljivo uporabljati s toplotno skr\u010dljivimi konektorji.<\/span><\/li>\n<\/ul>\n<h2 style=\"padding: 0px; text-align: start;\"><span style=\"color: #000000;\"><strong>Kako uporabljati:<\/strong><\/span><\/h2>\n<p style=\"padding: 0px; text-align: start;\"><span style=\"color: #000000;\">1. Orodje odprite tako, da popolnoma stisnete ro\u010daje. Na koncu zaprtega giba bo zasko\u010dni mehanizem sprostil ro\u010daje in orodje se bo vzmetno odprlo.<\/span><\/p>\n<p style=\"padding: 0px; text-align: start;\"><span style=\"color: #000000;\">2. Postavite priklju\u010dek v ustrezno komoro za stiskanje (ujemite barvno kodo z izolacijo priklju\u010dka).<\/span><\/p>\n<p style=\"padding: 0px; text-align: start;\"><span style=\"color: #000000;\">3. Dr\u017eite terminal na mestu in ne\u017eno stisnite ro\u010daja orodja skupaj, dokler se zaskok ne zasko\u010di dovolj, da dr\u017ei terminal. NE deformirajte \u017ei\u010dne cevi.<\/span><\/p>\n<p style=\"padding: 0px; text-align: start;\"><span style=\"color: #000000;\">4. Odstranjeno \u017eico vstavite v cev terminala in medtem ko dr\u017eite \u017eico na mestu, stisnite ro\u010daja skupaj, dokler se zaskok ne sprosti. Pustite, da se ro\u010daji orodja odprejo, in odstranite zaviti terminal.<\/span><\/p>\n<p style=\"padding: 0px; text-align: start;\">\n","protected":false},"excerpt":{"rendered":"<p><strong>Konektorji s kle\u0161\u010dami<\/strong> so profesionalno orodje za stiskanje \u017eice s samonastavljivim zasko\u010dnim mehanizmom za enostavno upravljanje.<\/p>\n","protected":false},"featured_media":4052,"comment_status":"closed","ping_status":"closed","template":"","meta":{"_acf_changed":false},"product_brand":[],"product_cat":[790,760,761,759],"product_tag":[],"brand":[],"class_list":{"0":"post-14805","1":"product","2":"type-product","3":"status-publish","4":"has-post-thumbnail","6":"product_cat-orodja","7":"product_cat-rezervni-deli","8":"product_cat-vsi-rezervni-deli","9":"product_cat-znizano","11":"first","12":"instock","13":"sale","14":"taxable","15":"shipping-taxable","16":"purchasable","17":"product-type-simple"},"acf":[],"_links":{"self":[{"href":"https:\/\/azurefilm.com\/sl\/wp-json\/wp\/v2\/product\/14805","targetHints":{"allow":["GET"]}}],"collection":[{"href":"https:\/\/azurefilm.com\/sl\/wp-json\/wp\/v2\/product"}],"about":[{"href":"https:\/\/azurefilm.com\/sl\/wp-json\/wp\/v2\/types\/product"}],"replies":[{"embeddable":true,"href":"https:\/\/azurefilm.com\/sl\/wp-json\/wp\/v2\/comments?post=14805"}],"wp:featuredmedia":[{"embeddable":true,"href":"https:\/\/azurefilm.com\/sl\/wp-json\/wp\/v2\/media\/4052"}],"wp:attachment":[{"href":"https:\/\/azurefilm.com\/sl\/wp-json\/wp\/v2\/media?parent=14805"}],"wp:term":[{"taxonomy":"product_brand","embeddable":true,"href":"https:\/\/azurefilm.com\/sl\/wp-json\/wp\/v2\/product_brand?post=14805"},{"taxonomy":"product_cat","embeddable":true,"href":"https:\/\/azurefilm.com\/sl\/wp-json\/wp\/v2\/product_cat?post=14805"},{"taxonomy":"product_tag","embeddable":true,"href":"https:\/\/azurefilm.com\/sl\/wp-json\/wp\/v2\/product_tag?post=14805"},{"taxonomy":"brand","embeddable":true,"href":"https:\/\/azurefilm.com\/sl\/wp-json\/wp\/v2\/brand?post=14805"}],"curies":[{"name":"wp","href":"https:\/\/api.w.org\/{rel}","templated":true}]}}