
{"id":14821,"date":"2023-10-29T14:15:57","date_gmt":"2023-10-29T14:15:57","guid":{"rendered":"https:\/\/azurefilm.com\/product\/posoda-za-smolo-ld002r\/"},"modified":"2023-10-29T16:55:35","modified_gmt":"2023-10-29T16:55:35","slug":"posoda-za-smolo-ld002r","status":"publish","type":"product","link":"https:\/\/azurefilm.com\/sl\/izdelek\/posoda-za-smolo-ld002r\/","title":{"rendered":"Posoda za smolo LD002R"},"content":{"rendered":"<h2><strong>KLJU\u010cNE ZNA\u010cILNOSTI:<\/strong><\/h2>\n<ul>\n<li>Iz eloksiranega aluminija.<\/li>\n<li>Name\u0161\u010den FEP film in jekleni obro\u010d.<\/li>\n<li>Ostanke smole je enostavno odvajati.<\/li>\n<li>Popolnoma kovinski okvir in vzdr\u017eljiv.<\/li>\n<li>Odprtine za pritrdilne vijake, luknje za vijake so na obeh koncih \u017eleba, kar je priro\u010dno za hkratno nakladanje in razkladanje.<\/li>\n<\/ul>\n","protected":false},"excerpt":{"rendered":"<p><strong>Posoda za smolo LD002R<\/strong> s popolnoma kovinskim okvirjem, vzdr\u017eljiva, enostavena za uporabo.<\/p>\n","protected":false},"featured_media":4200,"comment_status":"closed","ping_status":"closed","template":"","meta":{"_acf_changed":false},"product_brand":[],"product_cat":[760,761,759],"product_tag":[],"brand":[],"class_list":{"0":"post-14821","1":"product","2":"type-product","3":"status-publish","4":"has-post-thumbnail","6":"product_cat-rezervni-deli","7":"product_cat-vsi-rezervni-deli","8":"product_cat-znizano","10":"first","11":"instock","12":"sale","13":"taxable","14":"shipping-taxable","15":"purchasable","16":"product-type-simple"},"acf":[],"_links":{"self":[{"href":"https:\/\/azurefilm.com\/sl\/wp-json\/wp\/v2\/product\/14821","targetHints":{"allow":["GET"]}}],"collection":[{"href":"https:\/\/azurefilm.com\/sl\/wp-json\/wp\/v2\/product"}],"about":[{"href":"https:\/\/azurefilm.com\/sl\/wp-json\/wp\/v2\/types\/product"}],"replies":[{"embeddable":true,"href":"https:\/\/azurefilm.com\/sl\/wp-json\/wp\/v2\/comments?post=14821"}],"wp:featuredmedia":[{"embeddable":true,"href":"https:\/\/azurefilm.com\/sl\/wp-json\/wp\/v2\/media\/4200"}],"wp:attachment":[{"href":"https:\/\/azurefilm.com\/sl\/wp-json\/wp\/v2\/media?parent=14821"}],"wp:term":[{"taxonomy":"product_brand","embeddable":true,"href":"https:\/\/azurefilm.com\/sl\/wp-json\/wp\/v2\/product_brand?post=14821"},{"taxonomy":"product_cat","embeddable":true,"href":"https:\/\/azurefilm.com\/sl\/wp-json\/wp\/v2\/product_cat?post=14821"},{"taxonomy":"product_tag","embeddable":true,"href":"https:\/\/azurefilm.com\/sl\/wp-json\/wp\/v2\/product_tag?post=14821"},{"taxonomy":"brand","embeddable":true,"href":"https:\/\/azurefilm.com\/sl\/wp-json\/wp\/v2\/brand?post=14821"}],"curies":[{"name":"wp","href":"https:\/\/api.w.org\/{rel}","templated":true}]}}