
{"id":14829,"date":"2023-10-29T14:16:34","date_gmt":"2023-10-29T14:16:34","guid":{"rendered":"https:\/\/azurefilm.com\/product\/uv-luc-za-sla-printer\/"},"modified":"2025-11-24T19:11:30","modified_gmt":"2025-11-24T19:11:30","slug":"uv-luc-za-sla-printer","status":"publish","type":"product","link":"https:\/\/azurefilm.com\/sl\/izdelek\/uv-luc-za-sla-printer\/","title":{"rendered":"UV Lu\u010d za SLA printer"},"content":{"rendered":"<h2><strong>Klju\u010dne lastnosti:<\/strong><\/h2>\n<ul>\n<li>Ta UV lu\u010d za tiskalnike SLA s 6 visoko zmogljivimi 405 nm UV LED lahko hitro strdi predmete, natisnjene s 405 nm UV smolo.<\/li>\n<li>Znotraj 5 cm do svetlobe se lahko smola strdi v 10-15 sekundah, vendar debelej\u0161i deli potrebujejo ve\u010d \u010dasa.<\/li>\n<li>Material visoke trdnosti, varen, okolju prijazen, mo\u010dan.<\/li>\n<li>To svetlobo je mogo\u010de uporabiti v ohi\u0161ju za strjevanje, ki ga naredi sam, ali jo uporabiti v roki.<\/li>\n<li>Visokointenzivne LED UV \u017earnice zagotavljajo mo\u010dno, dosledno in zanesljivo svetlobo za strjevanje.<\/li>\n<li>Vklopno stikalo za preprosto uporabo in nadzor, var\u010devanje z energijo.<\/li>\n<li>Dobra svetilnost in kratek \u010das su\u0161enja. Primerno za UV utrjevanje, utrjevanje s smolo. Ro\u010daj vklju\u010duje monta\u017ene luknje za monta\u017eo na katero koli povr\u0161ino.<\/li>\n<\/ul>\n<h2><strong>Specifikacije:<\/strong><\/h2>\n<ul>\n<li>Vrsta artikla: Lu\u010dka za strjevanje z UV smolo<\/li>\n<li>Vhodna napetost: 110\u2013260 V<\/li>\n<li>Valovna dol\u017eina oddajanja svetlobe: 405 nm<\/li>\n<li>Svetlobna mo\u010d: 6 W mo\u010di in 60 W vpliva UV<\/li>\n<li>Vrsta svetilke: UV \u017earnica za stopala visoke svetilnosti<\/li>\n<li>Velikost: 115 x 85 x 75 mm<\/li>\n<\/ul>\n","protected":false},"excerpt":{"rendered":"<p><strong>UV Lu\u010d za SLA printer<\/strong> lahko v 10-15 sekundah strdi smolo v razdalji 5cm od svetlobe.<\/p>\n","protected":false},"featured_media":4236,"comment_status":"closed","ping_status":"closed","template":"","meta":{"_acf_changed":false},"product_brand":[],"product_cat":[788,760,761,759],"product_tag":[],"brand":[],"class_list":{"0":"post-14829","1":"product","2":"type-product","3":"status-publish","4":"has-post-thumbnail","6":"product_cat-drugi-predmeti","7":"product_cat-rezervni-deli","8":"product_cat-vsi-rezervni-deli","9":"product_cat-znizano","11":"first","12":"instock","13":"sale","14":"taxable","15":"shipping-taxable","16":"purchasable","17":"product-type-simple"},"acf":[],"_links":{"self":[{"href":"https:\/\/azurefilm.com\/sl\/wp-json\/wp\/v2\/product\/14829","targetHints":{"allow":["GET"]}}],"collection":[{"href":"https:\/\/azurefilm.com\/sl\/wp-json\/wp\/v2\/product"}],"about":[{"href":"https:\/\/azurefilm.com\/sl\/wp-json\/wp\/v2\/types\/product"}],"replies":[{"embeddable":true,"href":"https:\/\/azurefilm.com\/sl\/wp-json\/wp\/v2\/comments?post=14829"}],"wp:featuredmedia":[{"embeddable":true,"href":"https:\/\/azurefilm.com\/sl\/wp-json\/wp\/v2\/media\/4236"}],"wp:attachment":[{"href":"https:\/\/azurefilm.com\/sl\/wp-json\/wp\/v2\/media?parent=14829"}],"wp:term":[{"taxonomy":"product_brand","embeddable":true,"href":"https:\/\/azurefilm.com\/sl\/wp-json\/wp\/v2\/product_brand?post=14829"},{"taxonomy":"product_cat","embeddable":true,"href":"https:\/\/azurefilm.com\/sl\/wp-json\/wp\/v2\/product_cat?post=14829"},{"taxonomy":"product_tag","embeddable":true,"href":"https:\/\/azurefilm.com\/sl\/wp-json\/wp\/v2\/product_tag?post=14829"},{"taxonomy":"brand","embeddable":true,"href":"https:\/\/azurefilm.com\/sl\/wp-json\/wp\/v2\/brand?post=14829"}],"curies":[{"name":"wp","href":"https:\/\/api.w.org\/{rel}","templated":true}]}}