
{"id":14852,"date":"2023-10-29T14:17:05","date_gmt":"2023-10-29T14:17:05","guid":{"rendered":"https:\/\/azurefilm.com\/product\/creality-uw-02-stroj-za-ciscenje-in-utrjevanje\/"},"modified":"2024-09-05T05:41:58","modified_gmt":"2024-09-05T05:41:58","slug":"creality-uw-02-stroj-za-ciscenje-in-utrjevanje","status":"publish","type":"product","link":"https:\/\/azurefilm.com\/sl\/izdelek\/creality-uw-02-stroj-za-ciscenje-in-utrjevanje\/","title":{"rendered":"Creality UW-02 stroj za \u010di\u0161\u010denje in utrjevanje"},"content":{"rendered":"<p><span style=\"font-weight: 400;\">Creality UW-02 je univerzalni stroj za \u010di\u0161\u010denje in utrjevanje, zasnovan za u\u010dinkovitost in priro\u010dnost. S svojim velikim 10,1-pal\u010dnim prostorom je \u0161e posebej idealen za ve\u010dje modele in izpolnjuje zahteve velikih projektov 3D tiskanja.<\/span><\/p>\n<h2><strong>2-v-1 \u010di\u0161\u010denje in utrjevanje<\/strong><\/h2>\n<p><span style=\"font-weight: 400;\">Ta naprava vam ponuja dve re\u0161itvi v eni zasnovi, saj je primerna za \u010di\u0161\u010denje in utrjevanje 3D tiskov. V na\u010dinu \u010di\u0161\u010denja ima funkcijo samodejnega \u010di\u0161\u010denja, ki zagotavlja zmogljiv in temeljit postopek \u010di\u0161\u010denja. V na\u010dinu utrjevanja pa omogo\u010da natan\u010den nadzor nad svetlobo, hitrostjo in \u010dasom, kar garantira natan\u010dno in celovito utrjevanje natisnjenih 3D delov.<\/span><\/p>\n<h2><strong>360-stopinjsko celostno utrjevanje<\/strong><\/h2>\n<p><span style=\"font-weight: 400;\">Creality UW-02 je opremljen s 360-stopinjsko vrtljivo platformo, na kateri je 24 dvopasovnih UV \u017earnic. Ta zasnova zagotavlja vsestransko strjevanje brez mrtvih pasov, kar pove\u010duje u\u010dinkovitost postopka strjevanja 3D modelov. Zasnova z odbojno svetlobo pa \u0161e dodatno pove\u010da odbojnost svetlobnega vira, kar pospe\u0161i utrjevanje modelov.<\/span><\/p>\n<h2><strong>Dva prilagodljiva na\u010dina \u010di\u0161\u010denja<\/strong><\/h2>\n<p><span style=\"font-weight: 400;\">UW-02 ponuja dva prilagodljiva na\u010dina \u010di\u0161\u010denja: pranje brez tiskalne povr\u0161ine ali pranje skupaj s tiskalno povr\u0161ino. Njegove zmogljivosti \u010di\u0161\u010denja so posledica velike prilagojene magnetne lopatice ventilatorja, ki zagotavlja u\u010dinkovito odstranjevanje odve\u010dne smole s povr\u0161in modelov.<\/span><\/p>\n<h2><strong>Ve\u010dja ko\u0161ara za \u010di\u0161\u010denje<\/strong><\/h2>\n<p><span style=\"font-weight: 400;\">UW-02 ima ve\u010djo ko\u0161aro za \u010di\u0161\u010denje, zato lahko vanj namestite ve\u010dje modele. Zdru\u017eljiv je z vsemi 10,1-pal\u010dnimi in manj\u0161imi 3D SLA tiskalniki na trgu, zato je vsestranski dodatek k va\u0161emu delovnemu procesu 3D tiskanja. Dimenzije \u010distilne ko\u0161are so 240mm x 160mm x 200mm, kar zagotavlja dovolj prostora za razli\u010dne velikosti odtisov.<\/span><\/p>\n<h2><strong>Tehni\u010dni podatki:<\/strong><\/h2>\n<ul>\n<li style=\"font-weight: 400;\" aria-level=\"1\"><span style=\"font-weight: 400;\">Popolnoma zaprt stroj velikosti: 325x295x485 mm<\/span><\/li>\n<li style=\"font-weight: 400;\" aria-level=\"1\"><span style=\"font-weight: 400;\">Te\u017ea: 7.1 kg<\/span><\/li>\n<li style=\"font-weight: 400;\" aria-level=\"1\"><span style=\"font-weight: 400;\">Velikost \u010di\u0161\u010denja: 240x160x200 mm<\/span><\/li>\n<li style=\"font-weight: 400;\" aria-level=\"1\"><span style=\"font-weight: 400;\">Velikost utrjevanje: diameter 200&#215;300 mrn<\/span><\/li>\n<li style=\"font-weight: 400;\" aria-level=\"1\"><span style=\"font-weight: 400;\">Najve\u010dja te\u017ea modela: 2.5 kg<\/span><\/li>\n<li style=\"font-weight: 400;\" aria-level=\"1\"><span style=\"font-weight: 400;\">Specifikacija paketa: 381x349x525 mm<\/span><\/li>\n<li style=\"font-weight: 400;\" aria-level=\"1\"><span style=\"font-weight: 400;\">Na\u010din: \u010ci\u0161\u010denje \/ utrjevanje<\/span><\/li>\n<li style=\"font-weight: 400;\" aria-level=\"1\"><span style=\"font-weight: 400;\">Hitrost: Hitra\/ konstantna hitrost<\/span><\/li>\n<li style=\"font-weight: 400;\" aria-level=\"1\"><span style=\"font-weight: 400;\">\u010cas: 2 min-30 min<\/span><\/li>\n<li style=\"font-weight: 400;\" aria-level=\"1\"><span style=\"font-weight: 400;\">Valovna dol\u017eina SLA: 385 nm&amp;405 nm<\/span><\/li>\n<li style=\"font-weight: 400;\" aria-level=\"1\"><span style=\"font-weight: 400;\">Vhodna napetost: 100-240V<\/span><\/li>\n<li style=\"font-weight: 400;\" aria-level=\"1\"><span style=\"font-weight: 400;\">Izhodna konstantna napetost: DC 24 V<\/span><\/li>\n<li style=\"font-weight: 400;\" aria-level=\"1\"><span style=\"font-weight: 400;\">Napajalna mo\u010d: 60 W<\/span><\/li>\n<li style=\"font-weight: 400;\" aria-level=\"1\"><span style=\"font-weight: 400;\">Vrsta \u0161katle: Popolnoma zaprta<\/span><\/li>\n<li style=\"font-weight: 400;\" aria-level=\"1\"><span style=\"font-weight: 400;\">Material utrjevalne plo\u0161\u010de: Nerjave\u010de jeklo<\/span><\/li>\n<li style=\"font-weight: 400;\" aria-level=\"1\"><span style=\"font-weight: 400;\">Material ko\u0161are za \u010di\u0161\u010denje: PP<\/span><\/li>\n<li style=\"font-weight: 400;\" aria-level=\"1\"><span style=\"font-weight: 400;\">Podporni jezik: Kitaj\u0161\u010dina\/angle\u0161\u010dina<\/span><\/li>\n<li style=\"font-weight: 400;\" aria-level=\"1\"><span style=\"font-weight: 400;\">Sistem programske opreme za nadzor: Windows 7 ali ve\u010d<\/span><\/li>\n<\/ul>\n","protected":false},"excerpt":{"rendered":"<p><strong>Creality UW-02 stroj za \u010di\u0161\u010denje in utrjevanje<\/strong> je naprava namenjena \u010di\u0161\u010denju in strjevanju 3D modelov, natisnjenih s 3D tiskalniki DLP.<\/p>\n","protected":false},"featured_media":4391,"comment_status":"closed","ping_status":"closed","template":"","meta":{"_acf_changed":false},"product_brand":[],"product_cat":[817,759],"product_tag":[],"brand":[],"class_list":{"0":"post-14852","1":"product","2":"type-product","3":"status-publish","4":"has-post-thumbnail","6":"product_cat-nekategorizirano-sl","7":"product_cat-znizano","9":"first","10":"outofstock","11":"sale","12":"taxable","13":"shipping-taxable","14":"purchasable","15":"product-type-simple"},"acf":[],"_links":{"self":[{"href":"https:\/\/azurefilm.com\/sl\/wp-json\/wp\/v2\/product\/14852","targetHints":{"allow":["GET"]}}],"collection":[{"href":"https:\/\/azurefilm.com\/sl\/wp-json\/wp\/v2\/product"}],"about":[{"href":"https:\/\/azurefilm.com\/sl\/wp-json\/wp\/v2\/types\/product"}],"replies":[{"embeddable":true,"href":"https:\/\/azurefilm.com\/sl\/wp-json\/wp\/v2\/comments?post=14852"}],"wp:featuredmedia":[{"embeddable":true,"href":"https:\/\/azurefilm.com\/sl\/wp-json\/wp\/v2\/media\/4391"}],"wp:attachment":[{"href":"https:\/\/azurefilm.com\/sl\/wp-json\/wp\/v2\/media?parent=14852"}],"wp:term":[{"taxonomy":"product_brand","embeddable":true,"href":"https:\/\/azurefilm.com\/sl\/wp-json\/wp\/v2\/product_brand?post=14852"},{"taxonomy":"product_cat","embeddable":true,"href":"https:\/\/azurefilm.com\/sl\/wp-json\/wp\/v2\/product_cat?post=14852"},{"taxonomy":"product_tag","embeddable":true,"href":"https:\/\/azurefilm.com\/sl\/wp-json\/wp\/v2\/product_tag?post=14852"},{"taxonomy":"brand","embeddable":true,"href":"https:\/\/azurefilm.com\/sl\/wp-json\/wp\/v2\/brand?post=14852"}],"curies":[{"name":"wp","href":"https:\/\/api.w.org\/{rel}","templated":true}]}}