
{"id":14877,"date":"2023-10-29T14:17:44","date_gmt":"2023-10-29T14:17:44","guid":{"rendered":"https:\/\/azurefilm.com\/product\/creality-cr-skener\/"},"modified":"2023-10-29T16:57:13","modified_gmt":"2023-10-29T16:57:13","slug":"creality-cr-skener","status":"publish","type":"product","link":"https:\/\/azurefilm.com\/sl\/izdelek\/creality-cr-skener\/","title":{"rendered":"Creality CR-Skener"},"content":{"rendered":"<h2 style=\"text-align: left;\"><strong>Klju\u010dne funkcije: <\/strong><\/h2>\n<h3 style=\"text-align: left;\"><strong>1. Ultra visoka natan\u010dnost<\/strong><\/h3>\n<p style=\"text-align: left;\">Creality CR-Scan Lizard lahko skenira majhne predmete in prototipe z globokimi, te\u017eko dostopnimi podrobnostmi. Ta 3D skener, zasnovan z daljnogledom, odlikuje profesionalna natan\u010dnost do 0,05mm, dose\u017eena z izbolj\u0161ano metodo natan\u010dne kalibracije. Njegova 3D to\u010dkovna razdalja je od 0,1mm do 0,2mm, najmanj\u0161a velikost skeniranja skeniranega predmeta je 15mm.<\/p>\n<h3 style=\"text-align: left;\"><strong>2. Nova programska oprema<\/strong><\/h3>\n<p style=\"text-align: left;\">Creality je razvil integracijo 3D popolnih algoritmov za avtomatizacijo, ki omogo\u010da optimizacijo modela s samo enim klikom. Podpira ve\u010dpozicijsko samodejno poravnavo, samodejno odstranjevanje \u0161uma, poenostavljeno topologijo samodejnega modela, samodejno zapolnjevanje lukenj, samodejno preslikavo teksture in \u0161e veliko ve\u010d. Creality bo programsko opremo redno preverjal in odpravljal napake, vse nadgradnje pa bodo brezpla\u010dne.<\/p>\n<h3 style=\"text-align: left;\"><strong>3. Skeniranje belo ali \u010drno<\/strong><\/h3>\n<p style=\"text-align: left;\">\u00bb\u010crnina\u00ab ali \u00bbsvetlost\u00ab opti\u010dno prebranega predmeta ni ve\u010d problem. Creality CR-Scan Lizard zlahka skenira \u010drne predmete in deluje odli\u010dno tudi na mo\u010dni son\u010dni svetlobi. Razlika od CR-Scan 01 je v tem, da razli\u010dica 01 uravnava svetlost in da je treba skeniranje opraviti v zaprtih prostorih s posebnimi zahtevami glede osvetlitve. Ku\u0161\u010dar ima na drugi strani visoko natan\u010den binokularni sistem kamere s samorazvitim ve\u010dspektralnim opti\u010dnim sistemom, ki znatno izbolj\u0161a prilagodljivost svetlobe, kar mu omogo\u010da ve\u010d tar\u010d skeniranja. Na ta na\u010din tudi skeniranje na prostem postane enostavno in zabavno opravilo.<\/p>\n<h3 style=\"text-align: left;\"><strong>4. Skeniranje v ve\u010d na\u010dinih<\/strong><\/h3>\n<p style=\"text-align: left;\">Tako kot CR-Scan 01 nam tudi Creality CR-Scan Lizard ponuja razli\u010dne na\u010dine skeniranja, ki so odvisni od razli\u010dnih okoli\u0161\u010din. CR-Scan Lizard lahko skenira predmete velikosti 15mm \u2013 1500mm s tremi na\u010dini skeniranja: skeniranje z vrtljivo plo\u0161\u010do, ro\u010dno skeniranje in skeniranje z ro\u010dno in gramofonsko plo\u0161\u010do. Pomembna lastnost je, da lahko brez te\u017eav preklopite z ro\u010dnega skeniranja na skeniranje z gramofonom. Kombinirani na\u010din je popoln za skeniranje predmetov velikosti od 300mm do 500mm, kot so skulpture, manj\u0161i predmeti, kot so vaze, ki inteligentnemu skeniranju z gramofonom dodaja ro\u010dno prilagodljivost. \u010ce \u017eelite skenirati nekaj ve\u010djega, kot je napa ali pohi\u0161tvo, je ro\u010dni na\u010din, primeren za skeniranje predmetov od 500mm do 1500mm, najbolj\u0161a izbira, saj zagotavlja dovolj svobode in ustvarjalnih mo\u017enosti.<\/p>\n<h3 style=\"text-align: left;\"><strong>5. Mo\u017enosti povezovanja<\/strong><\/h3>\n<p style=\"text-align: left;\">Prednost 3D-skenerja in 3D-tiskalnika Creality je <strong>Creality Cloud<\/strong>, saj je mogo\u010de 3D model nalo\u017eiti v bazo podatkov (Creality Cloud) s rezanje in 3D tiskanje dokon\u010dano z enim klikom. Svoj 3D model lahko delite tudi z aplikacijo Creality APP. Tako lahko komunicirate in delite 3D zabavo s prijatelji in drugimi ustvarjalci.<\/p>\n<h3 style=\"text-align: left;\"><strong>6. HD barvna obnova<\/strong><\/h3>\n<p style=\"text-align: left;\">Za izpolnitev potreb VR, 3D upodabljanja, iger in barvnega 3D tiskanja, ki bo morda uresni\u010deno v prihodnosti, lahko Creality CR-Scan Lizard zdru\u017ei z barvnim kompletom in podporami snemanje barvitih tekstur z mobilnimi telefoni ali fotoaparati DSLR. Po tem bo samodejno preslikal barve na modele s samo enim klikom prek programske opreme za avtomatizacijo, da dokon\u010da barvno obnovo. Datoteka bo izvo\u017eena v formatu OBJ in prinesla \u017eivahne 3D modele. Uporabnikom ponuja mo\u017enost, da so z barvami ali ne, Creality pa je v prihodnosti povedal, da bodo to funkcijo nadgradili tako, da bo omogo\u010dala ve\u010d velikosti skeniranja.<\/p>\n<h3 style=\"text-align: left;\"><strong>7. Prenosen in enostaven za skeniranje na prostem<\/strong><\/h3>\n<p style=\"text-align: left;\">Poleg polnjenja prek USB-ja je Crealitys Lizard zdru\u017eljiv s prenosnim polnilnikom, ki ga je treba kupiti posebej, kar izdelovalcem omogo\u010da, da ga vzamejo na prosto in kjer koli posku\u0161ajo ujeti neverjetne predmete. omogo\u010da, da funkcija prenosljivosti resni\u010dno o\u017eivi in \u200b\u200bpostane aktivna.<\/p>\n","protected":false},"excerpt":{"rendered":"<p><strong>Creality CR-Skener<\/strong> ima natan\u010dnost do 0,05mm. Zaradi preproste uporabe je ta 3D skener primeren tudi za za\u010detnike.<\/p>\n","protected":false},"featured_media":4548,"comment_status":"closed","ping_status":"closed","template":"","meta":{"_acf_changed":false},"product_brand":[],"product_cat":[806,760,761,759],"product_tag":[],"brand":[],"class_list":{"0":"post-14877","1":"product","2":"type-product","3":"status-publish","4":"has-post-thumbnail","6":"product_cat-3d-skener","7":"product_cat-rezervni-deli","8":"product_cat-vsi-rezervni-deli","9":"product_cat-znizano","11":"first","12":"onbackorder","13":"sale","14":"taxable","15":"shipping-taxable","16":"purchasable","17":"product-type-simple"},"acf":[],"_links":{"self":[{"href":"https:\/\/azurefilm.com\/sl\/wp-json\/wp\/v2\/product\/14877","targetHints":{"allow":["GET"]}}],"collection":[{"href":"https:\/\/azurefilm.com\/sl\/wp-json\/wp\/v2\/product"}],"about":[{"href":"https:\/\/azurefilm.com\/sl\/wp-json\/wp\/v2\/types\/product"}],"replies":[{"embeddable":true,"href":"https:\/\/azurefilm.com\/sl\/wp-json\/wp\/v2\/comments?post=14877"}],"wp:featuredmedia":[{"embeddable":true,"href":"https:\/\/azurefilm.com\/sl\/wp-json\/wp\/v2\/media\/4548"}],"wp:attachment":[{"href":"https:\/\/azurefilm.com\/sl\/wp-json\/wp\/v2\/media?parent=14877"}],"wp:term":[{"taxonomy":"product_brand","embeddable":true,"href":"https:\/\/azurefilm.com\/sl\/wp-json\/wp\/v2\/product_brand?post=14877"},{"taxonomy":"product_cat","embeddable":true,"href":"https:\/\/azurefilm.com\/sl\/wp-json\/wp\/v2\/product_cat?post=14877"},{"taxonomy":"product_tag","embeddable":true,"href":"https:\/\/azurefilm.com\/sl\/wp-json\/wp\/v2\/product_tag?post=14877"},{"taxonomy":"brand","embeddable":true,"href":"https:\/\/azurefilm.com\/sl\/wp-json\/wp\/v2\/brand?post=14877"}],"curies":[{"name":"wp","href":"https:\/\/api.w.org\/{rel}","templated":true}]}}