
{"id":14908,"date":"2023-10-29T14:20:10","date_gmt":"2023-10-29T14:20:10","guid":{"rendered":"https:\/\/azurefilm.com\/product\/carbon-fiber-pet-filament\/"},"modified":"2026-04-02T13:33:20","modified_gmt":"2026-04-02T13:33:20","slug":"carbon-fiber-pet-filament","status":"publish","type":"product","link":"https:\/\/azurefilm.com\/sl\/izdelek\/carbon-fiber-pet-filament\/","title":{"rendered":"Carbon Fiber PET filament"},"content":{"rendered":"<h2><strong>Carbon Fiber PET filamenti<\/strong><\/h2>\n<p><span style=\"font-weight: 400;\">Carbon Fiber PET filamenti so izdelani iz PET (polietilen tereftalata) in ogljikovih vlaken. Ti filamenti imajo <\/span><b>oja\u010dano strukturo, s sesekljanimi ogljikovimi vlakni<\/b><span style=\"font-weight: 400;\">, zaradi \u010desar imajo dobro <\/span><b>odpornost na udarce, trdnost in nizko stopnjo vpijanja vode<\/b><span style=\"font-weight: 400;\">. Carbon Fiber PET omogo\u010da <\/span><b>neprekinjeno uporabo do 3 ure pri 125 \u00b0C in neprekinjeno uporabo do 10 ur pri 100 \u00b0C<\/b><span style=\"font-weight: 400;\">.\u00a0<\/span><\/p>\n<p><span style=\"font-weight: 400;\">Zaradi svojih lastnosti ima Carbon Fiber PET veliko razli\u010dnih aplikacij, kot so funkcionalni prototipi, mehanski deli, robotske komponente, brezpilotna letala, avtomobilski deli, vesoljske komponente, \u0161portna oprema, industrijska orodja, elektri\u010dna ohi\u0161ja, prilagojeni pripomo\u010dki in dodatki. <\/span><\/p>\n<p><span style=\"font-weight: 400;\">Ker je debelina vlaken v razponu od 0,4 mm do 0,6 mm, priporo\u010damo <\/span><b>uporabo na obrabo 0,6 mm \u0161obe, ki je odporna proti obrabi<\/b><span style=\"font-weight: 400;\">. Carbon fiber PAHT lahko tiskamo na odprtem tiskalniku, vendar za bolj\u0161e rezultate <\/span><b>svetujemo uporabo ohi\u0161ja ali zaprtega 3D tiskalnika<\/b><span style=\"font-weight: 400;\">.<\/span><\/p>\n<h3><strong>Carbon Fiber PET filament<\/strong><\/h3>\n<p>Izbolj\u0161ajte svoje 3D projekte z na\u0161im estetskim in naprednim Carbon Fiber PET filamentom iz ogljikovih vlaken.<\/p>\n<p><span style=\"font-weight: 400;\">\u010ce \u017eelite izvedeti ve\u010d o Carbon Fiber filamentih, preberite na\u0161 <a href=\"https:\/\/azurefilm.com\/sl\/2023\/07\/26\/carbon-fiber-filamenti\/\">blog<\/a>. <\/span><span style=\"font-weight: 400;\"><br \/>\n<\/span><\/p>\n<p><span style=\"font-weight: 400;\">Tukaj lahko dostopate do <a href=\"https:\/\/azurefilm.com\/sl\/technical-data-sheets\/\"> tehni\u010dnega lista<\/a>.<\/span><\/p>\n<h3><strong>Priporo\u010dila za tiskanje:<\/strong><\/h3>\n<ul>\n<li style=\"font-weight: 400;\" aria-level=\"1\"><span style=\"font-weight: 400;\">Za najbolj\u0161e rezultate tiskajte pri temperaturi 245\u2013270 \u00b0C*.<\/span><\/li>\n<li style=\"font-weight: 400;\" aria-level=\"1\"><span style=\"font-weight: 400;\">Priporo\u010dena temperatura grelne mize je 80\u201390 \u00b0C.<\/span><\/li>\n<li style=\"font-weight: 400;\" aria-level=\"1\"><span style=\"font-weight: 400;\">Uporabite stekleno plo\u0161\u010do, kapton ali modri trak za tiskalno povr\u0161ino s pr\u0161ilom Dimafix.<\/span><\/li>\n<li style=\"font-weight: 400;\" aria-level=\"1\"><span style=\"font-weight: 400;\">Svetujemo uporabo 0,6 mm \u0161obe, ki je odporna proti obrabi.<\/span><\/li>\n<\/ul>\n<p><i><span style=\"font-weight: 400;\">*Idealna temperatura se lahko razlikuje pri uporabi razli\u010dnih tiskalnikov.<\/span><\/i><\/p>\n<h3><strong>Dodatna priporo\u010dila za delo s Carbon Fiber PAHT filamenti:<\/strong><\/h3>\n<ul>\n<li style=\"font-weight: 400;\" aria-level=\"1\"><span style=\"font-weight: 400;\">Ogrevana tiskalna postelja.<\/span><\/li>\n<li style=\"font-weight: 400;\" aria-level=\"1\"><span style=\"font-weight: 400;\">Utrjena \u0161oba &#8211; Zaradi svoje abrazivne strukture bo filament \u010dez \u010das obrabil \u0161obo. Za ta tip filamenta potrebujete \u0161obo, ki je odporna proti obrabi. Ker so te vrste \u0161ob po navadi manj prevodne kot standardne, se obi\u010dajno priporo\u010dajo vi\u0161je temperature ekstruderja.<\/span><\/li>\n<li style=\"font-weight: 400;\" aria-level=\"1\"><span style=\"font-weight: 400;\">Ogrevana komora za filamente ni obvezna, vendar za najbolj\u0161o kakovost izdelka priporo\u010damo, da filamente vedno hranite na suhem mestu.<\/span><\/li>\n<li style=\"font-weight: 400;\" aria-level=\"1\"><span style=\"font-weight: 400;\">Zaprto okolje &#8211; Zagotavljanje doslednega nadzorovanega okolja ni obvezno, vendar zelo priporo\u010dljivo. <\/span><\/li>\n<\/ul>\n","protected":false},"excerpt":{"rendered":"<p>Izbolj\u0161ajte svoje 3D projekte z na\u0161im estetskim in naprednim Carbon Fiber PET filamentom iz ogljikovih vlaken.<\/p>\n","protected":false},"featured_media":5138,"comment_status":"closed","ping_status":"closed","template":"","meta":{"_acf_changed":false},"product_brand":[],"product_cat":[659,666,664,661,759],"product_tag":[],"brand":[267],"class_list":{"0":"post-14908","1":"product","2":"type-product","3":"status-publish","4":"has-post-thumbnail","6":"product_cat-3d-filamenti","7":"product_cat-karbon-filament-pet-sl","8":"product_cat-karbon-filament-iz-ogljikovih-vlaken","9":"product_cat-vsi-filamenti","10":"product_cat-znizano","11":"pa_colour-black","12":"pa_filament-diameter-1-75mm","13":"pa_filament-diameter-2-85mm","14":"pa_filament-weight-1000g","15":"pa_filament-weight-500g","16":"brand-azurefilm","18":"first","19":"instock","20":"sale","21":"taxable","22":"shipping-taxable","23":"purchasable","24":"product-type-variable","25":"has-default-attributes"},"acf":[],"_links":{"self":[{"href":"https:\/\/azurefilm.com\/sl\/wp-json\/wp\/v2\/product\/14908","targetHints":{"allow":["GET"]}}],"collection":[{"href":"https:\/\/azurefilm.com\/sl\/wp-json\/wp\/v2\/product"}],"about":[{"href":"https:\/\/azurefilm.com\/sl\/wp-json\/wp\/v2\/types\/product"}],"replies":[{"embeddable":true,"href":"https:\/\/azurefilm.com\/sl\/wp-json\/wp\/v2\/comments?post=14908"}],"wp:featuredmedia":[{"embeddable":true,"href":"https:\/\/azurefilm.com\/sl\/wp-json\/wp\/v2\/media\/5138"}],"wp:attachment":[{"href":"https:\/\/azurefilm.com\/sl\/wp-json\/wp\/v2\/media?parent=14908"}],"wp:term":[{"taxonomy":"product_brand","embeddable":true,"href":"https:\/\/azurefilm.com\/sl\/wp-json\/wp\/v2\/product_brand?post=14908"},{"taxonomy":"product_cat","embeddable":true,"href":"https:\/\/azurefilm.com\/sl\/wp-json\/wp\/v2\/product_cat?post=14908"},{"taxonomy":"product_tag","embeddable":true,"href":"https:\/\/azurefilm.com\/sl\/wp-json\/wp\/v2\/product_tag?post=14908"},{"taxonomy":"brand","embeddable":true,"href":"https:\/\/azurefilm.com\/sl\/wp-json\/wp\/v2\/brand?post=14908"}],"curies":[{"name":"wp","href":"https:\/\/api.w.org\/{rel}","templated":true}]}}